{"id":1639,"date":"2026-01-30T14:24:07","date_gmt":"2026-01-30T06:24:07","guid":{"rendered":"https:\/\/www.lanzunauto.com\/?post_type=product&#038;p=1639"},"modified":"2026-01-30T14:27:32","modified_gmt":"2026-01-30T06:27:32","slug":"15026588-00-smart-keyless-entry-remote-for-byd-song-2020-2023-oem-replacement-flip-key-new-condition","status":"publish","type":"product","link":"https:\/\/www.lanzunauto.com\/pt\/produto\/15026588-00-smart-keyless-entry-remote-for-byd-song-2020-2023-oem-replacement-flip-key-new-condition\/","title":{"rendered":"15026588-00 Smart Keyless Entry Remote para BYD Song 2020-2023 OEM Replacement Flip Key Nova Condi\u00e7\u00e3o"},"content":{"rendered":"<p>Concebido \u00e0 medida para os modelos BYD Song de 2020 a 2023, este telecomando de entrada sem chave inteligente (n\u00famero de pe\u00e7a: 15026588-00) cumpre rigorosamente as normas OEM originais, garantindo uma compatibilidade perfeita com o sistema antirroubo do ve\u00edculo e o m\u00f3dulo de controlo central. Possui um inv\u00f3lucro em pl\u00e1stico de engenharia ABS de alta resist\u00eancia, que oferece uma excelente resist\u00eancia ao impacto e \u00e0s intemp\u00e9ries, protegendo contra choques di\u00e1rios, temperaturas extremas e envelhecimento por raios UV sem deforma\u00e7\u00e3o ou desvanecimento durante uma utiliza\u00e7\u00e3o prolongada. Um chip de radiofrequ\u00eancia de alta precis\u00e3o integrado suporta o desbloqueio\/bloqueio com um bot\u00e3o, o arranque remoto (em alguns modelos), a abertura da bagageira e outras fun\u00e7\u00f5es inteligentes, proporcionando um funcionamento sens\u00edvel e satisfazendo diversas necessidades de condu\u00e7\u00e3o.<\/p>","protected":false},"excerpt":{"rendered":"<p><strong>Marca\uff1a<\/strong>BYD<br \/>\n<strong>Garantia de qualidade OEM:<\/strong> O n\u00famero de pe\u00e7a 15026588-00 corresponde exatamente aos modelos BYD Song 2020-2023, assegurando uma integra\u00e7\u00e3o perfeita com o sistema antirroubo do ve\u00edculo, evitando problemas de compatibilidade e oferecendo uma estabilidade funcional compar\u00e1vel \u00e0s pe\u00e7as originais de f\u00e1brica.<br \/>\n<strong>Sistema inteligente de entrada sem chave:<\/strong> Suporta o desbloqueio, o bloqueio e o arranque \u00e0 dist\u00e2ncia com um s\u00f3 bot\u00e3o (dependendo da configura\u00e7\u00e3o do modelo), com um funcionamento suave e sem atrasos, aumentando a comodidade, especialmente adequado para entradas e sa\u00eddas r\u00e1pidas quando as m\u00e3os est\u00e3o limitadas.<br \/>\n<strong>Design inovador da chave flip:<\/strong> A chave mec\u00e2nica e o bot\u00e3o inteligente est\u00e3o integrados; um ligeiro toque no bot\u00e3o faz aparecer uma chave sobresselente, respondendo a emerg\u00eancias como o esgotamento da bateria ou a interfer\u00eancia de sinal. O design equilibra a est\u00e9tica e as necessidades de emerg\u00eancia.<br \/>\n<strong>Estrutura de elevada resist\u00eancia e durabilidade:<\/strong> O inv\u00f3lucro em ABS \u00e9 resistente ao impacto e \u00e0 corros\u00e3o, enquanto a placa de circuito interno utiliza tecnologia \u00e0 prova de \u00e1gua e de poeiras, adaptando-se a ambientes adversos como a chuva, a neve e as temperaturas elevadas, prolongando a vida \u00fatil e reduzindo a taxa de avarias.<\/p>","protected":false},"featured_media":1640,"template":"","meta":{"_seopress_robots_primary_cat":"none","_seopress_titles_title":"%%post_title%%","_seopress_titles_desc":"%%post_excerpt%%","_seopress_robots_index":"","site-sidebar-layout":"default","site-content-layout":"","ast-site-content-layout":"default","site-content-style":"default","site-sidebar-style":"default","ast-global-header-display":"","ast-banner-title-visibility":"","ast-main-header-display":"","ast-hfb-above-header-display":"","ast-hfb-below-header-display":"","ast-hfb-mobile-header-display":"","site-post-title":"","ast-breadcrumbs-content":"","ast-featured-img":"","footer-sml-layout":"","ast-disable-related-posts":"","theme-transparent-header-meta":"default","adv-header-id-meta":"","stick-header-meta":"default","header-above-stick-meta":"","header-main-stick-meta":"","header-below-stick-meta":"","astra-migrate-meta-layouts":"set","ast-page-background-enabled":"default","ast-page-background-meta":{"desktop":{"background-color":"var(--ast-global-color-5)","background-image":"","background-repeat":"repeat","background-position":"center center","background-size":"auto","background-attachment":"scroll","background-type":"","background-media":"","overlay-type":"","overlay-color":"","overlay-opacity":"","overlay-gradient":""},"tablet":{"background-color":"","background-image":"","background-repeat":"repeat","background-position":"center center","background-size":"auto","background-attachment":"scroll","background-type":"","background-media":"","overlay-type":"","overlay-color":"","overlay-opacity":"","overlay-gradient":""},"mobile":{"background-color":"","background-image":"","background-repeat":"repeat","background-position":"center center","background-size":"auto","background-attachment":"scroll","background-type":"","background-media":"","overlay-type":"","overlay-color":"","overlay-opacity":"","overlay-gradient":""}},"ast-content-background-meta":{"desktop":{"background-color":"var(--ast-global-color-4)","background-image":"","background-repeat":"repeat","background-position":"center center","background-size":"auto","background-attachment":"scroll","background-type":"","background-media":"","overlay-type":"","overlay-color":"","overlay-opacity":"","overlay-gradient":""},"tablet":{"background-color":"var(--ast-global-color-4)","background-image":"","background-repeat":"repeat","background-position":"center center","background-size":"auto","background-attachment":"scroll","background-type":"","background-media":"","overlay-type":"","overlay-color":"","overlay-opacity":"","overlay-gradient":""},"mobile":{"background-color":"var(--ast-global-color-4)","background-image":"","background-repeat":"repeat","background-position":"center center","background-size":"auto","background-attachment":"scroll","background-type":"","background-media":"","overlay-type":"","overlay-color":"","overlay-opacity":"","overlay-gradient":""}}},"product_brand":[],"product_cat":[26],"product_tag":[],"class_list":{"0":"post-1639","1":"product","2":"type-product","3":"status-publish","4":"has-post-thumbnail","6":"product_cat-byd","7":"desktop-align-left","8":"tablet-align-left","9":"mobile-align-left","10":"ast-product-gallery-layout-horizontal-slider","11":"ast-product-gallery-with-no-image","12":"ast-product-tabs-layout-horizontal","14":"first","15":"instock","16":"shipping-taxable","17":"product-type-simple"},"_links":{"self":[{"href":"https:\/\/www.lanzunauto.com\/pt\/wp-json\/wp\/v2\/product\/1639","targetHints":{"allow":["GET"]}}],"collection":[{"href":"https:\/\/www.lanzunauto.com\/pt\/wp-json\/wp\/v2\/product"}],"about":[{"href":"https:\/\/www.lanzunauto.com\/pt\/wp-json\/wp\/v2\/types\/product"}],"wp:featuredmedia":[{"embeddable":true,"href":"https:\/\/www.lanzunauto.com\/pt\/wp-json\/wp\/v2\/media\/1640"}],"wp:attachment":[{"href":"https:\/\/www.lanzunauto.com\/pt\/wp-json\/wp\/v2\/media?parent=1639"}],"wp:term":[{"taxonomy":"product_brand","embeddable":true,"href":"https:\/\/www.lanzunauto.com\/pt\/wp-json\/wp\/v2\/product_brand?post=1639"},{"taxonomy":"product_cat","embeddable":true,"href":"https:\/\/www.lanzunauto.com\/pt\/wp-json\/wp\/v2\/product_cat?post=1639"},{"taxonomy":"product_tag","embeddable":true,"href":"https:\/\/www.lanzunauto.com\/pt\/wp-json\/wp\/v2\/product_tag?post=1639"}],"curies":[{"name":"wp","href":"https:\/\/api.w.org\/{rel}","templated":true}]}}