{"id":1628,"date":"2026-01-30T11:35:55","date_gmt":"2026-01-30T03:35:55","guid":{"rendered":"https:\/\/www.lanzunauto.com\/?post_type=product&#038;p=1628"},"modified":"2026-01-30T14:30:17","modified_gmt":"2026-01-30T06:30:17","slug":"high-quality-automobile-engine-parts-car-oil-filter-for-roewe-roewe-oem-10105963","status":"publish","type":"product","link":"https:\/\/www.lanzunauto.com\/pt\/produto\/high-quality-automobile-engine-parts-car-oil-filter-for-roewe-roewe-oem-10105963\/","title":{"rendered":"Pe\u00e7as para motores de autom\u00f3veis de alta qualidade Filtro de \u00f3leo para autom\u00f3veis para ROEWE ROEWE OEM 10105963"},"content":{"rendered":"<p>Concebido especificamente para os modelos de motores Roewe, este filtro de \u00f3leo de alta qualidade cumpre rigorosamente as normas OEM originais (n\u00famero de pe\u00e7a: 10105963) para garantir uma compatibilidade perfeita com o sistema do motor, proporcionando um desempenho de filtragem de \u00f3leo preciso e eficiente. Utilizando um meio filtrante composto de alta qualidade e um inv\u00f3lucro met\u00e1lico de elevada resist\u00eancia, a sua estrutura de filtragem interna com v\u00e1rias camadas intercepta eficazmente detritos met\u00e1licos, part\u00edculas de carbono e impurezas no \u00f3leo, evitando o desgaste interno do motor e prolongando a vida \u00fatil dos componentes cr\u00edticos. O design especialmente optimizado do anel de veda\u00e7\u00e3o \u00e9 resistente ao calor e anti-envelhecimento, garantindo uma veda\u00e7\u00e3o estanque mesmo em condi\u00e7\u00f5es de funcionamento extremas para evitar fugas de \u00f3leo.<\/p>","protected":false},"excerpt":{"rendered":"<p><strong>Marca\uff1a<\/strong>ROEWE<br \/>\n<strong>Fabricante de equipamento original (OEM) Compatibilidade:<\/strong> Concebido especificamente para os motores Roewe, o n\u00famero de pe\u00e7a OEM (10105963) assegura uma integra\u00e7\u00e3o perfeita com o sistema original do ve\u00edculo, evitando problemas de compatibilidade e proporcionando um desempenho \u00f3timo imediatamente ap\u00f3s a instala\u00e7\u00e3o.<br \/>\n<strong>Filtragem multicamada de alta efici\u00eancia:<\/strong> O meio filtrante composto e a estrutura plissada de precis\u00e3o formam uma barreira f\u00edsica, capturando eficazmente part\u00edculas min\u00fasculas. A sua efici\u00eancia de filtragem excede largamente a dos elementos filtrantes normais, fornecendo ao motor \"sangue limpo\" e reduzindo o desgaste interno.<br \/>\n<strong>Especialista em prote\u00e7\u00e3o de motores:<\/strong> Intercepta eficazmente as impurezas, evita o bloqueio da passagem de \u00f3leo, mant\u00e9m o fluxo de \u00f3leo, melhora a economia de combust\u00edvel e reduz a acumula\u00e7\u00e3o de carbono, proporcionando uma prote\u00e7\u00e3o completa do motor.<\/p>","protected":false},"featured_media":1630,"template":"","meta":{"_seopress_robots_primary_cat":"none","_seopress_titles_title":"%%post_title%%","_seopress_titles_desc":"%%post_excerpt%%","_seopress_robots_index":"","site-sidebar-layout":"default","site-content-layout":"","ast-site-content-layout":"default","site-content-style":"default","site-sidebar-style":"default","ast-global-header-display":"","ast-banner-title-visibility":"","ast-main-header-display":"","ast-hfb-above-header-display":"","ast-hfb-below-header-display":"","ast-hfb-mobile-header-display":"","site-post-title":"","ast-breadcrumbs-content":"","ast-featured-img":"","footer-sml-layout":"","ast-disable-related-posts":"","theme-transparent-header-meta":"default","adv-header-id-meta":"","stick-header-meta":"default","header-above-stick-meta":"","header-main-stick-meta":"","header-below-stick-meta":"","astra-migrate-meta-layouts":"set","ast-page-background-enabled":"default","ast-page-background-meta":{"desktop":{"background-color":"var(--ast-global-color-5)","background-image":"","background-repeat":"repeat","background-position":"center center","background-size":"auto","background-attachment":"scroll","background-type":"","background-media":"","overlay-type":"","overlay-color":"","overlay-opacity":"","overlay-gradient":""},"tablet":{"background-color":"","background-image":"","background-repeat":"repeat","background-position":"center center","background-size":"auto","background-attachment":"scroll","background-type":"","background-media":"","overlay-type":"","overlay-color":"","overlay-opacity":"","overlay-gradient":""},"mobile":{"background-color":"","background-image":"","background-repeat":"repeat","background-position":"center center","background-size":"auto","background-attachment":"scroll","background-type":"","background-media":"","overlay-type":"","overlay-color":"","overlay-opacity":"","overlay-gradient":""}},"ast-content-background-meta":{"desktop":{"background-color":"var(--ast-global-color-4)","background-image":"","background-repeat":"repeat","background-position":"center center","background-size":"auto","background-attachment":"scroll","background-type":"","background-media":"","overlay-type":"","overlay-color":"","overlay-opacity":"","overlay-gradient":""},"tablet":{"background-color":"var(--ast-global-color-4)","background-image":"","background-repeat":"repeat","background-position":"center center","background-size":"auto","background-attachment":"scroll","background-type":"","background-media":"","overlay-type":"","overlay-color":"","overlay-opacity":"","overlay-gradient":""},"mobile":{"background-color":"var(--ast-global-color-4)","background-image":"","background-repeat":"repeat","background-position":"center center","background-size":"auto","background-attachment":"scroll","background-type":"","background-media":"","overlay-type":"","overlay-color":"","overlay-opacity":"","overlay-gradient":""}}},"product_brand":[],"product_cat":[63],"product_tag":[],"class_list":{"0":"post-1628","1":"product","2":"type-product","3":"status-publish","4":"has-post-thumbnail","6":"product_cat-roewe","7":"desktop-align-left","8":"tablet-align-left","9":"mobile-align-left","10":"ast-product-gallery-layout-horizontal-slider","11":"ast-product-gallery-with-no-image","12":"ast-product-tabs-layout-horizontal","14":"first","15":"instock","16":"featured","17":"shipping-taxable","18":"product-type-simple"},"_links":{"self":[{"href":"https:\/\/www.lanzunauto.com\/pt\/wp-json\/wp\/v2\/product\/1628","targetHints":{"allow":["GET"]}}],"collection":[{"href":"https:\/\/www.lanzunauto.com\/pt\/wp-json\/wp\/v2\/product"}],"about":[{"href":"https:\/\/www.lanzunauto.com\/pt\/wp-json\/wp\/v2\/types\/product"}],"wp:featuredmedia":[{"embeddable":true,"href":"https:\/\/www.lanzunauto.com\/pt\/wp-json\/wp\/v2\/media\/1630"}],"wp:attachment":[{"href":"https:\/\/www.lanzunauto.com\/pt\/wp-json\/wp\/v2\/media?parent=1628"}],"wp:term":[{"taxonomy":"product_brand","embeddable":true,"href":"https:\/\/www.lanzunauto.com\/pt\/wp-json\/wp\/v2\/product_brand?post=1628"},{"taxonomy":"product_cat","embeddable":true,"href":"https:\/\/www.lanzunauto.com\/pt\/wp-json\/wp\/v2\/product_cat?post=1628"},{"taxonomy":"product_tag","embeddable":true,"href":"https:\/\/www.lanzunauto.com\/pt\/wp-json\/wp\/v2\/product_tag?post=1628"}],"curies":[{"name":"wp","href":"https:\/\/api.w.org\/{rel}","templated":true}]}}