{"id":1626,"date":"2026-01-30T11:33:46","date_gmt":"2026-01-30T03:33:46","guid":{"rendered":"https:\/\/www.lanzunauto.com\/?post_type=product&#038;p=1626"},"modified":"2026-01-30T11:35:36","modified_gmt":"2026-01-30T03:35:36","slug":"rox-ac-filter-11000547aa-high-efficiency-car-air-conditioner-filter-with-activated-carbon-for-auto-parts-replacement","status":"publish","type":"product","link":"https:\/\/www.lanzunauto.com\/pt\/produto\/rox-ac-filter-11000547aa-high-efficiency-car-air-conditioner-filter-with-activated-carbon-for-auto-parts-replacement\/","title":{"rendered":"ROX AC Filter 11000547AA Filtro de alta efici\u00eancia para ar condicionado de autom\u00f3vel com carv\u00e3o ativado para substitui\u00e7\u00e3o de pe\u00e7as de autom\u00f3vel"},"content":{"rendered":"<p>Especificamente concebido para sistemas de ar condicionado de autom\u00f3veis, este filtro de ar de habit\u00e1culo de elevada efici\u00eancia (n\u00famero de pe\u00e7a: 11000547AA) utiliza material filtrante composto de carv\u00e3o ativado para filtrar eficazmente o p\u00f3, o p\u00f3len, as part\u00edculas PM2.5 e os gases nocivos (como o formalde\u00eddo e o benzeno) do ar, proporcionando um ambiente respirat\u00f3rio limpo e saud\u00e1vel no interior do ve\u00edculo. O elemento filtrante tem uma estrutura compacta, adapt\u00e1vel a v\u00e1rios modelos de ve\u00edculos, assegurando uma integra\u00e7\u00e3o perfeita com o sistema de ar condicionado original do ve\u00edculo. A instala\u00e7\u00e3o \u00e9 simples e n\u00e3o ocupa espa\u00e7o extra. O seu design de filtragem multicamada equilibra a purifica\u00e7\u00e3o de alta efici\u00eancia com o equil\u00edbrio do fluxo de ar, evitando uma diminui\u00e7\u00e3o do fluxo de ar devido a uma filtragem demasiado densa, ao mesmo tempo que prolonga a vida \u00fatil e reduz a necessidade de substitui\u00e7\u00f5es frequentes.<\/p>","protected":false},"excerpt":{"rendered":"<p><strong>Marca\uff1a<\/strong>ROX<br \/>\n<strong>Adsor\u00e7\u00e3o de carv\u00e3o ativado de alta efici\u00eancia:<\/strong> A camada de carv\u00e3o ativado incorporada absorve poderosamente os odores, os poluentes dos gases de escape dos ve\u00edculos e os compostos org\u00e2nicos vol\u00e1teis (COV), melhorando significativamente a qualidade do ar no autom\u00f3vel, especialmente adequado para utiliza\u00e7\u00e3o em \u00e1reas urbanas congestionadas ou \u00e1reas altamente polu\u00eddas.<br \/>\n<strong>Filtragem composta de v\u00e1rias camadas:<\/strong> Combinando tecido n\u00e3o tecido e tecnologia de carv\u00e3o ativado, forma uma barreira dupla de interce\u00e7\u00e3o f\u00edsica e adsor\u00e7\u00e3o qu\u00edmica, com uma efici\u00eancia de filtragem muito superior \u00e0 dos filtros normais para part\u00edculas finas e gases nocivos, proporcionando uma prote\u00e7\u00e3o mais abrangente aos condutores e passageiros.<br \/>\n<strong>Garantia de sa\u00fade e conforto:<\/strong> Reduz os alerg\u00e9nios e o crescimento bacteriano, diminuindo o risco de irrita\u00e7\u00e3o respirat\u00f3ria e criando um ambiente fresco e seguro no autom\u00f3vel para viagens em fam\u00edlia ou longas viagens, protegendo especialmente as crian\u00e7as e as pessoas sens\u00edveis.<\/p>","protected":false},"featured_media":1627,"template":"","meta":{"_seopress_robots_primary_cat":"none","_seopress_titles_title":"%%post_title%%","_seopress_titles_desc":"%%post_excerpt%%","_seopress_robots_index":"","site-sidebar-layout":"default","site-content-layout":"","ast-site-content-layout":"default","site-content-style":"default","site-sidebar-style":"default","ast-global-header-display":"","ast-banner-title-visibility":"","ast-main-header-display":"","ast-hfb-above-header-display":"","ast-hfb-below-header-display":"","ast-hfb-mobile-header-display":"","site-post-title":"","ast-breadcrumbs-content":"","ast-featured-img":"","footer-sml-layout":"","ast-disable-related-posts":"","theme-transparent-header-meta":"default","adv-header-id-meta":"","stick-header-meta":"default","header-above-stick-meta":"","header-main-stick-meta":"","header-below-stick-meta":"","astra-migrate-meta-layouts":"set","ast-page-background-enabled":"default","ast-page-background-meta":{"desktop":{"background-color":"var(--ast-global-color-5)","background-image":"","background-repeat":"repeat","background-position":"center center","background-size":"auto","background-attachment":"scroll","background-type":"","background-media":"","overlay-type":"","overlay-color":"","overlay-opacity":"","overlay-gradient":""},"tablet":{"background-color":"","background-image":"","background-repeat":"repeat","background-position":"center center","background-size":"auto","background-attachment":"scroll","background-type":"","background-media":"","overlay-type":"","overlay-color":"","overlay-opacity":"","overlay-gradient":""},"mobile":{"background-color":"","background-image":"","background-repeat":"repeat","background-position":"center center","background-size":"auto","background-attachment":"scroll","background-type":"","background-media":"","overlay-type":"","overlay-color":"","overlay-opacity":"","overlay-gradient":""}},"ast-content-background-meta":{"desktop":{"background-color":"var(--ast-global-color-4)","background-image":"","background-repeat":"repeat","background-position":"center center","background-size":"auto","background-attachment":"scroll","background-type":"","background-media":"","overlay-type":"","overlay-color":"","overlay-opacity":"","overlay-gradient":""},"tablet":{"background-color":"var(--ast-global-color-4)","background-image":"","background-repeat":"repeat","background-position":"center center","background-size":"auto","background-attachment":"scroll","background-type":"","background-media":"","overlay-type":"","overlay-color":"","overlay-opacity":"","overlay-gradient":""},"mobile":{"background-color":"var(--ast-global-color-4)","background-image":"","background-repeat":"repeat","background-position":"center center","background-size":"auto","background-attachment":"scroll","background-type":"","background-media":"","overlay-type":"","overlay-color":"","overlay-opacity":"","overlay-gradient":""}}},"product_brand":[],"product_cat":[55],"product_tag":[],"class_list":{"0":"post-1626","1":"product","2":"type-product","3":"status-publish","4":"has-post-thumbnail","6":"product_cat-rox","7":"desktop-align-left","8":"tablet-align-left","9":"mobile-align-left","10":"ast-product-gallery-layout-horizontal-slider","11":"ast-product-gallery-with-no-image","12":"ast-product-tabs-layout-horizontal","14":"first","15":"instock","16":"shipping-taxable","17":"product-type-simple"},"_links":{"self":[{"href":"https:\/\/www.lanzunauto.com\/pt\/wp-json\/wp\/v2\/product\/1626","targetHints":{"allow":["GET"]}}],"collection":[{"href":"https:\/\/www.lanzunauto.com\/pt\/wp-json\/wp\/v2\/product"}],"about":[{"href":"https:\/\/www.lanzunauto.com\/pt\/wp-json\/wp\/v2\/types\/product"}],"wp:featuredmedia":[{"embeddable":true,"href":"https:\/\/www.lanzunauto.com\/pt\/wp-json\/wp\/v2\/media\/1627"}],"wp:attachment":[{"href":"https:\/\/www.lanzunauto.com\/pt\/wp-json\/wp\/v2\/media?parent=1626"}],"wp:term":[{"taxonomy":"product_brand","embeddable":true,"href":"https:\/\/www.lanzunauto.com\/pt\/wp-json\/wp\/v2\/product_brand?post=1626"},{"taxonomy":"product_cat","embeddable":true,"href":"https:\/\/www.lanzunauto.com\/pt\/wp-json\/wp\/v2\/product_cat?post=1626"},{"taxonomy":"product_tag","embeddable":true,"href":"https:\/\/www.lanzunauto.com\/pt\/wp-json\/wp\/v2\/product_tag?post=1626"}],"curies":[{"name":"wp","href":"https:\/\/api.w.org\/{rel}","templated":true}]}}