{"id":1618,"date":"2026-01-30T09:49:56","date_gmt":"2026-01-30T01:49:56","guid":{"rendered":"https:\/\/www.lanzunauto.com\/?post_type=product&#038;p=1618"},"modified":"2026-01-30T09:54:02","modified_gmt":"2026-01-30T01:54:02","slug":"front-grille-for-voyah-free-2021-280304010-radiator-grille-bumper-grille","status":"publish","type":"product","link":"https:\/\/www.lanzunauto.com\/pt\/produto\/front-grille-for-voyah-free-2021-280304010-radiator-grille-bumper-grille\/","title":{"rendered":"Grelha frontal para VOYAH FREE 2021- 280304010 Grelha do radiador Grelha do para-choques"},"content":{"rendered":"<p>A grelha dianteira VOYAH FREE 2021 - 280304010 H97C2803008AA - \u00e9 uma grelha de radiador e de para-choques original de f\u00e1brica, concebida especificamente para o modelo VOYAH FREE, combinando prote\u00e7\u00e3o funcional com um design est\u00e9tico de vanguarda. Como componente central do painel frontal do ve\u00edculo, est\u00e1 integrada na \u00e1rea do para-choques dianteiro, n\u00e3o s\u00f3 fornecendo um suporte de arrefecimento eficiente para o compartimento do motor, mas tamb\u00e9m refor\u00e7ando a identidade tecnol\u00f3gica da marca VOYAH atrav\u00e9s da sua forma aerodin\u00e2mica. Esta grelha \u00e9 fabricada em pl\u00e1stico de engenharia de alta resist\u00eancia, formada com recurso \u00e0 tecnologia de moldagem por inje\u00e7\u00e3o de precis\u00e3o, e apresenta v\u00e1rios tratamentos de superf\u00edcie para garantir um equil\u00edbrio perfeito entre o design leve e a durabilidade, complementando na perfei\u00e7\u00e3o a linguagem de design moderno do VOYAH FREE 2021.<\/p>","protected":false},"excerpt":{"rendered":"<p><strong>Marca\uff1a<\/strong>Voyah<br \/>\n<strong>Adaptabilidade precisa:<\/strong> Personalizado especificamente para o modelo Voyah FREE 2021, integra-se perfeitamente na estrutura original do para-choques dianteiro, assegurando uma instala\u00e7\u00e3o f\u00e1cil e segura sem modifica\u00e7\u00f5es adicionais, garantindo a coer\u00eancia com o design original.<br \/>\n<strong>Desempenho superior de dissipa\u00e7\u00e3o de calor:<\/strong> O design optimizado da malha equilibra o fluxo de ar e a resist\u00eancia estrutural, assegurando um arrefecimento eficiente do motor em v\u00e1rias condi\u00e7\u00f5es de funcionamento e melhorando a estabilidade din\u00e2mica do ve\u00edculo.<br \/>\n<strong>Tratamento de superf\u00edcie avan\u00e7ado:<\/strong> Est\u00e3o dispon\u00edveis processos opcionais de pintura, galvanoplastia ou estampagem a quente, oferecendo uma variedade de cores como o preto mate e o prateado de alto brilho. Os tratamentos de superf\u00edcie d\u00e3o prioridade \u00e0 resist\u00eancia \u00e0 corros\u00e3o e \u00e0s intemp\u00e9ries, assegurando a solidez da cor a longo prazo e a resist\u00eancia a fissuras, adaptando-se a diversas condi\u00e7\u00f5es climat\u00e9ricas.<br \/>\n<strong>Leve e duradouro:<\/strong> Utilizando materiais leves e de elevada resist\u00eancia, equilibra a resist\u00eancia ao impacto e a estabilidade estrutural, garantindo a integridade durante a utiliza\u00e7\u00e3o a longo prazo e reduzindo o risco de desgaste di\u00e1rio.<\/p>","protected":false},"featured_media":1619,"template":"","meta":{"_seopress_robots_primary_cat":"none","_seopress_titles_title":"%%post_title%%","_seopress_titles_desc":"%%post_excerpt%%","_seopress_robots_index":"","site-sidebar-layout":"default","site-content-layout":"","ast-site-content-layout":"default","site-content-style":"default","site-sidebar-style":"default","ast-global-header-display":"","ast-banner-title-visibility":"","ast-main-header-display":"","ast-hfb-above-header-display":"","ast-hfb-below-header-display":"","ast-hfb-mobile-header-display":"","site-post-title":"","ast-breadcrumbs-content":"","ast-featured-img":"","footer-sml-layout":"","ast-disable-related-posts":"","theme-transparent-header-meta":"default","adv-header-id-meta":"","stick-header-meta":"default","header-above-stick-meta":"","header-main-stick-meta":"","header-below-stick-meta":"","astra-migrate-meta-layouts":"set","ast-page-background-enabled":"default","ast-page-background-meta":{"desktop":{"background-color":"var(--ast-global-color-5)","background-image":"","background-repeat":"repeat","background-position":"center center","background-size":"auto","background-attachment":"scroll","background-type":"","background-media":"","overlay-type":"","overlay-color":"","overlay-opacity":"","overlay-gradient":""},"tablet":{"background-color":"","background-image":"","background-repeat":"repeat","background-position":"center center","background-size":"auto","background-attachment":"scroll","background-type":"","background-media":"","overlay-type":"","overlay-color":"","overlay-opacity":"","overlay-gradient":""},"mobile":{"background-color":"","background-image":"","background-repeat":"repeat","background-position":"center center","background-size":"auto","background-attachment":"scroll","background-type":"","background-media":"","overlay-type":"","overlay-color":"","overlay-opacity":"","overlay-gradient":""}},"ast-content-background-meta":{"desktop":{"background-color":"var(--ast-global-color-4)","background-image":"","background-repeat":"repeat","background-position":"center center","background-size":"auto","background-attachment":"scroll","background-type":"","background-media":"","overlay-type":"","overlay-color":"","overlay-opacity":"","overlay-gradient":""},"tablet":{"background-color":"var(--ast-global-color-4)","background-image":"","background-repeat":"repeat","background-position":"center center","background-size":"auto","background-attachment":"scroll","background-type":"","background-media":"","overlay-type":"","overlay-color":"","overlay-opacity":"","overlay-gradient":""},"mobile":{"background-color":"var(--ast-global-color-4)","background-image":"","background-repeat":"repeat","background-position":"center center","background-size":"auto","background-attachment":"scroll","background-type":"","background-media":"","overlay-type":"","overlay-color":"","overlay-opacity":"","overlay-gradient":""}}},"product_brand":[],"product_cat":[61],"product_tag":[],"class_list":{"0":"post-1618","1":"product","2":"type-product","3":"status-publish","4":"has-post-thumbnail","6":"product_cat-voyah","7":"desktop-align-left","8":"tablet-align-left","9":"mobile-align-left","10":"ast-product-gallery-layout-horizontal-slider","11":"ast-product-gallery-with-no-image","12":"ast-product-tabs-layout-horizontal","14":"first","15":"instock","16":"shipping-taxable","17":"product-type-simple"},"_links":{"self":[{"href":"https:\/\/www.lanzunauto.com\/pt\/wp-json\/wp\/v2\/product\/1618","targetHints":{"allow":["GET"]}}],"collection":[{"href":"https:\/\/www.lanzunauto.com\/pt\/wp-json\/wp\/v2\/product"}],"about":[{"href":"https:\/\/www.lanzunauto.com\/pt\/wp-json\/wp\/v2\/types\/product"}],"wp:featuredmedia":[{"embeddable":true,"href":"https:\/\/www.lanzunauto.com\/pt\/wp-json\/wp\/v2\/media\/1619"}],"wp:attachment":[{"href":"https:\/\/www.lanzunauto.com\/pt\/wp-json\/wp\/v2\/media?parent=1618"}],"wp:term":[{"taxonomy":"product_brand","embeddable":true,"href":"https:\/\/www.lanzunauto.com\/pt\/wp-json\/wp\/v2\/product_brand?post=1618"},{"taxonomy":"product_cat","embeddable":true,"href":"https:\/\/www.lanzunauto.com\/pt\/wp-json\/wp\/v2\/product_cat?post=1618"},{"taxonomy":"product_tag","embeddable":true,"href":"https:\/\/www.lanzunauto.com\/pt\/wp-json\/wp\/v2\/product_tag?post=1618"}],"curies":[{"name":"wp","href":"https:\/\/api.w.org\/{rel}","templated":true}]}}