{"id":1616,"date":"2026-01-30T09:43:50","date_gmt":"2026-01-30T01:43:50","guid":{"rendered":"https:\/\/www.lanzunauto.com\/?post_type=product&#038;p=1616"},"modified":"2026-01-30T09:49:38","modified_gmt":"2026-01-30T01:49:38","slug":"aizhibupin-rear-bumper-protection-for-zeekr-001-accessories-spare-part-8889396587","status":"publish","type":"product","link":"https:\/\/www.lanzunauto.com\/pt\/produto\/aizhibupin-rear-bumper-protection-for-zeekr-001-accessories-spare-part-8889396587\/","title":{"rendered":"AIZHIBUPIN Prote\u00e7\u00e3o do para-choques traseiro para Zeekr 001 Acess\u00f3rios Pe\u00e7a sobressalente 8889396587"},"content":{"rendered":"<p>O acess\u00f3rio de prote\u00e7\u00e3o do para-choques traseiro Zeekr 001, n\u00famero de pe\u00e7a 8889396587, foi especificamente concebido para o modelo Zeekr 001. Trata-se de um componente de prote\u00e7\u00e3o do para-choques traseiro que combina a funcionalidade de prote\u00e7\u00e3o com uma apar\u00eancia refinada. Como um componente central para a prote\u00e7\u00e3o da traseira, resiste eficazmente a riscos e pequenas colis\u00f5es encontradas durante a condu\u00e7\u00e3o di\u00e1ria, enquanto a sua linguagem de design moderno melhora o apelo visual geral da traseira do ve\u00edculo, mostrando a est\u00e9tica tecnol\u00f3gica da marca Zeekr. Esta pe\u00e7a \u00e9 fabricada em pl\u00e1stico de engenharia de alta resist\u00eancia e moldada com precis\u00e3o por inje\u00e7\u00e3o para garantir um equil\u00edbrio perfeito entre o design leve e a durabilidade.<\/p>","protected":false},"excerpt":{"rendered":"<p><strong>Marca\uff1a<\/strong>Zeekr<br \/>\n<strong>Ajuste exato:<\/strong> Personalizado especificamente para o modelo Jike 001, integra-se perfeitamente na estrutura original do para-choques traseiro, garantindo uma instala\u00e7\u00e3o f\u00e1cil e segura sem modifica\u00e7\u00f5es adicionais.<br \/>\n<strong>Desempenho de prote\u00e7\u00e3o superior:<\/strong> O design estrutural optimizado proporciona uma prote\u00e7\u00e3o amortecedora de elevada resist\u00eancia, reduzindo os danos na carro\u00e7aria do ve\u00edculo provocados por arranh\u00f5es di\u00e1rios e prolongando a vida \u00fatil do para-choques traseiro.<br \/>\n<strong>Acabamento de superf\u00edcie avan\u00e7ado:<\/strong> Dispon\u00edvel em acabamentos mate ou de alto brilho e numa variedade de cores (como o preto cl\u00e1ssico e o cinzento mate) para se adaptar a diferentes necessidades individuais. O acabamento da superf\u00edcie d\u00e1 prioridade \u00e0 resist\u00eancia \u00e0 corros\u00e3o e \u00e0s intemp\u00e9ries, assegurando a solidez da cor e a resist\u00eancia a fissuras a longo prazo.<br \/>\n<strong>Leve e duradouro:<\/strong> Utilizando pl\u00e1sticos de engenharia leves, equilibra a resist\u00eancia ao impacto e a estabilidade estrutural, adaptando-se a v\u00e1rias condi\u00e7\u00f5es clim\u00e1ticas e mantendo a integridade durante a utiliza\u00e7\u00e3o a longo prazo.<\/p>","protected":false},"featured_media":1617,"template":"","meta":{"_seopress_robots_primary_cat":"none","_seopress_titles_title":"%%post_title%%","_seopress_titles_desc":"%%post_excerpt%%","_seopress_robots_index":"","site-sidebar-layout":"default","site-content-layout":"","ast-site-content-layout":"default","site-content-style":"default","site-sidebar-style":"default","ast-global-header-display":"","ast-banner-title-visibility":"","ast-main-header-display":"","ast-hfb-above-header-display":"","ast-hfb-below-header-display":"","ast-hfb-mobile-header-display":"","site-post-title":"","ast-breadcrumbs-content":"","ast-featured-img":"","footer-sml-layout":"","ast-disable-related-posts":"","theme-transparent-header-meta":"default","adv-header-id-meta":"","stick-header-meta":"default","header-above-stick-meta":"","header-main-stick-meta":"","header-below-stick-meta":"","astra-migrate-meta-layouts":"set","ast-page-background-enabled":"default","ast-page-background-meta":{"desktop":{"background-color":"var(--ast-global-color-5)","background-image":"","background-repeat":"repeat","background-position":"center center","background-size":"auto","background-attachment":"scroll","background-type":"","background-media":"","overlay-type":"","overlay-color":"","overlay-opacity":"","overlay-gradient":""},"tablet":{"background-color":"","background-image":"","background-repeat":"repeat","background-position":"center center","background-size":"auto","background-attachment":"scroll","background-type":"","background-media":"","overlay-type":"","overlay-color":"","overlay-opacity":"","overlay-gradient":""},"mobile":{"background-color":"","background-image":"","background-repeat":"repeat","background-position":"center center","background-size":"auto","background-attachment":"scroll","background-type":"","background-media":"","overlay-type":"","overlay-color":"","overlay-opacity":"","overlay-gradient":""}},"ast-content-background-meta":{"desktop":{"background-color":"var(--ast-global-color-4)","background-image":"","background-repeat":"repeat","background-position":"center center","background-size":"auto","background-attachment":"scroll","background-type":"","background-media":"","overlay-type":"","overlay-color":"","overlay-opacity":"","overlay-gradient":""},"tablet":{"background-color":"var(--ast-global-color-4)","background-image":"","background-repeat":"repeat","background-position":"center center","background-size":"auto","background-attachment":"scroll","background-type":"","background-media":"","overlay-type":"","overlay-color":"","overlay-opacity":"","overlay-gradient":""},"mobile":{"background-color":"var(--ast-global-color-4)","background-image":"","background-repeat":"repeat","background-position":"center center","background-size":"auto","background-attachment":"scroll","background-type":"","background-media":"","overlay-type":"","overlay-color":"","overlay-opacity":"","overlay-gradient":""}}},"product_brand":[],"product_cat":[60],"product_tag":[],"class_list":{"0":"post-1616","1":"product","2":"type-product","3":"status-publish","4":"has-post-thumbnail","6":"product_cat-zeekr","7":"desktop-align-left","8":"tablet-align-left","9":"mobile-align-left","10":"ast-product-gallery-layout-horizontal-slider","11":"ast-product-gallery-with-no-image","12":"ast-product-tabs-layout-horizontal","14":"first","15":"instock","16":"shipping-taxable","17":"product-type-simple"},"_links":{"self":[{"href":"https:\/\/www.lanzunauto.com\/pt\/wp-json\/wp\/v2\/product\/1616","targetHints":{"allow":["GET"]}}],"collection":[{"href":"https:\/\/www.lanzunauto.com\/pt\/wp-json\/wp\/v2\/product"}],"about":[{"href":"https:\/\/www.lanzunauto.com\/pt\/wp-json\/wp\/v2\/types\/product"}],"wp:featuredmedia":[{"embeddable":true,"href":"https:\/\/www.lanzunauto.com\/pt\/wp-json\/wp\/v2\/media\/1617"}],"wp:attachment":[{"href":"https:\/\/www.lanzunauto.com\/pt\/wp-json\/wp\/v2\/media?parent=1616"}],"wp:term":[{"taxonomy":"product_brand","embeddable":true,"href":"https:\/\/www.lanzunauto.com\/pt\/wp-json\/wp\/v2\/product_brand?post=1616"},{"taxonomy":"product_cat","embeddable":true,"href":"https:\/\/www.lanzunauto.com\/pt\/wp-json\/wp\/v2\/product_cat?post=1616"},{"taxonomy":"product_tag","embeddable":true,"href":"https:\/\/www.lanzunauto.com\/pt\/wp-json\/wp\/v2\/product_tag?post=1616"}],"curies":[{"name":"wp","href":"https:\/\/api.w.org\/{rel}","templated":true}]}}