{"id":1614,"date":"2026-01-30T09:39:32","date_gmt":"2026-01-30T01:39:32","guid":{"rendered":"https:\/\/www.lanzunauto.com\/?post_type=product&#038;p=1614"},"modified":"2026-01-30T09:43:03","modified_gmt":"2026-01-30T01:43:03","slug":"radiator-grille-body-for-chery-kaiyi-cowin-g03840110101aa","status":"publish","type":"product","link":"https:\/\/www.lanzunauto.com\/pt\/produto\/radiator-grille-body-for-chery-kaiyi-cowin-g03840110101aa\/","title":{"rendered":"Corpo da grelha do radiador para Chery Kaiyi Cowin G03840110101AA"},"content":{"rendered":"<p><strong>Adaptabilidade precisa:<\/strong> Personalizado especificamente para os modelos Kaiyi, garante uma integra\u00e7\u00e3o perfeita com a estrutura original do painel frontal, tornando a instala\u00e7\u00e3o simples e segura.<br \/>\n<strong>Desempenho superior de dissipa\u00e7\u00e3o de calor:<\/strong> O design optimizado da malha equilibra o fluxo de ar e a resist\u00eancia estrutural, garantindo um arrefecimento eficiente do motor em v\u00e1rias condi\u00e7\u00f5es de funcionamento.<br \/>\n<strong>Tratamento de superf\u00edcie avan\u00e7ado:<\/strong> Est\u00e3o dispon\u00edveis processos opcionais de pintura, galvanoplastia ou estampagem a quente, oferecendo uma variedade de cores e texturas, tais como efeitos de alto brilho ou mate, para satisfazer as necessidades individuais. Os detalhes do processo enfatizam a resist\u00eancia \u00e0 corros\u00e3o e a durabilidade, evitando o risco de descama\u00e7\u00e3o do revestimento e adaptando-se a v\u00e1rias condi\u00e7\u00f5es clim\u00e1ticas.<br \/>\n<strong>Leve e duradouro:<\/strong> A sele\u00e7\u00e3o de materiais equilibra o design leve com a resist\u00eancia ao impacto, garantindo a integridade estrutural durante a utiliza\u00e7\u00e3o a longo prazo.<br \/>\nA grelha do radiador Chery Cowin G03840110101AA foi concebida especificamente para os ve\u00edculos da marca Cowin, servindo como um componente central da parte dianteira que combina funcionalidade e est\u00e9tica. Sendo uma abertura fundamental para o sistema de arrefecimento do ve\u00edculo, est\u00e1 integrada na \u00e1rea do para-choques dianteiro, assegurando uma dissipa\u00e7\u00e3o eficiente do calor do compartimento do motor e melhorando o reconhecimento da marca com o seu design requintado. A grelha \u00e9 fabricada em ABS ou materiais comp\u00f3sitos de alta resist\u00eancia, moldada por inje\u00e7\u00e3o e apresenta v\u00e1rios tratamentos de superf\u00edcie para complementar a linguagem de design moderno da Cowin e melhorar o aspeto visual geral do ve\u00edculo.<\/p>","protected":false},"excerpt":{"rendered":"<p><strong>Marca\uff1a<\/strong>chery<br \/>\n<strong>Adaptabilidade precisa:<\/strong> Personalizado especificamente para os modelos Kaiyi, garante uma integra\u00e7\u00e3o perfeita com a estrutura original do painel frontal, tornando a instala\u00e7\u00e3o simples e segura.<br \/>\n<strong>Desempenho superior de dissipa\u00e7\u00e3o de calor:<\/strong> O design optimizado da malha equilibra o fluxo de ar e a resist\u00eancia estrutural, garantindo um arrefecimento eficiente do motor em v\u00e1rias condi\u00e7\u00f5es de funcionamento.<\/p>","protected":false},"featured_media":1615,"template":"","meta":{"_seopress_robots_primary_cat":"none","_seopress_titles_title":"%%post_title%%","_seopress_titles_desc":"%%post_excerpt%%","_seopress_robots_index":"","site-sidebar-layout":"default","site-content-layout":"","ast-site-content-layout":"default","site-content-style":"default","site-sidebar-style":"default","ast-global-header-display":"","ast-banner-title-visibility":"","ast-main-header-display":"","ast-hfb-above-header-display":"","ast-hfb-below-header-display":"","ast-hfb-mobile-header-display":"","site-post-title":"","ast-breadcrumbs-content":"","ast-featured-img":"","footer-sml-layout":"","ast-disable-related-posts":"","theme-transparent-header-meta":"default","adv-header-id-meta":"","stick-header-meta":"default","header-above-stick-meta":"","header-main-stick-meta":"","header-below-stick-meta":"","astra-migrate-meta-layouts":"set","ast-page-background-enabled":"default","ast-page-background-meta":{"desktop":{"background-color":"var(--ast-global-color-5)","background-image":"","background-repeat":"repeat","background-position":"center center","background-size":"auto","background-attachment":"scroll","background-type":"","background-media":"","overlay-type":"","overlay-color":"","overlay-opacity":"","overlay-gradient":""},"tablet":{"background-color":"","background-image":"","background-repeat":"repeat","background-position":"center center","background-size":"auto","background-attachment":"scroll","background-type":"","background-media":"","overlay-type":"","overlay-color":"","overlay-opacity":"","overlay-gradient":""},"mobile":{"background-color":"","background-image":"","background-repeat":"repeat","background-position":"center center","background-size":"auto","background-attachment":"scroll","background-type":"","background-media":"","overlay-type":"","overlay-color":"","overlay-opacity":"","overlay-gradient":""}},"ast-content-background-meta":{"desktop":{"background-color":"var(--ast-global-color-4)","background-image":"","background-repeat":"repeat","background-position":"center center","background-size":"auto","background-attachment":"scroll","background-type":"","background-media":"","overlay-type":"","overlay-color":"","overlay-opacity":"","overlay-gradient":""},"tablet":{"background-color":"var(--ast-global-color-4)","background-image":"","background-repeat":"repeat","background-position":"center center","background-size":"auto","background-attachment":"scroll","background-type":"","background-media":"","overlay-type":"","overlay-color":"","overlay-opacity":"","overlay-gradient":""},"mobile":{"background-color":"var(--ast-global-color-4)","background-image":"","background-repeat":"repeat","background-position":"center center","background-size":"auto","background-attachment":"scroll","background-type":"","background-media":"","overlay-type":"","overlay-color":"","overlay-opacity":"","overlay-gradient":""}}},"product_brand":[],"product_cat":[29],"product_tag":[],"class_list":{"0":"post-1614","1":"product","2":"type-product","3":"status-publish","4":"has-post-thumbnail","6":"product_cat-chery","7":"desktop-align-left","8":"tablet-align-left","9":"mobile-align-left","10":"ast-product-gallery-layout-horizontal-slider","11":"ast-product-gallery-with-no-image","12":"ast-product-tabs-layout-horizontal","14":"first","15":"instock","16":"shipping-taxable","17":"product-type-simple"},"_links":{"self":[{"href":"https:\/\/www.lanzunauto.com\/pt\/wp-json\/wp\/v2\/product\/1614","targetHints":{"allow":["GET"]}}],"collection":[{"href":"https:\/\/www.lanzunauto.com\/pt\/wp-json\/wp\/v2\/product"}],"about":[{"href":"https:\/\/www.lanzunauto.com\/pt\/wp-json\/wp\/v2\/types\/product"}],"wp:featuredmedia":[{"embeddable":true,"href":"https:\/\/www.lanzunauto.com\/pt\/wp-json\/wp\/v2\/media\/1615"}],"wp:attachment":[{"href":"https:\/\/www.lanzunauto.com\/pt\/wp-json\/wp\/v2\/media?parent=1614"}],"wp:term":[{"taxonomy":"product_brand","embeddable":true,"href":"https:\/\/www.lanzunauto.com\/pt\/wp-json\/wp\/v2\/product_brand?post=1614"},{"taxonomy":"product_cat","embeddable":true,"href":"https:\/\/www.lanzunauto.com\/pt\/wp-json\/wp\/v2\/product_cat?post=1614"},{"taxonomy":"product_tag","embeddable":true,"href":"https:\/\/www.lanzunauto.com\/pt\/wp-json\/wp\/v2\/product_tag?post=1614"}],"curies":[{"name":"wp","href":"https:\/\/api.w.org\/{rel}","templated":true}]}}