{"id":1608,"date":"2026-01-30T09:26:58","date_gmt":"2026-01-30T01:26:58","guid":{"rendered":"https:\/\/www.lanzunauto.com\/?post_type=product&#038;p=1608"},"modified":"2026-01-30T09:29:03","modified_gmt":"2026-01-30T01:29:03","slug":"byd-yuan-pro-2023-new-rear-bumper-sch-2804113-original-specification-parts","status":"publish","type":"product","link":"https:\/\/www.lanzunauto.com\/pt\/produto\/byd-yuan-pro-2023-new-rear-bumper-sch-2804113-original-specification-parts\/","title":{"rendered":"BYD Yuan Pro 2023 Novo para-choques traseiro SCH-2804113 Pe\u00e7as de especifica\u00e7\u00e3o original"},"content":{"rendered":"<p>Concebido especificamente para o BYD Yuan Pro 2023, este para-choques traseiro (n\u00famero de pe\u00e7a: SCH-2804113) segue rigorosamente os padr\u00f5es de design originais de f\u00e1brica e emprega processos de fabrico de n\u00edvel OEM para garantir um ajuste perfeito \u00e0 estrutura traseira original do ve\u00edculo. Como pe\u00e7a de substitui\u00e7\u00e3o de especifica\u00e7\u00e3o original, n\u00e3o s\u00f3 restaura o aspeto original de f\u00e1brica do ve\u00edculo, como tamb\u00e9m proporciona um desempenho de prote\u00e7\u00e3o superior, tornando-o a escolha ideal para reparar danos ou atualizar o seu autom\u00f3vel.<\/p>","protected":false},"excerpt":{"rendered":"<p><strong>Marca\uff1a<\/strong>BYD<br \/>\nEquil\u00edbrio entre leveza e elevada resist\u00eancia: As jantes em liga de alum\u00ednio reduzem o peso total do ve\u00edculo e optimizam a economia de combust\u00edvel; ao mesmo tempo, os processos de fundi\u00e7\u00e3o de precis\u00e3o garantem a resist\u00eancia estrutural, satisfazendo as exig\u00eancias de uma condu\u00e7\u00e3o de alta intensidade e reduzindo o risco de deforma\u00e7\u00e3o do cubo da roda.<\/p>","protected":false},"featured_media":1609,"template":"","meta":{"_seopress_robots_primary_cat":"none","_seopress_titles_title":"%%post_title%%","_seopress_titles_desc":"%%post_excerpt%%","_seopress_robots_index":"","site-sidebar-layout":"default","site-content-layout":"","ast-site-content-layout":"default","site-content-style":"default","site-sidebar-style":"default","ast-global-header-display":"","ast-banner-title-visibility":"","ast-main-header-display":"","ast-hfb-above-header-display":"","ast-hfb-below-header-display":"","ast-hfb-mobile-header-display":"","site-post-title":"","ast-breadcrumbs-content":"","ast-featured-img":"","footer-sml-layout":"","ast-disable-related-posts":"","theme-transparent-header-meta":"default","adv-header-id-meta":"","stick-header-meta":"default","header-above-stick-meta":"","header-main-stick-meta":"","header-below-stick-meta":"","astra-migrate-meta-layouts":"set","ast-page-background-enabled":"default","ast-page-background-meta":{"desktop":{"background-color":"var(--ast-global-color-5)","background-image":"","background-repeat":"repeat","background-position":"center center","background-size":"auto","background-attachment":"scroll","background-type":"","background-media":"","overlay-type":"","overlay-color":"","overlay-opacity":"","overlay-gradient":""},"tablet":{"background-color":"","background-image":"","background-repeat":"repeat","background-position":"center center","background-size":"auto","background-attachment":"scroll","background-type":"","background-media":"","overlay-type":"","overlay-color":"","overlay-opacity":"","overlay-gradient":""},"mobile":{"background-color":"","background-image":"","background-repeat":"repeat","background-position":"center center","background-size":"auto","background-attachment":"scroll","background-type":"","background-media":"","overlay-type":"","overlay-color":"","overlay-opacity":"","overlay-gradient":""}},"ast-content-background-meta":{"desktop":{"background-color":"var(--ast-global-color-4)","background-image":"","background-repeat":"repeat","background-position":"center center","background-size":"auto","background-attachment":"scroll","background-type":"","background-media":"","overlay-type":"","overlay-color":"","overlay-opacity":"","overlay-gradient":""},"tablet":{"background-color":"var(--ast-global-color-4)","background-image":"","background-repeat":"repeat","background-position":"center center","background-size":"auto","background-attachment":"scroll","background-type":"","background-media":"","overlay-type":"","overlay-color":"","overlay-opacity":"","overlay-gradient":""},"mobile":{"background-color":"var(--ast-global-color-4)","background-image":"","background-repeat":"repeat","background-position":"center center","background-size":"auto","background-attachment":"scroll","background-type":"","background-media":"","overlay-type":"","overlay-color":"","overlay-opacity":"","overlay-gradient":""}}},"product_brand":[],"product_cat":[26],"product_tag":[],"class_list":{"0":"post-1608","1":"product","2":"type-product","3":"status-publish","4":"has-post-thumbnail","6":"product_cat-byd","7":"desktop-align-left","8":"tablet-align-left","9":"mobile-align-left","10":"ast-product-gallery-layout-horizontal-slider","11":"ast-product-gallery-with-no-image","12":"ast-product-tabs-layout-horizontal","14":"first","15":"instock","16":"shipping-taxable","17":"product-type-simple"},"_links":{"self":[{"href":"https:\/\/www.lanzunauto.com\/pt\/wp-json\/wp\/v2\/product\/1608","targetHints":{"allow":["GET"]}}],"collection":[{"href":"https:\/\/www.lanzunauto.com\/pt\/wp-json\/wp\/v2\/product"}],"about":[{"href":"https:\/\/www.lanzunauto.com\/pt\/wp-json\/wp\/v2\/types\/product"}],"wp:featuredmedia":[{"embeddable":true,"href":"https:\/\/www.lanzunauto.com\/pt\/wp-json\/wp\/v2\/media\/1609"}],"wp:attachment":[{"href":"https:\/\/www.lanzunauto.com\/pt\/wp-json\/wp\/v2\/media?parent=1608"}],"wp:term":[{"taxonomy":"product_brand","embeddable":true,"href":"https:\/\/www.lanzunauto.com\/pt\/wp-json\/wp\/v2\/product_brand?post=1608"},{"taxonomy":"product_cat","embeddable":true,"href":"https:\/\/www.lanzunauto.com\/pt\/wp-json\/wp\/v2\/product_cat?post=1608"},{"taxonomy":"product_tag","embeddable":true,"href":"https:\/\/www.lanzunauto.com\/pt\/wp-json\/wp\/v2\/product_tag?post=1608"}],"curies":[{"name":"wp","href":"https:\/\/api.w.org\/{rel}","templated":true}]}}