{"id":1605,"date":"2026-01-29T18:07:37","date_gmt":"2026-01-29T10:07:37","guid":{"rendered":"https:\/\/www.lanzunauto.com\/?post_type=product&#038;p=1605"},"modified":"2026-01-30T09:26:18","modified_gmt":"2026-01-30T01:26:18","slug":"6044124600-rear-bumper-lower-trim-strip-geely-monjaro-monjaro-l-specific-original-factory-specification-oem-6044124600","status":"publish","type":"product","link":"https:\/\/www.lanzunauto.com\/pt\/produto\/6044124600-rear-bumper-lower-trim-strip-geely-monjaro-monjaro-l-specific-original-factory-specification-oem-6044124600\/","title":{"rendered":"6044124600 Tira de guarni\u00e7\u00e3o inferior do para-choques traseiro Geely Monjaro \/ Monjaro L Especifica\u00e7\u00e3o original de f\u00e1brica OEM 6044124600"},"content":{"rendered":"<p>Designed specifically for Geely Octavia and Octavia L models, this rear bumper lower trim strip (part number: 6044124600) strictly adheres to original OEM specifications and is made of high-quality engineering plastics to ensure a perfect fit with the original rear bumper. As an original factory replacement part, it not only restores the vehicle&#8217;s original refined appearance but also provides superior durability and protective performance, making it an ideal choice for enhancing both the aesthetics and practicality of your car.<\/p>","protected":false},"excerpt":{"rendered":"<p><strong>Marca\uff1aGEELY<\/strong><br \/>\n<strong>Original Factory Fit:<\/strong> Dedicated to specific vehicle models, seamless installation, maintaining the original vehicle appearance.<br \/>\n<strong>Qualidade original de f\u00e1brica:<\/strong> Scratch-resistant and impact-resistant, will not deform even after long-term use.<br \/>\n<strong>Upgraded Protection:<\/strong> Reinforced bottom protection to withstand flying gravel.<br \/>\n<strong>Instala\u00e7\u00e3o f\u00e1cil:<\/strong> Original vehicle mounting holes, easy DIY replacement.<br \/>\n<strong>Durable and Anti-aging:<\/strong> Resistant to UV rays, rain, and snow, remains like new for a long time.<\/p>","protected":false},"featured_media":1606,"template":"","meta":{"_seopress_robots_primary_cat":"none","_seopress_titles_title":"%%post_title%%","_seopress_titles_desc":"%%post_excerpt%%","_seopress_robots_index":"","site-sidebar-layout":"default","site-content-layout":"","ast-site-content-layout":"default","site-content-style":"default","site-sidebar-style":"default","ast-global-header-display":"","ast-banner-title-visibility":"","ast-main-header-display":"","ast-hfb-above-header-display":"","ast-hfb-below-header-display":"","ast-hfb-mobile-header-display":"","site-post-title":"","ast-breadcrumbs-content":"","ast-featured-img":"","footer-sml-layout":"","ast-disable-related-posts":"","theme-transparent-header-meta":"default","adv-header-id-meta":"","stick-header-meta":"default","header-above-stick-meta":"","header-main-stick-meta":"","header-below-stick-meta":"","astra-migrate-meta-layouts":"set","ast-page-background-enabled":"default","ast-page-background-meta":{"desktop":{"background-color":"var(--ast-global-color-5)","background-image":"","background-repeat":"repeat","background-position":"center center","background-size":"auto","background-attachment":"scroll","background-type":"","background-media":"","overlay-type":"","overlay-color":"","overlay-opacity":"","overlay-gradient":""},"tablet":{"background-color":"","background-image":"","background-repeat":"repeat","background-position":"center center","background-size":"auto","background-attachment":"scroll","background-type":"","background-media":"","overlay-type":"","overlay-color":"","overlay-opacity":"","overlay-gradient":""},"mobile":{"background-color":"","background-image":"","background-repeat":"repeat","background-position":"center center","background-size":"auto","background-attachment":"scroll","background-type":"","background-media":"","overlay-type":"","overlay-color":"","overlay-opacity":"","overlay-gradient":""}},"ast-content-background-meta":{"desktop":{"background-color":"var(--ast-global-color-4)","background-image":"","background-repeat":"repeat","background-position":"center center","background-size":"auto","background-attachment":"scroll","background-type":"","background-media":"","overlay-type":"","overlay-color":"","overlay-opacity":"","overlay-gradient":""},"tablet":{"background-color":"var(--ast-global-color-4)","background-image":"","background-repeat":"repeat","background-position":"center center","background-size":"auto","background-attachment":"scroll","background-type":"","background-media":"","overlay-type":"","overlay-color":"","overlay-opacity":"","overlay-gradient":""},"mobile":{"background-color":"var(--ast-global-color-4)","background-image":"","background-repeat":"repeat","background-position":"center center","background-size":"auto","background-attachment":"scroll","background-type":"","background-media":"","overlay-type":"","overlay-color":"","overlay-opacity":"","overlay-gradient":""}}},"product_brand":[],"product_cat":[32],"product_tag":[],"class_list":{"0":"post-1605","1":"product","2":"type-product","3":"status-publish","4":"has-post-thumbnail","6":"product_cat-geely","7":"desktop-align-left","8":"tablet-align-left","9":"mobile-align-left","10":"ast-product-gallery-layout-horizontal-slider","11":"ast-product-gallery-with-no-image","12":"ast-product-tabs-layout-horizontal","14":"first","15":"instock","16":"shipping-taxable","17":"product-type-simple"},"_links":{"self":[{"href":"https:\/\/www.lanzunauto.com\/pt\/wp-json\/wp\/v2\/product\/1605","targetHints":{"allow":["GET"]}}],"collection":[{"href":"https:\/\/www.lanzunauto.com\/pt\/wp-json\/wp\/v2\/product"}],"about":[{"href":"https:\/\/www.lanzunauto.com\/pt\/wp-json\/wp\/v2\/types\/product"}],"wp:featuredmedia":[{"embeddable":true,"href":"https:\/\/www.lanzunauto.com\/pt\/wp-json\/wp\/v2\/media\/1606"}],"wp:attachment":[{"href":"https:\/\/www.lanzunauto.com\/pt\/wp-json\/wp\/v2\/media?parent=1605"}],"wp:term":[{"taxonomy":"product_brand","embeddable":true,"href":"https:\/\/www.lanzunauto.com\/pt\/wp-json\/wp\/v2\/product_brand?post=1605"},{"taxonomy":"product_cat","embeddable":true,"href":"https:\/\/www.lanzunauto.com\/pt\/wp-json\/wp\/v2\/product_cat?post=1605"},{"taxonomy":"product_tag","embeddable":true,"href":"https:\/\/www.lanzunauto.com\/pt\/wp-json\/wp\/v2\/product_tag?post=1605"}],"curies":[{"name":"wp","href":"https:\/\/api.w.org\/{rel}","templated":true}]}}