{"id":1601,"date":"2026-01-29T18:02:50","date_gmt":"2026-01-29T10:02:50","guid":{"rendered":"https:\/\/www.lanzunauto.com\/?post_type=product&#038;p=1601"},"modified":"2026-01-29T18:04:42","modified_gmt":"2026-01-29T10:04:42","slug":"2309020qr01a-right-front-drive-shaft-assembly-dedicated-for-hongqi-ehs9-original-factory-specifications","status":"publish","type":"product","link":"https:\/\/www.lanzunauto.com\/pt\/produto\/2309020qr01a-right-front-drive-shaft-assembly-dedicated-for-hongqi-ehs9-original-factory-specifications\/","title":{"rendered":"2309020QR01A Conjunto do veio de transmiss\u00e3o dianteiro direito dedicado para Hongqi EHS9 Especifica\u00e7\u00f5es originais de f\u00e1brica"},"content":{"rendered":"<p>Meticulosamente concebido especificamente para o modelo Hongqi EHS9, este conjunto do veio de transmiss\u00e3o dianteiro direito cumpre rigorosamente as normas de design originais de f\u00e1brica e emprega processos de fabrico ao n\u00edvel do OEM para garantir uma correspond\u00eancia perfeita com o sistema de transmiss\u00e3o original do ve\u00edculo. O produto utiliza materiais de liga de alta resist\u00eancia e tecnologia de forjamento de precis\u00e3o, combinando um design leve com resist\u00eancia \u00e0 tor\u00e7\u00e3o. Transmite a pot\u00eancia de forma eficiente e reduz eficazmente o ru\u00eddo de condu\u00e7\u00e3o, proporcionando ao Hongqi EHS9 uma experi\u00eancia de condu\u00e7\u00e3o est\u00e1vel e suave.<\/p>","protected":false},"excerpt":{"rendered":"<p><strong>Marca\uff1a<\/strong>HONGQI<br \/>\n<strong>Ajuste preciso original de f\u00e1brica:<\/strong> Concebidas especificamente para o Hongqi EHS9, as especifica\u00e7\u00f5es OEM garantem uma instala\u00e7\u00e3o sem problemas.<br \/>\n<strong>Elevada resist\u00eancia e durabilidade:<\/strong> Os materiais de primeira qualidade resistem ao desgaste, adaptam-se a um bin\u00e1rio elevado e prolongam a vida \u00fatil.<br \/>\n<strong>Transmiss\u00e3o silenciosa e suave:<\/strong> O design optimizado reduz as vibra\u00e7\u00f5es e aumenta o conforto de condu\u00e7\u00e3o.<br \/>\n<strong>Pronto a utilizar de imediato:<\/strong> N\u00e3o \u00e9 necess\u00e1rio qualquer ajuste ou instala\u00e7\u00e3o, o que poupa tempo e \u00e9 adequado para repara\u00e7\u00f5es r\u00e1pidas.<\/p>","protected":false},"featured_media":1602,"template":"","meta":{"_seopress_robots_primary_cat":"none","_seopress_titles_title":"%%post_title%%","_seopress_titles_desc":"%%post_excerpt%%","_seopress_robots_index":"","site-sidebar-layout":"default","site-content-layout":"","ast-site-content-layout":"default","site-content-style":"default","site-sidebar-style":"default","ast-global-header-display":"","ast-banner-title-visibility":"","ast-main-header-display":"","ast-hfb-above-header-display":"","ast-hfb-below-header-display":"","ast-hfb-mobile-header-display":"","site-post-title":"","ast-breadcrumbs-content":"","ast-featured-img":"","footer-sml-layout":"","ast-disable-related-posts":"","theme-transparent-header-meta":"default","adv-header-id-meta":"","stick-header-meta":"default","header-above-stick-meta":"","header-main-stick-meta":"","header-below-stick-meta":"","astra-migrate-meta-layouts":"set","ast-page-background-enabled":"default","ast-page-background-meta":{"desktop":{"background-color":"var(--ast-global-color-5)","background-image":"","background-repeat":"repeat","background-position":"center center","background-size":"auto","background-attachment":"scroll","background-type":"","background-media":"","overlay-type":"","overlay-color":"","overlay-opacity":"","overlay-gradient":""},"tablet":{"background-color":"","background-image":"","background-repeat":"repeat","background-position":"center center","background-size":"auto","background-attachment":"scroll","background-type":"","background-media":"","overlay-type":"","overlay-color":"","overlay-opacity":"","overlay-gradient":""},"mobile":{"background-color":"","background-image":"","background-repeat":"repeat","background-position":"center center","background-size":"auto","background-attachment":"scroll","background-type":"","background-media":"","overlay-type":"","overlay-color":"","overlay-opacity":"","overlay-gradient":""}},"ast-content-background-meta":{"desktop":{"background-color":"var(--ast-global-color-4)","background-image":"","background-repeat":"repeat","background-position":"center center","background-size":"auto","background-attachment":"scroll","background-type":"","background-media":"","overlay-type":"","overlay-color":"","overlay-opacity":"","overlay-gradient":""},"tablet":{"background-color":"var(--ast-global-color-4)","background-image":"","background-repeat":"repeat","background-position":"center center","background-size":"auto","background-attachment":"scroll","background-type":"","background-media":"","overlay-type":"","overlay-color":"","overlay-opacity":"","overlay-gradient":""},"mobile":{"background-color":"var(--ast-global-color-4)","background-image":"","background-repeat":"repeat","background-position":"center center","background-size":"auto","background-attachment":"scroll","background-type":"","background-media":"","overlay-type":"","overlay-color":"","overlay-opacity":"","overlay-gradient":""}}},"product_brand":[],"product_cat":[59],"product_tag":[],"class_list":{"0":"post-1601","1":"product","2":"type-product","3":"status-publish","4":"has-post-thumbnail","6":"product_cat-hongqi","7":"desktop-align-left","8":"tablet-align-left","9":"mobile-align-left","10":"ast-product-gallery-layout-horizontal-slider","11":"ast-product-gallery-with-no-image","12":"ast-product-tabs-layout-horizontal","14":"first","15":"instock","16":"shipping-taxable","17":"product-type-simple"},"_links":{"self":[{"href":"https:\/\/www.lanzunauto.com\/pt\/wp-json\/wp\/v2\/product\/1601","targetHints":{"allow":["GET"]}}],"collection":[{"href":"https:\/\/www.lanzunauto.com\/pt\/wp-json\/wp\/v2\/product"}],"about":[{"href":"https:\/\/www.lanzunauto.com\/pt\/wp-json\/wp\/v2\/types\/product"}],"wp:featuredmedia":[{"embeddable":true,"href":"https:\/\/www.lanzunauto.com\/pt\/wp-json\/wp\/v2\/media\/1602"}],"wp:attachment":[{"href":"https:\/\/www.lanzunauto.com\/pt\/wp-json\/wp\/v2\/media?parent=1601"}],"wp:term":[{"taxonomy":"product_brand","embeddable":true,"href":"https:\/\/www.lanzunauto.com\/pt\/wp-json\/wp\/v2\/product_brand?post=1601"},{"taxonomy":"product_cat","embeddable":true,"href":"https:\/\/www.lanzunauto.com\/pt\/wp-json\/wp\/v2\/product_cat?post=1601"},{"taxonomy":"product_tag","embeddable":true,"href":"https:\/\/www.lanzunauto.com\/pt\/wp-json\/wp\/v2\/product_tag?post=1601"}],"curies":[{"name":"wp","href":"https:\/\/api.w.org\/{rel}","templated":true}]}}