{"id":1587,"date":"2026-01-29T17:48:41","date_gmt":"2026-01-29T09:48:41","guid":{"rendered":"https:\/\/www.lanzunauto.com\/?post_type=product&#038;p=1587"},"modified":"2026-01-29T17:59:07","modified_gmt":"2026-01-29T09:59:07","slug":"2021-2023-hongqi-hs5-front-fog-lights-oem-replacement-kit-waterproof-h11-bulb-wiring-harness-new-plastic-condition-3-months","status":"publish","type":"product","link":"https:\/\/www.lanzunauto.com\/pt\/produto\/2021-2023-hongqi-hs5-front-fog-lights-oem-replacement-kit-waterproof-h11-bulb-wiring-harness-new-plastic-condition-3-months\/","title":{"rendered":"2021-2023 Hongqi HS5 Luzes de nevoeiro da frente Kit de substitui\u00e7\u00e3o OEM \u00e0 prova de \u00e1gua H11 Bulbo Cablagem Nova Condi\u00e7\u00e3o Pl\u00e1stica 3 Meses"},"content":{"rendered":"<p><strong>Fabricante de equipamento original (OEM) Compatibilidade:<\/strong> Corresponde exatamente \u00e0 interface do farol de nevoeiro Hongqi HS5, de f\u00e1cil instala\u00e7\u00e3o, sem necessidade de modifica\u00e7\u00f5es adicionais, plug and play.<br \/>\n<strong>Materiais duradouros:<\/strong> O novo inv\u00f3lucro de pl\u00e1stico \u00e9 leve e resistente a impactos, e a cablagem possui um design de veda\u00e7\u00e3o \u00e0 prova de \u00e1gua para evitar curto-circuitos e oxida\u00e7\u00e3o, prolongando a sua vida \u00fatil.<br \/>\n<strong>Ilumina\u00e7\u00e3o de alto brilho:<\/strong> A l\u00e2mpada H11 proporciona uma penetra\u00e7\u00e3o clara, melhorando a visibilidade para a frente em condi\u00e7\u00f5es de nevoeiro ou de baixa visibilidade e reduzindo os riscos de condu\u00e7\u00e3o.<br \/>\n<strong>Garantia de paz de esp\u00edrito:<\/strong> Oferece uma garantia de 3 meses e promete uma resposta r\u00e1pida aos problemas p\u00f3s-venda, assegurando um servi\u00e7o p\u00f3s-venda sem preocupa\u00e7\u00f5es.<\/p>","protected":false},"excerpt":{"rendered":"<p>Marca\uff1aHONGQI<br \/>\nProjetado especificamente para os modelos 2021-2023 Hongqi HS5, este kit de substitui\u00e7\u00e3o OEM de luz de nevoeiro frontal segue estritamente as especifica\u00e7\u00f5es originais de f\u00e1brica, garantindo compatibilidade perfeita com o sistema de luz de nevoeiro original. O kit inclui l\u00e2mpadas H11 de alta qualidade e cablagens correspondentes, feitas de um novo material pl\u00e1stico com excelente desempenho \u00e0 prova de \u00e1gua, resistindo eficazmente \u00e0 corros\u00e3o da chuva, neve, lama e outras condi\u00e7\u00f5es climat\u00e9ricas adversas, garantindo um funcionamento est\u00e1vel dos far\u00f3is de nevoeiro em ambientes complexos e melhorando a seguran\u00e7a da condu\u00e7\u00e3o.<\/p>","protected":false},"featured_media":1598,"template":"","meta":{"_seopress_robots_primary_cat":"none","_seopress_titles_title":"%%post_title%%","_seopress_titles_desc":"%%post_excerpt%%","_seopress_robots_index":"","site-sidebar-layout":"default","site-content-layout":"","ast-site-content-layout":"default","site-content-style":"default","site-sidebar-style":"default","ast-global-header-display":"","ast-banner-title-visibility":"","ast-main-header-display":"","ast-hfb-above-header-display":"","ast-hfb-below-header-display":"","ast-hfb-mobile-header-display":"","site-post-title":"","ast-breadcrumbs-content":"","ast-featured-img":"","footer-sml-layout":"","ast-disable-related-posts":"","theme-transparent-header-meta":"default","adv-header-id-meta":"","stick-header-meta":"default","header-above-stick-meta":"","header-main-stick-meta":"","header-below-stick-meta":"","astra-migrate-meta-layouts":"set","ast-page-background-enabled":"default","ast-page-background-meta":{"desktop":{"background-color":"var(--ast-global-color-5)","background-image":"","background-repeat":"repeat","background-position":"center center","background-size":"auto","background-attachment":"scroll","background-type":"","background-media":"","overlay-type":"","overlay-color":"","overlay-opacity":"","overlay-gradient":""},"tablet":{"background-color":"","background-image":"","background-repeat":"repeat","background-position":"center center","background-size":"auto","background-attachment":"scroll","background-type":"","background-media":"","overlay-type":"","overlay-color":"","overlay-opacity":"","overlay-gradient":""},"mobile":{"background-color":"","background-image":"","background-repeat":"repeat","background-position":"center center","background-size":"auto","background-attachment":"scroll","background-type":"","background-media":"","overlay-type":"","overlay-color":"","overlay-opacity":"","overlay-gradient":""}},"ast-content-background-meta":{"desktop":{"background-color":"var(--ast-global-color-4)","background-image":"","background-repeat":"repeat","background-position":"center center","background-size":"auto","background-attachment":"scroll","background-type":"","background-media":"","overlay-type":"","overlay-color":"","overlay-opacity":"","overlay-gradient":""},"tablet":{"background-color":"var(--ast-global-color-4)","background-image":"","background-repeat":"repeat","background-position":"center center","background-size":"auto","background-attachment":"scroll","background-type":"","background-media":"","overlay-type":"","overlay-color":"","overlay-opacity":"","overlay-gradient":""},"mobile":{"background-color":"var(--ast-global-color-4)","background-image":"","background-repeat":"repeat","background-position":"center center","background-size":"auto","background-attachment":"scroll","background-type":"","background-media":"","overlay-type":"","overlay-color":"","overlay-opacity":"","overlay-gradient":""}}},"product_brand":[],"product_cat":[59],"product_tag":[],"class_list":{"0":"post-1587","1":"product","2":"type-product","3":"status-publish","4":"has-post-thumbnail","6":"product_cat-hongqi","7":"desktop-align-left","8":"tablet-align-left","9":"mobile-align-left","10":"ast-product-gallery-layout-horizontal-slider","11":"ast-product-gallery-with-no-image","12":"ast-product-tabs-layout-horizontal","14":"first","15":"instock","16":"shipping-taxable","17":"product-type-simple"},"_links":{"self":[{"href":"https:\/\/www.lanzunauto.com\/pt\/wp-json\/wp\/v2\/product\/1587","targetHints":{"allow":["GET"]}}],"collection":[{"href":"https:\/\/www.lanzunauto.com\/pt\/wp-json\/wp\/v2\/product"}],"about":[{"href":"https:\/\/www.lanzunauto.com\/pt\/wp-json\/wp\/v2\/types\/product"}],"wp:featuredmedia":[{"embeddable":true,"href":"https:\/\/www.lanzunauto.com\/pt\/wp-json\/wp\/v2\/media\/1598"}],"wp:attachment":[{"href":"https:\/\/www.lanzunauto.com\/pt\/wp-json\/wp\/v2\/media?parent=1587"}],"wp:term":[{"taxonomy":"product_brand","embeddable":true,"href":"https:\/\/www.lanzunauto.com\/pt\/wp-json\/wp\/v2\/product_brand?post=1587"},{"taxonomy":"product_cat","embeddable":true,"href":"https:\/\/www.lanzunauto.com\/pt\/wp-json\/wp\/v2\/product_cat?post=1587"},{"taxonomy":"product_tag","embeddable":true,"href":"https:\/\/www.lanzunauto.com\/pt\/wp-json\/wp\/v2\/product_tag?post=1587"}],"curies":[{"name":"wp","href":"https:\/\/api.w.org\/{rel}","templated":true}]}}