{"id":1085,"date":"2026-01-02T16:36:22","date_gmt":"2026-01-02T08:36:22","guid":{"rendered":"http:\/\/www.lanzunauto.com\/?post_type=product&#038;p=1085"},"modified":"2026-01-24T09:50:55","modified_gmt":"2026-01-24T01:50:55","slug":"weichai-diesel-engine-factory-price-weichai-truck-diesel-engine-wp10-wp12-wd615-wp12-375-weichai-diesel-engine","status":"publish","type":"product","link":"https:\/\/www.lanzunauto.com\/pt\/produto\/weichai-diesel-engine-factory-price-weichai-truck-diesel-engine-wp10-wp12-wd615-wp12-375-weichai-diesel-engine\/","title":{"rendered":"Motor a Diesel Weichai Pre\u00e7o de F\u00e1brica Motor a Diesel para Caminh\u00e3o Weichai WP10 WP12 WD615 WP12.375 Motor a Diesel Weichai"},"content":{"rendered":"<p><strong>S\u00e9rie WP10\/WP12:<\/strong> adopta um sistema de combust\u00edvel common rail de alta press\u00e3o para controlar com precis\u00e3o a combust\u00e3o, e a pot\u00eancia \u00e9 est\u00e1vel e eficiente; adequado para cami\u00f5es pesados e ve\u00edculos de engenharia, cumprindo as normas de emiss\u00e3o National VI, com baixos custos de manuten\u00e7\u00e3o e fornecimento suficiente de pe\u00e7as.<br \/>\n<strong>Modelo WD615 Classic:<\/strong> Estrutura madura e est\u00e1vel, comprovada pelo mercado, adequada para cami\u00f5es m\u00e9dios e pesados e energia naval; f\u00e1cil manuten\u00e7\u00e3o, elevada versatilidade de acess\u00f3rios, excelente desempenho em termos de custos.<br \/>\n<strong>WP12.375:<\/strong> Design de alta pot\u00eancia de 375 cavalos, bin\u00e1rio forte na gama de baixa velocidade, optimizado para transporte pesado de longa dist\u00e2ncia; componentes de alta resist\u00eancia melhoram a durabilidade e adaptam-se a condi\u00e7\u00f5es de trabalho dif\u00edceis.<br \/>\n<strong>Carater\u00edsticas comuns a toda a s\u00e9rie:<\/strong> A qualidade da Weichai \u00e9 garantida, o design \u00e9 eficiente e economiza energia, satisfazendo as necessidades de diversos cen\u00e1rios de transporte e uma ampla cobertura da rede de servi\u00e7os.<\/p>","protected":false},"excerpt":{"rendered":"<p><strong>Marca\uff1a<\/strong>weichai<br \/>\n<strong>S\u00e9rie WP10\/WP12:<\/strong> Normas nacionais de emiss\u00e3o VI, tecnologia common rail de alta press\u00e3o, grande pot\u00eancia e excelente economia de combust\u00edvel, adequada para cami\u00f5es pesados e m\u00e1quinas de constru\u00e7\u00e3o, e de f\u00e1cil manuten\u00e7\u00e3o.<br \/>\n<strong>Modelo WD615 Classic:<\/strong> Maduro e fi\u00e1vel, amplamente utilizado em cami\u00f5es e navios, com um excelente desempenho em termos de custos e uma grande versatilidade de acess\u00f3rios.<br \/>\n<strong>WP12.375:<\/strong> 375 cavalos de pot\u00eancia, bin\u00e1rio elevado a baixa velocidade, adequado para transporte pesado e excelente durabilidade.<br \/>\n<strong>Vantagens da s\u00e9rie completa:<\/strong> A Weichai garante qualidade, \u00e9 altamente eficiente e economiza energia, e satisfaz diversas necessidades de energia.<\/p>","protected":false},"featured_media":1086,"template":"","meta":{"_seopress_robots_primary_cat":"none","_seopress_titles_title":"%%post_title%%","_seopress_titles_desc":"%%post_excerpt%%","_seopress_robots_index":"","site-sidebar-layout":"default","site-content-layout":"","ast-site-content-layout":"default","site-content-style":"default","site-sidebar-style":"default","ast-global-header-display":"","ast-banner-title-visibility":"","ast-main-header-display":"","ast-hfb-above-header-display":"","ast-hfb-below-header-display":"","ast-hfb-mobile-header-display":"","site-post-title":"","ast-breadcrumbs-content":"","ast-featured-img":"","footer-sml-layout":"","ast-disable-related-posts":"","theme-transparent-header-meta":"default","adv-header-id-meta":"","stick-header-meta":"default","header-above-stick-meta":"","header-main-stick-meta":"","header-below-stick-meta":"","astra-migrate-meta-layouts":"set","ast-page-background-enabled":"default","ast-page-background-meta":{"desktop":{"background-color":"var(--ast-global-color-5)","background-image":"","background-repeat":"repeat","background-position":"center center","background-size":"auto","background-attachment":"scroll","background-type":"","background-media":"","overlay-type":"","overlay-color":"","overlay-opacity":"","overlay-gradient":""},"tablet":{"background-color":"","background-image":"","background-repeat":"repeat","background-position":"center center","background-size":"auto","background-attachment":"scroll","background-type":"","background-media":"","overlay-type":"","overlay-color":"","overlay-opacity":"","overlay-gradient":""},"mobile":{"background-color":"","background-image":"","background-repeat":"repeat","background-position":"center center","background-size":"auto","background-attachment":"scroll","background-type":"","background-media":"","overlay-type":"","overlay-color":"","overlay-opacity":"","overlay-gradient":""}},"ast-content-background-meta":{"desktop":{"background-color":"var(--ast-global-color-4)","background-image":"","background-repeat":"repeat","background-position":"center center","background-size":"auto","background-attachment":"scroll","background-type":"","background-media":"","overlay-type":"","overlay-color":"","overlay-opacity":"","overlay-gradient":""},"tablet":{"background-color":"var(--ast-global-color-4)","background-image":"","background-repeat":"repeat","background-position":"center center","background-size":"auto","background-attachment":"scroll","background-type":"","background-media":"","overlay-type":"","overlay-color":"","overlay-opacity":"","overlay-gradient":""},"mobile":{"background-color":"var(--ast-global-color-4)","background-image":"","background-repeat":"repeat","background-position":"center center","background-size":"auto","background-attachment":"scroll","background-type":"","background-media":"","overlay-type":"","overlay-color":"","overlay-opacity":"","overlay-gradient":""}}},"product_brand":[],"product_cat":[51],"product_tag":[],"class_list":{"0":"post-1085","1":"product","2":"type-product","3":"status-publish","4":"has-post-thumbnail","6":"product_cat-weichai","7":"desktop-align-left","8":"tablet-align-left","9":"mobile-align-left","10":"ast-product-gallery-layout-horizontal-slider","11":"ast-product-gallery-with-no-image","12":"ast-product-tabs-layout-horizontal","14":"first","15":"instock","16":"shipping-taxable","17":"product-type-simple"},"_links":{"self":[{"href":"https:\/\/www.lanzunauto.com\/pt\/wp-json\/wp\/v2\/product\/1085","targetHints":{"allow":["GET"]}}],"collection":[{"href":"https:\/\/www.lanzunauto.com\/pt\/wp-json\/wp\/v2\/product"}],"about":[{"href":"https:\/\/www.lanzunauto.com\/pt\/wp-json\/wp\/v2\/types\/product"}],"wp:featuredmedia":[{"embeddable":true,"href":"https:\/\/www.lanzunauto.com\/pt\/wp-json\/wp\/v2\/media\/1086"}],"wp:attachment":[{"href":"https:\/\/www.lanzunauto.com\/pt\/wp-json\/wp\/v2\/media?parent=1085"}],"wp:term":[{"taxonomy":"product_brand","embeddable":true,"href":"https:\/\/www.lanzunauto.com\/pt\/wp-json\/wp\/v2\/product_brand?post=1085"},{"taxonomy":"product_cat","embeddable":true,"href":"https:\/\/www.lanzunauto.com\/pt\/wp-json\/wp\/v2\/product_cat?post=1085"},{"taxonomy":"product_tag","embeddable":true,"href":"https:\/\/www.lanzunauto.com\/pt\/wp-json\/wp\/v2\/product_tag?post=1085"}],"curies":[{"name":"wp","href":"https:\/\/api.w.org\/{rel}","templated":true}]}}