{"id":1083,"date":"2026-01-16T16:33:07","date_gmt":"2026-01-16T08:33:07","guid":{"rendered":"http:\/\/www.lanzunauto.com\/?post_type=product&#038;p=1083"},"modified":"2026-01-19T17:45:32","modified_gmt":"2026-01-19T09:45:32","slug":"sinotruk-howo-combination-panel-wg9716582201","status":"publish","type":"product","link":"https:\/\/www.lanzunauto.com\/pt\/produto\/sinotruk-howo-combination-panel-wg9716582201\/","title":{"rendered":"Painel de combina\u00e7\u00e3o SINOTRUK HOWO WG9716582201"},"content":{"rendered":"<p><strong>Estrutura modular:<\/strong> O design dividido permite uma desmontagem r\u00e1pida e uma substitui\u00e7\u00e3o parcial, reduzindo os custos de manuten\u00e7\u00e3o e o tempo de inatividade.<br \/>\n<strong>Processo ligeiro:<\/strong> Atrav\u00e9s da otimiza\u00e7\u00e3o dos materiais e da conce\u00e7\u00e3o da redu\u00e7\u00e3o do peso estrutural, a carga do ve\u00edculo \u00e9 reduzida, mantendo a resist\u00eancia, e a economia de combust\u00edvel \u00e9 melhorada.<strong>Adaptabilidade ambiental:<\/strong> O tratamento anti-corros\u00e3o da superf\u00edcie e o processo de selagem garantem um funcionamento est\u00e1vel a longo prazo em ambientes com temperaturas elevadas, humidade elevada ou poeiras.<br \/>\n<strong>Otimiza\u00e7\u00e3o ergon\u00f3mica:<\/strong> A disposi\u00e7\u00e3o do painel adapta-se aos h\u00e1bitos de funcionamento do condutor e integra as interfaces funcionais mais utilizadas para melhorar o conforto de condu\u00e7\u00e3o e a efici\u00eancia do controlo.<br \/>\n<strong>Escalabilidade compat\u00edvel:<\/strong> As interfaces normalizadas s\u00e3o reservadas para suportar a instala\u00e7\u00e3o posterior de equipamentos electr\u00f3nicos ou sensores para satisfazer as necessidades de actualiza\u00e7\u00f5es inteligentes.<\/p>","protected":false},"excerpt":{"rendered":"<p><strong>Marca\uff1a<\/strong>SINOTRUK<br \/>\n<strong>Conce\u00e7\u00e3o integrada e eficiente:<\/strong> Otimizar a disposi\u00e7\u00e3o do espa\u00e7o e melhorar a efici\u00eancia da montagem do ve\u00edculo e a conveni\u00eancia da manuten\u00e7\u00e3o.<br \/>\n<strong>Fiabilidade e durabilidade:<\/strong> S\u00e3o utilizados materiais de elevada resist\u00eancia para garantir a estabilidade estrutural durante a utiliza\u00e7\u00e3o a longo prazo.<br \/>\n<strong>Adapta\u00e7\u00e3o de seguran\u00e7a:<\/strong> Corresponde com precis\u00e3o aos modelos HOWO para melhorar a prote\u00e7\u00e3o global da seguran\u00e7a do cockpit.<\/p>","protected":false},"featured_media":1084,"template":"","meta":{"_seopress_robots_primary_cat":"none","_seopress_titles_title":"%%post_title%%","_seopress_titles_desc":"%%post_excerpt%%","_seopress_robots_index":"","site-sidebar-layout":"default","site-content-layout":"","ast-site-content-layout":"default","site-content-style":"default","site-sidebar-style":"default","ast-global-header-display":"","ast-banner-title-visibility":"","ast-main-header-display":"","ast-hfb-above-header-display":"","ast-hfb-below-header-display":"","ast-hfb-mobile-header-display":"","site-post-title":"","ast-breadcrumbs-content":"","ast-featured-img":"","footer-sml-layout":"","ast-disable-related-posts":"","theme-transparent-header-meta":"default","adv-header-id-meta":"","stick-header-meta":"default","header-above-stick-meta":"","header-main-stick-meta":"","header-below-stick-meta":"","astra-migrate-meta-layouts":"set","ast-page-background-enabled":"default","ast-page-background-meta":{"desktop":{"background-color":"var(--ast-global-color-5)","background-image":"","background-repeat":"repeat","background-position":"center center","background-size":"auto","background-attachment":"scroll","background-type":"","background-media":"","overlay-type":"","overlay-color":"","overlay-opacity":"","overlay-gradient":""},"tablet":{"background-color":"","background-image":"","background-repeat":"repeat","background-position":"center center","background-size":"auto","background-attachment":"scroll","background-type":"","background-media":"","overlay-type":"","overlay-color":"","overlay-opacity":"","overlay-gradient":""},"mobile":{"background-color":"","background-image":"","background-repeat":"repeat","background-position":"center center","background-size":"auto","background-attachment":"scroll","background-type":"","background-media":"","overlay-type":"","overlay-color":"","overlay-opacity":"","overlay-gradient":""}},"ast-content-background-meta":{"desktop":{"background-color":"var(--ast-global-color-4)","background-image":"","background-repeat":"repeat","background-position":"center center","background-size":"auto","background-attachment":"scroll","background-type":"","background-media":"","overlay-type":"","overlay-color":"","overlay-opacity":"","overlay-gradient":""},"tablet":{"background-color":"var(--ast-global-color-4)","background-image":"","background-repeat":"repeat","background-position":"center center","background-size":"auto","background-attachment":"scroll","background-type":"","background-media":"","overlay-type":"","overlay-color":"","overlay-opacity":"","overlay-gradient":""},"mobile":{"background-color":"var(--ast-global-color-4)","background-image":"","background-repeat":"repeat","background-position":"center center","background-size":"auto","background-attachment":"scroll","background-type":"","background-media":"","overlay-type":"","overlay-color":"","overlay-opacity":"","overlay-gradient":""}}},"product_brand":[],"product_cat":[45],"product_tag":[],"class_list":{"0":"post-1083","1":"product","2":"type-product","3":"status-publish","4":"has-post-thumbnail","6":"product_cat-sinotruk","7":"desktop-align-left","8":"tablet-align-left","9":"mobile-align-left","10":"ast-product-gallery-layout-horizontal-slider","11":"ast-product-gallery-with-no-image","12":"ast-product-tabs-layout-horizontal","14":"first","15":"instock","16":"featured","17":"shipping-taxable","18":"product-type-simple"},"_links":{"self":[{"href":"https:\/\/www.lanzunauto.com\/pt\/wp-json\/wp\/v2\/product\/1083","targetHints":{"allow":["GET"]}}],"collection":[{"href":"https:\/\/www.lanzunauto.com\/pt\/wp-json\/wp\/v2\/product"}],"about":[{"href":"https:\/\/www.lanzunauto.com\/pt\/wp-json\/wp\/v2\/types\/product"}],"wp:featuredmedia":[{"embeddable":true,"href":"https:\/\/www.lanzunauto.com\/pt\/wp-json\/wp\/v2\/media\/1084"}],"wp:attachment":[{"href":"https:\/\/www.lanzunauto.com\/pt\/wp-json\/wp\/v2\/media?parent=1083"}],"wp:term":[{"taxonomy":"product_brand","embeddable":true,"href":"https:\/\/www.lanzunauto.com\/pt\/wp-json\/wp\/v2\/product_brand?post=1083"},{"taxonomy":"product_cat","embeddable":true,"href":"https:\/\/www.lanzunauto.com\/pt\/wp-json\/wp\/v2\/product_cat?post=1083"},{"taxonomy":"product_tag","embeddable":true,"href":"https:\/\/www.lanzunauto.com\/pt\/wp-json\/wp\/v2\/product_tag?post=1083"}],"curies":[{"name":"wp","href":"https:\/\/api.w.org\/{rel}","templated":true}]}}