{"id":1078,"date":"2026-01-09T16:19:40","date_gmt":"2026-01-09T08:19:40","guid":{"rendered":"http:\/\/www.lanzunauto.com\/?post_type=product&#038;p=1078"},"modified":"2026-01-20T15:44:17","modified_gmt":"2026-01-20T07:44:17","slug":"original-for-bmw-engine-vibration-damper-6886923-01-crankshaft-pulley-for-bmw-5-series-f10-7-series-f01-x5-e70","status":"publish","type":"product","link":"https:\/\/www.lanzunauto.com\/pt\/produto\/original-for-bmw-engine-vibration-damper-6886923-01-crankshaft-pulley-for-bmw-5-series-f10-7-series-f01-x5-e70\/","title":{"rendered":"Amortecedor de vibra\u00e7\u00f5es do motor original For-BMW 6886923-01 Polia da cambota Para-BMW S\u00e9rie 5 F10 S\u00e9rie 7 F01 X5 E70"},"content":{"rendered":"<p><strong>Norma de processo original de f\u00e1brica:<\/strong> Utilizando o mesmo processo de fundi\u00e7\u00e3o de precis\u00e3o da BMW, a toler\u00e2ncia da superf\u00edcie de liga\u00e7\u00e3o da cambota \u00e9 \u22640,02 mm, garantindo uma perda zero de transmiss\u00e3o de pot\u00eancia.<br \/>\n<strong>Design de redu\u00e7\u00e3o de vibra\u00e7\u00e3o de dupla fase:<\/strong> anel amortecedor de borracha exterior + estrutura de mola met\u00e1lica interior, absorve duplamente as vibra\u00e7\u00f5es de alta frequ\u00eancia do motor e reduz o desgaste da correia.<br \/>\n<strong>Verifica\u00e7\u00e3o em ambientes extremos:<\/strong> Passou no teste de ciclo de alta e baixa temperatura de -30 \u2103 a 120 \u2103, e ainda mant\u00e9m o desempenho de amortecimento de vibra\u00e7\u00e3o est\u00e1vel sob frio severo \/ alta temperatura.<br \/>\n<strong>Compat\u00edvel com sistemas inteligentes:<\/strong> Adaptado ao sistema de gest\u00e3o do motor BMW DME, o sinal do sensor n\u00e3o tem interfer\u00eancias e evita falsos alarmes de luzes de avaria.<br \/>\n<strong>Conformidade ambiental:<\/strong>O material est\u00e1 em conformidade com os regulamentos REACH da UE, n\u00e3o s\u00e3o libertadas subst\u00e2ncias nocivas e \u00e9 seguro e amigo do ambiente.<\/p>","protected":false},"excerpt":{"rendered":"<p><strong>Marca\uff1a<\/strong>BMW<br \/>\n<strong>Adapta\u00e7\u00e3o original ao n\u00edvel da f\u00e1brica:<\/strong> Concebida especificamente para o BMW S\u00e9rie 5 F10, S\u00e9rie 7 F01 e X5 E70, corresponde exatamente \u00e0 interface original do autom\u00f3vel e assegura uma instala\u00e7\u00e3o perfeita.<br \/>\n<strong>Redu\u00e7\u00e3o das vibra\u00e7\u00f5es e do ru\u00eddo:<\/strong> A estrutura de amortecimento incorporada suprime eficazmente a vibra\u00e7\u00e3o do motor e o ru\u00eddo da correia, melhorando o sil\u00eancio da condu\u00e7\u00e3o.<br \/>\n<strong>Balan\u00e7a de alta precis\u00e3o:<\/strong> Calibra\u00e7\u00e3o din\u00e2mica do equil\u00edbrio para evitar vibra\u00e7\u00f5es durante o funcionamento a alta velocidade e proteger o motor e o sistema de correias.<br \/>\n<strong>Material duradouro:<\/strong> Concha em liga de alum\u00ednio de alta resist\u00eancia, resistente a altas temperaturas e \u00e0 corros\u00e3o, com uma vida \u00fatil superior a 100.000 quil\u00f3metros.<br \/>\n<strong>Plug and Play:<\/strong> Substitui diretamente as pe\u00e7as originais sem modifica\u00e7\u00e3o, melhorando a efici\u00eancia da manuten\u00e7\u00e3o e adaptando-se a muitos modelos BMW.<\/p>","protected":false},"featured_media":1079,"template":"","meta":{"_seopress_robots_primary_cat":"none","_seopress_titles_title":"%%post_title%%","_seopress_titles_desc":"%%post_excerpt%%","_seopress_robots_index":"","site-sidebar-layout":"default","site-content-layout":"","ast-site-content-layout":"default","site-content-style":"default","site-sidebar-style":"default","ast-global-header-display":"","ast-banner-title-visibility":"","ast-main-header-display":"","ast-hfb-above-header-display":"","ast-hfb-below-header-display":"","ast-hfb-mobile-header-display":"","site-post-title":"","ast-breadcrumbs-content":"","ast-featured-img":"","footer-sml-layout":"","ast-disable-related-posts":"","theme-transparent-header-meta":"default","adv-header-id-meta":"","stick-header-meta":"default","header-above-stick-meta":"","header-main-stick-meta":"","header-below-stick-meta":"","astra-migrate-meta-layouts":"set","ast-page-background-enabled":"default","ast-page-background-meta":{"desktop":{"background-color":"var(--ast-global-color-5)","background-image":"","background-repeat":"repeat","background-position":"center center","background-size":"auto","background-attachment":"scroll","background-type":"","background-media":"","overlay-type":"","overlay-color":"","overlay-opacity":"","overlay-gradient":""},"tablet":{"background-color":"","background-image":"","background-repeat":"repeat","background-position":"center center","background-size":"auto","background-attachment":"scroll","background-type":"","background-media":"","overlay-type":"","overlay-color":"","overlay-opacity":"","overlay-gradient":""},"mobile":{"background-color":"","background-image":"","background-repeat":"repeat","background-position":"center center","background-size":"auto","background-attachment":"scroll","background-type":"","background-media":"","overlay-type":"","overlay-color":"","overlay-opacity":"","overlay-gradient":""}},"ast-content-background-meta":{"desktop":{"background-color":"var(--ast-global-color-4)","background-image":"","background-repeat":"repeat","background-position":"center center","background-size":"auto","background-attachment":"scroll","background-type":"","background-media":"","overlay-type":"","overlay-color":"","overlay-opacity":"","overlay-gradient":""},"tablet":{"background-color":"var(--ast-global-color-4)","background-image":"","background-repeat":"repeat","background-position":"center center","background-size":"auto","background-attachment":"scroll","background-type":"","background-media":"","overlay-type":"","overlay-color":"","overlay-opacity":"","overlay-gradient":""},"mobile":{"background-color":"var(--ast-global-color-4)","background-image":"","background-repeat":"repeat","background-position":"center center","background-size":"auto","background-attachment":"scroll","background-type":"","background-media":"","overlay-type":"","overlay-color":"","overlay-opacity":"","overlay-gradient":""}}},"product_brand":[],"product_cat":[40],"product_tag":[],"class_list":{"0":"post-1078","1":"product","2":"type-product","3":"status-publish","4":"has-post-thumbnail","6":"product_cat-bmw","7":"desktop-align-left","8":"tablet-align-left","9":"mobile-align-left","10":"ast-product-gallery-layout-horizontal-slider","11":"ast-product-gallery-with-no-image","12":"ast-product-tabs-layout-horizontal","14":"first","15":"instock","16":"shipping-taxable","17":"product-type-simple"},"_links":{"self":[{"href":"https:\/\/www.lanzunauto.com\/pt\/wp-json\/wp\/v2\/product\/1078","targetHints":{"allow":["GET"]}}],"collection":[{"href":"https:\/\/www.lanzunauto.com\/pt\/wp-json\/wp\/v2\/product"}],"about":[{"href":"https:\/\/www.lanzunauto.com\/pt\/wp-json\/wp\/v2\/types\/product"}],"wp:featuredmedia":[{"embeddable":true,"href":"https:\/\/www.lanzunauto.com\/pt\/wp-json\/wp\/v2\/media\/1079"}],"wp:attachment":[{"href":"https:\/\/www.lanzunauto.com\/pt\/wp-json\/wp\/v2\/media?parent=1078"}],"wp:term":[{"taxonomy":"product_brand","embeddable":true,"href":"https:\/\/www.lanzunauto.com\/pt\/wp-json\/wp\/v2\/product_brand?post=1078"},{"taxonomy":"product_cat","embeddable":true,"href":"https:\/\/www.lanzunauto.com\/pt\/wp-json\/wp\/v2\/product_cat?post=1078"},{"taxonomy":"product_tag","embeddable":true,"href":"https:\/\/www.lanzunauto.com\/pt\/wp-json\/wp\/v2\/product_tag?post=1078"}],"curies":[{"name":"wp","href":"https:\/\/api.w.org\/{rel}","templated":true}]}}