{"id":1076,"date":"2026-01-16T16:15:37","date_gmt":"2026-01-16T08:15:37","guid":{"rendered":"http:\/\/www.lanzunauto.com\/?post_type=product&#038;p=1076"},"modified":"2026-01-20T14:06:48","modified_gmt":"2026-01-20T06:06:48","slug":"new-a0009051100-m-ercedes-benz-original-specification-fuel-pressure-sensor-engine-oil-pressure-monitor-51cp0803-replacement-part","status":"publish","type":"product","link":"https:\/\/www.lanzunauto.com\/pt\/produto\/new-a0009051100-m-ercedes-benz-original-specification-fuel-pressure-sensor-engine-oil-pressure-monitor-51cp0803-replacement-part\/","title":{"rendered":"Novo A0009051100 M-ercedes-Benz Especifica\u00e7\u00e3o original Sensor de press\u00e3o do combust\u00edvel Monitor de press\u00e3o do \u00f3leo do motor 51CP0803 Pe\u00e7a de substitui\u00e7\u00e3o"},"content":{"rendered":"<p><strong>Calibra\u00e7\u00e3o de dados original de f\u00e1brica:<\/strong> Os par\u00e2metros do sensor s\u00e3o totalmente compat\u00edveis com a ECU da Mercedes-Benz para evitar a ativa\u00e7\u00e3o de c\u00f3digos de avaria.<br \/>\n<strong>Sa\u00edda de sinal de canal duplo:<\/strong> Transmite simultaneamente dados sobre a press\u00e3o do combust\u00edvel\/\u00f3leo para o painel de instrumentos para uma visualiza\u00e7\u00e3o mais abrangente das informa\u00e7\u00f5es.<br \/>\n<strong>Resistente a condi\u00e7\u00f5es de trabalho extremas:<\/strong> Funciona em uma ampla faixa de temperatura de -40 \u2103 a 150 \u2103, adapt\u00e1vel a ambientes severos de frio \/ alta temperatura.<br \/>\n<strong>Conce\u00e7\u00e3o \u00e0 prova de explos\u00e3o:<\/strong> V\u00e1lvula de prote\u00e7\u00e3o contra sobrepress\u00e3o incorporada, que liberta automaticamente a press\u00e3o quando a press\u00e3o excede o limite para proteger o motor.<br \/>\n<strong>Certifica\u00e7\u00e3o de qualidade OEM:<\/strong> Passou no rigoroso teste de durabilidade da Mercedes-Benz e o seu desempenho \u00e9 equivalente ao das pe\u00e7as originais.<\/p>","protected":false},"excerpt":{"rendered":"<p><strong>Marca\uff1a<\/strong>BENZ<br \/>\n<strong>Correspond\u00eancia original ao n\u00edvel da f\u00e1brica:<\/strong> Especificamente concebido para os modelos Mercedes-Benz, adapta-se com precis\u00e3o \u00e0 interface original do autom\u00f3vel e est\u00e1 pronto a ser utilizado ap\u00f3s a instala\u00e7\u00e3o.<br \/>\n<strong>Monitoriza\u00e7\u00e3o dupla da press\u00e3o:<\/strong> Integrar a dete\u00e7\u00e3o da press\u00e3o do combust\u00edvel e do \u00f3leo para fornecer informa\u00e7\u00f5es em tempo real sobre as condi\u00e7\u00f5es de funcionamento do motor.<br \/>\n<strong>Dete\u00e7\u00e3o de alta precis\u00e3o:<\/strong> Utilizando chips de especifica\u00e7\u00e3o original, o erro de dados \u00e9 \u2264\u00b11,5%, garantindo a seguran\u00e7a da condu\u00e7\u00e3o.<br \/>\n<strong>Dur\u00e1vel e anti-corros\u00e3o:<\/strong> Casco de a\u00e7o inoxid\u00e1vel + processo de veda\u00e7\u00e3o, resistente a altas temperaturas e \u00e0 polui\u00e7\u00e3o por \u00f3leo, com uma vida \u00fatil de mais de 100 000 quil\u00f3metros.<br \/>\n<strong>Ligar e substituir:<\/strong> N\u00e3o \u00e9 necess\u00e1rio modificar o circuito, substituindo diretamente as pe\u00e7as originais, e a efici\u00eancia da manuten\u00e7\u00e3o \u00e9 aumentada em 50%.<\/p>","protected":false},"featured_media":1077,"template":"","meta":{"_seopress_robots_primary_cat":"none","_seopress_titles_title":"%%post_title%%","_seopress_titles_desc":"%%post_excerpt%%","_seopress_robots_index":"","site-sidebar-layout":"default","site-content-layout":"","ast-site-content-layout":"default","site-content-style":"default","site-sidebar-style":"default","ast-global-header-display":"","ast-banner-title-visibility":"","ast-main-header-display":"","ast-hfb-above-header-display":"","ast-hfb-below-header-display":"","ast-hfb-mobile-header-display":"","site-post-title":"","ast-breadcrumbs-content":"","ast-featured-img":"","footer-sml-layout":"","ast-disable-related-posts":"","theme-transparent-header-meta":"default","adv-header-id-meta":"","stick-header-meta":"default","header-above-stick-meta":"","header-main-stick-meta":"","header-below-stick-meta":"","astra-migrate-meta-layouts":"set","ast-page-background-enabled":"default","ast-page-background-meta":{"desktop":{"background-color":"var(--ast-global-color-5)","background-image":"","background-repeat":"repeat","background-position":"center center","background-size":"auto","background-attachment":"scroll","background-type":"","background-media":"","overlay-type":"","overlay-color":"","overlay-opacity":"","overlay-gradient":""},"tablet":{"background-color":"","background-image":"","background-repeat":"repeat","background-position":"center center","background-size":"auto","background-attachment":"scroll","background-type":"","background-media":"","overlay-type":"","overlay-color":"","overlay-opacity":"","overlay-gradient":""},"mobile":{"background-color":"","background-image":"","background-repeat":"repeat","background-position":"center center","background-size":"auto","background-attachment":"scroll","background-type":"","background-media":"","overlay-type":"","overlay-color":"","overlay-opacity":"","overlay-gradient":""}},"ast-content-background-meta":{"desktop":{"background-color":"var(--ast-global-color-4)","background-image":"","background-repeat":"repeat","background-position":"center center","background-size":"auto","background-attachment":"scroll","background-type":"","background-media":"","overlay-type":"","overlay-color":"","overlay-opacity":"","overlay-gradient":""},"tablet":{"background-color":"var(--ast-global-color-4)","background-image":"","background-repeat":"repeat","background-position":"center center","background-size":"auto","background-attachment":"scroll","background-type":"","background-media":"","overlay-type":"","overlay-color":"","overlay-opacity":"","overlay-gradient":""},"mobile":{"background-color":"var(--ast-global-color-4)","background-image":"","background-repeat":"repeat","background-position":"center center","background-size":"auto","background-attachment":"scroll","background-type":"","background-media":"","overlay-type":"","overlay-color":"","overlay-opacity":"","overlay-gradient":""}}},"product_brand":[],"product_cat":[39],"product_tag":[],"class_list":{"0":"post-1076","1":"product","2":"type-product","3":"status-publish","4":"has-post-thumbnail","6":"product_cat-benz","7":"desktop-align-left","8":"tablet-align-left","9":"mobile-align-left","10":"ast-product-gallery-layout-horizontal-slider","11":"ast-product-gallery-with-no-image","12":"ast-product-tabs-layout-horizontal","14":"first","15":"instock","16":"featured","17":"shipping-taxable","18":"product-type-simple"},"_links":{"self":[{"href":"https:\/\/www.lanzunauto.com\/pt\/wp-json\/wp\/v2\/product\/1076","targetHints":{"allow":["GET"]}}],"collection":[{"href":"https:\/\/www.lanzunauto.com\/pt\/wp-json\/wp\/v2\/product"}],"about":[{"href":"https:\/\/www.lanzunauto.com\/pt\/wp-json\/wp\/v2\/types\/product"}],"wp:featuredmedia":[{"embeddable":true,"href":"https:\/\/www.lanzunauto.com\/pt\/wp-json\/wp\/v2\/media\/1077"}],"wp:attachment":[{"href":"https:\/\/www.lanzunauto.com\/pt\/wp-json\/wp\/v2\/media?parent=1076"}],"wp:term":[{"taxonomy":"product_brand","embeddable":true,"href":"https:\/\/www.lanzunauto.com\/pt\/wp-json\/wp\/v2\/product_brand?post=1076"},{"taxonomy":"product_cat","embeddable":true,"href":"https:\/\/www.lanzunauto.com\/pt\/wp-json\/wp\/v2\/product_cat?post=1076"},{"taxonomy":"product_tag","embeddable":true,"href":"https:\/\/www.lanzunauto.com\/pt\/wp-json\/wp\/v2\/product_tag?post=1076"}],"curies":[{"name":"wp","href":"https:\/\/api.w.org\/{rel}","templated":true}]}}