{"id":1072,"date":"2026-01-08T16:08:37","date_gmt":"2026-01-08T08:08:37","guid":{"rendered":"http:\/\/www.lanzunauto.com\/?post_type=product&#038;p=1072"},"modified":"2026-01-20T15:44:25","modified_gmt":"2026-01-20T07:44:25","slug":"high-quality-new-engine-oil-for-volkswagen-skoda-engine-replacement-achieving-optimal-performance-0w-20","status":"publish","type":"product","link":"https:\/\/www.lanzunauto.com\/pt\/produto\/high-quality-new-engine-oil-for-volkswagen-skoda-engine-replacement-achieving-optimal-performance-0w-20\/","title":{"rendered":"\u00d3leo de motor novo de alta qualidade para substitui\u00e7\u00e3o de motores Volkswagen\/Skoda com um desempenho \u00f3timo (0W-20)"},"content":{"rendered":"<p><strong>Fluxo suave em condi\u00e7\u00f5es de frio extremo:<\/strong> Ainda flui rapidamente a -30 \u2103 de baixa temperatura e \u00e9 instantaneamente lubrificado durante o arranque a frio para reduzir o desgaste.<br \/>\n<strong>Forte prote\u00e7\u00e3o a altas temperaturas:<\/strong> Estabiliza a pel\u00edcula de \u00f3leo e resiste \u00e0 rutura, protege os motores turboalimentados\/inje\u00e7\u00e3o direta e reduz as perdas por fric\u00e7\u00e3o.<br \/>\n<strong>Limpeza inteligente:<\/strong> Decomp\u00f5e as lamas e os dep\u00f3sitos de carbono, mant\u00e9m o interior limpo e evita a deteriora\u00e7\u00e3o da pot\u00eancia.<br \/>\n<strong>Poupan\u00e7a de energia e redu\u00e7\u00e3o do consumo:<\/strong> Otimizar a economia de combust\u00edvel, reduzindo o consumo de combust\u00edvel em cerca de 3% de acordo com medi\u00e7\u00f5es reais, protegendo o ambiente e poupando dinheiro.<br \/>\n<strong>Certifica\u00e7\u00e3o original:<\/strong> Aprovado na certifica\u00e7\u00e3o Volkswagen VW 508 00\/509 00, adequado para modelos convencionais como o EA888\/EA211.<br \/>\n<strong>Compat\u00edvel com todas as s\u00e9ries:<\/strong> Abrange todos os modelos Volkswagen\/Skoda, como o Sagitar, o Octavia e o Kodiaq.<\/p>","protected":false},"excerpt":{"rendered":"<p><strong>Marca\uff1a<\/strong>Volkswagen<br \/>\nMotor Volkswagen\/Skoda adaptado com precis\u00e3o para obter o melhor desempenho.<br \/>\nProte\u00e7\u00e3o forte totalmente sint\u00e9tica: estabilidade a altas temperaturas, resist\u00eancia ao desgaste de longa dura\u00e7\u00e3o, prolongando a vida \u00fatil do motor.<br \/>\n<strong>Poupan\u00e7a de energia e prote\u00e7\u00e3o do ambiente:<\/strong> Melhorar a efici\u00eancia do combust\u00edvel, reduzir as emiss\u00f5es e limpar os dep\u00f3sitos de carbono.<br \/>\n<strong>Adapta\u00e7\u00e3o sem preocupa\u00e7\u00f5es:<\/strong> Universal para todos os modelos, autenticidade garantida, utiliza\u00e7\u00e3o sem preocupa\u00e7\u00f5es.<\/p>","protected":false},"featured_media":1073,"template":"","meta":{"_seopress_robots_primary_cat":"none","_seopress_titles_title":"%%post_title%%","_seopress_titles_desc":"%%post_excerpt%%","_seopress_robots_index":"","site-sidebar-layout":"default","site-content-layout":"","ast-site-content-layout":"default","site-content-style":"default","site-sidebar-style":"default","ast-global-header-display":"","ast-banner-title-visibility":"","ast-main-header-display":"","ast-hfb-above-header-display":"","ast-hfb-below-header-display":"","ast-hfb-mobile-header-display":"","site-post-title":"","ast-breadcrumbs-content":"","ast-featured-img":"","footer-sml-layout":"","ast-disable-related-posts":"","theme-transparent-header-meta":"default","adv-header-id-meta":"","stick-header-meta":"default","header-above-stick-meta":"","header-main-stick-meta":"","header-below-stick-meta":"","astra-migrate-meta-layouts":"set","ast-page-background-enabled":"default","ast-page-background-meta":{"desktop":{"background-color":"var(--ast-global-color-5)","background-image":"","background-repeat":"repeat","background-position":"center center","background-size":"auto","background-attachment":"scroll","background-type":"","background-media":"","overlay-type":"","overlay-color":"","overlay-opacity":"","overlay-gradient":""},"tablet":{"background-color":"","background-image":"","background-repeat":"repeat","background-position":"center center","background-size":"auto","background-attachment":"scroll","background-type":"","background-media":"","overlay-type":"","overlay-color":"","overlay-opacity":"","overlay-gradient":""},"mobile":{"background-color":"","background-image":"","background-repeat":"repeat","background-position":"center center","background-size":"auto","background-attachment":"scroll","background-type":"","background-media":"","overlay-type":"","overlay-color":"","overlay-opacity":"","overlay-gradient":""}},"ast-content-background-meta":{"desktop":{"background-color":"var(--ast-global-color-4)","background-image":"","background-repeat":"repeat","background-position":"center center","background-size":"auto","background-attachment":"scroll","background-type":"","background-media":"","overlay-type":"","overlay-color":"","overlay-opacity":"","overlay-gradient":""},"tablet":{"background-color":"var(--ast-global-color-4)","background-image":"","background-repeat":"repeat","background-position":"center center","background-size":"auto","background-attachment":"scroll","background-type":"","background-media":"","overlay-type":"","overlay-color":"","overlay-opacity":"","overlay-gradient":""},"mobile":{"background-color":"var(--ast-global-color-4)","background-image":"","background-repeat":"repeat","background-position":"center center","background-size":"auto","background-attachment":"scroll","background-type":"","background-media":"","overlay-type":"","overlay-color":"","overlay-opacity":"","overlay-gradient":""}}},"product_brand":[],"product_cat":[38],"product_tag":[],"class_list":{"0":"post-1072","1":"product","2":"type-product","3":"status-publish","4":"has-post-thumbnail","6":"product_cat-volkswagen","7":"desktop-align-left","8":"tablet-align-left","9":"mobile-align-left","10":"ast-product-gallery-layout-horizontal-slider","11":"ast-product-gallery-with-no-image","12":"ast-product-tabs-layout-horizontal","14":"first","15":"instock","16":"shipping-taxable","17":"product-type-simple"},"_links":{"self":[{"href":"https:\/\/www.lanzunauto.com\/pt\/wp-json\/wp\/v2\/product\/1072","targetHints":{"allow":["GET"]}}],"collection":[{"href":"https:\/\/www.lanzunauto.com\/pt\/wp-json\/wp\/v2\/product"}],"about":[{"href":"https:\/\/www.lanzunauto.com\/pt\/wp-json\/wp\/v2\/types\/product"}],"wp:featuredmedia":[{"embeddable":true,"href":"https:\/\/www.lanzunauto.com\/pt\/wp-json\/wp\/v2\/media\/1073"}],"wp:attachment":[{"href":"https:\/\/www.lanzunauto.com\/pt\/wp-json\/wp\/v2\/media?parent=1072"}],"wp:term":[{"taxonomy":"product_brand","embeddable":true,"href":"https:\/\/www.lanzunauto.com\/pt\/wp-json\/wp\/v2\/product_brand?post=1072"},{"taxonomy":"product_cat","embeddable":true,"href":"https:\/\/www.lanzunauto.com\/pt\/wp-json\/wp\/v2\/product_cat?post=1072"},{"taxonomy":"product_tag","embeddable":true,"href":"https:\/\/www.lanzunauto.com\/pt\/wp-json\/wp\/v2\/product_tag?post=1072"}],"curies":[{"name":"wp","href":"https:\/\/api.w.org\/{rel}","templated":true}]}}