{"id":1071,"date":"2026-01-16T15:41:31","date_gmt":"2026-01-16T07:41:31","guid":{"rendered":"http:\/\/www.lanzunauto.com\/?post_type=product&#038;p=1071"},"modified":"2026-01-24T09:48:53","modified_gmt":"2026-01-24T01:48:53","slug":"extreme-stone-automotive-protective-bumpers-full-armor-coverage-customized-for-your-vehicle-hardcore-adventure-upgrade-front-rear-bumpers-for-impact-protection","status":"publish","type":"product","link":"https:\/\/www.lanzunauto.com\/pt\/produto\/extreme-stone-automotive-protective-bumpers-full-armor-coverage-customized-for-your-vehicle-hardcore-adventure-upgrade-front-rear-bumpers-for-impact-protection\/","title":{"rendered":"Conjunto do para-choques dianteiro dedicado ROX, incluindo todos os componentes, orif\u00edcios de montagem originais de f\u00e1brica para uma instala\u00e7\u00e3o n\u00e3o destrutiva"},"content":{"rendered":"<p><strong>Material PU dur\u00e1vel e robusto:<\/strong> Fabricado em poliuretano de alta resist\u00eancia, leve e resistente ao impacto, resistente a riscos e ao desvanecimento, adequado para condi\u00e7\u00f5es de estrada complexas.<br \/>\n<strong>Design aerodin\u00e2mico de cobertura total:<\/strong> Inclui para-choques dianteiro\/traseiro, saias laterais e spoiler, optimizando a resist\u00eancia ao vento e melhorando a estabilidade a alta velocidade e a efici\u00eancia do combust\u00edvel.<br \/>\n<strong>Adapta\u00e7\u00e3o universal para modelos SUV:<\/strong> Especificamente optimizado para os principais SUV, instala\u00e7\u00e3o direta sem modifica\u00e7\u00f5es, compat\u00edvel com v\u00e1rias marcas de ve\u00edculos.<br \/>\n<strong>Instala\u00e7\u00e3o c\u00f3moda e r\u00e1pida:<\/strong> Furos de montagem originais do ve\u00edculo reservados, sem necessidade de corte, instala\u00e7\u00e3o r\u00e1pida por DIY ou instaladores profissionais, reduzindo os custos de constru\u00e7\u00e3o.<br \/>\n<strong>Est\u00e9tica desportiva melhorada:<\/strong> O kit \u00e9 moldado integralmente, refor\u00e7ando o aspeto baixo e din\u00e2mico da carro\u00e7aria do ve\u00edculo, exibindo um estilo personalizado.<\/p>","protected":false},"excerpt":{"rendered":"<p><strong>Origem<\/strong>\uff1aChina<br \/>\n<strong>Marca\uff1a<\/strong>ROX<br \/>\n<strong>Material PU dur\u00e1vel e robusto:<\/strong> Fabricado em poliuretano de alta resist\u00eancia, leve e resistente ao impacto, resistente a riscos e ao desvanecimento, adequado para condi\u00e7\u00f5es de estrada complexas.<br \/>\n<strong>Design aerodin\u00e2mico de cobertura total:<\/strong> Inclui para-choques dianteiro\/traseiro, saias laterais e spoiler, optimizando a resist\u00eancia ao vento e melhorando a estabilidade a alta velocidade e a efici\u00eancia do combust\u00edvel.<br \/>\n<strong>Adapta\u00e7\u00e3o universal para modelos SUV:<\/strong> Especificamente optimizado para os principais SUV, instala\u00e7\u00e3o direta sem modifica\u00e7\u00f5es, compat\u00edvel com v\u00e1rias marcas de ve\u00edculos.<br \/>\n<strong>Instala\u00e7\u00e3o c\u00f3moda e r\u00e1pida: <\/strong>Furos de montagem originais do ve\u00edculo reservados, sem necessidade de corte, instala\u00e7\u00e3o r\u00e1pida por DIY ou instaladores profissionais, reduzindo os custos de constru\u00e7\u00e3o.<br \/>\n<strong>Est\u00e9tica desportiva melhorada:<\/strong> O kit \u00e9 moldado integralmente, refor\u00e7ando o aspeto baixo e din\u00e2mico da carro\u00e7aria do ve\u00edculo, exibindo um estilo personalizado.<\/p>","protected":false},"featured_media":1201,"template":"","meta":{"_seopress_robots_primary_cat":"none","_seopress_titles_title":"%%post_title%%","_seopress_titles_desc":"%%post_excerpt%%","_seopress_robots_index":"","site-sidebar-layout":"default","site-content-layout":"","ast-site-content-layout":"default","site-content-style":"default","site-sidebar-style":"default","ast-global-header-display":"","ast-banner-title-visibility":"","ast-main-header-display":"","ast-hfb-above-header-display":"","ast-hfb-below-header-display":"","ast-hfb-mobile-header-display":"","site-post-title":"","ast-breadcrumbs-content":"","ast-featured-img":"","footer-sml-layout":"","ast-disable-related-posts":"","theme-transparent-header-meta":"default","adv-header-id-meta":"","stick-header-meta":"default","header-above-stick-meta":"","header-main-stick-meta":"","header-below-stick-meta":"","astra-migrate-meta-layouts":"set","ast-page-background-enabled":"default","ast-page-background-meta":{"desktop":{"background-color":"var(--ast-global-color-5)","background-image":"","background-repeat":"repeat","background-position":"center center","background-size":"auto","background-attachment":"scroll","background-type":"","background-media":"","overlay-type":"","overlay-color":"","overlay-opacity":"","overlay-gradient":""},"tablet":{"background-color":"","background-image":"","background-repeat":"repeat","background-position":"center center","background-size":"auto","background-attachment":"scroll","background-type":"","background-media":"","overlay-type":"","overlay-color":"","overlay-opacity":"","overlay-gradient":""},"mobile":{"background-color":"","background-image":"","background-repeat":"repeat","background-position":"center center","background-size":"auto","background-attachment":"scroll","background-type":"","background-media":"","overlay-type":"","overlay-color":"","overlay-opacity":"","overlay-gradient":""}},"ast-content-background-meta":{"desktop":{"background-color":"var(--ast-global-color-4)","background-image":"","background-repeat":"repeat","background-position":"center center","background-size":"auto","background-attachment":"scroll","background-type":"","background-media":"","overlay-type":"","overlay-color":"","overlay-opacity":"","overlay-gradient":""},"tablet":{"background-color":"var(--ast-global-color-4)","background-image":"","background-repeat":"repeat","background-position":"center center","background-size":"auto","background-attachment":"scroll","background-type":"","background-media":"","overlay-type":"","overlay-color":"","overlay-opacity":"","overlay-gradient":""},"mobile":{"background-color":"var(--ast-global-color-4)","background-image":"","background-repeat":"repeat","background-position":"center center","background-size":"auto","background-attachment":"scroll","background-type":"","background-media":"","overlay-type":"","overlay-color":"","overlay-opacity":"","overlay-gradient":""}}},"product_brand":[],"product_cat":[55],"product_tag":[],"class_list":{"0":"post-1071","1":"product","2":"type-product","3":"status-publish","4":"has-post-thumbnail","6":"product_cat-rox","7":"desktop-align-left","8":"tablet-align-left","9":"mobile-align-left","10":"ast-product-gallery-layout-horizontal-slider","11":"ast-product-gallery-with-no-image","12":"ast-product-tabs-layout-horizontal","14":"first","15":"instock","16":"featured","17":"shipping-taxable","18":"product-type-simple"},"_links":{"self":[{"href":"https:\/\/www.lanzunauto.com\/pt\/wp-json\/wp\/v2\/product\/1071","targetHints":{"allow":["GET"]}}],"collection":[{"href":"https:\/\/www.lanzunauto.com\/pt\/wp-json\/wp\/v2\/product"}],"about":[{"href":"https:\/\/www.lanzunauto.com\/pt\/wp-json\/wp\/v2\/types\/product"}],"wp:featuredmedia":[{"embeddable":true,"href":"https:\/\/www.lanzunauto.com\/pt\/wp-json\/wp\/v2\/media\/1201"}],"wp:attachment":[{"href":"https:\/\/www.lanzunauto.com\/pt\/wp-json\/wp\/v2\/media?parent=1071"}],"wp:term":[{"taxonomy":"product_brand","embeddable":true,"href":"https:\/\/www.lanzunauto.com\/pt\/wp-json\/wp\/v2\/product_brand?post=1071"},{"taxonomy":"product_cat","embeddable":true,"href":"https:\/\/www.lanzunauto.com\/pt\/wp-json\/wp\/v2\/product_cat?post=1071"},{"taxonomy":"product_tag","embeddable":true,"href":"https:\/\/www.lanzunauto.com\/pt\/wp-json\/wp\/v2\/product_tag?post=1071"}],"curies":[{"name":"wp","href":"https:\/\/api.w.org\/{rel}","templated":true}]}}