{"id":1067,"date":"2026-01-16T14:16:04","date_gmt":"2026-01-16T06:16:04","guid":{"rendered":"http:\/\/www.lanzunauto.com\/?post_type=product&#038;p=1067"},"modified":"2026-01-16T15:32:34","modified_gmt":"2026-01-16T07:32:34","slug":"genuine-engine-cylinder-head-assembly-fit-jac-refine-for-hfc4ga3-2-0l-hfc4ga1-2-4l-engine-direct-replacement","status":"publish","type":"product","link":"https:\/\/www.lanzunauto.com\/pt\/produto\/genuine-engine-cylinder-head-assembly-fit-jac-refine-for-hfc4ga3-2-0l-hfc4ga1-2-4l-engine-direct-replacement\/","title":{"rendered":"Conjunto da cabe\u00e7a do cilindro do motor genu\u00edno para JAC Refine para o motor HFC4GA3 2.0L HFC4GA1 2.4L Substitui\u00e7\u00e3o direta"},"content":{"rendered":"<p><strong>Ajuste exato:<\/strong> Concebida \u00e0 medida para o motor JAC Refine, as dimens\u00f5es da cabe\u00e7a do cilindro e as superf\u00edcies de veda\u00e7\u00e3o correspondem 100% \u00e0 pe\u00e7a original, eliminando o risco de fugas.<br \/>\n<strong>Veda\u00e7\u00e3o melhorada:<\/strong> O material atualizado das juntas \u00e9 resistente a temperaturas e press\u00f5es elevadas, evitando eficazmente as fugas de \u00f3leo e prolongando a vida \u00fatil do motor.<br \/>\n<strong>Instala\u00e7\u00e3o n\u00e3o destrutiva:<\/strong> Mant\u00e9m as posi\u00e7\u00f5es originais dos orif\u00edcios dos parafusos, n\u00e3o necessitando de perfura\u00e7\u00f5es ou ajustes; uma substitui\u00e7\u00e3o direta da pe\u00e7a original, melhorando a efici\u00eancia da repara\u00e7\u00e3o.<\/p>","protected":false},"excerpt":{"rendered":"<p><strong>Origem<\/strong>\uff1aChina<br \/>\n<strong>Marca\uff1a<\/strong>JAC<br \/>\n<strong>Pe\u00e7a original genu\u00edna:<\/strong> Especificamente concebido para os modelos JAC Refine, compat\u00edvel com os motores HFC4GA3 2.0L e HFC4GA1 2.4L, assegurando a montagem original de f\u00e1brica.<br \/>\n<strong>Substitui\u00e7\u00e3o direta:<\/strong> N\u00e3o s\u00e3o necess\u00e1rias modifica\u00e7\u00f5es, instala\u00e7\u00e3o \"plug-and-play\", perfeitamente compat\u00edvel com o sistema original do ve\u00edculo, evitando c\u00f3digos de erro.<br \/>\n<strong>Dur\u00e1vel e fi\u00e1vel:<\/strong> Fabricado com materiais de alta qualidade, resistente a altas temperaturas e ao desgaste, garantindo um funcionamento est\u00e1vel a longo prazo.<\/p>","protected":false},"featured_media":1068,"template":"","meta":{"_seopress_robots_primary_cat":"none","_seopress_titles_title":"%%post_title%%","_seopress_titles_desc":"%%post_excerpt%%","_seopress_robots_index":"","site-sidebar-layout":"default","site-content-layout":"","ast-site-content-layout":"default","site-content-style":"default","site-sidebar-style":"default","ast-global-header-display":"","ast-banner-title-visibility":"","ast-main-header-display":"","ast-hfb-above-header-display":"","ast-hfb-below-header-display":"","ast-hfb-mobile-header-display":"","site-post-title":"","ast-breadcrumbs-content":"","ast-featured-img":"","footer-sml-layout":"","ast-disable-related-posts":"","theme-transparent-header-meta":"default","adv-header-id-meta":"","stick-header-meta":"default","header-above-stick-meta":"","header-main-stick-meta":"","header-below-stick-meta":"","astra-migrate-meta-layouts":"set","ast-page-background-enabled":"default","ast-page-background-meta":{"desktop":{"background-color":"var(--ast-global-color-5)","background-image":"","background-repeat":"repeat","background-position":"center center","background-size":"auto","background-attachment":"scroll","background-type":"","background-media":"","overlay-type":"","overlay-color":"","overlay-opacity":"","overlay-gradient":""},"tablet":{"background-color":"","background-image":"","background-repeat":"repeat","background-position":"center center","background-size":"auto","background-attachment":"scroll","background-type":"","background-media":"","overlay-type":"","overlay-color":"","overlay-opacity":"","overlay-gradient":""},"mobile":{"background-color":"","background-image":"","background-repeat":"repeat","background-position":"center center","background-size":"auto","background-attachment":"scroll","background-type":"","background-media":"","overlay-type":"","overlay-color":"","overlay-opacity":"","overlay-gradient":""}},"ast-content-background-meta":{"desktop":{"background-color":"var(--ast-global-color-4)","background-image":"","background-repeat":"repeat","background-position":"center center","background-size":"auto","background-attachment":"scroll","background-type":"","background-media":"","overlay-type":"","overlay-color":"","overlay-opacity":"","overlay-gradient":""},"tablet":{"background-color":"var(--ast-global-color-4)","background-image":"","background-repeat":"repeat","background-position":"center center","background-size":"auto","background-attachment":"scroll","background-type":"","background-media":"","overlay-type":"","overlay-color":"","overlay-opacity":"","overlay-gradient":""},"mobile":{"background-color":"var(--ast-global-color-4)","background-image":"","background-repeat":"repeat","background-position":"center center","background-size":"auto","background-attachment":"scroll","background-type":"","background-media":"","overlay-type":"","overlay-color":"","overlay-opacity":"","overlay-gradient":""}}},"product_brand":[],"product_cat":[37],"product_tag":[],"class_list":{"0":"post-1067","1":"product","2":"type-product","3":"status-publish","4":"has-post-thumbnail","6":"product_cat-jac","7":"desktop-align-left","8":"tablet-align-left","9":"mobile-align-left","10":"ast-product-gallery-layout-horizontal-slider","11":"ast-product-gallery-with-no-image","12":"ast-product-tabs-layout-horizontal","14":"first","15":"instock","16":"shipping-taxable","17":"product-type-simple"},"_links":{"self":[{"href":"https:\/\/www.lanzunauto.com\/pt\/wp-json\/wp\/v2\/product\/1067","targetHints":{"allow":["GET"]}}],"collection":[{"href":"https:\/\/www.lanzunauto.com\/pt\/wp-json\/wp\/v2\/product"}],"about":[{"href":"https:\/\/www.lanzunauto.com\/pt\/wp-json\/wp\/v2\/types\/product"}],"wp:featuredmedia":[{"embeddable":true,"href":"https:\/\/www.lanzunauto.com\/pt\/wp-json\/wp\/v2\/media\/1068"}],"wp:attachment":[{"href":"https:\/\/www.lanzunauto.com\/pt\/wp-json\/wp\/v2\/media?parent=1067"}],"wp:term":[{"taxonomy":"product_brand","embeddable":true,"href":"https:\/\/www.lanzunauto.com\/pt\/wp-json\/wp\/v2\/product_brand?post=1067"},{"taxonomy":"product_cat","embeddable":true,"href":"https:\/\/www.lanzunauto.com\/pt\/wp-json\/wp\/v2\/product_cat?post=1067"},{"taxonomy":"product_tag","embeddable":true,"href":"https:\/\/www.lanzunauto.com\/pt\/wp-json\/wp\/v2\/product_tag?post=1067"}],"curies":[{"name":"wp","href":"https:\/\/api.w.org\/{rel}","templated":true}]}}