{"id":1065,"date":"2026-01-16T14:10:19","date_gmt":"2026-01-16T06:10:19","guid":{"rendered":"http:\/\/www.lanzunauto.com\/?post_type=product&#038;p=1065"},"modified":"2026-01-16T14:12:36","modified_gmt":"2026-01-16T06:12:36","slug":"xpeng-x9-front-bumper-assembly-2024-oem-replacement-full-painted-unpainted-pp-plastic-bumper-cover-with-grille","status":"publish","type":"product","link":"https:\/\/www.lanzunauto.com\/pt\/produto\/xpeng-x9-front-bumper-assembly-2024-oem-replacement-full-painted-unpainted-pp-plastic-bumper-cover-with-grille\/","title":{"rendered":"XPENG X9 Front Bumper Assembly 2024 OEM Replacement - Cobertura completa do para-choques em pl\u00e1stico PP pintado\/n\u00e3o pintado com grelha"},"content":{"rendered":"<p><strong>Replica\u00e7\u00e3o da estrutura original de f\u00e1brica:<\/strong> Detalhes como a grelha e as posi\u00e7\u00f5es dos far\u00f3is de nevoeiro s\u00e3o reproduzidos 1:1, garantindo uma integra\u00e7\u00e3o perfeita com o ve\u00edculo original ap\u00f3s a instala\u00e7\u00e3o.<br \/>\n<strong>Vantagens do material PP:<\/strong> Resistente aos raios UV e \u00e0 corros\u00e3o, n\u00e3o se deforma nem desvanece com a utiliza\u00e7\u00e3o a longo prazo e \u00e9 compat\u00edvel com a disposi\u00e7\u00e3o do sensor de condu\u00e7\u00e3o inteligente do XPeng X9.<br \/>\n<strong>Design de f\u00e1cil manuten\u00e7\u00e3o:<\/strong> Os orif\u00edcios reservados para o radar\/c\u00e2mara do ve\u00edculo original est\u00e3o inclu\u00eddos, eliminando a necessidade de perfura\u00e7\u00f5es adicionais e reduzindo os riscos de modifica\u00e7\u00e3o.<\/p>","protected":false},"excerpt":{"rendered":"<p><strong>Origem<\/strong>\uff1aChina<br \/>\n<strong>Marca\uff1a<\/strong>XPENG<br \/>\n<strong>Ajuste espec\u00edfico do ve\u00edculo:<\/strong> Este conjunto do para-choques dianteiro foi concebido especificamente para o XPeng X9 2024, correspondendo exatamente \u00e0s dimens\u00f5es e ao design da grelha do ve\u00edculo original.<br \/>\n<strong>Duas vers\u00f5es dispon\u00edveis:<\/strong> Dispon\u00edvel nas vers\u00f5es totalmente pintada (cor original de f\u00e1brica) e n\u00e3o pintada para satisfazer diferentes necessidades de repara\u00e7\u00e3o e modifica\u00e7\u00e3o.<br \/>\n<strong>PP Material pl\u00e1stico:<\/strong> Leve e resistente ao impacto, mantendo as carater\u00edsticas originais de absor\u00e7\u00e3o de energia de colis\u00e3o do ve\u00edculo, o que resulta em custos de repara\u00e7\u00e3o mais baixos.<br \/>\n<strong>Qualidade OEM:<\/strong>Estritamente fabricado de acordo com as especifica\u00e7\u00f5es originais de f\u00e1brica, com compatibilidade verificada de interfaces e cablagens 100%, garantindo a instala\u00e7\u00e3o plug-and-play.<\/p>","protected":false},"featured_media":1066,"template":"","meta":{"_seopress_robots_primary_cat":"none","_seopress_titles_title":"%%post_title%%","_seopress_titles_desc":"%%post_excerpt%%","_seopress_robots_index":"","site-sidebar-layout":"default","site-content-layout":"","ast-site-content-layout":"default","site-content-style":"default","site-sidebar-style":"default","ast-global-header-display":"","ast-banner-title-visibility":"","ast-main-header-display":"","ast-hfb-above-header-display":"","ast-hfb-below-header-display":"","ast-hfb-mobile-header-display":"","site-post-title":"","ast-breadcrumbs-content":"","ast-featured-img":"","footer-sml-layout":"","ast-disable-related-posts":"","theme-transparent-header-meta":"default","adv-header-id-meta":"","stick-header-meta":"default","header-above-stick-meta":"","header-main-stick-meta":"","header-below-stick-meta":"","astra-migrate-meta-layouts":"set","ast-page-background-enabled":"default","ast-page-background-meta":{"desktop":{"background-color":"var(--ast-global-color-5)","background-image":"","background-repeat":"repeat","background-position":"center center","background-size":"auto","background-attachment":"scroll","background-type":"","background-media":"","overlay-type":"","overlay-color":"","overlay-opacity":"","overlay-gradient":""},"tablet":{"background-color":"","background-image":"","background-repeat":"repeat","background-position":"center center","background-size":"auto","background-attachment":"scroll","background-type":"","background-media":"","overlay-type":"","overlay-color":"","overlay-opacity":"","overlay-gradient":""},"mobile":{"background-color":"","background-image":"","background-repeat":"repeat","background-position":"center center","background-size":"auto","background-attachment":"scroll","background-type":"","background-media":"","overlay-type":"","overlay-color":"","overlay-opacity":"","overlay-gradient":""}},"ast-content-background-meta":{"desktop":{"background-color":"var(--ast-global-color-4)","background-image":"","background-repeat":"repeat","background-position":"center center","background-size":"auto","background-attachment":"scroll","background-type":"","background-media":"","overlay-type":"","overlay-color":"","overlay-opacity":"","overlay-gradient":""},"tablet":{"background-color":"var(--ast-global-color-4)","background-image":"","background-repeat":"repeat","background-position":"center center","background-size":"auto","background-attachment":"scroll","background-type":"","background-media":"","overlay-type":"","overlay-color":"","overlay-opacity":"","overlay-gradient":""},"mobile":{"background-color":"var(--ast-global-color-4)","background-image":"","background-repeat":"repeat","background-position":"center center","background-size":"auto","background-attachment":"scroll","background-type":"","background-media":"","overlay-type":"","overlay-color":"","overlay-opacity":"","overlay-gradient":""}}},"product_brand":[],"product_cat":[36],"product_tag":[],"class_list":{"0":"post-1065","1":"product","2":"type-product","3":"status-publish","4":"has-post-thumbnail","6":"product_cat-xpeng","7":"desktop-align-left","8":"tablet-align-left","9":"mobile-align-left","10":"ast-product-gallery-layout-horizontal-slider","11":"ast-product-gallery-with-no-image","12":"ast-product-tabs-layout-horizontal","14":"first","15":"instock","16":"shipping-taxable","17":"product-type-simple"},"_links":{"self":[{"href":"https:\/\/www.lanzunauto.com\/pt\/wp-json\/wp\/v2\/product\/1065","targetHints":{"allow":["GET"]}}],"collection":[{"href":"https:\/\/www.lanzunauto.com\/pt\/wp-json\/wp\/v2\/product"}],"about":[{"href":"https:\/\/www.lanzunauto.com\/pt\/wp-json\/wp\/v2\/types\/product"}],"wp:featuredmedia":[{"embeddable":true,"href":"https:\/\/www.lanzunauto.com\/pt\/wp-json\/wp\/v2\/media\/1066"}],"wp:attachment":[{"href":"https:\/\/www.lanzunauto.com\/pt\/wp-json\/wp\/v2\/media?parent=1065"}],"wp:term":[{"taxonomy":"product_brand","embeddable":true,"href":"https:\/\/www.lanzunauto.com\/pt\/wp-json\/wp\/v2\/product_brand?post=1065"},{"taxonomy":"product_cat","embeddable":true,"href":"https:\/\/www.lanzunauto.com\/pt\/wp-json\/wp\/v2\/product_cat?post=1065"},{"taxonomy":"product_tag","embeddable":true,"href":"https:\/\/www.lanzunauto.com\/pt\/wp-json\/wp\/v2\/product_tag?post=1065"}],"curies":[{"name":"wp","href":"https:\/\/api.w.org\/{rel}","templated":true}]}}