{"id":1059,"date":"2026-01-16T14:01:26","date_gmt":"2026-01-16T06:01:26","guid":{"rendered":"http:\/\/www.lanzunauto.com\/?post_type=product&#038;p=1059"},"modified":"2026-01-19T17:46:18","modified_gmt":"2026-01-19T09:46:18","slug":"2024-new-high-quality-china-brand-for-gac-full-range-replacement-spark-plug","status":"publish","type":"product","link":"https:\/\/www.lanzunauto.com\/pt\/produto\/2024-new-high-quality-china-brand-for-gac-full-range-replacement-spark-plug\/","title":{"rendered":"2024 Nova vela de igni\u00e7\u00e3o de substitui\u00e7\u00e3o de gama completa da marca chinesa For-GAC de alta qualidade"},"content":{"rendered":"<p><strong>Engenharia de precis\u00e3o:<\/strong> A tecnologia de el\u00e9ctrodos de soldadura a laser assegura uma abertura de igni\u00e7\u00e3o precisa e melhora a velocidade de resposta do motor.<br \/>\n<strong>Design resistente \u00e0 corros\u00e3o:<\/strong> O tratamento especial do revestimento resiste eficazmente a temperaturas elevadas e \u00e0 corros\u00e3o qu\u00edmica, adaptando-se a condi\u00e7\u00f5es de funcionamento dif\u00edceis.<br \/>\n<strong>Funcionamento silencioso:<\/strong> A estrutura optimizada reduz a vibra\u00e7\u00e3o e diminui o ru\u00eddo do motor para uma experi\u00eancia de condu\u00e7\u00e3o mais silenciosa.<br \/>\n<strong>Correspond\u00eancia inteligente:<\/strong> Cada modelo corresponde aos dados originais de f\u00e1brica da GAC, evitando problemas de compatibilidade e permitindo a instala\u00e7\u00e3o plug-and-play.<br \/>\n<strong>Certifica\u00e7\u00e3o ambiental:<\/strong> Cumpre as normas nacionais de emiss\u00e3o VI da China, contribuindo para viagens ecol\u00f3gicas e reduzindo a pegada de carbono.<\/p>","protected":false},"excerpt":{"rendered":"<p><strong>Origem<\/strong>\uff1aChina<br \/>\n<strong>Marca\uff1a<\/strong>CAG<br \/>\n<strong>Qualidade do fabricante de equipamento original (OEM):<\/strong> Concebido \u00e0 medida dos modelos de ve\u00edculos GAC, garantindo uma elevada compatibilidade e um desempenho est\u00e1vel.<br \/>\n<strong>Durabilidade de longa dura\u00e7\u00e3o:<\/strong> Possui el\u00e9ctrodos de ir\u00eddio, que prolongam a vida \u00fatil em 30% e proporcionam uma igni\u00e7\u00e3o mais forte.<br \/>\n<strong>Sem complica\u00e7\u00f5es Compatibilidade:<\/strong> Cobre os modelos mais comuns, como o Trumpchi\/AION, oferecendo uma instala\u00e7\u00e3o f\u00e1cil sem modifica\u00e7\u00f5es.<br \/>\n<strong>Poupan\u00e7a de energia e amigo do ambiente:<\/strong> Optimiza a efici\u00eancia da combust\u00e3o, reduz o consumo de combust\u00edvel e minimiza as emiss\u00f5es de gases de escape.<\/p>","protected":false},"featured_media":1060,"template":"","meta":{"_seopress_robots_primary_cat":"none","_seopress_titles_title":"%%post_title%%","_seopress_titles_desc":"%%post_excerpt%%","_seopress_robots_index":"","site-sidebar-layout":"default","site-content-layout":"","ast-site-content-layout":"default","site-content-style":"default","site-sidebar-style":"default","ast-global-header-display":"","ast-banner-title-visibility":"","ast-main-header-display":"","ast-hfb-above-header-display":"","ast-hfb-below-header-display":"","ast-hfb-mobile-header-display":"","site-post-title":"","ast-breadcrumbs-content":"","ast-featured-img":"","footer-sml-layout":"","ast-disable-related-posts":"","theme-transparent-header-meta":"default","adv-header-id-meta":"","stick-header-meta":"default","header-above-stick-meta":"","header-main-stick-meta":"","header-below-stick-meta":"","astra-migrate-meta-layouts":"set","ast-page-background-enabled":"default","ast-page-background-meta":{"desktop":{"background-color":"var(--ast-global-color-5)","background-image":"","background-repeat":"repeat","background-position":"center center","background-size":"auto","background-attachment":"scroll","background-type":"","background-media":"","overlay-type":"","overlay-color":"","overlay-opacity":"","overlay-gradient":""},"tablet":{"background-color":"","background-image":"","background-repeat":"repeat","background-position":"center center","background-size":"auto","background-attachment":"scroll","background-type":"","background-media":"","overlay-type":"","overlay-color":"","overlay-opacity":"","overlay-gradient":""},"mobile":{"background-color":"","background-image":"","background-repeat":"repeat","background-position":"center center","background-size":"auto","background-attachment":"scroll","background-type":"","background-media":"","overlay-type":"","overlay-color":"","overlay-opacity":"","overlay-gradient":""}},"ast-content-background-meta":{"desktop":{"background-color":"var(--ast-global-color-4)","background-image":"","background-repeat":"repeat","background-position":"center center","background-size":"auto","background-attachment":"scroll","background-type":"","background-media":"","overlay-type":"","overlay-color":"","overlay-opacity":"","overlay-gradient":""},"tablet":{"background-color":"var(--ast-global-color-4)","background-image":"","background-repeat":"repeat","background-position":"center center","background-size":"auto","background-attachment":"scroll","background-type":"","background-media":"","overlay-type":"","overlay-color":"","overlay-opacity":"","overlay-gradient":""},"mobile":{"background-color":"var(--ast-global-color-4)","background-image":"","background-repeat":"repeat","background-position":"center center","background-size":"auto","background-attachment":"scroll","background-type":"","background-media":"","overlay-type":"","overlay-color":"","overlay-opacity":"","overlay-gradient":""}}},"product_brand":[],"product_cat":[35],"product_tag":[],"class_list":{"0":"post-1059","1":"product","2":"type-product","3":"status-publish","4":"has-post-thumbnail","6":"product_cat-gac","7":"desktop-align-left","8":"tablet-align-left","9":"mobile-align-left","10":"ast-product-gallery-layout-horizontal-slider","11":"ast-product-gallery-with-no-image","12":"ast-product-tabs-layout-horizontal","14":"first","15":"instock","16":"featured","17":"shipping-taxable","18":"product-type-simple"},"_links":{"self":[{"href":"https:\/\/www.lanzunauto.com\/pt\/wp-json\/wp\/v2\/product\/1059","targetHints":{"allow":["GET"]}}],"collection":[{"href":"https:\/\/www.lanzunauto.com\/pt\/wp-json\/wp\/v2\/product"}],"about":[{"href":"https:\/\/www.lanzunauto.com\/pt\/wp-json\/wp\/v2\/types\/product"}],"wp:featuredmedia":[{"embeddable":true,"href":"https:\/\/www.lanzunauto.com\/pt\/wp-json\/wp\/v2\/media\/1060"}],"wp:attachment":[{"href":"https:\/\/www.lanzunauto.com\/pt\/wp-json\/wp\/v2\/media?parent=1059"}],"wp:term":[{"taxonomy":"product_brand","embeddable":true,"href":"https:\/\/www.lanzunauto.com\/pt\/wp-json\/wp\/v2\/product_brand?post=1059"},{"taxonomy":"product_cat","embeddable":true,"href":"https:\/\/www.lanzunauto.com\/pt\/wp-json\/wp\/v2\/product_cat?post=1059"},{"taxonomy":"product_tag","embeddable":true,"href":"https:\/\/www.lanzunauto.com\/pt\/wp-json\/wp\/v2\/product_tag?post=1059"}],"curies":[{"name":"wp","href":"https:\/\/api.w.org\/{rel}","templated":true}]}}