{"id":1057,"date":"2026-01-16T13:54:25","date_gmt":"2026-01-16T05:54:25","guid":{"rendered":"http:\/\/www.lanzunauto.com\/?post_type=product&#038;p=1057"},"modified":"2026-01-19T17:46:06","modified_gmt":"2026-01-19T09:46:06","slug":"e00099934-headlight-assembly-for-baic-d20-senova-x25-m20-oem-new-front-head-lamp-left-right","status":"publish","type":"product","link":"https:\/\/www.lanzunauto.com\/pt\/produto\/e00099934-headlight-assembly-for-baic-d20-senova-x25-m20-oem-new-front-head-lamp-left-right\/","title":{"rendered":"E00099934 Conjunto do farol para BAIC D20 Senova X25 M20 OEM Novo farol dianteiro esquerdo\/direito"},"content":{"rendered":"<p><strong>Modelos compat\u00edveis:<\/strong> BAIC D20, Senova X25, M20 (farol esquerdo\/direito, espec\u00edfico do ve\u00edculo)<\/p>\n<h4>Principais pontos de venda:<\/h4>\n<p><strong>Qualidade do equipamento original:<\/strong> Fabricado de acordo com as normas OEM, com veda\u00e7\u00e3o e durabilidade compar\u00e1veis \u00e0s pe\u00e7as originais, pronto para instala\u00e7\u00e3o.<br \/>\n<strong>Brilho elevado e seguran\u00e7a:<\/strong> Fonte de luz LED\/Halog\u00e9nio, comuta\u00e7\u00e3o inteligente de feixe alto\/baixo, vis\u00e3o nocturna melhorada, forte penetra\u00e7\u00e3o na chuva e no nevoeiro.<br \/>\n<strong>Prote\u00e7\u00e3o duradoura:<\/strong> Design \u00e0 prova de p\u00f3 e \u00e0 prova de \u00e1gua, caixa resistente a impactos, adequada para ambientes extremos.<br \/>\n<strong>Elevada rela\u00e7\u00e3o custo-efic\u00e1cia:<\/strong> Pre\u00e7o inferior ao das pe\u00e7as originais dos concession\u00e1rios 4S, garantia de 2 anos em todo o pa\u00eds, servi\u00e7o p\u00f3s-venda sem preocupa\u00e7\u00f5es.<br \/>\n<strong>Em suma:<\/strong> Adapta\u00e7\u00e3o espec\u00edfica ao ve\u00edculo, qualidade do equipamento original, seguran\u00e7a nocturna refor\u00e7ada, uma escolha sem preocupa\u00e7\u00f5es e econ\u00f3mica!<\/p>","protected":false},"excerpt":{"rendered":"<p><strong>Origem<\/strong>\uff1aChina<br \/>\n<strong>Marca\uff1a<\/strong>BAIC<br \/>\n<strong>Ajuste exato:<\/strong> Concebidos especificamente para a BAIC D20\/Senova X25\/M20, os far\u00f3is esquerdo e direito correspondem \u00e0s especifica\u00e7\u00f5es originais de f\u00e1brica para uma instala\u00e7\u00e3o sem preocupa\u00e7\u00f5es.<br \/>\n<strong>Qualidade OEM:<\/strong> Fabricados de acordo com as normas do fabricante do equipamento original, oferecem um desempenho e uma durabilidade compar\u00e1veis aos das pe\u00e7as originais, garantindo a seguran\u00e7a da condu\u00e7\u00e3o.<br \/>\n<strong>Ilumina\u00e7\u00e3o eficiente:<\/strong> Integra tecnologia de ilumina\u00e7\u00e3o avan\u00e7ada para melhorar a visibilidade nocturna e proporcionar uma experi\u00eancia de condu\u00e7\u00e3o mais segura.<\/p>","protected":false},"featured_media":1058,"template":"","meta":{"_seopress_robots_primary_cat":"none","_seopress_titles_title":"%%post_title%%","_seopress_titles_desc":"%%post_excerpt%%","_seopress_robots_index":"","site-sidebar-layout":"default","site-content-layout":"","ast-site-content-layout":"default","site-content-style":"default","site-sidebar-style":"default","ast-global-header-display":"","ast-banner-title-visibility":"","ast-main-header-display":"","ast-hfb-above-header-display":"","ast-hfb-below-header-display":"","ast-hfb-mobile-header-display":"","site-post-title":"","ast-breadcrumbs-content":"","ast-featured-img":"","footer-sml-layout":"","ast-disable-related-posts":"","theme-transparent-header-meta":"default","adv-header-id-meta":"","stick-header-meta":"default","header-above-stick-meta":"","header-main-stick-meta":"","header-below-stick-meta":"","astra-migrate-meta-layouts":"set","ast-page-background-enabled":"default","ast-page-background-meta":{"desktop":{"background-color":"var(--ast-global-color-5)","background-image":"","background-repeat":"repeat","background-position":"center center","background-size":"auto","background-attachment":"scroll","background-type":"","background-media":"","overlay-type":"","overlay-color":"","overlay-opacity":"","overlay-gradient":""},"tablet":{"background-color":"","background-image":"","background-repeat":"repeat","background-position":"center center","background-size":"auto","background-attachment":"scroll","background-type":"","background-media":"","overlay-type":"","overlay-color":"","overlay-opacity":"","overlay-gradient":""},"mobile":{"background-color":"","background-image":"","background-repeat":"repeat","background-position":"center center","background-size":"auto","background-attachment":"scroll","background-type":"","background-media":"","overlay-type":"","overlay-color":"","overlay-opacity":"","overlay-gradient":""}},"ast-content-background-meta":{"desktop":{"background-color":"var(--ast-global-color-4)","background-image":"","background-repeat":"repeat","background-position":"center center","background-size":"auto","background-attachment":"scroll","background-type":"","background-media":"","overlay-type":"","overlay-color":"","overlay-opacity":"","overlay-gradient":""},"tablet":{"background-color":"var(--ast-global-color-4)","background-image":"","background-repeat":"repeat","background-position":"center center","background-size":"auto","background-attachment":"scroll","background-type":"","background-media":"","overlay-type":"","overlay-color":"","overlay-opacity":"","overlay-gradient":""},"mobile":{"background-color":"var(--ast-global-color-4)","background-image":"","background-repeat":"repeat","background-position":"center center","background-size":"auto","background-attachment":"scroll","background-type":"","background-media":"","overlay-type":"","overlay-color":"","overlay-opacity":"","overlay-gradient":""}}},"product_brand":[],"product_cat":[33],"product_tag":[],"class_list":{"0":"post-1057","1":"product","2":"type-product","3":"status-publish","4":"has-post-thumbnail","6":"product_cat-baic","7":"desktop-align-left","8":"tablet-align-left","9":"mobile-align-left","10":"ast-product-gallery-layout-horizontal-slider","11":"ast-product-gallery-with-no-image","12":"ast-product-tabs-layout-horizontal","14":"first","15":"instock","16":"featured","17":"shipping-taxable","18":"product-type-simple"},"_links":{"self":[{"href":"https:\/\/www.lanzunauto.com\/pt\/wp-json\/wp\/v2\/product\/1057","targetHints":{"allow":["GET"]}}],"collection":[{"href":"https:\/\/www.lanzunauto.com\/pt\/wp-json\/wp\/v2\/product"}],"about":[{"href":"https:\/\/www.lanzunauto.com\/pt\/wp-json\/wp\/v2\/types\/product"}],"wp:featuredmedia":[{"embeddable":true,"href":"https:\/\/www.lanzunauto.com\/pt\/wp-json\/wp\/v2\/media\/1058"}],"wp:attachment":[{"href":"https:\/\/www.lanzunauto.com\/pt\/wp-json\/wp\/v2\/media?parent=1057"}],"wp:term":[{"taxonomy":"product_brand","embeddable":true,"href":"https:\/\/www.lanzunauto.com\/pt\/wp-json\/wp\/v2\/product_brand?post=1057"},{"taxonomy":"product_cat","embeddable":true,"href":"https:\/\/www.lanzunauto.com\/pt\/wp-json\/wp\/v2\/product_cat?post=1057"},{"taxonomy":"product_tag","embeddable":true,"href":"https:\/\/www.lanzunauto.com\/pt\/wp-json\/wp\/v2\/product_tag?post=1057"}],"curies":[{"name":"wp","href":"https:\/\/api.w.org\/{rel}","templated":true}]}}