{"id":1055,"date":"2026-01-07T13:43:14","date_gmt":"2026-01-07T05:43:14","guid":{"rendered":"http:\/\/www.lanzunauto.com\/?post_type=product&#038;p=1055"},"modified":"2026-01-20T15:44:38","modified_gmt":"2026-01-20T07:44:38","slug":"new-full-synthetic-engine-oil-5w-30-sn-sp-grade-for-baic-bj40-bj80-x35-senova-gasoline-engine-car-motor-lubricant","status":"publish","type":"product","link":"https:\/\/www.lanzunauto.com\/pt\/produto\/new-full-synthetic-engine-oil-5w-30-sn-sp-grade-for-baic-bj40-bj80-x35-senova-gasoline-engine-car-motor-lubricant\/","title":{"rendered":"Novo \u00f3leo de motor totalmente sint\u00e9tico 5W-30 de grau SN\/SP para BAIC BJ40 BJ80 X35 Senova Motor a gasolina Lubrificante de motor de autom\u00f3vel"},"content":{"rendered":"<p><strong>Ajuste espec\u00edfico do ve\u00edculo:<\/strong> A viscosidade 5W-30 corresponde exatamente aos modelos BAIC BJ40\/BJ80\/X35\/Senova, adequados para todas as esta\u00e7\u00f5es.<br \/>\n<strong>Prote\u00e7\u00e3o do motor com certifica\u00e7\u00e3o dupla:<\/strong> A prote\u00e7\u00e3o antidesgaste de grau SN\/SP prolonga a vida \u00fatil do motor e proporciona maior pot\u00eancia.<br \/>\n<strong>Totalmente sint\u00e9tico e eficiente em termos de combust\u00edvel:<\/strong> Reduz o consumo de combust\u00edvel, oferece estabilidade a altas temperaturas e \u00e9 adequado tanto para a condu\u00e7\u00e3o em cidade como para a utiliza\u00e7\u00e3o fora de estrada.<br \/>\n<strong>Amigo do ambiente:<\/strong> A f\u00f3rmula com baixo teor de cinzas protege o sistema de emiss\u00f5es e est\u00e1 em conformidade com as normas China VI B.<br \/>\n<strong>Escolha de confian\u00e7a:<\/strong> Comprovadamente reduzem o ru\u00eddo, melhoram a capacidade de resposta e proporcionam um desempenho fi\u00e1vel e duradouro.<\/p>","protected":false},"excerpt":{"rendered":"<p><strong>Origem<\/strong>\uff1aChina<br \/>\n<strong>Marca\uff1a<\/strong>BAIC<br \/>\n<strong>Ajuste espec\u00edfico do ve\u00edculo:<\/strong> A viscosidade 5W-30 corresponde exatamente aos modelos BAIC BJ40\/BJ80\/X35\/Senova, adequados para todas as esta\u00e7\u00f5es.<br \/>\n<strong>Prote\u00e7\u00e3o do motor com certifica\u00e7\u00e3o dupla:<\/strong> A prote\u00e7\u00e3o antidesgaste de grau SN\/SP prolonga a vida \u00fatil do motor e proporciona maior pot\u00eancia.<br \/>\n<strong>Totalmente sint\u00e9tico e eficiente em termos de combust\u00edvel:<\/strong> Reduz o consumo de combust\u00edvel, oferece estabilidade a altas temperaturas e \u00e9 adequado tanto para a condu\u00e7\u00e3o em cidade como para a utiliza\u00e7\u00e3o fora de estrada.<br \/>\n<strong>Amigo do ambiente:<\/strong> A f\u00f3rmula com baixo teor de cinzas protege o sistema de emiss\u00f5es e est\u00e1 em conformidade com as normas China VI B.<br \/>\n<strong>Escolha de confian\u00e7a:<\/strong> Comprovadamente reduzem o ru\u00eddo, melhoram a capacidade de resposta e proporcionam um desempenho fi\u00e1vel e duradouro.<\/p>","protected":false},"featured_media":1056,"template":"","meta":{"_seopress_robots_primary_cat":"none","_seopress_titles_title":"%%post_title%%","_seopress_titles_desc":"%%post_excerpt%%","_seopress_robots_index":"","site-sidebar-layout":"default","site-content-layout":"","ast-site-content-layout":"default","site-content-style":"default","site-sidebar-style":"default","ast-global-header-display":"","ast-banner-title-visibility":"","ast-main-header-display":"","ast-hfb-above-header-display":"","ast-hfb-below-header-display":"","ast-hfb-mobile-header-display":"","site-post-title":"","ast-breadcrumbs-content":"","ast-featured-img":"","footer-sml-layout":"","ast-disable-related-posts":"","theme-transparent-header-meta":"default","adv-header-id-meta":"","stick-header-meta":"default","header-above-stick-meta":"","header-main-stick-meta":"","header-below-stick-meta":"","astra-migrate-meta-layouts":"set","ast-page-background-enabled":"default","ast-page-background-meta":{"desktop":{"background-color":"var(--ast-global-color-5)","background-image":"","background-repeat":"repeat","background-position":"center center","background-size":"auto","background-attachment":"scroll","background-type":"","background-media":"","overlay-type":"","overlay-color":"","overlay-opacity":"","overlay-gradient":""},"tablet":{"background-color":"","background-image":"","background-repeat":"repeat","background-position":"center center","background-size":"auto","background-attachment":"scroll","background-type":"","background-media":"","overlay-type":"","overlay-color":"","overlay-opacity":"","overlay-gradient":""},"mobile":{"background-color":"","background-image":"","background-repeat":"repeat","background-position":"center center","background-size":"auto","background-attachment":"scroll","background-type":"","background-media":"","overlay-type":"","overlay-color":"","overlay-opacity":"","overlay-gradient":""}},"ast-content-background-meta":{"desktop":{"background-color":"var(--ast-global-color-4)","background-image":"","background-repeat":"repeat","background-position":"center center","background-size":"auto","background-attachment":"scroll","background-type":"","background-media":"","overlay-type":"","overlay-color":"","overlay-opacity":"","overlay-gradient":""},"tablet":{"background-color":"var(--ast-global-color-4)","background-image":"","background-repeat":"repeat","background-position":"center center","background-size":"auto","background-attachment":"scroll","background-type":"","background-media":"","overlay-type":"","overlay-color":"","overlay-opacity":"","overlay-gradient":""},"mobile":{"background-color":"var(--ast-global-color-4)","background-image":"","background-repeat":"repeat","background-position":"center center","background-size":"auto","background-attachment":"scroll","background-type":"","background-media":"","overlay-type":"","overlay-color":"","overlay-opacity":"","overlay-gradient":""}}},"product_brand":[],"product_cat":[33],"product_tag":[],"class_list":{"0":"post-1055","1":"product","2":"type-product","3":"status-publish","4":"has-post-thumbnail","6":"product_cat-baic","7":"desktop-align-left","8":"tablet-align-left","9":"mobile-align-left","10":"ast-product-gallery-layout-horizontal-slider","11":"ast-product-gallery-with-no-image","12":"ast-product-tabs-layout-horizontal","14":"first","15":"instock","16":"shipping-taxable","17":"product-type-simple"},"_links":{"self":[{"href":"https:\/\/www.lanzunauto.com\/pt\/wp-json\/wp\/v2\/product\/1055","targetHints":{"allow":["GET"]}}],"collection":[{"href":"https:\/\/www.lanzunauto.com\/pt\/wp-json\/wp\/v2\/product"}],"about":[{"href":"https:\/\/www.lanzunauto.com\/pt\/wp-json\/wp\/v2\/types\/product"}],"wp:featuredmedia":[{"embeddable":true,"href":"https:\/\/www.lanzunauto.com\/pt\/wp-json\/wp\/v2\/media\/1056"}],"wp:attachment":[{"href":"https:\/\/www.lanzunauto.com\/pt\/wp-json\/wp\/v2\/media?parent=1055"}],"wp:term":[{"taxonomy":"product_brand","embeddable":true,"href":"https:\/\/www.lanzunauto.com\/pt\/wp-json\/wp\/v2\/product_brand?post=1055"},{"taxonomy":"product_cat","embeddable":true,"href":"https:\/\/www.lanzunauto.com\/pt\/wp-json\/wp\/v2\/product_cat?post=1055"},{"taxonomy":"product_tag","embeddable":true,"href":"https:\/\/www.lanzunauto.com\/pt\/wp-json\/wp\/v2\/product_tag?post=1055"}],"curies":[{"name":"wp","href":"https:\/\/api.w.org\/{rel}","templated":true}]}}