{"id":1053,"date":"2026-01-16T13:39:42","date_gmt":"2026-01-16T05:39:42","guid":{"rendered":"http:\/\/www.lanzunauto.com\/?post_type=product&#038;p=1053"},"modified":"2026-01-19T17:45:56","modified_gmt":"2026-01-19T09:45:56","slug":"dongfeng-fengshen-high-quality-tin-core-dot-coils-oem-28264038","status":"publish","type":"product","link":"https:\/\/www.lanzunauto.com\/pt\/produto\/dongfeng-fengshen-high-quality-tin-core-dot-coils-oem-28264038\/","title":{"rendered":"Dongfeng Fengshen Bobinas de ponto de n\u00facleo de estanho de alta qualidade OEM 28264038"},"content":{"rendered":"<p><strong>Ajuste exato:<\/strong> Concebido especificamente para o Dongfeng Fengshen A30 e outros modelos, com n\u00fameros de pe\u00e7a OEM correspondentes para uma instala\u00e7\u00e3o f\u00e1cil.<br \/>\n<strong>Par\u00e2metros principais:<\/strong> Tens\u00e3o de 12V, sa\u00edda de alta tens\u00e3o de 30kV, temperatura de funcionamento de -40\u2103~120\u2103, teste de durabilidade de 500 horas.<br \/>\n<strong>Garantia de qualidade:<\/strong> N\u00facleo de estanho de alta pureza, isolamento de resina ep\u00f3xi, inspe\u00e7\u00e3o de qualidade 100%, em conformidade com a norma ISO\/TS 16949.<br \/>\n<strong>Valor para o utilizador:<\/strong> 80.000 km de vida \u00fatil, redu\u00e7\u00e3o do consumo de combust\u00edvel e das emiss\u00f5es, prote\u00e7\u00e3o integrada contra sobrecarga, garantia de 2 anos\/60.000 km.<\/p>","protected":false},"excerpt":{"rendered":"<p><strong>Origem<\/strong>\uff1aChina<br \/>\n<strong>Marca\uff1a<\/strong>DONGFENG<br \/>\n<strong>Ajuste exato:<\/strong> Concebido especificamente para ve\u00edculos Dongfeng Fengshen, com n\u00fameros de pe\u00e7a OEM correspondentes para uma instala\u00e7\u00e3o f\u00e1cil.<br \/>\n<strong>N\u00facleo de estanho de alta efici\u00eancia:<\/strong> Optimiza a resposta da igni\u00e7\u00e3o, melhora a efici\u00eancia da combust\u00e3o e oferece durabilidade e resist\u00eancia \u00e0 corros\u00e3o.<br \/>\n<strong>Seguro e fi\u00e1vel:<\/strong> Controlo rigoroso da qualidade, prote\u00e7\u00e3o do isolamento e elimina\u00e7\u00e3o dos riscos de fuga.<br \/>\n<strong>Econ\u00f3mico e amigo do ambiente:<\/strong> Reduz o consumo de combust\u00edvel e as emiss\u00f5es, resultando em custos operacionais mais baixos a longo prazo.<br \/>\n<strong>Garantia da marca:<\/strong> Apoiado pela tecnologia Dongfeng e um sistema abrangente de servi\u00e7o p\u00f3s-venda.<\/p>","protected":false},"featured_media":1054,"template":"","meta":{"_seopress_robots_primary_cat":"none","_seopress_titles_title":"%%post_title%%","_seopress_titles_desc":"%%post_excerpt%%","_seopress_robots_index":"","site-sidebar-layout":"default","site-content-layout":"","ast-site-content-layout":"default","site-content-style":"default","site-sidebar-style":"default","ast-global-header-display":"","ast-banner-title-visibility":"","ast-main-header-display":"","ast-hfb-above-header-display":"","ast-hfb-below-header-display":"","ast-hfb-mobile-header-display":"","site-post-title":"","ast-breadcrumbs-content":"","ast-featured-img":"","footer-sml-layout":"","ast-disable-related-posts":"","theme-transparent-header-meta":"default","adv-header-id-meta":"","stick-header-meta":"default","header-above-stick-meta":"","header-main-stick-meta":"","header-below-stick-meta":"","astra-migrate-meta-layouts":"set","ast-page-background-enabled":"default","ast-page-background-meta":{"desktop":{"background-color":"var(--ast-global-color-5)","background-image":"","background-repeat":"repeat","background-position":"center center","background-size":"auto","background-attachment":"scroll","background-type":"","background-media":"","overlay-type":"","overlay-color":"","overlay-opacity":"","overlay-gradient":""},"tablet":{"background-color":"","background-image":"","background-repeat":"repeat","background-position":"center center","background-size":"auto","background-attachment":"scroll","background-type":"","background-media":"","overlay-type":"","overlay-color":"","overlay-opacity":"","overlay-gradient":""},"mobile":{"background-color":"","background-image":"","background-repeat":"repeat","background-position":"center center","background-size":"auto","background-attachment":"scroll","background-type":"","background-media":"","overlay-type":"","overlay-color":"","overlay-opacity":"","overlay-gradient":""}},"ast-content-background-meta":{"desktop":{"background-color":"var(--ast-global-color-4)","background-image":"","background-repeat":"repeat","background-position":"center center","background-size":"auto","background-attachment":"scroll","background-type":"","background-media":"","overlay-type":"","overlay-color":"","overlay-opacity":"","overlay-gradient":""},"tablet":{"background-color":"var(--ast-global-color-4)","background-image":"","background-repeat":"repeat","background-position":"center center","background-size":"auto","background-attachment":"scroll","background-type":"","background-media":"","overlay-type":"","overlay-color":"","overlay-opacity":"","overlay-gradient":""},"mobile":{"background-color":"var(--ast-global-color-4)","background-image":"","background-repeat":"repeat","background-position":"center center","background-size":"auto","background-attachment":"scroll","background-type":"","background-media":"","overlay-type":"","overlay-color":"","overlay-opacity":"","overlay-gradient":""}}},"product_brand":[],"product_cat":[34],"product_tag":[],"class_list":{"0":"post-1053","1":"product","2":"type-product","3":"status-publish","4":"has-post-thumbnail","6":"product_cat-dongfeng","7":"desktop-align-left","8":"tablet-align-left","9":"mobile-align-left","10":"ast-product-gallery-layout-horizontal-slider","11":"ast-product-gallery-with-no-image","12":"ast-product-tabs-layout-horizontal","14":"first","15":"instock","16":"featured","17":"shipping-taxable","18":"product-type-simple"},"_links":{"self":[{"href":"https:\/\/www.lanzunauto.com\/pt\/wp-json\/wp\/v2\/product\/1053","targetHints":{"allow":["GET"]}}],"collection":[{"href":"https:\/\/www.lanzunauto.com\/pt\/wp-json\/wp\/v2\/product"}],"about":[{"href":"https:\/\/www.lanzunauto.com\/pt\/wp-json\/wp\/v2\/types\/product"}],"wp:featuredmedia":[{"embeddable":true,"href":"https:\/\/www.lanzunauto.com\/pt\/wp-json\/wp\/v2\/media\/1054"}],"wp:attachment":[{"href":"https:\/\/www.lanzunauto.com\/pt\/wp-json\/wp\/v2\/media?parent=1053"}],"wp:term":[{"taxonomy":"product_brand","embeddable":true,"href":"https:\/\/www.lanzunauto.com\/pt\/wp-json\/wp\/v2\/product_brand?post=1053"},{"taxonomy":"product_cat","embeddable":true,"href":"https:\/\/www.lanzunauto.com\/pt\/wp-json\/wp\/v2\/product_cat?post=1053"},{"taxonomy":"product_tag","embeddable":true,"href":"https:\/\/www.lanzunauto.com\/pt\/wp-json\/wp\/v2\/product_tag?post=1053"}],"curies":[{"name":"wp","href":"https:\/\/api.w.org\/{rel}","templated":true}]}}