{"id":1047,"date":"2026-01-16T11:56:37","date_gmt":"2026-01-16T03:56:37","guid":{"rendered":"http:\/\/www.lanzunauto.com\/?post_type=product&#038;p=1047"},"modified":"2026-01-20T14:07:47","modified_gmt":"2026-01-20T06:07:47","slug":"applicable-to-geely-nl-3-auto-parts-4017005500-4017005400-or-so-front-hem-arm-assembly","status":"publish","type":"product","link":"https:\/\/www.lanzunauto.com\/pt\/produto\/applicable-to-geely-nl-3-auto-parts-4017005500-4017005400-or-so-front-hem-arm-assembly\/","title":{"rendered":"Aplic\u00e1vel \u00e0 Geely NL-3 Auto Parts 4017005500 4017005400 ou ao conjunto do bra\u00e7o da bainha dianteira"},"content":{"rendered":"<p><strong>N\u00famero da pe\u00e7a:<\/strong> 4017005500 (Esquerda) \/ 4017005400 (Direita) | Conjunto do bra\u00e7o de controlo inferior dianteiro OEM (para Geely NL-3)<br \/>\n<strong>Ajuste exato:<\/strong> O design espec\u00edfico do ve\u00edculo, pe\u00e7as separadas \u00e0 esquerda e \u00e0 direita, n\u00e3o afecta o alinhamento das rodas ap\u00f3s a instala\u00e7\u00e3o.<br \/>\n<strong>Material de alta resist\u00eancia:<\/strong> Constru\u00e7\u00e3o em a\u00e7o forjado, resistente \u00e0 fadiga e ao impacto, de grande durabilidade.<br \/>\n<strong>Prote\u00e7\u00e3o de seguran\u00e7a:<\/strong> Revestimento anti-ferrugem + rolamentos selados, evita a entrada de areia e sujidade, garantindo a estabilidade da condu\u00e7\u00e3o.<br \/>\n<strong>Instala\u00e7\u00e3o c\u00f3moda:<\/strong> Design original do orif\u00edcio de montagem do ve\u00edculo, compat\u00edvel com as ferramentas mais comuns, poupando tempo e esfor\u00e7o durante a substitui\u00e7\u00e3o.<br \/>\n<strong>Garantia de qualidade:<\/strong> Certifica\u00e7\u00e3o ISO, garantia de 12 meses, manuten\u00e7\u00e3o sem preocupa\u00e7\u00f5es e disponibilidade de pe\u00e7as sobresselentes.<\/p>","protected":false},"excerpt":{"rendered":"<p><strong>Origem<\/strong>\uff1aChina<br \/>\n<strong>Marca\uff1a<\/strong>GEELY<br \/>\n<strong>Ajuste exato:<\/strong> Concebido especificamente para cada modelo de ve\u00edculo, com componentes separados para a esquerda e para a direita, assegurando que n\u00e3o h\u00e1 impacto no alinhamento das rodas ap\u00f3s a instala\u00e7\u00e3o.<br \/>\n<strong>Elevada resist\u00eancia e durabilidade:<\/strong> Fabricado em a\u00e7o forjado, oferece resist\u00eancia \u00e0 fadiga e ao impacto para uma vida \u00fatil prolongada.<br \/>\n<strong>Seguro e est\u00e1vel:<\/strong> O revestimento anti-ferrugem e a conce\u00e7\u00e3o de rolamentos selados reduzem o desgaste e melhoram a estabilidade da condu\u00e7\u00e3o.<br \/>\n<strong>Instala\u00e7\u00e3o f\u00e1cil:<\/strong> Concebido para se adaptar aos pontos de montagem originais do ve\u00edculo, compat\u00edvel com ferramentas padr\u00e3o, reduzindo o tempo de substitui\u00e7\u00e3o.<br \/>\n<strong>Garantia fi\u00e1vel:<\/strong> Qualidade certificada ISO, garantia de 12 meses e pe\u00e7as de substitui\u00e7\u00e3o prontamente dispon\u00edveis para uma manuten\u00e7\u00e3o sem preocupa\u00e7\u00f5es.<\/p>","protected":false},"featured_media":1048,"template":"","meta":{"_seopress_robots_primary_cat":"none","_seopress_titles_title":"%%post_title%%","_seopress_titles_desc":"%%post_excerpt%%","_seopress_robots_index":"","site-sidebar-layout":"default","site-content-layout":"","ast-site-content-layout":"default","site-content-style":"default","site-sidebar-style":"default","ast-global-header-display":"","ast-banner-title-visibility":"","ast-main-header-display":"","ast-hfb-above-header-display":"","ast-hfb-below-header-display":"","ast-hfb-mobile-header-display":"","site-post-title":"","ast-breadcrumbs-content":"","ast-featured-img":"","footer-sml-layout":"","ast-disable-related-posts":"","theme-transparent-header-meta":"default","adv-header-id-meta":"","stick-header-meta":"default","header-above-stick-meta":"","header-main-stick-meta":"","header-below-stick-meta":"","astra-migrate-meta-layouts":"set","ast-page-background-enabled":"default","ast-page-background-meta":{"desktop":{"background-color":"var(--ast-global-color-5)","background-image":"","background-repeat":"repeat","background-position":"center center","background-size":"auto","background-attachment":"scroll","background-type":"","background-media":"","overlay-type":"","overlay-color":"","overlay-opacity":"","overlay-gradient":""},"tablet":{"background-color":"","background-image":"","background-repeat":"repeat","background-position":"center center","background-size":"auto","background-attachment":"scroll","background-type":"","background-media":"","overlay-type":"","overlay-color":"","overlay-opacity":"","overlay-gradient":""},"mobile":{"background-color":"","background-image":"","background-repeat":"repeat","background-position":"center center","background-size":"auto","background-attachment":"scroll","background-type":"","background-media":"","overlay-type":"","overlay-color":"","overlay-opacity":"","overlay-gradient":""}},"ast-content-background-meta":{"desktop":{"background-color":"var(--ast-global-color-4)","background-image":"","background-repeat":"repeat","background-position":"center center","background-size":"auto","background-attachment":"scroll","background-type":"","background-media":"","overlay-type":"","overlay-color":"","overlay-opacity":"","overlay-gradient":""},"tablet":{"background-color":"var(--ast-global-color-4)","background-image":"","background-repeat":"repeat","background-position":"center center","background-size":"auto","background-attachment":"scroll","background-type":"","background-media":"","overlay-type":"","overlay-color":"","overlay-opacity":"","overlay-gradient":""},"mobile":{"background-color":"var(--ast-global-color-4)","background-image":"","background-repeat":"repeat","background-position":"center center","background-size":"auto","background-attachment":"scroll","background-type":"","background-media":"","overlay-type":"","overlay-color":"","overlay-opacity":"","overlay-gradient":""}}},"product_brand":[],"product_cat":[32],"product_tag":[],"class_list":{"0":"post-1047","1":"product","2":"type-product","3":"status-publish","4":"has-post-thumbnail","6":"product_cat-geely","7":"desktop-align-left","8":"tablet-align-left","9":"mobile-align-left","10":"ast-product-gallery-layout-horizontal-slider","11":"ast-product-gallery-with-no-image","12":"ast-product-tabs-layout-horizontal","14":"first","15":"instock","16":"featured","17":"shipping-taxable","18":"product-type-simple"},"_links":{"self":[{"href":"https:\/\/www.lanzunauto.com\/pt\/wp-json\/wp\/v2\/product\/1047","targetHints":{"allow":["GET"]}}],"collection":[{"href":"https:\/\/www.lanzunauto.com\/pt\/wp-json\/wp\/v2\/product"}],"about":[{"href":"https:\/\/www.lanzunauto.com\/pt\/wp-json\/wp\/v2\/types\/product"}],"wp:featuredmedia":[{"embeddable":true,"href":"https:\/\/www.lanzunauto.com\/pt\/wp-json\/wp\/v2\/media\/1048"}],"wp:attachment":[{"href":"https:\/\/www.lanzunauto.com\/pt\/wp-json\/wp\/v2\/media?parent=1047"}],"wp:term":[{"taxonomy":"product_brand","embeddable":true,"href":"https:\/\/www.lanzunauto.com\/pt\/wp-json\/wp\/v2\/product_brand?post=1047"},{"taxonomy":"product_cat","embeddable":true,"href":"https:\/\/www.lanzunauto.com\/pt\/wp-json\/wp\/v2\/product_cat?post=1047"},{"taxonomy":"product_tag","embeddable":true,"href":"https:\/\/www.lanzunauto.com\/pt\/wp-json\/wp\/v2\/product_tag?post=1047"}],"curies":[{"name":"wp","href":"https:\/\/api.w.org\/{rel}","templated":true}]}}