{"id":1041,"date":"2026-01-16T11:15:19","date_gmt":"2026-01-16T03:15:19","guid":{"rendered":"http:\/\/www.lanzunauto.com\/?post_type=product&#038;p=1041"},"modified":"2026-01-20T14:08:18","modified_gmt":"2026-01-20T06:08:18","slug":"oem-6c0411315-saic-v-olkswagen-high-quality-front-connecting-rod-polo","status":"publish","type":"product","link":"https:\/\/www.lanzunauto.com\/pt\/produto\/oem-6c0411315-saic-v-olkswagen-high-quality-front-connecting-rod-polo\/","title":{"rendered":"OEM 6C0411315 SAIC V-olkswagen Biela dianteira de alta qualidade (POLO)"},"content":{"rendered":"<p><strong>Ajuste exato:<\/strong> Especificamente concebido para o modelo SAIC Volkswagen POLO, garantindo uma compatibilidade perfeita com o sistema de suspens\u00e3o original.<br \/>\n<strong>Materiais de alta qualidade:<\/strong> Fabricado em liga de a\u00e7o de alta resist\u00eancia, forjado e tratado com processos de tratamento t\u00e9rmico e anti-corros\u00e3o, resultando num produto leve mas dur\u00e1vel.<br \/>\n<strong>Otimiza\u00e7\u00e3o do desempenho:<\/strong> A estrutura refor\u00e7ada da suspens\u00e3o melhora a resposta da dire\u00e7\u00e3o e a estabilidade em curva, reduzindo as vibra\u00e7\u00f5es da condu\u00e7\u00e3o.<br \/>\n<strong>Seguro e fi\u00e1vel:<\/strong> Passou nos rigorosos testes de durabilidade da Volkswagen, garantindo uma utiliza\u00e7\u00e3o a longo prazo sem problemas e proporcionando uma maior tranquilidade durante a condu\u00e7\u00e3o.<br \/>\n<strong>Manuten\u00e7\u00e3o c\u00f3moda:<\/strong> Inclui pe\u00e7as de instala\u00e7\u00e3o originais de f\u00e1brica, simplificando o processo de repara\u00e7\u00e3o e reduzindo os custos de manuten\u00e7\u00e3o a longo prazo.<\/p>","protected":false},"excerpt":{"rendered":"<p><strong>Origem<\/strong>\uff1aChina<br \/>\n<strong>Marca\uff1a<\/strong>SAIC<br \/>\n<strong>Correspond\u00eancia do fabricante de equipamento original (OEM):<\/strong> Concebida especificamente para o POLO, garante uma instala\u00e7\u00e3o precisa e um desempenho fi\u00e1vel.<br \/>\n<strong>Manuseamento melhorado:<\/strong> Optimiza a estabilidade da suspens\u00e3o, melhorando a resposta da dire\u00e7\u00e3o e a suavidade da condu\u00e7\u00e3o.<br \/>\n<strong>Dur\u00e1vel e seguro:<\/strong> Materiais de alta qualidade e testes rigorosos prolongam a vida \u00fatil e garantem a seguran\u00e7a da condu\u00e7\u00e3o.<br \/>\n<strong>Econ\u00f3mico e pr\u00e1tico:<\/strong> A qualidade OEM reduz os custos a longo prazo, evita problemas de compatibilidade e torna a manuten\u00e7\u00e3o sem problemas.<\/p>","protected":false},"featured_media":1042,"template":"","meta":{"_seopress_robots_primary_cat":"none","_seopress_titles_title":"%%post_title%%","_seopress_titles_desc":"%%post_excerpt%%","_seopress_robots_index":"","site-sidebar-layout":"default","site-content-layout":"","ast-site-content-layout":"default","site-content-style":"default","site-sidebar-style":"default","ast-global-header-display":"","ast-banner-title-visibility":"","ast-main-header-display":"","ast-hfb-above-header-display":"","ast-hfb-below-header-display":"","ast-hfb-mobile-header-display":"","site-post-title":"","ast-breadcrumbs-content":"","ast-featured-img":"","footer-sml-layout":"","ast-disable-related-posts":"","theme-transparent-header-meta":"default","adv-header-id-meta":"","stick-header-meta":"default","header-above-stick-meta":"","header-main-stick-meta":"","header-below-stick-meta":"","astra-migrate-meta-layouts":"set","ast-page-background-enabled":"default","ast-page-background-meta":{"desktop":{"background-color":"var(--ast-global-color-5)","background-image":"","background-repeat":"repeat","background-position":"center center","background-size":"auto","background-attachment":"scroll","background-type":"","background-media":"","overlay-type":"","overlay-color":"","overlay-opacity":"","overlay-gradient":""},"tablet":{"background-color":"","background-image":"","background-repeat":"repeat","background-position":"center center","background-size":"auto","background-attachment":"scroll","background-type":"","background-media":"","overlay-type":"","overlay-color":"","overlay-opacity":"","overlay-gradient":""},"mobile":{"background-color":"","background-image":"","background-repeat":"repeat","background-position":"center center","background-size":"auto","background-attachment":"scroll","background-type":"","background-media":"","overlay-type":"","overlay-color":"","overlay-opacity":"","overlay-gradient":""}},"ast-content-background-meta":{"desktop":{"background-color":"var(--ast-global-color-4)","background-image":"","background-repeat":"repeat","background-position":"center center","background-size":"auto","background-attachment":"scroll","background-type":"","background-media":"","overlay-type":"","overlay-color":"","overlay-opacity":"","overlay-gradient":""},"tablet":{"background-color":"var(--ast-global-color-4)","background-image":"","background-repeat":"repeat","background-position":"center center","background-size":"auto","background-attachment":"scroll","background-type":"","background-media":"","overlay-type":"","overlay-color":"","overlay-opacity":"","overlay-gradient":""},"mobile":{"background-color":"var(--ast-global-color-4)","background-image":"","background-repeat":"repeat","background-position":"center center","background-size":"auto","background-attachment":"scroll","background-type":"","background-media":"","overlay-type":"","overlay-color":"","overlay-opacity":"","overlay-gradient":""}}},"product_brand":[],"product_cat":[31],"product_tag":[],"class_list":{"0":"post-1041","1":"product","2":"type-product","3":"status-publish","4":"has-post-thumbnail","6":"product_cat-saic","7":"desktop-align-left","8":"tablet-align-left","9":"mobile-align-left","10":"ast-product-gallery-layout-horizontal-slider","11":"ast-product-gallery-with-no-image","12":"ast-product-tabs-layout-horizontal","14":"first","15":"instock","16":"featured","17":"shipping-taxable","18":"product-type-simple"},"_links":{"self":[{"href":"https:\/\/www.lanzunauto.com\/pt\/wp-json\/wp\/v2\/product\/1041","targetHints":{"allow":["GET"]}}],"collection":[{"href":"https:\/\/www.lanzunauto.com\/pt\/wp-json\/wp\/v2\/product"}],"about":[{"href":"https:\/\/www.lanzunauto.com\/pt\/wp-json\/wp\/v2\/types\/product"}],"wp:featuredmedia":[{"embeddable":true,"href":"https:\/\/www.lanzunauto.com\/pt\/wp-json\/wp\/v2\/media\/1042"}],"wp:attachment":[{"href":"https:\/\/www.lanzunauto.com\/pt\/wp-json\/wp\/v2\/media?parent=1041"}],"wp:term":[{"taxonomy":"product_brand","embeddable":true,"href":"https:\/\/www.lanzunauto.com\/pt\/wp-json\/wp\/v2\/product_brand?post=1041"},{"taxonomy":"product_cat","embeddable":true,"href":"https:\/\/www.lanzunauto.com\/pt\/wp-json\/wp\/v2\/product_cat?post=1041"},{"taxonomy":"product_tag","embeddable":true,"href":"https:\/\/www.lanzunauto.com\/pt\/wp-json\/wp\/v2\/product_tag?post=1041"}],"curies":[{"name":"wp","href":"https:\/\/api.w.org\/{rel}","templated":true}]}}