{"id":1035,"date":"2026-01-06T10:55:35","date_gmt":"2026-01-06T02:55:35","guid":{"rendered":"http:\/\/www.lanzunauto.com\/?post_type=product&#038;p=1035"},"modified":"2026-01-20T15:45:02","modified_gmt":"2026-01-20T07:45:02","slug":"chery-tiggo-5x-j68-original-replacement-hood-oem-j68-8402010-dy-for-j68-t18-t19-t1a-models","status":"publish","type":"product","link":"https:\/\/www.lanzunauto.com\/pt\/produto\/chery-tiggo-5x-j68-original-replacement-hood-oem-j68-8402010-dy-for-j68-t18-t19-t1a-models\/","title":{"rendered":"Chery Tiggo 5X J68 Capota de substitui\u00e7\u00e3o original (OEM J68-8402010-DY) para os modelos J68\/T18\/T19\/T1A"},"content":{"rendered":"<p><strong>Modelos aplic\u00e1veis:<\/strong> Chery Tiggo 5X J68\/T18\/T19\/T1A<br \/>\n<strong>N\u00famero de pe\u00e7a OEM:<\/strong> J68-8402010-DY<br \/>\n<strong>Material:<\/strong> A\u00e7o de alta resist\u00eancia\/material comp\u00f3sito leve (podem ser acrescentados pormenores)<br \/>\n<strong>Tratamento de superf\u00edcie:<\/strong> Revestimento anti-corros\u00e3o, forte resist\u00eancia \u00e0s intemp\u00e9ries<br \/>\n<strong>M\u00e9todo de instala\u00e7\u00e3o:<\/strong> Orif\u00edcios de montagem originais de f\u00e1brica, permite uma instala\u00e7\u00e3o r\u00e1pida<br \/>\nAs suas principais fun\u00e7\u00f5es s\u00e3o a prote\u00e7\u00e3o do motor, o isolamento t\u00e9rmico e o isolamento ac\u00fastico, exigindo tamb\u00e9m uma constru\u00e7\u00e3o leve e uma elevada resist\u00eancia. \u00c9 constitu\u00eddo por pain\u00e9is interiores e exteriores com material isolante em forma de sandu\u00edche e, normalmente, tem uma estrutura interna. \u00c9 um dos principais focos do design autom\u00f3vel e da aten\u00e7\u00e3o do consumidor. O mecanismo de abertura do cap\u00f4 dos ve\u00edculos Chery \u00e9 semelhante ao de outros autom\u00f3veis, utilizando um puxador de liberta\u00e7\u00e3o interno e um trinco de seguran\u00e7a frontal para o funcionamento.<\/p>","protected":false},"excerpt":{"rendered":"<p><strong>Origem<\/strong>\uff1aChina<br \/>\n<strong>Marca\uff1aCHERY<\/strong><br \/>\n<strong>Ajuste exato:<\/strong> Concebido especificamente para os modelos J68\/T18\/T19\/T1A, com n\u00fameros de pe\u00e7a originais de f\u00e1brica que garantem uma correspond\u00eancia perfeita.<br \/>\n<strong>Qualidade do equipamento original:<\/strong> Fabricado com materiais de alta resist\u00eancia, resistente \u00e0 corros\u00e3o e ao impacto para uma durabilidade duradoura.<br \/>\n<strong>Aspeto consistente:<\/strong> Mant\u00e9m o design ic\u00f3nico da s\u00e9rie Tiggo, misturando-se perfeitamente com a carro\u00e7aria do ve\u00edculo ap\u00f3s a substitui\u00e7\u00e3o.<br \/>\n<strong>Instala\u00e7\u00e3o c\u00f3moda:<\/strong> As especifica\u00e7\u00f5es originais de f\u00e1brica simplificam o processo de substitui\u00e7\u00e3o, poupando tempo e esfor\u00e7o.<br \/>\n<strong>Desempenho optimizado:<\/strong> Melhora a efici\u00eancia da dissipa\u00e7\u00e3o de calor e a estabilidade estrutural, equilibrando a seguran\u00e7a e a experi\u00eancia de condu\u00e7\u00e3o.<\/p>","protected":false},"featured_media":1036,"template":"","meta":{"_seopress_robots_primary_cat":"none","_seopress_titles_title":"%%post_title%%","_seopress_titles_desc":"%%post_excerpt%%","_seopress_robots_index":"","site-sidebar-layout":"default","site-content-layout":"","ast-site-content-layout":"default","site-content-style":"default","site-sidebar-style":"default","ast-global-header-display":"","ast-banner-title-visibility":"","ast-main-header-display":"","ast-hfb-above-header-display":"","ast-hfb-below-header-display":"","ast-hfb-mobile-header-display":"","site-post-title":"","ast-breadcrumbs-content":"","ast-featured-img":"","footer-sml-layout":"","ast-disable-related-posts":"","theme-transparent-header-meta":"default","adv-header-id-meta":"","stick-header-meta":"default","header-above-stick-meta":"","header-main-stick-meta":"","header-below-stick-meta":"","astra-migrate-meta-layouts":"set","ast-page-background-enabled":"default","ast-page-background-meta":{"desktop":{"background-color":"var(--ast-global-color-5)","background-image":"","background-repeat":"repeat","background-position":"center center","background-size":"auto","background-attachment":"scroll","background-type":"","background-media":"","overlay-type":"","overlay-color":"","overlay-opacity":"","overlay-gradient":""},"tablet":{"background-color":"","background-image":"","background-repeat":"repeat","background-position":"center center","background-size":"auto","background-attachment":"scroll","background-type":"","background-media":"","overlay-type":"","overlay-color":"","overlay-opacity":"","overlay-gradient":""},"mobile":{"background-color":"","background-image":"","background-repeat":"repeat","background-position":"center center","background-size":"auto","background-attachment":"scroll","background-type":"","background-media":"","overlay-type":"","overlay-color":"","overlay-opacity":"","overlay-gradient":""}},"ast-content-background-meta":{"desktop":{"background-color":"var(--ast-global-color-4)","background-image":"","background-repeat":"repeat","background-position":"center center","background-size":"auto","background-attachment":"scroll","background-type":"","background-media":"","overlay-type":"","overlay-color":"","overlay-opacity":"","overlay-gradient":""},"tablet":{"background-color":"var(--ast-global-color-4)","background-image":"","background-repeat":"repeat","background-position":"center center","background-size":"auto","background-attachment":"scroll","background-type":"","background-media":"","overlay-type":"","overlay-color":"","overlay-opacity":"","overlay-gradient":""},"mobile":{"background-color":"var(--ast-global-color-4)","background-image":"","background-repeat":"repeat","background-position":"center center","background-size":"auto","background-attachment":"scroll","background-type":"","background-media":"","overlay-type":"","overlay-color":"","overlay-opacity":"","overlay-gradient":""}}},"product_brand":[],"product_cat":[29],"product_tag":[],"class_list":{"0":"post-1035","1":"product","2":"type-product","3":"status-publish","4":"has-post-thumbnail","6":"product_cat-chery","7":"desktop-align-left","8":"tablet-align-left","9":"mobile-align-left","10":"ast-product-gallery-layout-horizontal-slider","11":"ast-product-gallery-with-no-image","12":"ast-product-tabs-layout-horizontal","14":"first","15":"instock","16":"shipping-taxable","17":"product-type-simple"},"_links":{"self":[{"href":"https:\/\/www.lanzunauto.com\/pt\/wp-json\/wp\/v2\/product\/1035","targetHints":{"allow":["GET"]}}],"collection":[{"href":"https:\/\/www.lanzunauto.com\/pt\/wp-json\/wp\/v2\/product"}],"about":[{"href":"https:\/\/www.lanzunauto.com\/pt\/wp-json\/wp\/v2\/types\/product"}],"wp:featuredmedia":[{"embeddable":true,"href":"https:\/\/www.lanzunauto.com\/pt\/wp-json\/wp\/v2\/media\/1036"}],"wp:attachment":[{"href":"https:\/\/www.lanzunauto.com\/pt\/wp-json\/wp\/v2\/media?parent=1035"}],"wp:term":[{"taxonomy":"product_brand","embeddable":true,"href":"https:\/\/www.lanzunauto.com\/pt\/wp-json\/wp\/v2\/product_brand?post=1035"},{"taxonomy":"product_cat","embeddable":true,"href":"https:\/\/www.lanzunauto.com\/pt\/wp-json\/wp\/v2\/product_cat?post=1035"},{"taxonomy":"product_tag","embeddable":true,"href":"https:\/\/www.lanzunauto.com\/pt\/wp-json\/wp\/v2\/product_tag?post=1035"}],"curies":[{"name":"wp","href":"https:\/\/api.w.org\/{rel}","templated":true}]}}