{"id":76,"date":"2026-01-04T10:49:53","date_gmt":"2026-01-04T02:49:53","guid":{"rendered":"http:\/\/rw.sdwailian.com\/?page_id=76"},"modified":"2026-01-30T14:51:24","modified_gmt":"2026-01-30T06:51:24","slug":"about-us","status":"publish","type":"page","link":"https:\/\/www.lanzunauto.com\/pt\/about-us\/","title":{"rendered":"Sobre n\u00f3s"},"content":{"rendered":"<div data-elementor-type=\"wp-page\" data-elementor-id=\"76\" class=\"elementor elementor-76\" data-elementor-post-type=\"page\">\n\t\t\t\t<div class=\"elementor-element elementor-element-369b1ab e-con-full e-flex e-con e-parent\" data-id=\"369b1ab\" data-element_type=\"container\" data-settings=\"{&quot;background_background&quot;:&quot;classic&quot;}\">\n\t\t<div class=\"elementor-element elementor-element-b6f7e33 e-flex e-con-boxed e-con e-child\" data-id=\"b6f7e33\" data-element_type=\"container\">\n\t\t\t\t\t<div class=\"e-con-inner\">\n\t\t\t\t<div class=\"elementor-element elementor-element-726ac8f elementor-widget elementor-widget-heading\" data-id=\"726ac8f\" data-element_type=\"widget\" data-widget_type=\"heading.default\">\n\t\t\t\t\t<h2 class=\"elementor-heading-title elementor-size-default\">sobre<\/h2>\t\t\t\t<\/div>\n\t\t\t\t\t<\/div>\n\t\t\t\t<\/div>\n\t\t\t\t<\/div>\n\t\t<div class=\"elementor-element elementor-element-9dd131b e-flex e-con-boxed e-con e-parent\" data-id=\"9dd131b\" data-element_type=\"container\">\n\t\t\t\t\t<div class=\"e-con-inner\">\n\t\t\t\t<div class=\"elementor-element elementor-element-6e09e6a elementor-widget elementor-widget-heading\" data-id=\"6e09e6a\" data-element_type=\"widget\" data-widget_type=\"heading.default\">\n\t\t\t\t\t<h2 class=\"elementor-heading-title elementor-size-default\">Perfil da empresa<\/h2>\t\t\t\t<\/div>\n\t\t\t\t<div class=\"elementor-element elementor-element-a9c9200 elementor-widget-divider--view-line elementor-widget elementor-widget-divider\" data-id=\"a9c9200\" data-element_type=\"widget\" data-widget_type=\"divider.default\">\n\t\t\t\t\t\t\t<div class=\"elementor-divider\">\n\t\t\t<span class=\"elementor-divider-separator\">\n\t\t\t\t\t\t<\/span>\n\t\t<\/div>\n\t\t\t\t\t\t<\/div>\n\t\t<div class=\"elementor-element elementor-element-413e40c e-flex e-con-boxed e-con e-child\" data-id=\"413e40c\" data-element_type=\"container\">\n\t\t\t\t\t<div class=\"e-con-inner\">\n\t\t<div class=\"elementor-element elementor-element-f022ef0 e-grid e-con-full e-con e-child\" data-id=\"f022ef0\" data-element_type=\"container\">\n\t\t<div class=\"elementor-element elementor-element-3bfffec e-con-full e-flex e-con e-child\" data-id=\"3bfffec\" data-element_type=\"container\">\n\t\t\t\t<div class=\"elementor-element elementor-element-a81b897 elementor-widget elementor-widget-text-editor\" data-id=\"a81b897\" data-element_type=\"widget\" data-widget_type=\"text-editor.default\">\n\t\t\t\t\t\t\t\t\t<p>A empresa Shandong Lanzun Supply Chain Management Co., Ltd. tem estado profundamente enraizada na ind\u00fastria autom\u00f3vel h\u00e1 mais de 10 anos, especializando-se na exporta\u00e7\u00e3o e venda de ve\u00edculos de passageiros e pe\u00e7as autom\u00f3veis. A nossa gama de produtos inclui marcas nacionais e internacionais de renome, tais como SAIC, FAW, Geely, BYD, Xpeng, AION, Li Auto, ORA, Wuling, Voyah, Zeekr e Tesla. Localizada em Weifang, prov\u00edncia de Shandong, a empresa possui o seu pr\u00f3prio sistema de aquisi\u00e7\u00e3o e transporte, com transporte terrestre que chega diretamente \u00e0 R\u00fassia, \u00c1sia Central e outras regi\u00f5es.<\/p>\t\t\t\t\t\t\t\t<\/div>\n\t\t\t\t<div class=\"elementor-element elementor-element-5063076 elementor-widget elementor-widget-text-editor\" data-id=\"5063076\" data-element_type=\"widget\" data-widget_type=\"text-editor.default\">\n\t\t\t\t\t\t\t\t\t<p>Temos armaz\u00e9ns em Guangzhou e Jinan, estrategicamente localizados perto de portos mar\u00edtimos, o que nos permite servir clientes em todo o mundo. Ao concentrarmo-nos na nossa cadeia de fornecimento autom\u00f3vel, fornecemos produtos competitivos e servi\u00e7os profissionais aos mercados globais, implementando uma pol\u00edtica de \"tr\u00eas satisfa\u00e7\u00f5es\" para os nossos clientes: \"satisfa\u00e7\u00e3o com a qualidade, satisfa\u00e7\u00e3o com o servi\u00e7o e satisfa\u00e7\u00e3o com o pre\u00e7o\". Estamos orientados para o cliente, fornecendo servi\u00e7os mais eficientes de ve\u00edculos de passageiros e pe\u00e7as.<\/p>\t\t\t\t\t\t\t\t<\/div>\n\t\t\t\t<\/div>\n\t\t\t\t<div class=\"elementor-element elementor-element-953615a elementor-widget elementor-widget-image\" data-id=\"953615a\" data-element_type=\"widget\" data-widget_type=\"image.default\">\n\t\t\t\t\t\t\t\t\t\t\t\t\t\t\t<img alt=\"\" fetchpriority=\"high\" decoding=\"async\" width=\"780\" height=\"430\" src=\"https:\/\/www.lanzunauto.com\/wp-content\/uploads\/2026\/01\/about.jpg\" class=\"attachment-large size-large wp-image-900\" srcset=\"https:\/\/www.lanzunauto.com\/wp-content\/uploads\/2026\/01\/about.jpg 780w, https:\/\/www.lanzunauto.com\/wp-content\/uploads\/2026\/01\/about-600x331.jpg 600w, https:\/\/www.lanzunauto.com\/wp-content\/uploads\/2026\/01\/about-300x165.jpg 300w, https:\/\/www.lanzunauto.com\/wp-content\/uploads\/2026\/01\/about-768x423.jpg 768w\" sizes=\"(max-width: 780px) 100vw, 780px\" \/>\t\t\t\t\t\t\t\t\t\t\t\t\t\t\t<\/div>\n\t\t\t\t<\/div>\n\t\t\t\t\t<\/div>\n\t\t\t\t<\/div>\n\t\t\t\t\t<\/div>\n\t\t\t\t<\/div>\n\t\t<div class=\"elementor-element elementor-element-39e6cbb e-con-full e-flex e-con e-parent\" data-id=\"39e6cbb\" data-element_type=\"container\" data-settings=\"{&quot;background_background&quot;:&quot;classic&quot;}\">\n\t\t<div class=\"elementor-element elementor-element-40b706f e-flex e-con-boxed e-con e-child\" data-id=\"40b706f\" data-element_type=\"container\">\n\t\t\t\t\t<div class=\"e-con-inner\">\n\t\t\t\t<div class=\"elementor-element elementor-element-4880698 elementor-widget elementor-widget-heading\" data-id=\"4880698\" data-element_type=\"widget\" data-widget_type=\"heading.default\">\n\t\t\t\t\t<h2 class=\"elementor-heading-title elementor-size-default\">Apresenta\u00e7\u00e3o da equipa<\/h2>\t\t\t\t<\/div>\n\t\t\t\t<div class=\"elementor-element elementor-element-11a8b6b elementor-widget elementor-widget-text-editor\" data-id=\"11a8b6b\" data-element_type=\"widget\" data-widget_type=\"text-editor.default\">\n\t\t\t\t\t\t\t\t\t<p>Somos uma equipa central profundamente enraizada no dom\u00ednio dos componentes para ve\u00edculos movidos a novas energias, dedicada a fornecer produtos e solu\u00e7\u00f5es inovadores e de alta qualidade ao mercado global.<\/p>\t\t\t\t\t\t\t\t<\/div>\n\t\t\t\t<div class=\"elementor-element elementor-element-5aff1d4 elementor-widget elementor-widget-text-editor\" data-id=\"5aff1d4\" data-element_type=\"widget\" data-widget_type=\"text-editor.default\">\n\t\t\t\t\t\t\t\t\t<p>Os membros da nossa equipa principal possuem anos de experi\u00eancia no fabrico de autom\u00f3veis e na gest\u00e3o da cadeia de fornecimento, com conhecimentos profundos sobre as tend\u00eancias das novas tecnologias energ\u00e9ticas e as exig\u00eancias do mercado internacional. Reunimos membros seniores de I&amp;D, qualidade, produ\u00e7\u00e3o e neg\u00f3cios internacionais, garantindo precis\u00e3o e fiabilidade em todas as fases, desde a verifica\u00e7\u00e3o do design at\u00e9 \u00e0 entrega em massa, atrav\u00e9s de s\u00f3lidos conhecimentos profissionais e de uma procura partilhada de excel\u00eancia.<\/p>\t\t\t\t\t\t\t\t<\/div>\n\t\t\t\t<div class=\"elementor-element elementor-element-44e521f elementor-widget elementor-widget-text-editor\" data-id=\"44e521f\" data-element_type=\"widget\" data-widget_type=\"text-editor.default\">\n\t\t\t\t\t\t\t\t\t<p>Aderimos a uma abordagem centrada no cliente e orientada para a tecnologia, esfor\u00e7ando-nos por nos tornarmos um parceiro de confian\u00e7a para clientes estrangeiros atrav\u00e9s de uma colabora\u00e7\u00e3o estreita e de uma resposta \u00e1gil, impulsionando em conjunto a transforma\u00e7\u00e3o ecol\u00f3gica da mobilidade global.<\/p>\t\t\t\t\t\t\t\t<\/div>\n\t\t<div class=\"elementor-element elementor-element-7205750 e-con-full e-flex e-con e-child\" data-id=\"7205750\" data-element_type=\"container\">\n\t\t<div class=\"elementor-element elementor-element-5c34203 e-grid e-con-full e-con e-child\" data-id=\"5c34203\" data-element_type=\"container\">\n\t\t\t\t<div class=\"elementor-element elementor-element-69771b3 elementor-position-top elementor-widget elementor-widget-image-box\" data-id=\"69771b3\" data-element_type=\"widget\" data-widget_type=\"image-box.default\">\n\t\t\t\t\t<div class=\"elementor-image-box-wrapper\"><figure class=\"elementor-image-box-img\"><img alt=\"\" decoding=\"async\" width=\"60\" height=\"60\" src=\"https:\/\/www.lanzunauto.com\/wp-content\/uploads\/2026\/01\/1-1.png\" class=\"attachment-full size-full wp-image-560\" \/><\/figure><div class=\"elementor-image-box-content\"><h3 class=\"elementor-image-box-title\">Gest\u00e3o de fornecedores<\/h3><p class=\"elementor-image-box-description\">Desenvolver, avaliar e selecionar fornecedores globais de pe\u00e7as autom\u00f3veis de alta qualidade, estabelecer e manter boas rela\u00e7\u00f5es de coopera\u00e7\u00e3o e garantir que os fornecedores possam fornecer produtos est\u00e1veis e de alta qualidade.<\/p><\/div><\/div>\t\t\t\t<\/div>\n\t\t\t\t<div class=\"elementor-element elementor-element-12c1370 elementor-position-top elementor-widget elementor-widget-image-box\" data-id=\"12c1370\" data-element_type=\"widget\" data-widget_type=\"image-box.default\">\n\t\t\t\t\t<div class=\"elementor-image-box-wrapper\"><figure class=\"elementor-image-box-img\"><img alt=\"\" decoding=\"async\" width=\"60\" height=\"60\" src=\"https:\/\/www.lanzunauto.com\/wp-content\/uploads\/2026\/01\/2.png\" class=\"attachment-full size-full wp-image-567\" \/><\/figure><div class=\"elementor-image-box-content\"><h3 class=\"elementor-image-box-title\">Aquisi\u00e7\u00e3o de pe\u00e7as<\/h3><p class=\"elementor-image-box-description\">Com base nas necessidades dos clientes, adquirimos com precis\u00e3o v\u00e1rias pe\u00e7as para autom\u00f3veis, abrangendo componentes essenciais, como motores e transmiss\u00f5es, bem como pe\u00e7as comuns, como parafusos e juntas, tirando partido da nossa vantagem de escala para garantir pre\u00e7os e condi\u00e7\u00f5es preferenciais.<\/p><\/div><\/div>\t\t\t\t<\/div>\n\t\t\t\t<div class=\"elementor-element elementor-element-01f37fd elementor-position-top elementor-widget elementor-widget-image-box\" data-id=\"01f37fd\" data-element_type=\"widget\" data-widget_type=\"image-box.default\">\n\t\t\t\t\t<div class=\"elementor-image-box-wrapper\"><figure class=\"elementor-image-box-img\"><img alt=\"\" loading=\"lazy\" decoding=\"async\" width=\"60\" height=\"60\" src=\"https:\/\/www.lanzunauto.com\/wp-content\/uploads\/2026\/01\/3.png\" class=\"attachment-full size-full wp-image-571\" \/><\/figure><div class=\"elementor-image-box-content\"><h3 class=\"elementor-image-box-title\">Gest\u00e3o de encomendas<\/h3><p class=\"elementor-image-box-description\">Respons\u00e1vel pelo processamento das encomendas dos clientes, incluindo a rece\u00e7\u00e3o, a an\u00e1lise, o acompanhamento e a coordena\u00e7\u00e3o das encomendas, assegurando a execu\u00e7\u00e3o exacta e atempada das encomendas, a comunica\u00e7\u00e3o estreita com os fornecedores, o acompanhamento do progresso da produ\u00e7\u00e3o e o feedback atempado sobre o estado das encomendas.<\/p><\/div><\/div>\t\t\t\t<\/div>\n\t\t\t\t<\/div>\n\t\t\t\t<\/div>\n\t\t\t\t\t<\/div>\n\t\t\t\t<\/div>\n\t\t\t\t<\/div>\n\t\t<div class=\"elementor-element elementor-element-e815fbb e-flex e-con-boxed e-con e-parent\" data-id=\"e815fbb\" data-element_type=\"container\">\n\t\t\t\t\t<div class=\"e-con-inner\">\n\t\t\t\t<div class=\"elementor-element elementor-element-fdabc6a elementor-widget elementor-widget-heading\" data-id=\"fdabc6a\" data-element_type=\"widget\" data-widget_type=\"heading.default\">\n\t\t\t\t\t<h2 class=\"elementor-heading-title elementor-size-default\">F\u00e1brica Show<\/h2>\t\t\t\t<\/div>\n\t\t<div class=\"elementor-element elementor-element-2fad421 e-con-full e-flex e-con e-child\" data-id=\"2fad421\" data-element_type=\"container\">\n\t\t\t\t<div class=\"elementor-element elementor-element-9e7bb0b gallery-spacing-custom elementor-widget elementor-widget-image-gallery\" data-id=\"9e7bb0b\" data-element_type=\"widget\" data-widget_type=\"image-gallery.default\">\n\t\t\t\t\t\t\t<div class=\"elementor-image-gallery\">\n\t\t\t<div id='gallery-1' class='gallery galleryid-76 gallery-columns-5 gallery-size-full'><figure class='gallery-item'>\n\t\t\t<div class='gallery-icon landscape'>\n\t\t\t\t<a data-elementor-open-lightbox=\"yes\" data-elementor-lightbox-slideshow=\"9e7bb0b\" data-elementor-lightbox-title=\"01\" data-e-action-hash=\"#elementor-action%3Aaction%3Dlightbox%26settings%3DeyJpZCI6NTk3LCJ1cmwiOiJodHRwczpcL1wvd3d3Lmxhbnp1bmF1dG8uY29tXC93cC1jb250ZW50XC91cGxvYWRzXC8yMDI2XC8wMVwvMDEuanBnIiwic2xpZGVzaG93IjoiOWU3YmIwYiJ9\" href='https:\/\/www.lanzunauto.com\/wp-content\/uploads\/2026\/01\/01.jpg'><img loading=\"lazy\" decoding=\"async\" width=\"480\" height=\"320\" src=\"https:\/\/www.lanzunauto.com\/wp-content\/uploads\/2026\/01\/01.jpg\" class=\"attachment-full size-full\" alt=\"\" srcset=\"https:\/\/www.lanzunauto.com\/wp-content\/uploads\/2026\/01\/01.jpg 480w, https:\/\/www.lanzunauto.com\/wp-content\/uploads\/2026\/01\/01-300x200.jpg 300w\" sizes=\"(max-width: 480px) 100vw, 480px\" \/><\/a>\n\t\t\t<\/div><\/figure><figure class='gallery-item'>\n\t\t\t<div class='gallery-icon landscape'>\n\t\t\t\t<a data-elementor-open-lightbox=\"yes\" data-elementor-lightbox-slideshow=\"9e7bb0b\" data-elementor-lightbox-title=\"02\" data-e-action-hash=\"#elementor-action%3Aaction%3Dlightbox%26settings%3DeyJpZCI6NTk4LCJ1cmwiOiJodHRwczpcL1wvd3d3Lmxhbnp1bmF1dG8uY29tXC93cC1jb250ZW50XC91cGxvYWRzXC8yMDI2XC8wMVwvMDIuanBnIiwic2xpZGVzaG93IjoiOWU3YmIwYiJ9\" href='https:\/\/www.lanzunauto.com\/wp-content\/uploads\/2026\/01\/02.jpg'><img loading=\"lazy\" decoding=\"async\" width=\"480\" height=\"320\" src=\"https:\/\/www.lanzunauto.com\/wp-content\/uploads\/2026\/01\/02.jpg\" class=\"attachment-full size-full\" alt=\"\" srcset=\"https:\/\/www.lanzunauto.com\/wp-content\/uploads\/2026\/01\/02.jpg 480w, https:\/\/www.lanzunauto.com\/wp-content\/uploads\/2026\/01\/02-300x200.jpg 300w\" sizes=\"(max-width: 480px) 100vw, 480px\" \/><\/a>\n\t\t\t<\/div><\/figure><figure class='gallery-item'>\n\t\t\t<div class='gallery-icon landscape'>\n\t\t\t\t<a data-elementor-open-lightbox=\"yes\" data-elementor-lightbox-slideshow=\"9e7bb0b\" data-elementor-lightbox-title=\"03\" data-e-action-hash=\"#elementor-action%3Aaction%3Dlightbox%26settings%3DeyJpZCI6NTk5LCJ1cmwiOiJodHRwczpcL1wvd3d3Lmxhbnp1bmF1dG8uY29tXC93cC1jb250ZW50XC91cGxvYWRzXC8yMDI2XC8wMVwvMDMuanBnIiwic2xpZGVzaG93IjoiOWU3YmIwYiJ9\" href='https:\/\/www.lanzunauto.com\/wp-content\/uploads\/2026\/01\/03.jpg'><img loading=\"lazy\" decoding=\"async\" width=\"480\" height=\"320\" src=\"https:\/\/www.lanzunauto.com\/wp-content\/uploads\/2026\/01\/03.jpg\" class=\"attachment-full size-full\" alt=\"\" srcset=\"https:\/\/www.lanzunauto.com\/wp-content\/uploads\/2026\/01\/03.jpg 480w, https:\/\/www.lanzunauto.com\/wp-content\/uploads\/2026\/01\/03-300x200.jpg 300w\" sizes=\"(max-width: 480px) 100vw, 480px\" \/><\/a>\n\t\t\t<\/div><\/figure><figure class='gallery-item'>\n\t\t\t<div class='gallery-icon landscape'>\n\t\t\t\t<a data-elementor-open-lightbox=\"yes\" data-elementor-lightbox-slideshow=\"9e7bb0b\" data-elementor-lightbox-title=\"04\" data-e-action-hash=\"#elementor-action%3Aaction%3Dlightbox%26settings%3DeyJpZCI6NjAwLCJ1cmwiOiJodHRwczpcL1wvd3d3Lmxhbnp1bmF1dG8uY29tXC93cC1jb250ZW50XC91cGxvYWRzXC8yMDI2XC8wMVwvMDQuanBnIiwic2xpZGVzaG93IjoiOWU3YmIwYiJ9\" href='https:\/\/www.lanzunauto.com\/wp-content\/uploads\/2026\/01\/04.jpg'><img loading=\"lazy\" decoding=\"async\" width=\"480\" height=\"320\" src=\"https:\/\/www.lanzunauto.com\/wp-content\/uploads\/2026\/01\/04.jpg\" class=\"attachment-full size-full\" alt=\"\" srcset=\"https:\/\/www.lanzunauto.com\/wp-content\/uploads\/2026\/01\/04.jpg 480w, https:\/\/www.lanzunauto.com\/wp-content\/uploads\/2026\/01\/04-300x200.jpg 300w\" sizes=\"(max-width: 480px) 100vw, 480px\" \/><\/a>\n\t\t\t<\/div><\/figure><figure class='gallery-item'>\n\t\t\t<div class='gallery-icon landscape'>\n\t\t\t\t<a data-elementor-open-lightbox=\"yes\" data-elementor-lightbox-slideshow=\"9e7bb0b\" data-elementor-lightbox-title=\"05\" data-e-action-hash=\"#elementor-action%3Aaction%3Dlightbox%26settings%3DeyJpZCI6NjAxLCJ1cmwiOiJodHRwczpcL1wvd3d3Lmxhbnp1bmF1dG8uY29tXC93cC1jb250ZW50XC91cGxvYWRzXC8yMDI2XC8wMVwvMDUuanBnIiwic2xpZGVzaG93IjoiOWU3YmIwYiJ9\" href='https:\/\/www.lanzunauto.com\/wp-content\/uploads\/2026\/01\/05.jpg'><img loading=\"lazy\" decoding=\"async\" width=\"480\" height=\"320\" src=\"https:\/\/www.lanzunauto.com\/wp-content\/uploads\/2026\/01\/05.jpg\" class=\"attachment-full size-full\" alt=\"\" srcset=\"https:\/\/www.lanzunauto.com\/wp-content\/uploads\/2026\/01\/05.jpg 480w, https:\/\/www.lanzunauto.com\/wp-content\/uploads\/2026\/01\/05-300x200.jpg 300w\" sizes=\"(max-width: 480px) 100vw, 480px\" \/><\/a>\n\t\t\t<\/div><\/figure>\n\t\t<\/div>\n\t\t<\/div>\n\t\t\t\t\t\t<\/div>\n\t\t\t\t<\/div>\n\t\t\t\t\t<\/div>\n\t\t\t\t<\/div>\n\t\t\t\t<\/div>","protected":false},"excerpt":{"rendered":"<p>about Company Profile Shandong Lanzun Supply Chain Management Co., Ltd. has been deeply rooted in the automotive industry for over 10 years, specializing in the export and sales of passenger vehicles and automotive parts. Our product range includes renowned domestic and [&hellip;]<\/p>","protected":false},"author":1,"featured_media":0,"parent":0,"menu_order":0,"comment_status":"closed","ping_status":"closed","template":"","meta":{"_seopress_robots_primary_cat":"","_seopress_titles_title":"","_seopress_titles_desc":"","_seopress_robots_index":"","site-sidebar-layout":"no-sidebar","site-content-layout":"","ast-site-content-layout":"full-width-container","site-content-style":"default","site-sidebar-style":"default","ast-global-header-display":"","ast-banner-title-visibility":"","ast-main-header-display":"","ast-hfb-above-header-display":"","ast-hfb-below-header-display":"","ast-hfb-mobile-header-display":"","site-post-title":"disabled","ast-breadcrumbs-content":"","ast-featured-img":"disabled","footer-sml-layout":"","ast-disable-related-posts":"","theme-transparent-header-meta":"","adv-header-id-meta":"","stick-header-meta":"","header-above-stick-meta":"","header-main-stick-meta":"","header-below-stick-meta":"","astra-migrate-meta-layouts":"default","ast-page-background-enabled":"default","ast-page-background-meta":{"desktop":{"background-color":"var(--ast-global-color-5)","background-image":"","background-repeat":"repeat","background-position":"center center","background-size":"auto","background-attachment":"scroll","background-type":"","background-media":"","overlay-type":"","overlay-color":"","overlay-opacity":"","overlay-gradient":""},"tablet":{"background-color":"","background-image":"","background-repeat":"repeat","background-position":"center center","background-size":"auto","background-attachment":"scroll","background-type":"","background-media":"","overlay-type":"","overlay-color":"","overlay-opacity":"","overlay-gradient":""},"mobile":{"background-color":"","background-image":"","background-repeat":"repeat","background-position":"center center","background-size":"auto","background-attachment":"scroll","background-type":"","background-media":"","overlay-type":"","overlay-color":"","overlay-opacity":"","overlay-gradient":""}},"ast-content-background-meta":{"desktop":{"background-color":"var(--ast-global-color-4)","background-image":"","background-repeat":"repeat","background-position":"center center","background-size":"auto","background-attachment":"scroll","background-type":"","background-media":"","overlay-type":"","overlay-color":"","overlay-opacity":"","overlay-gradient":""},"tablet":{"background-color":"var(--ast-global-color-4)","background-image":"","background-repeat":"repeat","background-position":"center center","background-size":"auto","background-attachment":"scroll","background-type":"","background-media":"","overlay-type":"","overlay-color":"","overlay-opacity":"","overlay-gradient":""},"mobile":{"background-color":"var(--ast-global-color-4)","background-image":"","background-repeat":"repeat","background-position":"center center","background-size":"auto","background-attachment":"scroll","background-type":"","background-media":"","overlay-type":"","overlay-color":"","overlay-opacity":"","overlay-gradient":""}},"footnotes":""},"class_list":["post-76","page","type-page","status-publish","hentry"],"_links":{"self":[{"href":"https:\/\/www.lanzunauto.com\/pt\/wp-json\/wp\/v2\/pages\/76","targetHints":{"allow":["GET"]}}],"collection":[{"href":"https:\/\/www.lanzunauto.com\/pt\/wp-json\/wp\/v2\/pages"}],"about":[{"href":"https:\/\/www.lanzunauto.com\/pt\/wp-json\/wp\/v2\/types\/page"}],"author":[{"embeddable":true,"href":"https:\/\/www.lanzunauto.com\/pt\/wp-json\/wp\/v2\/users\/1"}],"replies":[{"embeddable":true,"href":"https:\/\/www.lanzunauto.com\/pt\/wp-json\/wp\/v2\/comments?post=76"}],"version-history":[{"count":145,"href":"https:\/\/www.lanzunauto.com\/pt\/wp-json\/wp\/v2\/pages\/76\/revisions"}],"predecessor-version":[{"id":1656,"href":"https:\/\/www.lanzunauto.com\/pt\/wp-json\/wp\/v2\/pages\/76\/revisions\/1656"}],"wp:attachment":[{"href":"https:\/\/www.lanzunauto.com\/pt\/wp-json\/wp\/v2\/media?parent=76"}],"curies":[{"name":"wp","href":"https:\/\/api.w.org\/{rel}","templated":true}]}}