{"id":625,"date":"2026-01-08T17:36:34","date_gmt":"2026-01-08T09:36:34","guid":{"rendered":"http:\/\/rw.sdwailian.com\/?page_id=625"},"modified":"2026-01-30T14:53:14","modified_gmt":"2026-01-30T06:53:14","slug":"social-responsibility","status":"publish","type":"page","link":"https:\/\/www.lanzunauto.com\/pt\/social-responsibility\/","title":{"rendered":"Responsabilidade social"},"content":{"rendered":"<div data-elementor-type=\"wp-page\" data-elementor-id=\"625\" class=\"elementor elementor-625\" data-elementor-post-type=\"page\">\n\t\t\t\t<div class=\"elementor-element elementor-element-6906866f e-con-full e-flex e-con e-parent\" data-id=\"6906866f\" data-element_type=\"container\" data-settings=\"{&quot;background_background&quot;:&quot;classic&quot;}\">\n\t\t<div class=\"elementor-element elementor-element-75a97e3a e-flex e-con-boxed e-con e-child\" data-id=\"75a97e3a\" data-element_type=\"container\">\n\t\t\t\t\t<div class=\"e-con-inner\">\n\t\t\t\t<div class=\"elementor-element elementor-element-2a954fc2 elementor-widget elementor-widget-heading\" data-id=\"2a954fc2\" data-element_type=\"widget\" data-widget_type=\"heading.default\">\n\t\t\t\t\t<h2 class=\"elementor-heading-title elementor-size-default\">Responsabilidade social<\/h2>\t\t\t\t<\/div>\n\t\t\t\t\t<\/div>\n\t\t\t\t<\/div>\n\t\t\t\t<\/div>\n\t\t<div class=\"elementor-element elementor-element-0e4d151 e-flex e-con-boxed e-con e-parent\" data-id=\"0e4d151\" data-element_type=\"container\">\n\t\t\t\t\t<div class=\"e-con-inner\">\n\t\t\t\t<div class=\"elementor-element elementor-element-4d92e98 elementor-widget elementor-widget-heading\" data-id=\"4d92e98\" data-element_type=\"widget\" data-widget_type=\"heading.default\">\n\t\t\t\t\t<h2 class=\"elementor-heading-title elementor-size-default\">A nossa responsabilidade social: Cumprir os nossos deveres profissionais com integridade<\/h2>\t\t\t\t<\/div>\n\t\t\t\t<div class=\"elementor-element elementor-element-a083121 elementor-widget elementor-widget-text-editor\" data-id=\"a083121\" data-element_type=\"widget\" data-widget_type=\"text-editor.default\">\n\t\t\t\t\t\t\t\t\tCompreendemos profundamente que o desenvolvimento a longo prazo de uma empresa \u00e9 insepar\u00e1vel de uma coexist\u00eancia harmoniosa com a sociedade. Como participante ativo na cadeia global da ind\u00fastria autom\u00f3vel, ao mesmo tempo que criamos valor comercial, estamos empenhados em cumprir os nossos s\u00f3lidos compromissos com todas as partes interessadas. A nossa responsabilidade social est\u00e1 enraizada no profissionalismo e manifesta-se na a\u00e7\u00e3o.\t\t\t\t\t\t\t\t<\/div>\n\t\t\t\t<div class=\"elementor-element elementor-element-a7f3824 elementor-widget-divider--view-line elementor-widget elementor-widget-divider\" data-id=\"a7f3824\" data-element_type=\"widget\" data-widget_type=\"divider.default\">\n\t\t\t\t\t\t\t<div class=\"elementor-divider\">\n\t\t\t<span class=\"elementor-divider-separator\">\n\t\t\t\t\t\t<\/span>\n\t\t<\/div>\n\t\t\t\t\t\t<\/div>\n\t\t<div class=\"elementor-element elementor-element-4f8aadc e-grid e-con-full e-con e-child\" data-id=\"4f8aadc\" data-element_type=\"container\">\n\t\t<div class=\"elementor-element elementor-element-32556f3 e-con-full e-flex e-con e-child\" data-id=\"32556f3\" data-element_type=\"container\">\n\t\t\t\t<div class=\"elementor-element elementor-element-88103ea elementor-widget elementor-widget-heading\" data-id=\"88103ea\" data-element_type=\"widget\" data-widget_type=\"heading.default\">\n\t\t\t\t\t<h2 class=\"elementor-heading-title elementor-size-default\">Responsabilidade da ind\u00fastria e do cliente: Manter os padr\u00f5es de qualidade e impulsionar o progresso da ind\u00fastria<\/h2>\t\t\t\t<\/div>\n\t\t\t\t<div class=\"elementor-element elementor-element-95dcbd0 elementor-widget elementor-widget-text-editor\" data-id=\"95dcbd0\" data-element_type=\"widget\" data-widget_type=\"text-editor.default\">\n\t\t\t\t\t\t\t\t\t<p>Assumimos uma miss\u00e3o profissional e \u00fanica para com os sectores e clientes que servimos:<\/p><p>Seguran\u00e7a e qualidade: Consideramos a fiabilidade e a seguran\u00e7a dos produtos como a nossa t\u00e1bua de salva\u00e7\u00e3o, assegurando que todos os produtos exportados cumprem ou excedem as normas atrav\u00e9s de processos rigorosos.<\/p><p>Colabora\u00e7\u00e3o profissional: Tirando partido do nosso profundo conhecimento do mercado internacional e das nossas capacidades profissionais, fornecemos aos clientes solu\u00e7\u00f5es eficientes e precisas para a cadeia de abastecimento, tornando-nos o seu apoio fi\u00e1vel.<\/p><p>Co-cria\u00e7\u00e3o de valor: Atrav\u00e9s de melhorias tecnol\u00f3gicas e de processos cont\u00ednuas, ajudamos os clientes a aumentar a sua competitividade e, em conjunto, impulsionamos o desenvolvimento constante da ind\u00fastria autom\u00f3vel.<\/p>\t\t\t\t\t\t\t\t<\/div>\n\t\t\t\t<\/div>\n\t\t<div class=\"elementor-element elementor-element-1a7db89 e-con-full e-flex e-con e-child\" data-id=\"1a7db89\" data-element_type=\"container\">\n\t\t\t\t<div class=\"elementor-element elementor-element-5a53733 elementor-widget elementor-widget-heading\" data-id=\"5a53733\" data-element_type=\"widget\" data-widget_type=\"heading.default\">\n\t\t\t\t\t<h2 class=\"elementor-heading-title elementor-size-default\">Responsabilidade dos funcion\u00e1rios: Construir uma plataforma para o crescimento e salvaguardar o nosso lar feliz.<\/h2>\t\t\t\t<\/div>\n\t\t\t\t<div class=\"elementor-element elementor-element-678e597 elementor-widget elementor-widget-text-editor\" data-id=\"678e597\" data-element_type=\"widget\" data-widget_type=\"text-editor.default\">\n\t\t\t\t\t\t\t\t\t<p>Os nossos colaboradores s\u00e3o o ativo mais valioso da empresa:<\/p><p>Respeito e justi\u00e7a: Promovemos um ambiente de trabalho aberto, igualit\u00e1rio e de respeito m\u00fatuo, salvaguardando os direitos leg\u00edtimos e as oportunidades de desenvolvimento de cada colaborador.<\/p><p>Sa\u00fade e seguran\u00e7a: Defendemos o objetivo da produ\u00e7\u00e3o segura, cuidamos da sa\u00fade f\u00edsica e mental dos nossos funcion\u00e1rios e criamos um local de trabalho seguro e protegido.<\/p><p>Crescimento e realiza\u00e7\u00e3o: Disponibilizamos recursos sistem\u00e1ticos de aprendizagem e desenvolvimento para ajudar os colaboradores a melhorar as suas compet\u00eancias profissionais e a realizar o seu valor pessoal e sucesso na carreira.<\/p>\t\t\t\t\t\t\t\t<\/div>\n\t\t\t\t<\/div>\n\t\t<div class=\"elementor-element elementor-element-1c787f1 e-con-full e-flex e-con e-child\" data-id=\"1c787f1\" data-element_type=\"container\">\n\t\t\t\t<div class=\"elementor-element elementor-element-fdd561c elementor-widget elementor-widget-heading\" data-id=\"fdd561c\" data-element_type=\"widget\" data-widget_type=\"heading.default\">\n\t\t\t\t\t<h2 class=\"elementor-heading-title elementor-size-default\">Comunidade e responsabilidade p\u00fablica: Ser um excelente cidad\u00e3o corporativo<\/h2>\t\t\t\t<\/div>\n\t\t\t\t<div class=\"elementor-element elementor-element-80d398c elementor-widget elementor-widget-text-editor\" data-id=\"80d398c\" data-element_type=\"widget\" data-widget_type=\"text-editor.default\">\n\t\t\t\t\t\t\t\t\t<p>Contribu\u00edmos ativamente para a sociedade e cumprimos as nossas obriga\u00e7\u00f5es de cidadania empresarial:<\/p><p>Integra\u00e7\u00e3o local: Em todas as nossas opera\u00e7\u00f5es globais, respeitamos as culturas locais, integramo-nos ativamente nas comunidades e criamos valor econ\u00f3mico e social.<\/p><p>Transfer\u00eancia de conhecimentos: Apoiamos programas de forma\u00e7\u00e3o de compet\u00eancias e de educa\u00e7\u00e3o relacionados com a ind\u00fastria autom\u00f3vel, contribuindo para o desenvolvimento de talentos da ind\u00fastria.<\/p><p>Participa\u00e7\u00e3o no bem-estar p\u00fablico: Incentivamos e apoiamos os funcion\u00e1rios a participarem em actividades de voluntariado e, dentro das suas capacidades, a dedicarem-se a iniciativas de bem-estar p\u00fablico, como a educa\u00e7\u00e3o e o desenvolvimento comunit\u00e1rio.<\/p>\t\t\t\t\t\t\t\t<\/div>\n\t\t\t\t<\/div>\n\t\t<div class=\"elementor-element elementor-element-82140e6 e-con-full e-flex e-con e-child\" data-id=\"82140e6\" data-element_type=\"container\">\n\t\t\t\t<div class=\"elementor-element elementor-element-bb5b401 elementor-widget elementor-widget-heading\" data-id=\"bb5b401\" data-element_type=\"widget\" data-widget_type=\"heading.default\">\n\t\t\t\t\t<h2 class=\"elementor-heading-title elementor-size-default\">Consideramos a responsabilidade social como uma pr\u00e1tica empresarial duradoura.<\/h2>\t\t\t\t<\/div>\n\t\t\t\t<div class=\"elementor-element elementor-element-43f5dcf elementor-widget elementor-widget-text-editor\" data-id=\"43f5dcf\" data-element_type=\"widget\" data-widget_type=\"text-editor.default\">\n\t\t\t\t\t\t\t\t\t<p>Orienta as nossas decis\u00f5es comerciais, molda o nosso c\u00f3digo de conduta e, em \u00faltima an\u00e1lise, define a nossa exist\u00eancia - n\u00e3o somos apenas um exportador profissional de pe\u00e7as para autom\u00f3veis, mas uma empresa moderna que se esfor\u00e7a por criar um valor s\u00f3lido e duradouro para o mundo de uma forma respons\u00e1vel.<\/p>\t\t\t\t\t\t\t\t<\/div>\n\t\t\t\t<\/div>\n\t\t\t\t<\/div>\n\t\t\t\t\t<\/div>\n\t\t\t\t<\/div>\n\t\t\t\t<\/div>","protected":false},"excerpt":{"rendered":"<p>Social responsibility Our social responsibility: To fulfill our professional duties with integrity We deeply understand that the long-term development of a company is inseparable from harmonious coexistence with society. As an active participant in the global automotive industry chain, while creating [&hellip;]<\/p>","protected":false},"author":1,"featured_media":0,"parent":0,"menu_order":0,"comment_status":"closed","ping_status":"closed","template":"","meta":{"_seopress_robots_primary_cat":"","_seopress_titles_title":"","_seopress_titles_desc":"","_seopress_robots_index":"","site-sidebar-layout":"no-sidebar","site-content-layout":"","ast-site-content-layout":"full-width-container","site-content-style":"default","site-sidebar-style":"default","ast-global-header-display":"","ast-banner-title-visibility":"","ast-main-header-display":"","ast-hfb-above-header-display":"","ast-hfb-below-header-display":"","ast-hfb-mobile-header-display":"","site-post-title":"disabled","ast-breadcrumbs-content":"","ast-featured-img":"disabled","footer-sml-layout":"","ast-disable-related-posts":"","theme-transparent-header-meta":"","adv-header-id-meta":"","stick-header-meta":"","header-above-stick-meta":"","header-main-stick-meta":"","header-below-stick-meta":"","astra-migrate-meta-layouts":"default","ast-page-background-enabled":"default","ast-page-background-meta":{"desktop":{"background-color":"var(--ast-global-color-5)","background-image":"","background-repeat":"repeat","background-position":"center center","background-size":"auto","background-attachment":"scroll","background-type":"","background-media":"","overlay-type":"","overlay-color":"","overlay-opacity":"","overlay-gradient":""},"tablet":{"background-color":"","background-image":"","background-repeat":"repeat","background-position":"center center","background-size":"auto","background-attachment":"scroll","background-type":"","background-media":"","overlay-type":"","overlay-color":"","overlay-opacity":"","overlay-gradient":""},"mobile":{"background-color":"","background-image":"","background-repeat":"repeat","background-position":"center center","background-size":"auto","background-attachment":"scroll","background-type":"","background-media":"","overlay-type":"","overlay-color":"","overlay-opacity":"","overlay-gradient":""}},"ast-content-background-meta":{"desktop":{"background-color":"var(--ast-global-color-4)","background-image":"","background-repeat":"repeat","background-position":"center center","background-size":"auto","background-attachment":"scroll","background-type":"","background-media":"","overlay-type":"","overlay-color":"","overlay-opacity":"","overlay-gradient":""},"tablet":{"background-color":"var(--ast-global-color-4)","background-image":"","background-repeat":"repeat","background-position":"center center","background-size":"auto","background-attachment":"scroll","background-type":"","background-media":"","overlay-type":"","overlay-color":"","overlay-opacity":"","overlay-gradient":""},"mobile":{"background-color":"var(--ast-global-color-4)","background-image":"","background-repeat":"repeat","background-position":"center center","background-size":"auto","background-attachment":"scroll","background-type":"","background-media":"","overlay-type":"","overlay-color":"","overlay-opacity":"","overlay-gradient":""}},"footnotes":""},"class_list":["post-625","page","type-page","status-publish","hentry"],"_links":{"self":[{"href":"https:\/\/www.lanzunauto.com\/pt\/wp-json\/wp\/v2\/pages\/625","targetHints":{"allow":["GET"]}}],"collection":[{"href":"https:\/\/www.lanzunauto.com\/pt\/wp-json\/wp\/v2\/pages"}],"about":[{"href":"https:\/\/www.lanzunauto.com\/pt\/wp-json\/wp\/v2\/types\/page"}],"author":[{"embeddable":true,"href":"https:\/\/www.lanzunauto.com\/pt\/wp-json\/wp\/v2\/users\/1"}],"replies":[{"embeddable":true,"href":"https:\/\/www.lanzunauto.com\/pt\/wp-json\/wp\/v2\/comments?post=625"}],"version-history":[{"count":58,"href":"https:\/\/www.lanzunauto.com\/pt\/wp-json\/wp\/v2\/pages\/625\/revisions"}],"predecessor-version":[{"id":1665,"href":"https:\/\/www.lanzunauto.com\/pt\/wp-json\/wp\/v2\/pages\/625\/revisions\/1665"}],"wp:attachment":[{"href":"https:\/\/www.lanzunauto.com\/pt\/wp-json\/wp\/v2\/media?parent=625"}],"curies":[{"name":"wp","href":"https:\/\/api.w.org\/{rel}","templated":true}]}}