{"id":617,"date":"2026-01-08T17:35:32","date_gmt":"2026-01-08T09:35:32","guid":{"rendered":"http:\/\/rw.sdwailian.com\/?page_id=617"},"modified":"2026-01-30T14:52:07","modified_gmt":"2026-01-30T06:52:07","slug":"serve","status":"publish","type":"page","link":"https:\/\/www.lanzunauto.com\/pt\/serve\/","title":{"rendered":"Servir"},"content":{"rendered":"<div data-elementor-type=\"wp-page\" data-elementor-id=\"617\" class=\"elementor elementor-617\" data-elementor-post-type=\"page\">\n\t\t\t\t<div class=\"elementor-element elementor-element-38891ca2 e-con-full e-flex e-con e-parent\" data-id=\"38891ca2\" data-element_type=\"container\" data-settings=\"{&quot;background_background&quot;:&quot;classic&quot;}\">\n\t\t<div class=\"elementor-element elementor-element-294e1aa8 e-flex e-con-boxed e-con e-child\" data-id=\"294e1aa8\" data-element_type=\"container\">\n\t\t\t\t\t<div class=\"e-con-inner\">\n\t\t\t\t<div class=\"elementor-element elementor-element-5a9fc8c2 elementor-widget elementor-widget-heading\" data-id=\"5a9fc8c2\" data-element_type=\"widget\" data-widget_type=\"heading.default\">\n\t\t\t\t\t<h2 class=\"elementor-heading-title elementor-size-default\">servir<\/h2>\t\t\t\t<\/div>\n\t\t\t\t\t<\/div>\n\t\t\t\t<\/div>\n\t\t\t\t<\/div>\n\t\t<div class=\"elementor-element elementor-element-113bf58 e-flex e-con-boxed e-con e-parent\" data-id=\"113bf58\" data-element_type=\"container\">\n\t\t\t\t\t<div class=\"e-con-inner\">\n\t\t\t\t<div class=\"elementor-element elementor-element-dc113ab elementor-widget elementor-widget-heading\" data-id=\"dc113ab\" data-element_type=\"widget\" data-widget_type=\"heading.default\">\n\t\t\t\t\t<h2 class=\"elementor-heading-title elementor-size-default\">A nossa garantia de servi\u00e7o: Tornar-se o seu parceiro fi\u00e1vel de ciclo completo<\/h2>\t\t\t\t<\/div>\n\t\t\t\t<div class=\"elementor-element elementor-element-d58b45e elementor-widget elementor-widget-text-editor\" data-id=\"d58b45e\" data-element_type=\"widget\" data-widget_type=\"text-editor.default\">\n\t\t\t\t\t\t\t\t\t<p>Na exporta\u00e7\u00e3o de componentes para ve\u00edculos de energia nova, compreendemos profundamente que os produtos excelentes s\u00e3o apenas o ponto de partida da coopera\u00e7\u00e3o, enquanto as garantias de servi\u00e7o abrangentes e fi\u00e1veis s\u00e3o a pedra angular da constru\u00e7\u00e3o de uma confian\u00e7a a longo prazo. Estamos empenhados em ir al\u00e9m da transa\u00e7\u00e3o em si, fornecendo-lhe um sistema de apoio ao longo de todo o ciclo de vida da empresa.<\/p>\t\t\t\t\t\t\t\t<\/div>\n\t\t\t\t<div class=\"elementor-element elementor-element-f47b720 elementor-widget elementor-widget-text-editor\" data-id=\"f47b720\" data-element_type=\"widget\" data-widget_type=\"text-editor.default\">\n\t\t\t\t\t\t\t\t\t<p>O nosso principal compromisso \u00e9 integrar a garantia do servi\u00e7o ao longo de todo o processo de coopera\u00e7\u00e3o com um sistema rigoroso, uma atitude profissional e uma resposta \u00e1gil, tornando-nos uma extens\u00e3o fi\u00e1vel da sua cadeia de fornecimento. Escolher-nos significa escolher a paz de esp\u00edrito e uma parceria duradoura.<\/p>\t\t\t\t\t\t\t\t<\/div>\n\t\t<div class=\"elementor-element elementor-element-00d02a7 e-con-full e-flex e-con e-child\" data-id=\"00d02a7\" data-element_type=\"container\">\n\t\t<div class=\"elementor-element elementor-element-98dfa24 e-grid e-con-full e-con e-child\" data-id=\"98dfa24\" data-element_type=\"container\">\n\t\t\t\t<div class=\"elementor-element elementor-element-00b66cd elementor-widget elementor-widget-image\" data-id=\"00b66cd\" data-element_type=\"widget\" data-widget_type=\"image.default\">\n\t\t\t\t\t\t\t\t\t\t\t\t\t\t\t<img alt=\"\" fetchpriority=\"high\" decoding=\"async\" width=\"675\" height=\"398\" src=\"https:\/\/www.lanzunauto.com\/wp-content\/uploads\/2026\/01\/1-3.jpg\" class=\"attachment-full size-full wp-image-747\" srcset=\"https:\/\/www.lanzunauto.com\/wp-content\/uploads\/2026\/01\/1-3.jpg 675w, https:\/\/www.lanzunauto.com\/wp-content\/uploads\/2026\/01\/1-3-600x354.jpg 600w, https:\/\/www.lanzunauto.com\/wp-content\/uploads\/2026\/01\/1-3-300x177.jpg 300w\" sizes=\"(max-width: 675px) 100vw, 675px\" \/>\t\t\t\t\t\t\t\t\t\t\t\t\t\t\t<\/div>\n\t\t<div class=\"elementor-element elementor-element-4adcd20 e-con-full e-flex e-con e-child\" data-id=\"4adcd20\" data-element_type=\"container\">\n\t\t\t\t<div class=\"elementor-element elementor-element-9217c3a elementor-widget elementor-widget-heading\" data-id=\"9217c3a\" data-element_type=\"widget\" data-widget_type=\"heading.default\">\n\t\t\t\t\t<h2 class=\"elementor-heading-title elementor-size-default\">Sistema de Garantia de Qualidade: Garantindo Zero Defeitos atrav\u00e9s de Processos Sistem\u00e1ticos<\/h2>\t\t\t\t<\/div>\n\t\t\t\t<div class=\"elementor-element elementor-element-4576ba8 elementor-widget elementor-widget-text-editor\" data-id=\"4576ba8\" data-element_type=\"widget\" data-widget_type=\"text-editor.default\">\n\t\t\t\t\t\t\t\t\t<p>Cumprimos rigorosamente a norma internacional do sistema de gest\u00e3o da qualidade autom\u00f3vel IATF 16949 e integramo-la profundamente em todas as fases, desde a revis\u00e3o do design e gest\u00e3o de fornecedores at\u00e9 ao processo de produ\u00e7\u00e3o e inspe\u00e7\u00e3o final. Fornecemos n\u00e3o s\u00f3 produtos, mas tamb\u00e9m um desempenho de qualidade consistente e documenta\u00e7\u00e3o de conformidade abrangente, garantindo a seguran\u00e7a da sua cadeia de fornecimento.<\/p>\t\t\t\t\t\t\t\t<\/div>\n\t\t\t\t<\/div>\n\t\t\t\t<\/div>\n\t\t<div class=\"elementor-element elementor-element-d031473 e-grid e-con-full e-con e-child\" data-id=\"d031473\" data-element_type=\"container\">\n\t\t\t\t<div class=\"elementor-element elementor-element-4162266 elementor-widget elementor-widget-image\" data-id=\"4162266\" data-element_type=\"widget\" data-widget_type=\"image.default\">\n\t\t\t\t\t\t\t\t\t\t\t\t\t\t\t<img alt=\"\" decoding=\"async\" width=\"675\" height=\"398\" src=\"https:\/\/www.lanzunauto.com\/wp-content\/uploads\/2026\/01\/2.jpg\" class=\"attachment-large size-large wp-image-760\" srcset=\"https:\/\/www.lanzunauto.com\/wp-content\/uploads\/2026\/01\/2.jpg 675w, https:\/\/www.lanzunauto.com\/wp-content\/uploads\/2026\/01\/2-600x354.jpg 600w, https:\/\/www.lanzunauto.com\/wp-content\/uploads\/2026\/01\/2-300x177.jpg 300w\" sizes=\"(max-width: 675px) 100vw, 675px\" \/>\t\t\t\t\t\t\t\t\t\t\t\t\t\t\t<\/div>\n\t\t<div class=\"elementor-element elementor-element-a4e86c6 e-con-full e-flex e-con e-child\" data-id=\"a4e86c6\" data-element_type=\"container\">\n\t\t\t\t<div class=\"elementor-element elementor-element-b2758ca elementor-widget elementor-widget-heading\" data-id=\"b2758ca\" data-element_type=\"widget\" data-widget_type=\"heading.default\">\n\t\t\t\t\t<h2 class=\"elementor-heading-title elementor-size-default\">Cadeia de fornecimento e garantia de entrega: Compromisso de entrega \u00e1gil e transparente<\/h2>\t\t\t\t<\/div>\n\t\t\t\t<div class=\"elementor-element elementor-element-31dc424 elementor-widget elementor-widget-text-editor\" data-id=\"31dc424\" data-element_type=\"widget\" data-widget_type=\"text-editor.default\">\n\t\t\t\t\t\t\t\t\t<p>Constru\u00edmos uma rede de cadeia de fornecimento resistente e utilizamos ferramentas digitais para visualizar e gerir o estado das encomendas, o progresso da produ\u00e7\u00e3o e o acompanhamento log\u00edstico. Atrav\u00e9s do planeamento cient\u00edfico da capacidade e de estrat\u00e9gias de stock de seguran\u00e7a, podemos responder proactivamente \u00e0s flutua\u00e7\u00f5es do mercado, garantindo uma entrega atempada e precisa e permitindo que os seus planos de produ\u00e7\u00e3o decorram sem problemas.<\/p>\t\t\t\t\t\t\t\t<\/div>\n\t\t\t\t<\/div>\n\t\t\t\t<\/div>\n\t\t<div class=\"elementor-element elementor-element-1b46ea6 e-grid e-con-full e-con e-child\" data-id=\"1b46ea6\" data-element_type=\"container\">\n\t\t\t\t<div class=\"elementor-element elementor-element-273447e elementor-widget elementor-widget-image\" data-id=\"273447e\" data-element_type=\"widget\" data-widget_type=\"image.default\">\n\t\t\t\t\t\t\t\t\t\t\t\t\t\t\t<img alt=\"\" decoding=\"async\" width=\"675\" height=\"398\" src=\"https:\/\/www.lanzunauto.com\/wp-content\/uploads\/2026\/01\/3.jpg\" class=\"attachment-large size-large wp-image-764\" srcset=\"https:\/\/www.lanzunauto.com\/wp-content\/uploads\/2026\/01\/3.jpg 675w, https:\/\/www.lanzunauto.com\/wp-content\/uploads\/2026\/01\/3-600x354.jpg 600w, https:\/\/www.lanzunauto.com\/wp-content\/uploads\/2026\/01\/3-300x177.jpg 300w\" sizes=\"(max-width: 675px) 100vw, 675px\" \/>\t\t\t\t\t\t\t\t\t\t\t\t\t\t\t<\/div>\n\t\t<div class=\"elementor-element elementor-element-fbbfc98 e-con-full e-flex e-con e-child\" data-id=\"fbbfc98\" data-element_type=\"container\">\n\t\t\t\t<div class=\"elementor-element elementor-element-bceed2c elementor-widget elementor-widget-heading\" data-id=\"bceed2c\" data-element_type=\"widget\" data-widget_type=\"heading.default\">\n\t\t\t\t\t<h2 class=\"elementor-heading-title elementor-size-default\">Garantia de colabora\u00e7\u00e3o t\u00e9cnica: Resposta r\u00e1pida e apoio profissional<\/h2>\t\t\t\t<\/div>\n\t\t\t\t<div class=\"elementor-element elementor-element-60cf584 elementor-widget elementor-widget-text-editor\" data-id=\"60cf584\" data-element_type=\"widget\" data-widget_type=\"text-editor.default\">\n\t\t\t\t\t\t\t\t\t<p>Dispomos de uma equipa t\u00e9cnica experiente que pode responder eficazmente aos seus pedidos de informa\u00e7\u00e3o t\u00e9cnica, an\u00e1lise de requisitos e pedidos de altera\u00e7\u00e3o. Participamos ativamente nas discuss\u00f5es iniciais de desenvolvimento e adapta\u00e7\u00e3o de produtos dos nossos clientes, fornecendo an\u00e1lises de viabilidade de fabrico e tirando partido das nossas capacidades profissionais para acelerar a implementa\u00e7\u00e3o do projeto.<\/p>\t\t\t\t\t\t\t\t<\/div>\n\t\t\t\t<\/div>\n\t\t\t\t<\/div>\n\t\t<div class=\"elementor-element elementor-element-cf70806 e-grid e-con-full e-con e-child\" data-id=\"cf70806\" data-element_type=\"container\">\n\t\t\t\t<div class=\"elementor-element elementor-element-9a1f903 elementor-widget elementor-widget-image\" data-id=\"9a1f903\" data-element_type=\"widget\" data-widget_type=\"image.default\">\n\t\t\t\t\t\t\t\t\t\t\t\t\t\t\t<img alt=\"\" loading=\"lazy\" decoding=\"async\" width=\"675\" height=\"398\" src=\"https:\/\/www.lanzunauto.com\/wp-content\/uploads\/2026\/01\/4.jpg\" class=\"attachment-large size-large wp-image-768\" srcset=\"https:\/\/www.lanzunauto.com\/wp-content\/uploads\/2026\/01\/4.jpg 675w, https:\/\/www.lanzunauto.com\/wp-content\/uploads\/2026\/01\/4-600x354.jpg 600w, https:\/\/www.lanzunauto.com\/wp-content\/uploads\/2026\/01\/4-300x177.jpg 300w\" sizes=\"(max-width: 675px) 100vw, 675px\" \/>\t\t\t\t\t\t\t\t\t\t\t\t\t\t\t<\/div>\n\t\t<div class=\"elementor-element elementor-element-4379ac2 e-con-full e-flex e-con e-child\" data-id=\"4379ac2\" data-element_type=\"container\">\n\t\t\t\t<div class=\"elementor-element elementor-element-e4bd698 elementor-widget elementor-widget-heading\" data-id=\"e4bd698\" data-element_type=\"widget\" data-widget_type=\"heading.default\">\n\t\t\t\t\t<h2 class=\"elementor-heading-title elementor-size-default\">Garantia do servi\u00e7o p\u00f3s-venda: mecanismo de resolu\u00e7\u00e3o de problemas em circuito fechado<\/h2>\t\t\t\t<\/div>\n\t\t\t\t<div class=\"elementor-element elementor-element-d684a21 elementor-widget elementor-widget-text-editor\" data-id=\"d684a21\" data-element_type=\"widget\" data-widget_type=\"text-editor.default\">\n\t\t\t\t\t\t\t\t\t<p>Estabelecemos um processo de apoio p\u00f3s-venda de resposta r\u00e1pida. Independentemente de quaisquer quest\u00f5es ou situa\u00e7\u00f5es relacionadas com o produto, prometemos iniciar imediatamente um mecanismo de investiga\u00e7\u00e3o e tratamento, fornecendo an\u00e1lises t\u00e9cnicas claras, solu\u00e7\u00f5es e feedback de melhoria cont\u00ednua para formar um ciclo de servi\u00e7o at\u00e9 ficar satisfeito.<\/p>\t\t\t\t\t\t\t\t<\/div>\n\t\t\t\t<\/div>\n\t\t\t\t<\/div>\n\t\t<div class=\"elementor-element elementor-element-dc2b85b e-grid e-con-full e-con e-child\" data-id=\"dc2b85b\" data-element_type=\"container\">\n\t\t\t\t<div class=\"elementor-element elementor-element-84a9e36 elementor-widget elementor-widget-image\" data-id=\"84a9e36\" data-element_type=\"widget\" data-widget_type=\"image.default\">\n\t\t\t\t\t\t\t\t\t\t\t\t\t\t\t<img alt=\"\" loading=\"lazy\" decoding=\"async\" width=\"675\" height=\"398\" src=\"https:\/\/www.lanzunauto.com\/wp-content\/uploads\/2026\/01\/5.jpg\" class=\"attachment-large size-large wp-image-772\" srcset=\"https:\/\/www.lanzunauto.com\/wp-content\/uploads\/2026\/01\/5.jpg 675w, https:\/\/www.lanzunauto.com\/wp-content\/uploads\/2026\/01\/5-600x354.jpg 600w, https:\/\/www.lanzunauto.com\/wp-content\/uploads\/2026\/01\/5-300x177.jpg 300w\" sizes=\"(max-width: 675px) 100vw, 675px\" \/>\t\t\t\t\t\t\t\t\t\t\t\t\t\t\t<\/div>\n\t\t<div class=\"elementor-element elementor-element-631fc47 e-con-full e-flex e-con e-child\" data-id=\"631fc47\" data-element_type=\"container\">\n\t\t\t\t<div class=\"elementor-element elementor-element-95c6cee elementor-widget elementor-widget-heading\" data-id=\"95c6cee\" data-element_type=\"widget\" data-widget_type=\"heading.default\">\n\t\t\t\t\t<h2 class=\"elementor-heading-title elementor-size-default\">Garantia de Desenvolvimento Sustent\u00e1vel: Co-evolu\u00e7\u00e3o para o futuro<\/h2>\t\t\t\t<\/div>\n\t\t\t\t<div class=\"elementor-element elementor-element-cfdaca7 elementor-widget elementor-widget-text-editor\" data-id=\"cfdaca7\" data-element_type=\"widget\" data-widget_type=\"text-editor.default\">\n\t\t\t\t\t\t\t\t\t<p>Monitorizamos continuamente a evolu\u00e7\u00e3o das novas tecnologias e normas energ\u00e9ticas globais e investimos recursos num planeamento orientado para o futuro. Estamos empenhados em ajud\u00e1-lo a controlar os custos e a aumentar o valor dos produtos atrav\u00e9s da otimiza\u00e7\u00e3o dos processos e da inova\u00e7\u00e3o tecnol\u00f3gica, trabalhando em conjunto para enfrentar os desafios e as oportunidades do futuro da ind\u00fastria.<\/p>\t\t\t\t\t\t\t\t<\/div>\n\t\t\t\t<\/div>\n\t\t\t\t<\/div>\n\t\t\t\t<\/div>\n\t\t\t\t\t<\/div>\n\t\t\t\t<\/div>\n\t\t\t\t<\/div>","protected":false},"excerpt":{"rendered":"<p>serve Our service guarantee: To become your reliable full-cycle partner In the export of new energy vehicle components, we deeply understand that excellent products are merely the starting point of cooperation, while comprehensive and reliable service guarantees are the cornerstone of [&hellip;]<\/p>","protected":false},"author":1,"featured_media":0,"parent":0,"menu_order":0,"comment_status":"closed","ping_status":"closed","template":"","meta":{"_seopress_robots_primary_cat":"","_seopress_titles_title":"","_seopress_titles_desc":"","_seopress_robots_index":"","site-sidebar-layout":"no-sidebar","site-content-layout":"","ast-site-content-layout":"full-width-container","site-content-style":"default","site-sidebar-style":"default","ast-global-header-display":"","ast-banner-title-visibility":"","ast-main-header-display":"","ast-hfb-above-header-display":"","ast-hfb-below-header-display":"","ast-hfb-mobile-header-display":"","site-post-title":"disabled","ast-breadcrumbs-content":"","ast-featured-img":"disabled","footer-sml-layout":"","ast-disable-related-posts":"","theme-transparent-header-meta":"","adv-header-id-meta":"","stick-header-meta":"","header-above-stick-meta":"","header-main-stick-meta":"","header-below-stick-meta":"","astra-migrate-meta-layouts":"default","ast-page-background-enabled":"default","ast-page-background-meta":{"desktop":{"background-color":"var(--ast-global-color-5)","background-image":"","background-repeat":"repeat","background-position":"center center","background-size":"auto","background-attachment":"scroll","background-type":"","background-media":"","overlay-type":"","overlay-color":"","overlay-opacity":"","overlay-gradient":""},"tablet":{"background-color":"","background-image":"","background-repeat":"repeat","background-position":"center center","background-size":"auto","background-attachment":"scroll","background-type":"","background-media":"","overlay-type":"","overlay-color":"","overlay-opacity":"","overlay-gradient":""},"mobile":{"background-color":"","background-image":"","background-repeat":"repeat","background-position":"center center","background-size":"auto","background-attachment":"scroll","background-type":"","background-media":"","overlay-type":"","overlay-color":"","overlay-opacity":"","overlay-gradient":""}},"ast-content-background-meta":{"desktop":{"background-color":"var(--ast-global-color-4)","background-image":"","background-repeat":"repeat","background-position":"center center","background-size":"auto","background-attachment":"scroll","background-type":"","background-media":"","overlay-type":"","overlay-color":"","overlay-opacity":"","overlay-gradient":""},"tablet":{"background-color":"var(--ast-global-color-4)","background-image":"","background-repeat":"repeat","background-position":"center center","background-size":"auto","background-attachment":"scroll","background-type":"","background-media":"","overlay-type":"","overlay-color":"","overlay-opacity":"","overlay-gradient":""},"mobile":{"background-color":"var(--ast-global-color-4)","background-image":"","background-repeat":"repeat","background-position":"center center","background-size":"auto","background-attachment":"scroll","background-type":"","background-media":"","overlay-type":"","overlay-color":"","overlay-opacity":"","overlay-gradient":""}},"footnotes":""},"class_list":["post-617","page","type-page","status-publish","hentry"],"_links":{"self":[{"href":"https:\/\/www.lanzunauto.com\/pt\/wp-json\/wp\/v2\/pages\/617","targetHints":{"allow":["GET"]}}],"collection":[{"href":"https:\/\/www.lanzunauto.com\/pt\/wp-json\/wp\/v2\/pages"}],"about":[{"href":"https:\/\/www.lanzunauto.com\/pt\/wp-json\/wp\/v2\/types\/page"}],"author":[{"embeddable":true,"href":"https:\/\/www.lanzunauto.com\/pt\/wp-json\/wp\/v2\/users\/1"}],"replies":[{"embeddable":true,"href":"https:\/\/www.lanzunauto.com\/pt\/wp-json\/wp\/v2\/comments?post=617"}],"version-history":[{"count":94,"href":"https:\/\/www.lanzunauto.com\/pt\/wp-json\/wp\/v2\/pages\/617\/revisions"}],"predecessor-version":[{"id":1659,"href":"https:\/\/www.lanzunauto.com\/pt\/wp-json\/wp\/v2\/pages\/617\/revisions\/1659"}],"wp:attachment":[{"href":"https:\/\/www.lanzunauto.com\/pt\/wp-json\/wp\/v2\/media?parent=617"}],"curies":[{"name":"wp","href":"https:\/\/api.w.org\/{rel}","templated":true}]}}