{"id":984,"date":"2026-01-15T17:39:37","date_gmt":"2026-01-15T09:39:37","guid":{"rendered":"http:\/\/www.lanzunauto.com\/?post_type=product&#038;p=984"},"modified":"2026-01-16T10:21:59","modified_gmt":"2026-01-16T02:21:59","slug":"new-byd-bot384-electric-drive-oil-genuine-oem-for-car-ev-motor-lubrication-wholesale-price","status":"publish","type":"product","link":"https:\/\/www.lanzunauto.com\/es\/producto\/new-byd-bot384-electric-drive-oil-genuine-oem-for-car-ev-motor-lubrication-wholesale-price\/","title":{"rendered":"Nuevo BYD BOT384 Electric Drive Oil (Genuino OEM) para coche EV Motor Lubricaci\u00f3n-Precio al por mayor"},"content":{"rendered":"<p><strong>Producto original OEM:<\/strong> Aut\u00e9ntico producto BYD OEM, dise\u00f1ado espec\u00edficamente para motores de veh\u00edculos el\u00e9ctricos, garantizando una compatibilidad \u00f3ptima.<br \/>\n<strong>Lubricaci\u00f3n eficaz:<\/strong> Optimiza la protecci\u00f3n de los engranajes del motor, reduce el desgaste y prolonga la vida \u00fatil del sistema de transmisi\u00f3n.<br \/>\n<strong>Ajuste preciso:<\/strong> Se adapta perfectamente a todos los modelos de veh\u00edculos el\u00e9ctricos BYD, como el Qin EV y el Han EV.<br \/>\n<strong>Rendimiento estable:<\/strong> Mantiene una lubricaci\u00f3n fiable tanto a altas como a bajas temperaturas, garantizando la seguridad de la conducci\u00f3n.<\/p>\n<p><strong>Producto original OEM:<\/strong> Producto OEM BYD oficialmente certificado, desarrollado espec\u00edficamente para motores y sistemas de engranajes de veh\u00edculos el\u00e9ctricos, garantizando la compatibilidad 100%.<br \/>\n<strong>Protecci\u00f3n duradera:<\/strong> Formulado con aceites de base sint\u00e9tica y aditivos antidesgaste, reduce significativamente el desgaste de los engranajes y prolonga la vida \u00fatil del sistema de transmisi\u00f3n.<br \/>\n<strong>Estabilidad a cualquier temperatura:<\/strong> Excelente rendimiento en una amplia gama de temperaturas de -30\u2103 a 120\u2103, evitando la oxidaci\u00f3n a altas temperaturas y la solidificaci\u00f3n a bajas temperaturas, lo que garantiza una lubricaci\u00f3n fiable en entornos extremos.<br \/>\n<strong>Modelos compatibles:<\/strong> Se adapta perfectamente a todos los modelos de veh\u00edculos el\u00e9ctricos BYD, incluidos Qin EV, Han EV y Tang EV, cubriendo las necesidades de los usuarios principales.<\/p>\n<h4>Escenarios de uso:<\/h4>\n<p>Adecuado para la lubricaci\u00f3n diaria y el mantenimiento de cajas de cambios de motores de veh\u00edculos el\u00e9ctricos. Sustituci\u00f3n recomendada cada 2 a\u00f1os o 40.000 kil\u00f3metros (lo que ocurra primero).<br \/>\nLa calidad OEM original elimina los riesgos de compatibilidad, por lo que es la soluci\u00f3n de mantenimiento preferida de los propietarios de BYD. Exportado a muchos pa\u00edses de ultramar, incluyendo Estados Unidos, Dubai, Abu Dhabi, Rusia, etc.<\/p>","protected":false},"excerpt":{"rendered":"<p><strong>Origen\uff1a<\/strong>China<br \/>\n<strong>Marca\uff1a<\/strong>BYD<br \/>\n<strong>Producto original OEM:<\/strong> Aut\u00e9ntico producto BYD OEM, dise\u00f1ado espec\u00edficamente para motores de veh\u00edculos el\u00e9ctricos, garantizando una compatibilidad \u00f3ptima.<br \/>\n<strong>Lubricaci\u00f3n eficaz:<\/strong> Optimiza la protecci\u00f3n de los engranajes del motor, reduce el desgaste y prolonga la vida \u00fatil del sistema de transmisi\u00f3n.<br \/>\n<strong>Ajuste preciso:<\/strong> Se adapta perfectamente a todos los modelos de veh\u00edculos el\u00e9ctricos BYD, como el Qin EV y el Han EV.<br \/>\n<strong>Rendimiento estable:<\/strong> Mantiene una lubricaci\u00f3n fiable tanto a altas como a bajas temperaturas, garantizando la seguridad de la conducci\u00f3n.<\/p>","protected":false},"featured_media":985,"template":"","meta":{"_seopress_robots_primary_cat":"none","_seopress_titles_title":"%%post_title%%","_seopress_titles_desc":"%%post_excerpt%%","_seopress_robots_index":"","site-sidebar-layout":"default","site-content-layout":"","ast-site-content-layout":"default","site-content-style":"default","site-sidebar-style":"default","ast-global-header-display":"","ast-banner-title-visibility":"","ast-main-header-display":"","ast-hfb-above-header-display":"","ast-hfb-below-header-display":"","ast-hfb-mobile-header-display":"","site-post-title":"","ast-breadcrumbs-content":"","ast-featured-img":"","footer-sml-layout":"","ast-disable-related-posts":"","theme-transparent-header-meta":"default","adv-header-id-meta":"","stick-header-meta":"","header-above-stick-meta":"","header-main-stick-meta":"","header-below-stick-meta":"","astra-migrate-meta-layouts":"set","ast-page-background-enabled":"default","ast-page-background-meta":{"desktop":{"background-color":"var(--ast-global-color-5)","background-image":"","background-repeat":"repeat","background-position":"center center","background-size":"auto","background-attachment":"scroll","background-type":"","background-media":"","overlay-type":"","overlay-color":"","overlay-opacity":"","overlay-gradient":""},"tablet":{"background-color":"","background-image":"","background-repeat":"repeat","background-position":"center center","background-size":"auto","background-attachment":"scroll","background-type":"","background-media":"","overlay-type":"","overlay-color":"","overlay-opacity":"","overlay-gradient":""},"mobile":{"background-color":"","background-image":"","background-repeat":"repeat","background-position":"center center","background-size":"auto","background-attachment":"scroll","background-type":"","background-media":"","overlay-type":"","overlay-color":"","overlay-opacity":"","overlay-gradient":""}},"ast-content-background-meta":{"desktop":{"background-color":"var(--ast-global-color-4)","background-image":"","background-repeat":"repeat","background-position":"center center","background-size":"auto","background-attachment":"scroll","background-type":"","background-media":"","overlay-type":"","overlay-color":"","overlay-opacity":"","overlay-gradient":""},"tablet":{"background-color":"var(--ast-global-color-4)","background-image":"","background-repeat":"repeat","background-position":"center center","background-size":"auto","background-attachment":"scroll","background-type":"","background-media":"","overlay-type":"","overlay-color":"","overlay-opacity":"","overlay-gradient":""},"mobile":{"background-color":"var(--ast-global-color-4)","background-image":"","background-repeat":"repeat","background-position":"center center","background-size":"auto","background-attachment":"scroll","background-type":"","background-media":"","overlay-type":"","overlay-color":"","overlay-opacity":"","overlay-gradient":""}}},"product_brand":[],"product_cat":[26],"product_tag":[],"class_list":{"0":"post-984","1":"product","2":"type-product","3":"status-publish","4":"has-post-thumbnail","6":"product_cat-byd","7":"desktop-align-left","8":"tablet-align-left","9":"mobile-align-left","10":"ast-product-gallery-layout-horizontal-slider","11":"ast-product-gallery-with-no-image","12":"ast-product-tabs-layout-horizontal","14":"first","15":"instock","16":"shipping-taxable","17":"product-type-simple"},"_links":{"self":[{"href":"https:\/\/www.lanzunauto.com\/es\/wp-json\/wp\/v2\/product\/984","targetHints":{"allow":["GET"]}}],"collection":[{"href":"https:\/\/www.lanzunauto.com\/es\/wp-json\/wp\/v2\/product"}],"about":[{"href":"https:\/\/www.lanzunauto.com\/es\/wp-json\/wp\/v2\/types\/product"}],"wp:featuredmedia":[{"embeddable":true,"href":"https:\/\/www.lanzunauto.com\/es\/wp-json\/wp\/v2\/media\/985"}],"wp:attachment":[{"href":"https:\/\/www.lanzunauto.com\/es\/wp-json\/wp\/v2\/media?parent=984"}],"wp:term":[{"taxonomy":"product_brand","embeddable":true,"href":"https:\/\/www.lanzunauto.com\/es\/wp-json\/wp\/v2\/product_brand?post=984"},{"taxonomy":"product_cat","embeddable":true,"href":"https:\/\/www.lanzunauto.com\/es\/wp-json\/wp\/v2\/product_cat?post=984"},{"taxonomy":"product_tag","embeddable":true,"href":"https:\/\/www.lanzunauto.com\/es\/wp-json\/wp\/v2\/product_tag?post=984"}],"curies":[{"name":"wp","href":"https:\/\/api.w.org\/{rel}","templated":true}]}}