{"id":1639,"date":"2026-01-30T14:24:07","date_gmt":"2026-01-30T06:24:07","guid":{"rendered":"https:\/\/www.lanzunauto.com\/?post_type=product&#038;p=1639"},"modified":"2026-01-30T14:27:32","modified_gmt":"2026-01-30T06:27:32","slug":"15026588-00-smart-keyless-entry-remote-for-byd-song-2020-2023-oem-replacement-flip-key-new-condition","status":"publish","type":"product","link":"https:\/\/www.lanzunauto.com\/es\/producto\/15026588-00-smart-keyless-entry-remote-for-byd-song-2020-2023-oem-replacement-flip-key-new-condition\/","title":{"rendered":"15026588-00 Smart Keyless Entry Remote for BYD Song 2020-2023 OEM Replacement Flip Key New Condition"},"content":{"rendered":"<p>Dise\u00f1ado a medida para los modelos BYD Song de 2020 a 2023, este mando a distancia inteligente para acceso sin llave (n\u00famero de pieza: 15026588-00) cumple estrictamente las normas originales de los fabricantes de equipos originales, garantizando una compatibilidad perfecta con el sistema antirrobo y el m\u00f3dulo de control central del veh\u00edculo. Cuenta con una carcasa de pl\u00e1stico de ingenier\u00eda ABS de alta resistencia, que ofrece una excelente resistencia a los impactos y a la intemperie, protegiendo contra los golpes diarios, las temperaturas extremas y el envejecimiento UV sin deformaci\u00f3n ni decoloraci\u00f3n durante el uso a largo plazo. Un chip de radiofrecuencia integrado de alta precisi\u00f3n admite el desbloqueo\/bloqueo con un solo bot\u00f3n, el arranque a distancia (en algunos modelos), la apertura del maletero y otras funciones inteligentes, proporcionando un funcionamiento sensible y satisfaciendo diversas necesidades de conducci\u00f3n.<\/p>","protected":false},"excerpt":{"rendered":"<p><strong>Marca\uff1a<\/strong>BYD<br \/>\n<strong>Garant\u00eda de calidad OEM:<\/strong> El n\u00famero de pieza 15026588-00 se adapta con precisi\u00f3n a los modelos BYD Song 2020-2023, garantizando una integraci\u00f3n perfecta con el sistema antirrobo del veh\u00edculo, evitando problemas de compatibilidad y ofreciendo una estabilidad funcional comparable a la de las piezas originales de f\u00e1brica.<br \/>\n<strong>Sistema inteligente de entrada sin llave:<\/strong> Admite desbloqueo, bloqueo y arranque a distancia con un solo bot\u00f3n (seg\u00fan la configuraci\u00f3n del modelo), con un funcionamiento suave y sin retardo, lo que aumenta la comodidad, especialmente adecuado para entrar y salir r\u00e1pidamente cuando las manos est\u00e1n limitadas.<br \/>\n<strong>Innovador dise\u00f1o de llave abatible:<\/strong> La llave mec\u00e1nica y el bot\u00f3n inteligente est\u00e1n integrados; una ligera pulsaci\u00f3n del bot\u00f3n hace que salga una llave de repuesto, para hacer frente a emergencias como el agotamiento de la bater\u00eda o las interferencias de la se\u00f1al. El dise\u00f1o equilibra la est\u00e9tica y las necesidades de emergencia.<br \/>\n<strong>Estructura de alta resistencia y durabilidad:<\/strong> La carcasa de ABS es resistente a los impactos y a la corrosi\u00f3n, mientras que la placa de circuitos interna utiliza tecnolog\u00eda a prueba de agua y polvo, adapt\u00e1ndose a entornos adversos como la lluvia, la nieve y las altas temperaturas, lo que prolonga la vida \u00fatil y reduce la tasa de fallos.<\/p>","protected":false},"featured_media":1640,"template":"","meta":{"_seopress_robots_primary_cat":"none","_seopress_titles_title":"%%post_title%%","_seopress_titles_desc":"%%post_excerpt%%","_seopress_robots_index":"","site-sidebar-layout":"default","site-content-layout":"","ast-site-content-layout":"default","site-content-style":"default","site-sidebar-style":"default","ast-global-header-display":"","ast-banner-title-visibility":"","ast-main-header-display":"","ast-hfb-above-header-display":"","ast-hfb-below-header-display":"","ast-hfb-mobile-header-display":"","site-post-title":"","ast-breadcrumbs-content":"","ast-featured-img":"","footer-sml-layout":"","ast-disable-related-posts":"","theme-transparent-header-meta":"default","adv-header-id-meta":"","stick-header-meta":"default","header-above-stick-meta":"","header-main-stick-meta":"","header-below-stick-meta":"","astra-migrate-meta-layouts":"set","ast-page-background-enabled":"default","ast-page-background-meta":{"desktop":{"background-color":"var(--ast-global-color-5)","background-image":"","background-repeat":"repeat","background-position":"center center","background-size":"auto","background-attachment":"scroll","background-type":"","background-media":"","overlay-type":"","overlay-color":"","overlay-opacity":"","overlay-gradient":""},"tablet":{"background-color":"","background-image":"","background-repeat":"repeat","background-position":"center center","background-size":"auto","background-attachment":"scroll","background-type":"","background-media":"","overlay-type":"","overlay-color":"","overlay-opacity":"","overlay-gradient":""},"mobile":{"background-color":"","background-image":"","background-repeat":"repeat","background-position":"center center","background-size":"auto","background-attachment":"scroll","background-type":"","background-media":"","overlay-type":"","overlay-color":"","overlay-opacity":"","overlay-gradient":""}},"ast-content-background-meta":{"desktop":{"background-color":"var(--ast-global-color-4)","background-image":"","background-repeat":"repeat","background-position":"center center","background-size":"auto","background-attachment":"scroll","background-type":"","background-media":"","overlay-type":"","overlay-color":"","overlay-opacity":"","overlay-gradient":""},"tablet":{"background-color":"var(--ast-global-color-4)","background-image":"","background-repeat":"repeat","background-position":"center center","background-size":"auto","background-attachment":"scroll","background-type":"","background-media":"","overlay-type":"","overlay-color":"","overlay-opacity":"","overlay-gradient":""},"mobile":{"background-color":"var(--ast-global-color-4)","background-image":"","background-repeat":"repeat","background-position":"center center","background-size":"auto","background-attachment":"scroll","background-type":"","background-media":"","overlay-type":"","overlay-color":"","overlay-opacity":"","overlay-gradient":""}}},"product_brand":[],"product_cat":[26],"product_tag":[],"class_list":{"0":"post-1639","1":"product","2":"type-product","3":"status-publish","4":"has-post-thumbnail","6":"product_cat-byd","7":"desktop-align-left","8":"tablet-align-left","9":"mobile-align-left","10":"ast-product-gallery-layout-horizontal-slider","11":"ast-product-gallery-with-no-image","12":"ast-product-tabs-layout-horizontal","14":"first","15":"instock","16":"shipping-taxable","17":"product-type-simple"},"_links":{"self":[{"href":"https:\/\/www.lanzunauto.com\/es\/wp-json\/wp\/v2\/product\/1639","targetHints":{"allow":["GET"]}}],"collection":[{"href":"https:\/\/www.lanzunauto.com\/es\/wp-json\/wp\/v2\/product"}],"about":[{"href":"https:\/\/www.lanzunauto.com\/es\/wp-json\/wp\/v2\/types\/product"}],"wp:featuredmedia":[{"embeddable":true,"href":"https:\/\/www.lanzunauto.com\/es\/wp-json\/wp\/v2\/media\/1640"}],"wp:attachment":[{"href":"https:\/\/www.lanzunauto.com\/es\/wp-json\/wp\/v2\/media?parent=1639"}],"wp:term":[{"taxonomy":"product_brand","embeddable":true,"href":"https:\/\/www.lanzunauto.com\/es\/wp-json\/wp\/v2\/product_brand?post=1639"},{"taxonomy":"product_cat","embeddable":true,"href":"https:\/\/www.lanzunauto.com\/es\/wp-json\/wp\/v2\/product_cat?post=1639"},{"taxonomy":"product_tag","embeddable":true,"href":"https:\/\/www.lanzunauto.com\/es\/wp-json\/wp\/v2\/product_tag?post=1639"}],"curies":[{"name":"wp","href":"https:\/\/api.w.org\/{rel}","templated":true}]}}