{"id":1631,"date":"2026-01-30T11:39:23","date_gmt":"2026-01-30T03:39:23","guid":{"rendered":"https:\/\/www.lanzunauto.com\/?post_type=product&#038;p=1631"},"modified":"2026-01-30T14:01:20","modified_gmt":"2026-01-30T06:01:20","slug":"x01-11190033-car-intercooler-radiator-for-lixiang-ideal-l7-l8-l9-turbocharged-auxiliary-small-water-tank-cooler","status":"publish","type":"product","link":"https:\/\/www.lanzunauto.com\/es\/producto\/x01-11190033-car-intercooler-radiator-for-lixiang-ideal-l7-l8-l9-turbocharged-auxiliary-small-water-tank-cooler\/","title":{"rendered":"X01-11190033 Radiador Intercooler de Coche para Lixiang Ideal L7 L8 L9 Turbocargado Tanque de Agua Auxiliar Peque\u00f1o Enfriador"},"content":{"rendered":"<p>Dise\u00f1ado espec\u00edficamente para los modelos turboalimentados L7, L8 y L9 de Li Auto, este radiador del intercooler (n\u00famero de pieza: X01-11190033) cumple estrictamente las normas t\u00e9cnicas de los fabricantes de equipos originales (OEM) para garantizar una compatibilidad perfecta con el sistema turboalimentado del veh\u00edculo. Como componente de refrigeraci\u00f3n clave de los motores turboalimentados, disipa eficazmente el calor para reducir la temperatura del aire impulsado, evitando el golpeteo del motor causado por las altas temperaturas, al tiempo que aumenta la densidad del aire de admisi\u00f3n y optimiza el ahorro de combustible y la potencia. Fabricado en aleaci\u00f3n de aluminio de alta resistencia y utilizando t\u00e9cnicas de soldadura de precisi\u00f3n, garantiza una estructura robusta y una excelente eficiencia de disipaci\u00f3n del calor, transfiri\u00e9ndolo r\u00e1pidamente para adaptarse a diversos escenarios de conducci\u00f3n, como la congesti\u00f3n urbana y la velocidad de crucero en autopista.<\/p>","protected":false},"excerpt":{"rendered":"<p><strong>Marca\uff1a<\/strong>LiXiang<br \/>\n<strong>Fabricante de equipos originales (OEM) Compatibilidad:<\/strong> Espec\u00edficamente desarrollado para los veh\u00edculos turboalimentados Li Auto L7\/L8\/L9, el n\u00famero de pieza X01-11190033 garantiza una integraci\u00f3n perfecta con el sistema original del veh\u00edculo, evitando problemas de compatibilidad y ofreciendo un rendimiento de refrigeraci\u00f3n \u00f3ptimo inmediatamente despu\u00e9s de la instalaci\u00f3n.<br \/>\n<strong>Refrigeraci\u00f3n del turbocompresor de alta eficiencia:<\/strong> Utilizando material de aleaci\u00f3n de aluminio y un dise\u00f1o optimizado del disipador t\u00e9rmico, reduce r\u00e1pidamente la temperatura del aire de sobrealimentaci\u00f3n, evita el golpeteo del motor, mejora la eficiencia de la admisi\u00f3n y mejora la respuesta de potencia, por lo que es especialmente adecuado para condiciones de conducci\u00f3n de alta carga.<br \/>\n<strong>Estructura de alta resistencia y durabilidad:<\/strong> Los procesos de soldadura de precisi\u00f3n y los revestimientos anticorrosi\u00f3n garantizan una resistencia a largo plazo a las altas temperaturas, las vibraciones y los entornos dif\u00edciles, lo que reduce el riesgo de deformaci\u00f3n o fugas, prolonga la vida \u00fatil de los componentes y reduce los costes de mantenimiento.<\/p>","protected":false},"featured_media":1632,"template":"","meta":{"_seopress_robots_primary_cat":"none","_seopress_titles_title":"%%post_title%%","_seopress_titles_desc":"%%post_excerpt%%","_seopress_robots_index":"","site-sidebar-layout":"default","site-content-layout":"","ast-site-content-layout":"default","site-content-style":"default","site-sidebar-style":"default","ast-global-header-display":"","ast-banner-title-visibility":"","ast-main-header-display":"","ast-hfb-above-header-display":"","ast-hfb-below-header-display":"","ast-hfb-mobile-header-display":"","site-post-title":"","ast-breadcrumbs-content":"","ast-featured-img":"","footer-sml-layout":"","ast-disable-related-posts":"","theme-transparent-header-meta":"default","adv-header-id-meta":"","stick-header-meta":"default","header-above-stick-meta":"","header-main-stick-meta":"","header-below-stick-meta":"","astra-migrate-meta-layouts":"set","ast-page-background-enabled":"default","ast-page-background-meta":{"desktop":{"background-color":"var(--ast-global-color-5)","background-image":"","background-repeat":"repeat","background-position":"center center","background-size":"auto","background-attachment":"scroll","background-type":"","background-media":"","overlay-type":"","overlay-color":"","overlay-opacity":"","overlay-gradient":""},"tablet":{"background-color":"","background-image":"","background-repeat":"repeat","background-position":"center center","background-size":"auto","background-attachment":"scroll","background-type":"","background-media":"","overlay-type":"","overlay-color":"","overlay-opacity":"","overlay-gradient":""},"mobile":{"background-color":"","background-image":"","background-repeat":"repeat","background-position":"center center","background-size":"auto","background-attachment":"scroll","background-type":"","background-media":"","overlay-type":"","overlay-color":"","overlay-opacity":"","overlay-gradient":""}},"ast-content-background-meta":{"desktop":{"background-color":"var(--ast-global-color-4)","background-image":"","background-repeat":"repeat","background-position":"center center","background-size":"auto","background-attachment":"scroll","background-type":"","background-media":"","overlay-type":"","overlay-color":"","overlay-opacity":"","overlay-gradient":""},"tablet":{"background-color":"var(--ast-global-color-4)","background-image":"","background-repeat":"repeat","background-position":"center center","background-size":"auto","background-attachment":"scroll","background-type":"","background-media":"","overlay-type":"","overlay-color":"","overlay-opacity":"","overlay-gradient":""},"mobile":{"background-color":"var(--ast-global-color-4)","background-image":"","background-repeat":"repeat","background-position":"center center","background-size":"auto","background-attachment":"scroll","background-type":"","background-media":"","overlay-type":"","overlay-color":"","overlay-opacity":"","overlay-gradient":""}}},"product_brand":[],"product_cat":[44],"product_tag":[],"class_list":{"0":"post-1631","1":"product","2":"type-product","3":"status-publish","4":"has-post-thumbnail","6":"product_cat-lixiang","7":"desktop-align-left","8":"tablet-align-left","9":"mobile-align-left","10":"ast-product-gallery-layout-horizontal-slider","11":"ast-product-gallery-with-no-image","12":"ast-product-tabs-layout-horizontal","14":"first","15":"instock","16":"shipping-taxable","17":"product-type-simple"},"_links":{"self":[{"href":"https:\/\/www.lanzunauto.com\/es\/wp-json\/wp\/v2\/product\/1631","targetHints":{"allow":["GET"]}}],"collection":[{"href":"https:\/\/www.lanzunauto.com\/es\/wp-json\/wp\/v2\/product"}],"about":[{"href":"https:\/\/www.lanzunauto.com\/es\/wp-json\/wp\/v2\/types\/product"}],"wp:featuredmedia":[{"embeddable":true,"href":"https:\/\/www.lanzunauto.com\/es\/wp-json\/wp\/v2\/media\/1632"}],"wp:attachment":[{"href":"https:\/\/www.lanzunauto.com\/es\/wp-json\/wp\/v2\/media?parent=1631"}],"wp:term":[{"taxonomy":"product_brand","embeddable":true,"href":"https:\/\/www.lanzunauto.com\/es\/wp-json\/wp\/v2\/product_brand?post=1631"},{"taxonomy":"product_cat","embeddable":true,"href":"https:\/\/www.lanzunauto.com\/es\/wp-json\/wp\/v2\/product_cat?post=1631"},{"taxonomy":"product_tag","embeddable":true,"href":"https:\/\/www.lanzunauto.com\/es\/wp-json\/wp\/v2\/product_tag?post=1631"}],"curies":[{"name":"wp","href":"https:\/\/api.w.org\/{rel}","templated":true}]}}