{"id":1624,"date":"2026-01-30T11:30:49","date_gmt":"2026-01-30T03:30:49","guid":{"rendered":"https:\/\/www.lanzunauto.com\/?post_type=product&#038;p=1624"},"modified":"2026-01-30T11:33:28","modified_gmt":"2026-01-30T03:33:28","slug":"high-quality-id4-parts-for-volkswagen-id4-car-body-parts-front-windshield-wiper-blade-assembly-11g955425-left-wiper-blade","status":"publish","type":"product","link":"https:\/\/www.lanzunauto.com\/es\/producto\/high-quality-id4-parts-for-volkswagen-id4-car-body-parts-front-windshield-wiper-blade-assembly-11g955425-left-wiper-blade\/","title":{"rendered":"Piezas de alta calidad ID4 para Volkswagen ID4, Piezas de carrocer\u00eda, Conjunto de escobilla limpiaparabrisas delantera 11G955425, Escobilla limpiaparabrisas izquierda"},"content":{"rendered":"<p>Dise\u00f1ado espec\u00edficamente para el veh\u00edculo el\u00e9ctrico Volkswagen ID.4, este conjunto de escobilla limpiaparabrisas delantera izquierda cumple estrictamente las normas del fabricante de equipos originales (OEM), garantizando un ajuste perfecto y ofreciendo un rendimiento de limpieza preciso y eficiente. Hecho de caucho de alta calidad, cuenta con una flexibilidad y durabilidad excepcionales, resistiendo eficazmente las altas temperaturas, el fr\u00edo extremo y la radiaci\u00f3n UV. No se deforma ni endurece con el uso prolongado, manteniendo una visi\u00f3n clara y constante.<\/p>\n<p>El exclusivo dise\u00f1o sin marco optimiza el ajuste con el parabrisas, distribuyendo uniformemente la presi\u00f3n durante la limpieza, reduciendo significativamente el ruido y las vibraciones para un efecto de limpieza silencioso y sin rayas, mejorando el confort de conducci\u00f3n. La instalaci\u00f3n es r\u00e1pida y sencilla; basta con colocar el brazo del limpiaparabrisas en la posici\u00f3n de servicio (accesible a trav\u00e9s del men\u00fa de ajustes del veh\u00edculo), alinearlo con la ranura y empujarlo para fijarlo. El dise\u00f1o del conector a presi\u00f3n garantiza una conexi\u00f3n segura y un funcionamiento seguro y fiable.<\/p>","protected":false},"excerpt":{"rendered":"<p><strong>Marca\uff1a<\/strong>Volkswagen<br \/>\n<strong>Fusi\u00f3n est\u00e9tica:<\/strong> El dise\u00f1o de la parrilla armoniza con el robusto salpicadero delantero del Haval F7, resaltando el estilo deportivo de la marca y convirti\u00e9ndose en el punto focal visual del frontal. El procesamiento detallado, como el biselado optimizado de los bordes, mejora el refinamiento general y refuerza la reconocibilidad del veh\u00edculo.<br \/>\n<strong>Innovaci\u00f3n artesanal:<\/strong> Los tratamientos superficiales se controlan rigurosamente; por ejemplo, un acabado de esmalte al horno proporciona un brillo uniforme, mientras que un acabado mate realza la textura, garantizando un efecto visual de primera calidad. El dise\u00f1o tiene en cuenta la continuidad est\u00e9tica de la apertura y el cierre de la campana, y pueden utilizarse paneles decorativos para optimizar el aspecto general cuando sea necesario.<\/p>","protected":false},"featured_media":1625,"template":"","meta":{"_seopress_robots_primary_cat":"none","_seopress_titles_title":"%%post_title%%","_seopress_titles_desc":"%%post_excerpt%%","_seopress_robots_index":"","site-sidebar-layout":"default","site-content-layout":"","ast-site-content-layout":"default","site-content-style":"default","site-sidebar-style":"default","ast-global-header-display":"","ast-banner-title-visibility":"","ast-main-header-display":"","ast-hfb-above-header-display":"","ast-hfb-below-header-display":"","ast-hfb-mobile-header-display":"","site-post-title":"","ast-breadcrumbs-content":"","ast-featured-img":"","footer-sml-layout":"","ast-disable-related-posts":"","theme-transparent-header-meta":"default","adv-header-id-meta":"","stick-header-meta":"default","header-above-stick-meta":"","header-main-stick-meta":"","header-below-stick-meta":"","astra-migrate-meta-layouts":"set","ast-page-background-enabled":"default","ast-page-background-meta":{"desktop":{"background-color":"var(--ast-global-color-5)","background-image":"","background-repeat":"repeat","background-position":"center center","background-size":"auto","background-attachment":"scroll","background-type":"","background-media":"","overlay-type":"","overlay-color":"","overlay-opacity":"","overlay-gradient":""},"tablet":{"background-color":"","background-image":"","background-repeat":"repeat","background-position":"center center","background-size":"auto","background-attachment":"scroll","background-type":"","background-media":"","overlay-type":"","overlay-color":"","overlay-opacity":"","overlay-gradient":""},"mobile":{"background-color":"","background-image":"","background-repeat":"repeat","background-position":"center center","background-size":"auto","background-attachment":"scroll","background-type":"","background-media":"","overlay-type":"","overlay-color":"","overlay-opacity":"","overlay-gradient":""}},"ast-content-background-meta":{"desktop":{"background-color":"var(--ast-global-color-4)","background-image":"","background-repeat":"repeat","background-position":"center center","background-size":"auto","background-attachment":"scroll","background-type":"","background-media":"","overlay-type":"","overlay-color":"","overlay-opacity":"","overlay-gradient":""},"tablet":{"background-color":"var(--ast-global-color-4)","background-image":"","background-repeat":"repeat","background-position":"center center","background-size":"auto","background-attachment":"scroll","background-type":"","background-media":"","overlay-type":"","overlay-color":"","overlay-opacity":"","overlay-gradient":""},"mobile":{"background-color":"var(--ast-global-color-4)","background-image":"","background-repeat":"repeat","background-position":"center center","background-size":"auto","background-attachment":"scroll","background-type":"","background-media":"","overlay-type":"","overlay-color":"","overlay-opacity":"","overlay-gradient":""}}},"product_brand":[],"product_cat":[38],"product_tag":[],"class_list":{"0":"post-1624","1":"product","2":"type-product","3":"status-publish","4":"has-post-thumbnail","6":"product_cat-volkswagen","7":"desktop-align-left","8":"tablet-align-left","9":"mobile-align-left","10":"ast-product-gallery-layout-horizontal-slider","11":"ast-product-gallery-with-no-image","12":"ast-product-tabs-layout-horizontal","14":"first","15":"instock","16":"shipping-taxable","17":"product-type-simple"},"_links":{"self":[{"href":"https:\/\/www.lanzunauto.com\/es\/wp-json\/wp\/v2\/product\/1624","targetHints":{"allow":["GET"]}}],"collection":[{"href":"https:\/\/www.lanzunauto.com\/es\/wp-json\/wp\/v2\/product"}],"about":[{"href":"https:\/\/www.lanzunauto.com\/es\/wp-json\/wp\/v2\/types\/product"}],"wp:featuredmedia":[{"embeddable":true,"href":"https:\/\/www.lanzunauto.com\/es\/wp-json\/wp\/v2\/media\/1625"}],"wp:attachment":[{"href":"https:\/\/www.lanzunauto.com\/es\/wp-json\/wp\/v2\/media?parent=1624"}],"wp:term":[{"taxonomy":"product_brand","embeddable":true,"href":"https:\/\/www.lanzunauto.com\/es\/wp-json\/wp\/v2\/product_brand?post=1624"},{"taxonomy":"product_cat","embeddable":true,"href":"https:\/\/www.lanzunauto.com\/es\/wp-json\/wp\/v2\/product_cat?post=1624"},{"taxonomy":"product_tag","embeddable":true,"href":"https:\/\/www.lanzunauto.com\/es\/wp-json\/wp\/v2\/product_tag?post=1624"}],"curies":[{"name":"wp","href":"https:\/\/api.w.org\/{rel}","templated":true}]}}