{"id":1622,"date":"2026-01-30T10:04:05","date_gmt":"2026-01-30T02:04:05","guid":{"rendered":"https:\/\/www.lanzunauto.com\/?post_type=product&#038;p=1622"},"modified":"2026-01-30T11:30:26","modified_gmt":"2026-01-30T03:30:26","slug":"haval-f7-oem-5509320xkq11a-radiator-grille-and-front-bumper-grille-supply","status":"publish","type":"product","link":"https:\/\/www.lanzunauto.com\/es\/producto\/haval-f7-oem-5509320xkq11a-radiator-grille-and-front-bumper-grille-supply\/","title":{"rendered":"Haval F7 OEM 5509320XKQ11A Rejilla del radiador y parachoques delantero Rejilla de suministro"},"content":{"rendered":"<p>La rejilla del radiador del parachoques delantero Haval F7 OEM 5509320XKQ11A es un componente de la rejilla del radiador dise\u00f1ado en f\u00e1brica espec\u00edficamente para el modelo Haval F7, que combina la refrigeraci\u00f3n funcional con el dise\u00f1o est\u00e9tico de la marca. Como componente central de la fascia delantera del veh\u00edculo, se integra en la zona del parachoques delantero, proporcionando un soporte de refrigeraci\u00f3n eficiente para el compartimento del motor, al tiempo que mejora la identidad deportiva de la marca Haval a trav\u00e9s de un estilo moderno. Esta rejilla est\u00e1 fabricada en pl\u00e1stico de ingenier\u00eda de alta resistencia, moldeado por inyecci\u00f3n de precisi\u00f3n, y cuenta con varios tratamientos superficiales para garantizar un equilibrio perfecto entre dise\u00f1o ligero y durabilidad, complementando a la perfecci\u00f3n el robusto lenguaje de dise\u00f1o del frontal del Haval F7.<\/p>","protected":false},"excerpt":{"rendered":"<p><strong>Marca\uff1a<\/strong>Haval<br \/>\n<strong>Adaptabilidad precisa:<\/strong> Personalizado espec\u00edficamente para el modelo Haval F7, se integra a la perfecci\u00f3n con la estructura original del parachoques delantero, asegurando una instalaci\u00f3n f\u00e1cil y segura sin modificaciones adicionales, garantizando la coherencia con el dise\u00f1o original.<br \/>\n<strong>Rendimiento superior de disipaci\u00f3n del calor:<\/strong> El dise\u00f1o optimizado de la malla equilibra el flujo de aire y la resistencia estructural, garantizando una refrigeraci\u00f3n eficaz del motor en condiciones de conducci\u00f3n urbana o a alta velocidad, mejorando la estabilidad de la potencia.<br \/>\n<strong>Tratamiento superficial avanzado:<\/strong> Disponible en acabados de pintura negra mate o de alto brillo, con tratamientos superficiales que hacen hincapi\u00e9 en la resistencia a la corrosi\u00f3n y a la intemperie, garantizando la solidez del color a largo plazo y la resistencia a las grietas, adaptables a diversas condiciones clim\u00e1ticas.<br \/>\n<strong>Ligero y duradero:<\/strong> Utilizando materiales ligeros y de alta resistencia, equilibra la resistencia a los impactos y la estabilidad estructural, garantizando la integridad durante el uso a largo plazo y reduciendo el riesgo de desgaste diario.<\/p>","protected":false},"featured_media":1623,"template":"","meta":{"_seopress_robots_primary_cat":"none","_seopress_titles_title":"%%post_title%%","_seopress_titles_desc":"%%post_excerpt%%","_seopress_robots_index":"","site-sidebar-layout":"default","site-content-layout":"","ast-site-content-layout":"default","site-content-style":"default","site-sidebar-style":"default","ast-global-header-display":"","ast-banner-title-visibility":"","ast-main-header-display":"","ast-hfb-above-header-display":"","ast-hfb-below-header-display":"","ast-hfb-mobile-header-display":"","site-post-title":"","ast-breadcrumbs-content":"","ast-featured-img":"","footer-sml-layout":"","ast-disable-related-posts":"","theme-transparent-header-meta":"default","adv-header-id-meta":"","stick-header-meta":"default","header-above-stick-meta":"","header-main-stick-meta":"","header-below-stick-meta":"","astra-migrate-meta-layouts":"set","ast-page-background-enabled":"default","ast-page-background-meta":{"desktop":{"background-color":"var(--ast-global-color-5)","background-image":"","background-repeat":"repeat","background-position":"center center","background-size":"auto","background-attachment":"scroll","background-type":"","background-media":"","overlay-type":"","overlay-color":"","overlay-opacity":"","overlay-gradient":""},"tablet":{"background-color":"","background-image":"","background-repeat":"repeat","background-position":"center center","background-size":"auto","background-attachment":"scroll","background-type":"","background-media":"","overlay-type":"","overlay-color":"","overlay-opacity":"","overlay-gradient":""},"mobile":{"background-color":"","background-image":"","background-repeat":"repeat","background-position":"center center","background-size":"auto","background-attachment":"scroll","background-type":"","background-media":"","overlay-type":"","overlay-color":"","overlay-opacity":"","overlay-gradient":""}},"ast-content-background-meta":{"desktop":{"background-color":"var(--ast-global-color-4)","background-image":"","background-repeat":"repeat","background-position":"center center","background-size":"auto","background-attachment":"scroll","background-type":"","background-media":"","overlay-type":"","overlay-color":"","overlay-opacity":"","overlay-gradient":""},"tablet":{"background-color":"var(--ast-global-color-4)","background-image":"","background-repeat":"repeat","background-position":"center center","background-size":"auto","background-attachment":"scroll","background-type":"","background-media":"","overlay-type":"","overlay-color":"","overlay-opacity":"","overlay-gradient":""},"mobile":{"background-color":"var(--ast-global-color-4)","background-image":"","background-repeat":"repeat","background-position":"center center","background-size":"auto","background-attachment":"scroll","background-type":"","background-media":"","overlay-type":"","overlay-color":"","overlay-opacity":"","overlay-gradient":""}}},"product_brand":[],"product_cat":[62],"product_tag":[],"class_list":{"0":"post-1622","1":"product","2":"type-product","3":"status-publish","4":"has-post-thumbnail","6":"product_cat-haval","7":"desktop-align-left","8":"tablet-align-left","9":"mobile-align-left","10":"ast-product-gallery-layout-horizontal-slider","11":"ast-product-gallery-with-no-image","12":"ast-product-tabs-layout-horizontal","14":"first","15":"instock","16":"shipping-taxable","17":"product-type-simple"},"_links":{"self":[{"href":"https:\/\/www.lanzunauto.com\/es\/wp-json\/wp\/v2\/product\/1622","targetHints":{"allow":["GET"]}}],"collection":[{"href":"https:\/\/www.lanzunauto.com\/es\/wp-json\/wp\/v2\/product"}],"about":[{"href":"https:\/\/www.lanzunauto.com\/es\/wp-json\/wp\/v2\/types\/product"}],"wp:featuredmedia":[{"embeddable":true,"href":"https:\/\/www.lanzunauto.com\/es\/wp-json\/wp\/v2\/media\/1623"}],"wp:attachment":[{"href":"https:\/\/www.lanzunauto.com\/es\/wp-json\/wp\/v2\/media?parent=1622"}],"wp:term":[{"taxonomy":"product_brand","embeddable":true,"href":"https:\/\/www.lanzunauto.com\/es\/wp-json\/wp\/v2\/product_brand?post=1622"},{"taxonomy":"product_cat","embeddable":true,"href":"https:\/\/www.lanzunauto.com\/es\/wp-json\/wp\/v2\/product_cat?post=1622"},{"taxonomy":"product_tag","embeddable":true,"href":"https:\/\/www.lanzunauto.com\/es\/wp-json\/wp\/v2\/product_tag?post=1622"}],"curies":[{"name":"wp","href":"https:\/\/api.w.org\/{rel}","templated":true}]}}