{"id":1618,"date":"2026-01-30T09:49:56","date_gmt":"2026-01-30T01:49:56","guid":{"rendered":"https:\/\/www.lanzunauto.com\/?post_type=product&#038;p=1618"},"modified":"2026-01-30T09:54:02","modified_gmt":"2026-01-30T01:54:02","slug":"front-grille-for-voyah-free-2021-280304010-radiator-grille-bumper-grille","status":"publish","type":"product","link":"https:\/\/www.lanzunauto.com\/es\/producto\/front-grille-for-voyah-free-2021-280304010-radiator-grille-bumper-grille\/","title":{"rendered":"Rejilla delantera para VOYAH FREE 2021- 280304010 Rejilla del radiador Rejilla del parachoques"},"content":{"rendered":"<p>La rejilla delantera VOYAH FREE 2021 - 280304010 H97C2803008AA - es una rejilla de radiador y parachoques original de f\u00e1brica dise\u00f1ada espec\u00edficamente para el modelo VOYAH FREE, que combina una protecci\u00f3n funcional con un dise\u00f1o est\u00e9tico de vanguardia. Como componente central de la fascia delantera del veh\u00edculo, se integra en la zona del parachoques delantero, no s\u00f3lo proporcionando un eficiente soporte de refrigeraci\u00f3n para el compartimento del motor, sino tambi\u00e9n realzando la identidad tecnol\u00f3gica de la marca VOYAH a trav\u00e9s de su forma aerodin\u00e1mica. Esta rejilla est\u00e1 fabricada en pl\u00e1stico de ingenier\u00eda de alta resistencia, moldeado mediante tecnolog\u00eda de moldeo por inyecci\u00f3n de precisi\u00f3n, y cuenta con varios tratamientos superficiales para garantizar un equilibrio perfecto entre dise\u00f1o ligero y durabilidad, complementando a la perfecci\u00f3n el moderno lenguaje de dise\u00f1o del VOYAH FREE 2021.<\/p>","protected":false},"excerpt":{"rendered":"<p><strong>Marca\uff1a<\/strong>Voyah<br \/>\n<strong>Adaptabilidad precisa:<\/strong> Personalizado espec\u00edficamente para el modelo Voyah FREE 2021, se integra a la perfecci\u00f3n con la estructura original del parachoques delantero, asegurando una instalaci\u00f3n f\u00e1cil y segura sin modificaciones adicionales, garantizando la coherencia con el dise\u00f1o original.<br \/>\n<strong>Rendimiento superior de disipaci\u00f3n del calor:<\/strong> El dise\u00f1o optimizado de la malla equilibra el flujo de aire y la resistencia estructural, garantizando una refrigeraci\u00f3n eficaz del motor en diversas condiciones de funcionamiento y mejorando la estabilidad din\u00e1mica del veh\u00edculo.<br \/>\n<strong>Tratamiento superficial avanzado:<\/strong> Hay disponibles procesos opcionales de pintura, galvanoplastia o estampaci\u00f3n en caliente, que ofrecen una variedad de colores como el negro mate y el plateado de alto brillo. Los tratamientos superficiales dan prioridad a la resistencia a la corrosi\u00f3n y a la intemperie, garantizando la solidez del color a largo plazo y la resistencia a las grietas, adapt\u00e1ndose a diversas condiciones clim\u00e1ticas.<br \/>\n<strong>Ligero y duradero:<\/strong> Utilizando materiales ligeros y de alta resistencia, equilibra la resistencia a los impactos y la estabilidad estructural, garantizando la integridad durante el uso a largo plazo y reduciendo el riesgo de desgaste diario.<\/p>","protected":false},"featured_media":1619,"template":"","meta":{"_seopress_robots_primary_cat":"none","_seopress_titles_title":"%%post_title%%","_seopress_titles_desc":"%%post_excerpt%%","_seopress_robots_index":"","site-sidebar-layout":"default","site-content-layout":"","ast-site-content-layout":"default","site-content-style":"default","site-sidebar-style":"default","ast-global-header-display":"","ast-banner-title-visibility":"","ast-main-header-display":"","ast-hfb-above-header-display":"","ast-hfb-below-header-display":"","ast-hfb-mobile-header-display":"","site-post-title":"","ast-breadcrumbs-content":"","ast-featured-img":"","footer-sml-layout":"","ast-disable-related-posts":"","theme-transparent-header-meta":"default","adv-header-id-meta":"","stick-header-meta":"default","header-above-stick-meta":"","header-main-stick-meta":"","header-below-stick-meta":"","astra-migrate-meta-layouts":"set","ast-page-background-enabled":"default","ast-page-background-meta":{"desktop":{"background-color":"var(--ast-global-color-5)","background-image":"","background-repeat":"repeat","background-position":"center center","background-size":"auto","background-attachment":"scroll","background-type":"","background-media":"","overlay-type":"","overlay-color":"","overlay-opacity":"","overlay-gradient":""},"tablet":{"background-color":"","background-image":"","background-repeat":"repeat","background-position":"center center","background-size":"auto","background-attachment":"scroll","background-type":"","background-media":"","overlay-type":"","overlay-color":"","overlay-opacity":"","overlay-gradient":""},"mobile":{"background-color":"","background-image":"","background-repeat":"repeat","background-position":"center center","background-size":"auto","background-attachment":"scroll","background-type":"","background-media":"","overlay-type":"","overlay-color":"","overlay-opacity":"","overlay-gradient":""}},"ast-content-background-meta":{"desktop":{"background-color":"var(--ast-global-color-4)","background-image":"","background-repeat":"repeat","background-position":"center center","background-size":"auto","background-attachment":"scroll","background-type":"","background-media":"","overlay-type":"","overlay-color":"","overlay-opacity":"","overlay-gradient":""},"tablet":{"background-color":"var(--ast-global-color-4)","background-image":"","background-repeat":"repeat","background-position":"center center","background-size":"auto","background-attachment":"scroll","background-type":"","background-media":"","overlay-type":"","overlay-color":"","overlay-opacity":"","overlay-gradient":""},"mobile":{"background-color":"var(--ast-global-color-4)","background-image":"","background-repeat":"repeat","background-position":"center center","background-size":"auto","background-attachment":"scroll","background-type":"","background-media":"","overlay-type":"","overlay-color":"","overlay-opacity":"","overlay-gradient":""}}},"product_brand":[],"product_cat":[61],"product_tag":[],"class_list":{"0":"post-1618","1":"product","2":"type-product","3":"status-publish","4":"has-post-thumbnail","6":"product_cat-voyah","7":"desktop-align-left","8":"tablet-align-left","9":"mobile-align-left","10":"ast-product-gallery-layout-horizontal-slider","11":"ast-product-gallery-with-no-image","12":"ast-product-tabs-layout-horizontal","14":"first","15":"instock","16":"shipping-taxable","17":"product-type-simple"},"_links":{"self":[{"href":"https:\/\/www.lanzunauto.com\/es\/wp-json\/wp\/v2\/product\/1618","targetHints":{"allow":["GET"]}}],"collection":[{"href":"https:\/\/www.lanzunauto.com\/es\/wp-json\/wp\/v2\/product"}],"about":[{"href":"https:\/\/www.lanzunauto.com\/es\/wp-json\/wp\/v2\/types\/product"}],"wp:featuredmedia":[{"embeddable":true,"href":"https:\/\/www.lanzunauto.com\/es\/wp-json\/wp\/v2\/media\/1619"}],"wp:attachment":[{"href":"https:\/\/www.lanzunauto.com\/es\/wp-json\/wp\/v2\/media?parent=1618"}],"wp:term":[{"taxonomy":"product_brand","embeddable":true,"href":"https:\/\/www.lanzunauto.com\/es\/wp-json\/wp\/v2\/product_brand?post=1618"},{"taxonomy":"product_cat","embeddable":true,"href":"https:\/\/www.lanzunauto.com\/es\/wp-json\/wp\/v2\/product_cat?post=1618"},{"taxonomy":"product_tag","embeddable":true,"href":"https:\/\/www.lanzunauto.com\/es\/wp-json\/wp\/v2\/product_tag?post=1618"}],"curies":[{"name":"wp","href":"https:\/\/api.w.org\/{rel}","templated":true}]}}