{"id":1616,"date":"2026-01-30T09:43:50","date_gmt":"2026-01-30T01:43:50","guid":{"rendered":"https:\/\/www.lanzunauto.com\/?post_type=product&#038;p=1616"},"modified":"2026-01-30T09:49:38","modified_gmt":"2026-01-30T01:49:38","slug":"aizhibupin-rear-bumper-protection-for-zeekr-001-accessories-spare-part-8889396587","status":"publish","type":"product","link":"https:\/\/www.lanzunauto.com\/es\/producto\/aizhibupin-rear-bumper-protection-for-zeekr-001-accessories-spare-part-8889396587\/","title":{"rendered":"AIZHIBUPIN Protecci\u00f3n parachoques trasero para Zeekr 001 Accesorios Pieza de recambio 8889396587"},"content":{"rendered":"<p>El accesorio de protecci\u00f3n del parachoques trasero Zeekr 001, n\u00famero de pieza 8889396587, est\u00e1 dise\u00f1ado espec\u00edficamente para el modelo Zeekr 001. Es un componente de protecci\u00f3n del parachoques trasero que combina la funcionalidad protectora con un aspecto refinado. Como componente b\u00e1sico para la protecci\u00f3n trasera, resiste eficazmente los ara\u00f1azos y las colisiones menores que se producen durante la conducci\u00f3n diaria, mientras que su moderno lenguaje de dise\u00f1o mejora el atractivo visual general de la parte trasera del veh\u00edculo, mostrando la est\u00e9tica tecnol\u00f3gica de la marca Zeekr. Esta pieza est\u00e1 fabricada en pl\u00e1stico de ingenier\u00eda de alta resistencia y moldeado por inyecci\u00f3n de precisi\u00f3n para garantizar un equilibrio perfecto entre dise\u00f1o ligero y durabilidad.<\/p>","protected":false},"excerpt":{"rendered":"<p><strong>Marca\uff1a<\/strong>Zeekr<br \/>\n<strong>Ajuste preciso:<\/strong> Personalizado espec\u00edficamente para el modelo Jike 001, se integra a la perfecci\u00f3n con la estructura del parachoques trasero original, garantizando una instalaci\u00f3n f\u00e1cil y segura sin modificaciones adicionales.<br \/>\n<strong>Rendimiento de protecci\u00f3n superior:<\/strong> El dise\u00f1o estructural optimizado proporciona una protecci\u00f3n amortiguadora de alta resistencia, reduciendo los da\u00f1os en la carrocer\u00eda del veh\u00edculo por los rasgu\u00f1os diarios y prolongando la vida \u00fatil del parachoques trasero.<br \/>\n<strong>Acabado superficial avanzado:<\/strong> Disponible en acabados mate o de alto brillo y en varios colores (como el negro cl\u00e1sico y el gris mate) para adaptarse a las distintas necesidades individuales. El acabado de la superficie prioriza la resistencia a la corrosi\u00f3n y a la intemperie, garantizando la solidez del color y la resistencia a las grietas a largo plazo.<br \/>\n<strong>Ligero y duradero:<\/strong> Utilizando pl\u00e1sticos de ingenier\u00eda ligeros, equilibra la resistencia a los impactos y la estabilidad estructural, adapt\u00e1ndose a diversas condiciones clim\u00e1ticas y manteniendo la integridad durante un uso prolongado.<\/p>","protected":false},"featured_media":1617,"template":"","meta":{"_seopress_robots_primary_cat":"none","_seopress_titles_title":"%%post_title%%","_seopress_titles_desc":"%%post_excerpt%%","_seopress_robots_index":"","site-sidebar-layout":"default","site-content-layout":"","ast-site-content-layout":"default","site-content-style":"default","site-sidebar-style":"default","ast-global-header-display":"","ast-banner-title-visibility":"","ast-main-header-display":"","ast-hfb-above-header-display":"","ast-hfb-below-header-display":"","ast-hfb-mobile-header-display":"","site-post-title":"","ast-breadcrumbs-content":"","ast-featured-img":"","footer-sml-layout":"","ast-disable-related-posts":"","theme-transparent-header-meta":"default","adv-header-id-meta":"","stick-header-meta":"default","header-above-stick-meta":"","header-main-stick-meta":"","header-below-stick-meta":"","astra-migrate-meta-layouts":"set","ast-page-background-enabled":"default","ast-page-background-meta":{"desktop":{"background-color":"var(--ast-global-color-5)","background-image":"","background-repeat":"repeat","background-position":"center center","background-size":"auto","background-attachment":"scroll","background-type":"","background-media":"","overlay-type":"","overlay-color":"","overlay-opacity":"","overlay-gradient":""},"tablet":{"background-color":"","background-image":"","background-repeat":"repeat","background-position":"center center","background-size":"auto","background-attachment":"scroll","background-type":"","background-media":"","overlay-type":"","overlay-color":"","overlay-opacity":"","overlay-gradient":""},"mobile":{"background-color":"","background-image":"","background-repeat":"repeat","background-position":"center center","background-size":"auto","background-attachment":"scroll","background-type":"","background-media":"","overlay-type":"","overlay-color":"","overlay-opacity":"","overlay-gradient":""}},"ast-content-background-meta":{"desktop":{"background-color":"var(--ast-global-color-4)","background-image":"","background-repeat":"repeat","background-position":"center center","background-size":"auto","background-attachment":"scroll","background-type":"","background-media":"","overlay-type":"","overlay-color":"","overlay-opacity":"","overlay-gradient":""},"tablet":{"background-color":"var(--ast-global-color-4)","background-image":"","background-repeat":"repeat","background-position":"center center","background-size":"auto","background-attachment":"scroll","background-type":"","background-media":"","overlay-type":"","overlay-color":"","overlay-opacity":"","overlay-gradient":""},"mobile":{"background-color":"var(--ast-global-color-4)","background-image":"","background-repeat":"repeat","background-position":"center center","background-size":"auto","background-attachment":"scroll","background-type":"","background-media":"","overlay-type":"","overlay-color":"","overlay-opacity":"","overlay-gradient":""}}},"product_brand":[],"product_cat":[60],"product_tag":[],"class_list":{"0":"post-1616","1":"product","2":"type-product","3":"status-publish","4":"has-post-thumbnail","6":"product_cat-zeekr","7":"desktop-align-left","8":"tablet-align-left","9":"mobile-align-left","10":"ast-product-gallery-layout-horizontal-slider","11":"ast-product-gallery-with-no-image","12":"ast-product-tabs-layout-horizontal","14":"first","15":"instock","16":"shipping-taxable","17":"product-type-simple"},"_links":{"self":[{"href":"https:\/\/www.lanzunauto.com\/es\/wp-json\/wp\/v2\/product\/1616","targetHints":{"allow":["GET"]}}],"collection":[{"href":"https:\/\/www.lanzunauto.com\/es\/wp-json\/wp\/v2\/product"}],"about":[{"href":"https:\/\/www.lanzunauto.com\/es\/wp-json\/wp\/v2\/types\/product"}],"wp:featuredmedia":[{"embeddable":true,"href":"https:\/\/www.lanzunauto.com\/es\/wp-json\/wp\/v2\/media\/1617"}],"wp:attachment":[{"href":"https:\/\/www.lanzunauto.com\/es\/wp-json\/wp\/v2\/media?parent=1616"}],"wp:term":[{"taxonomy":"product_brand","embeddable":true,"href":"https:\/\/www.lanzunauto.com\/es\/wp-json\/wp\/v2\/product_brand?post=1616"},{"taxonomy":"product_cat","embeddable":true,"href":"https:\/\/www.lanzunauto.com\/es\/wp-json\/wp\/v2\/product_cat?post=1616"},{"taxonomy":"product_tag","embeddable":true,"href":"https:\/\/www.lanzunauto.com\/es\/wp-json\/wp\/v2\/product_tag?post=1616"}],"curies":[{"name":"wp","href":"https:\/\/api.w.org\/{rel}","templated":true}]}}