{"id":1614,"date":"2026-01-30T09:39:32","date_gmt":"2026-01-30T01:39:32","guid":{"rendered":"https:\/\/www.lanzunauto.com\/?post_type=product&#038;p=1614"},"modified":"2026-01-30T09:43:03","modified_gmt":"2026-01-30T01:43:03","slug":"radiator-grille-body-for-chery-kaiyi-cowin-g03840110101aa","status":"publish","type":"product","link":"https:\/\/www.lanzunauto.com\/es\/producto\/radiator-grille-body-for-chery-kaiyi-cowin-g03840110101aa\/","title":{"rendered":"Cuerpo de la rejilla del radiador para Chery Kaiyi Cowin G03840110101AA"},"content":{"rendered":"<p><strong>Adaptabilidad precisa:<\/strong> Personalizado espec\u00edficamente para los modelos Kaiyi, garantiza una integraci\u00f3n perfecta con la estructura original del salpicadero delantero, haciendo que la instalaci\u00f3n sea sencilla y segura.<br \/>\n<strong>Rendimiento superior de disipaci\u00f3n del calor:<\/strong> El dise\u00f1o optimizado de la malla equilibra el flujo de aire y la resistencia estructural, garantizando una refrigeraci\u00f3n eficaz del motor en diversas condiciones de funcionamiento.<br \/>\n<strong>Tratamiento superficial avanzado:<\/strong> Existen procesos opcionales de pintura, galvanoplastia o estampaci\u00f3n en caliente, que ofrecen una gran variedad de colores y texturas, como efectos de alto brillo o mate, para satisfacer las necesidades individuales. Los detalles del proceso hacen hincapi\u00e9 en la resistencia a la corrosi\u00f3n y la durabilidad, evitando el riesgo de descascarillado del revestimiento y adapt\u00e1ndose a diversas condiciones clim\u00e1ticas.<br \/>\n<strong>Ligero y duradero:<\/strong> La selecci\u00f3n de materiales equilibra el dise\u00f1o ligero con la resistencia a los impactos, garantizando la integridad estructural durante el uso a largo plazo.<br \/>\nLa rejilla del radiador Chery Cowin G03840110101AA est\u00e1 dise\u00f1ada espec\u00edficamente para los veh\u00edculos de la marca Cowin, sirviendo como un componente frontal central que combina funcionalidad y est\u00e9tica. Como una abertura clave para el sistema de refrigeraci\u00f3n del veh\u00edculo, se integra en la zona del parachoques delantero, asegurando la disipaci\u00f3n de calor eficiente del compartimiento del motor al tiempo que mejora el reconocimiento de la marca con su dise\u00f1o refinado. La rejilla est\u00e1 fabricada en ABS o materiales compuestos de alta resistencia, moldeados por inyecci\u00f3n, y presenta diversos tratamientos superficiales para complementar el moderno lenguaje de dise\u00f1o de Cowin y mejorar el atractivo visual general del veh\u00edculo.<\/p>","protected":false},"excerpt":{"rendered":"<p><strong>Marca\uff1a<\/strong>chery<br \/>\n<strong>Adaptabilidad precisa:<\/strong> Personalizado espec\u00edficamente para los modelos Kaiyi, garantiza una integraci\u00f3n perfecta con la estructura original del salpicadero delantero, haciendo que la instalaci\u00f3n sea sencilla y segura.<br \/>\n<strong>Rendimiento superior de disipaci\u00f3n del calor:<\/strong> El dise\u00f1o optimizado de la malla equilibra el flujo de aire y la resistencia estructural, garantizando una refrigeraci\u00f3n eficaz del motor en diversas condiciones de funcionamiento.<\/p>","protected":false},"featured_media":1615,"template":"","meta":{"_seopress_robots_primary_cat":"none","_seopress_titles_title":"%%post_title%%","_seopress_titles_desc":"%%post_excerpt%%","_seopress_robots_index":"","site-sidebar-layout":"default","site-content-layout":"","ast-site-content-layout":"default","site-content-style":"default","site-sidebar-style":"default","ast-global-header-display":"","ast-banner-title-visibility":"","ast-main-header-display":"","ast-hfb-above-header-display":"","ast-hfb-below-header-display":"","ast-hfb-mobile-header-display":"","site-post-title":"","ast-breadcrumbs-content":"","ast-featured-img":"","footer-sml-layout":"","ast-disable-related-posts":"","theme-transparent-header-meta":"default","adv-header-id-meta":"","stick-header-meta":"default","header-above-stick-meta":"","header-main-stick-meta":"","header-below-stick-meta":"","astra-migrate-meta-layouts":"set","ast-page-background-enabled":"default","ast-page-background-meta":{"desktop":{"background-color":"var(--ast-global-color-5)","background-image":"","background-repeat":"repeat","background-position":"center center","background-size":"auto","background-attachment":"scroll","background-type":"","background-media":"","overlay-type":"","overlay-color":"","overlay-opacity":"","overlay-gradient":""},"tablet":{"background-color":"","background-image":"","background-repeat":"repeat","background-position":"center center","background-size":"auto","background-attachment":"scroll","background-type":"","background-media":"","overlay-type":"","overlay-color":"","overlay-opacity":"","overlay-gradient":""},"mobile":{"background-color":"","background-image":"","background-repeat":"repeat","background-position":"center center","background-size":"auto","background-attachment":"scroll","background-type":"","background-media":"","overlay-type":"","overlay-color":"","overlay-opacity":"","overlay-gradient":""}},"ast-content-background-meta":{"desktop":{"background-color":"var(--ast-global-color-4)","background-image":"","background-repeat":"repeat","background-position":"center center","background-size":"auto","background-attachment":"scroll","background-type":"","background-media":"","overlay-type":"","overlay-color":"","overlay-opacity":"","overlay-gradient":""},"tablet":{"background-color":"var(--ast-global-color-4)","background-image":"","background-repeat":"repeat","background-position":"center center","background-size":"auto","background-attachment":"scroll","background-type":"","background-media":"","overlay-type":"","overlay-color":"","overlay-opacity":"","overlay-gradient":""},"mobile":{"background-color":"var(--ast-global-color-4)","background-image":"","background-repeat":"repeat","background-position":"center center","background-size":"auto","background-attachment":"scroll","background-type":"","background-media":"","overlay-type":"","overlay-color":"","overlay-opacity":"","overlay-gradient":""}}},"product_brand":[],"product_cat":[29],"product_tag":[],"class_list":{"0":"post-1614","1":"product","2":"type-product","3":"status-publish","4":"has-post-thumbnail","6":"product_cat-chery","7":"desktop-align-left","8":"tablet-align-left","9":"mobile-align-left","10":"ast-product-gallery-layout-horizontal-slider","11":"ast-product-gallery-with-no-image","12":"ast-product-tabs-layout-horizontal","14":"first","15":"instock","16":"shipping-taxable","17":"product-type-simple"},"_links":{"self":[{"href":"https:\/\/www.lanzunauto.com\/es\/wp-json\/wp\/v2\/product\/1614","targetHints":{"allow":["GET"]}}],"collection":[{"href":"https:\/\/www.lanzunauto.com\/es\/wp-json\/wp\/v2\/product"}],"about":[{"href":"https:\/\/www.lanzunauto.com\/es\/wp-json\/wp\/v2\/types\/product"}],"wp:featuredmedia":[{"embeddable":true,"href":"https:\/\/www.lanzunauto.com\/es\/wp-json\/wp\/v2\/media\/1615"}],"wp:attachment":[{"href":"https:\/\/www.lanzunauto.com\/es\/wp-json\/wp\/v2\/media?parent=1614"}],"wp:term":[{"taxonomy":"product_brand","embeddable":true,"href":"https:\/\/www.lanzunauto.com\/es\/wp-json\/wp\/v2\/product_brand?post=1614"},{"taxonomy":"product_cat","embeddable":true,"href":"https:\/\/www.lanzunauto.com\/es\/wp-json\/wp\/v2\/product_cat?post=1614"},{"taxonomy":"product_tag","embeddable":true,"href":"https:\/\/www.lanzunauto.com\/es\/wp-json\/wp\/v2\/product_tag?post=1614"}],"curies":[{"name":"wp","href":"https:\/\/api.w.org\/{rel}","templated":true}]}}