{"id":1610,"date":"2026-01-30T09:33:26","date_gmt":"2026-01-30T01:33:26","guid":{"rendered":"https:\/\/www.lanzunauto.com\/?post_type=product&#038;p=1610"},"modified":"2026-01-30T09:39:05","modified_gmt":"2026-01-30T01:39:05","slug":"new-sc2e-6310200b-rear-wiper-arm-and-blade-assembly-for-byd-tang-dm-i-2021-oe-replacement-parts","status":"publish","type":"product","link":"https:\/\/www.lanzunauto.com\/es\/producto\/new-sc2e-6310200b-rear-wiper-arm-and-blade-assembly-for-byd-tang-dm-i-2021-oe-replacement-parts\/","title":{"rendered":"Nuevo SC2E-6310200B Limpiaparabrisas trasero con brazo y escobilla para BYD Tang DM-i 2021 Recambios de Equipo Original"},"content":{"rendered":"<p><strong>Escobillas limpiaparabrisas de alta precisi\u00f3n:<\/strong> Con un dise\u00f1o silencioso y sin marco, las escobillas est\u00e1n fabricadas en caucho de alta calidad, flexible y resistente al desgaste, que reduce eficazmente el ruido y las vibraciones durante el barrido, mejorando el confort de conducci\u00f3n. Una tecnolog\u00eda de revestimiento especial mejora las propiedades antienvejecimiento, adapt\u00e1ndose a las altas y bajas temperaturas y al tiempo de lluvia\/nieve, evitando el agrietamiento y la decoloraci\u00f3n con el uso a largo plazo.<\/p>\n<p><strong>Dise\u00f1o integrado de componentes:<\/strong> El brazo y la escobilla del limpiaparabrisas est\u00e1n premontados, lo que evita los problemas de compatibilidad asociados a las sustituciones por separado, simplifica el proceso de instalaci\u00f3n y reduce los costes de mantenimiento.<\/p>\n<p><strong>Garant\u00eda de durabilidad:<\/strong> El brazo del limpiaparabrisas est\u00e1 fabricado en metal de alta resistencia, resistente a la corrosi\u00f3n y a la fatiga, lo que garantiza que no se deforme con el uso a largo plazo. El componente se ha sometido a rigurosas pruebas ambientales, que incluyen la limpieza a alta velocidad y ciclos de temperatura extrema, lo que garantiza un rendimiento estable en condiciones de carretera complejas.<\/p>\n<p>La rejilla del radiador Chery Cowin G03840110101AA est\u00e1 dise\u00f1ada espec\u00edficamente para los veh\u00edculos de la marca Cowin, sirviendo como un componente frontal central que combina funcionalidad y est\u00e9tica. Como una abertura clave para el sistema de refrigeraci\u00f3n del veh\u00edculo, se integra en la zona del parachoques delantero, asegurando la disipaci\u00f3n de calor eficiente del compartimiento del motor al tiempo que mejora el reconocimiento de la marca con su dise\u00f1o refinado. La rejilla est\u00e1 fabricada en ABS o materiales compuestos de alta resistencia, moldeados por inyecci\u00f3n, y presenta diversos tratamientos superficiales para complementar el moderno lenguaje de dise\u00f1o de Cowin y mejorar el atractivo visual general del veh\u00edculo.<\/p>","protected":false},"excerpt":{"rendered":"<p><strong>Marca\uff1a<\/strong>BYD<br \/>\nAjuste a equipo original: Dise\u00f1ado espec\u00edficamente para el BYD Tang DM-i 2021, la longitud del brazo del limpiaparabrisas, la curvatura y las posiciones de los orificios de montaje son completamente id\u00e9nticas a las del veh\u00edculo original, por lo que la instalaci\u00f3n es sencilla y no requiere ajustes adicionales. Asegura un ajuste apretado con la luneta trasera, garantizando una limpieza a fondo.<\/p>","protected":false},"featured_media":1613,"template":"","meta":{"_seopress_robots_primary_cat":"none","_seopress_titles_title":"%%post_title%%","_seopress_titles_desc":"%%post_excerpt%%","_seopress_robots_index":"","site-sidebar-layout":"default","site-content-layout":"","ast-site-content-layout":"default","site-content-style":"default","site-sidebar-style":"default","ast-global-header-display":"","ast-banner-title-visibility":"","ast-main-header-display":"","ast-hfb-above-header-display":"","ast-hfb-below-header-display":"","ast-hfb-mobile-header-display":"","site-post-title":"","ast-breadcrumbs-content":"","ast-featured-img":"","footer-sml-layout":"","ast-disable-related-posts":"","theme-transparent-header-meta":"default","adv-header-id-meta":"","stick-header-meta":"default","header-above-stick-meta":"","header-main-stick-meta":"","header-below-stick-meta":"","astra-migrate-meta-layouts":"set","ast-page-background-enabled":"default","ast-page-background-meta":{"desktop":{"background-color":"var(--ast-global-color-5)","background-image":"","background-repeat":"repeat","background-position":"center center","background-size":"auto","background-attachment":"scroll","background-type":"","background-media":"","overlay-type":"","overlay-color":"","overlay-opacity":"","overlay-gradient":""},"tablet":{"background-color":"","background-image":"","background-repeat":"repeat","background-position":"center center","background-size":"auto","background-attachment":"scroll","background-type":"","background-media":"","overlay-type":"","overlay-color":"","overlay-opacity":"","overlay-gradient":""},"mobile":{"background-color":"","background-image":"","background-repeat":"repeat","background-position":"center center","background-size":"auto","background-attachment":"scroll","background-type":"","background-media":"","overlay-type":"","overlay-color":"","overlay-opacity":"","overlay-gradient":""}},"ast-content-background-meta":{"desktop":{"background-color":"var(--ast-global-color-4)","background-image":"","background-repeat":"repeat","background-position":"center center","background-size":"auto","background-attachment":"scroll","background-type":"","background-media":"","overlay-type":"","overlay-color":"","overlay-opacity":"","overlay-gradient":""},"tablet":{"background-color":"var(--ast-global-color-4)","background-image":"","background-repeat":"repeat","background-position":"center center","background-size":"auto","background-attachment":"scroll","background-type":"","background-media":"","overlay-type":"","overlay-color":"","overlay-opacity":"","overlay-gradient":""},"mobile":{"background-color":"var(--ast-global-color-4)","background-image":"","background-repeat":"repeat","background-position":"center center","background-size":"auto","background-attachment":"scroll","background-type":"","background-media":"","overlay-type":"","overlay-color":"","overlay-opacity":"","overlay-gradient":""}}},"product_brand":[],"product_cat":[26],"product_tag":[],"class_list":{"0":"post-1610","1":"product","2":"type-product","3":"status-publish","4":"has-post-thumbnail","6":"product_cat-byd","7":"desktop-align-left","8":"tablet-align-left","9":"mobile-align-left","10":"ast-product-gallery-layout-horizontal-slider","11":"ast-product-gallery-with-no-image","12":"ast-product-tabs-layout-horizontal","14":"first","15":"instock","16":"shipping-taxable","17":"product-type-simple"},"_links":{"self":[{"href":"https:\/\/www.lanzunauto.com\/es\/wp-json\/wp\/v2\/product\/1610","targetHints":{"allow":["GET"]}}],"collection":[{"href":"https:\/\/www.lanzunauto.com\/es\/wp-json\/wp\/v2\/product"}],"about":[{"href":"https:\/\/www.lanzunauto.com\/es\/wp-json\/wp\/v2\/types\/product"}],"wp:featuredmedia":[{"embeddable":true,"href":"https:\/\/www.lanzunauto.com\/es\/wp-json\/wp\/v2\/media\/1613"}],"wp:attachment":[{"href":"https:\/\/www.lanzunauto.com\/es\/wp-json\/wp\/v2\/media?parent=1610"}],"wp:term":[{"taxonomy":"product_brand","embeddable":true,"href":"https:\/\/www.lanzunauto.com\/es\/wp-json\/wp\/v2\/product_brand?post=1610"},{"taxonomy":"product_cat","embeddable":true,"href":"https:\/\/www.lanzunauto.com\/es\/wp-json\/wp\/v2\/product_cat?post=1610"},{"taxonomy":"product_tag","embeddable":true,"href":"https:\/\/www.lanzunauto.com\/es\/wp-json\/wp\/v2\/product_tag?post=1610"}],"curies":[{"name":"wp","href":"https:\/\/api.w.org\/{rel}","templated":true}]}}