{"id":1603,"date":"2026-01-29T18:05:24","date_gmt":"2026-01-29T10:05:24","guid":{"rendered":"https:\/\/www.lanzunauto.com\/?post_type=product&#038;p=1603"},"modified":"2026-01-29T18:07:19","modified_gmt":"2026-01-29T10:07:19","slug":"new-geely-monjarol-front-bumper-left-bracket-original-replacement-part-number-6010178500-original-equipment-specification","status":"publish","type":"product","link":"https:\/\/www.lanzunauto.com\/es\/producto\/new-geely-monjarol-front-bumper-left-bracket-original-replacement-part-number-6010178500-original-equipment-specification\/","title":{"rendered":"Nuevo Geely MonjaroL Parachoques delantero izquierdo Soporte de recambio original N\u00famero de pieza 6010178500 Especificaci\u00f3n de equipo original"},"content":{"rendered":"<p>Dise\u00f1ado a medida espec\u00edficamente para el modelo Geely Monjaro L, este soporte de parachoques delantero izquierdo se adhiere estrictamente a los est\u00e1ndares de dise\u00f1o originales de f\u00e1brica y emplea procesos de fabricaci\u00f3n de nivel OEM para garantizar un ajuste perfecto con la estructura original del parachoques. Como pieza de repuesto original de f\u00e1brica, el soporte n\u00famero 6010178500 se ajusta con precisi\u00f3n a la interfaz del veh\u00edculo, proporcionando a su coche la misma fiabilidad y durabilidad que las piezas originales, por lo que es una opci\u00f3n ideal para reparaciones o actualizaciones.<\/p>","protected":false},"excerpt":{"rendered":"<p><strong>Marca\uff1aGEELY<\/strong><br \/>\n<strong>Dise\u00f1o integrado de la unidad de rodamiento:<\/strong> La estructura integrada del cubo de rueda y el rodamiento reduce los pasos de instalaci\u00f3n y disminuye el riesgo de aver\u00edas; el sistema de lubricaci\u00f3n sellado a\u00edsla eficazmente el polvo y la humedad, prolongando la vida \u00fatil del rodamiento y mejorando la seguridad de conducci\u00f3n.<\/p>","protected":false},"featured_media":1604,"template":"","meta":{"_seopress_robots_primary_cat":"none","_seopress_titles_title":"%%post_title%%","_seopress_titles_desc":"%%post_excerpt%%","_seopress_robots_index":"","site-sidebar-layout":"default","site-content-layout":"","ast-site-content-layout":"default","site-content-style":"default","site-sidebar-style":"default","ast-global-header-display":"","ast-banner-title-visibility":"","ast-main-header-display":"","ast-hfb-above-header-display":"","ast-hfb-below-header-display":"","ast-hfb-mobile-header-display":"","site-post-title":"","ast-breadcrumbs-content":"","ast-featured-img":"","footer-sml-layout":"","ast-disable-related-posts":"","theme-transparent-header-meta":"default","adv-header-id-meta":"","stick-header-meta":"default","header-above-stick-meta":"","header-main-stick-meta":"","header-below-stick-meta":"","astra-migrate-meta-layouts":"set","ast-page-background-enabled":"default","ast-page-background-meta":{"desktop":{"background-color":"var(--ast-global-color-5)","background-image":"","background-repeat":"repeat","background-position":"center center","background-size":"auto","background-attachment":"scroll","background-type":"","background-media":"","overlay-type":"","overlay-color":"","overlay-opacity":"","overlay-gradient":""},"tablet":{"background-color":"","background-image":"","background-repeat":"repeat","background-position":"center center","background-size":"auto","background-attachment":"scroll","background-type":"","background-media":"","overlay-type":"","overlay-color":"","overlay-opacity":"","overlay-gradient":""},"mobile":{"background-color":"","background-image":"","background-repeat":"repeat","background-position":"center center","background-size":"auto","background-attachment":"scroll","background-type":"","background-media":"","overlay-type":"","overlay-color":"","overlay-opacity":"","overlay-gradient":""}},"ast-content-background-meta":{"desktop":{"background-color":"var(--ast-global-color-4)","background-image":"","background-repeat":"repeat","background-position":"center center","background-size":"auto","background-attachment":"scroll","background-type":"","background-media":"","overlay-type":"","overlay-color":"","overlay-opacity":"","overlay-gradient":""},"tablet":{"background-color":"var(--ast-global-color-4)","background-image":"","background-repeat":"repeat","background-position":"center center","background-size":"auto","background-attachment":"scroll","background-type":"","background-media":"","overlay-type":"","overlay-color":"","overlay-opacity":"","overlay-gradient":""},"mobile":{"background-color":"var(--ast-global-color-4)","background-image":"","background-repeat":"repeat","background-position":"center center","background-size":"auto","background-attachment":"scroll","background-type":"","background-media":"","overlay-type":"","overlay-color":"","overlay-opacity":"","overlay-gradient":""}}},"product_brand":[],"product_cat":[32],"product_tag":[],"class_list":{"0":"post-1603","1":"product","2":"type-product","3":"status-publish","4":"has-post-thumbnail","6":"product_cat-geely","7":"desktop-align-left","8":"tablet-align-left","9":"mobile-align-left","10":"ast-product-gallery-layout-horizontal-slider","11":"ast-product-gallery-with-no-image","12":"ast-product-tabs-layout-horizontal","14":"first","15":"instock","16":"shipping-taxable","17":"product-type-simple"},"_links":{"self":[{"href":"https:\/\/www.lanzunauto.com\/es\/wp-json\/wp\/v2\/product\/1603","targetHints":{"allow":["GET"]}}],"collection":[{"href":"https:\/\/www.lanzunauto.com\/es\/wp-json\/wp\/v2\/product"}],"about":[{"href":"https:\/\/www.lanzunauto.com\/es\/wp-json\/wp\/v2\/types\/product"}],"wp:featuredmedia":[{"embeddable":true,"href":"https:\/\/www.lanzunauto.com\/es\/wp-json\/wp\/v2\/media\/1604"}],"wp:attachment":[{"href":"https:\/\/www.lanzunauto.com\/es\/wp-json\/wp\/v2\/media?parent=1603"}],"wp:term":[{"taxonomy":"product_brand","embeddable":true,"href":"https:\/\/www.lanzunauto.com\/es\/wp-json\/wp\/v2\/product_brand?post=1603"},{"taxonomy":"product_cat","embeddable":true,"href":"https:\/\/www.lanzunauto.com\/es\/wp-json\/wp\/v2\/product_cat?post=1603"},{"taxonomy":"product_tag","embeddable":true,"href":"https:\/\/www.lanzunauto.com\/es\/wp-json\/wp\/v2\/product_tag?post=1603"}],"curies":[{"name":"wp","href":"https:\/\/api.w.org\/{rel}","templated":true}]}}