{"id":1085,"date":"2026-01-02T16:36:22","date_gmt":"2026-01-02T08:36:22","guid":{"rendered":"http:\/\/www.lanzunauto.com\/?post_type=product&#038;p=1085"},"modified":"2026-01-24T09:50:55","modified_gmt":"2026-01-24T01:50:55","slug":"weichai-diesel-engine-factory-price-weichai-truck-diesel-engine-wp10-wp12-wd615-wp12-375-weichai-diesel-engine","status":"publish","type":"product","link":"https:\/\/www.lanzunauto.com\/es\/producto\/weichai-diesel-engine-factory-price-weichai-truck-diesel-engine-wp10-wp12-wd615-wp12-375-weichai-diesel-engine\/","title":{"rendered":"Motor diesel Weichai Precio de f\u00e1brica Motor diesel Weichai para camiones WP10 WP12 WD615 WP12.375 Motor diesel Weichai"},"content":{"rendered":"<p><strong>Series WP10\/WP12:<\/strong> Adopta un sistema de combustible common rail de alta presi\u00f3n para controlar con precisi\u00f3n la combusti\u00f3n, y la potencia de salida es estable y eficiente; adecuado para camiones pesados y veh\u00edculos de ingenier\u00eda, cumpliendo las normas de emisiones National VI, con bajos costes de mantenimiento y suficiente suministro de piezas.<br \/>\n<strong>Modelo WD615 Classic:<\/strong> Estructura madura y estable, probada por el mercado, adecuada para camiones medianos y pesados y potencia naval; f\u00e1cil mantenimiento, gran versatilidad de accesorios, excelente rentabilidad.<br \/>\n<strong>WP12.375:<\/strong> Dise\u00f1o de alta potencia de 375 caballos, par fuerte en la gama de baja velocidad, optimizado para el transporte pesado de larga distancia; los componentes de alta resistencia mejoran la durabilidad y se adaptan a las duras condiciones de trabajo.<br \/>\n<strong>Caracter\u00edsticas comunes a toda la serie:<\/strong> Respaldo de calidad Weichai, dise\u00f1o eficiente y ahorrador de energ\u00eda, que satisface las necesidades de diversos escenarios de transporte, y amplia cobertura de la red de servicios.<\/p>","protected":false},"excerpt":{"rendered":"<p><strong>Marca\uff1a<\/strong>weichai<br \/>\n<strong>Series WP10\/WP12:<\/strong> Normativa nacional VI sobre emisiones, tecnolog\u00eda common rail de alta presi\u00f3n, gran potencia y excelente ahorro de combustible, adecuado para camiones pesados y maquinaria de construcci\u00f3n, y f\u00e1cil de mantener.<br \/>\n<strong>Modelo WD615 Classic:<\/strong> Maduro y fiable, ampliamente utilizado en camiones y barcos, con un excelente rendimiento de costes y una gran versatilidad de accesorios.<br \/>\n<strong>WP12.375:<\/strong> 375 caballos de potencia, alto par a baja velocidad, adecuado para el transporte de cargas pesadas y excelente durabilidad.<br \/>\n<strong>Ventajas de la serie completa:<\/strong> Weichai garantiza la calidad, es altamente eficiente y ahorra energ\u00eda, y satisface diversas necesidades energ\u00e9ticas.<\/p>","protected":false},"featured_media":1086,"template":"","meta":{"_seopress_robots_primary_cat":"none","_seopress_titles_title":"%%post_title%%","_seopress_titles_desc":"%%post_excerpt%%","_seopress_robots_index":"","site-sidebar-layout":"default","site-content-layout":"","ast-site-content-layout":"default","site-content-style":"default","site-sidebar-style":"default","ast-global-header-display":"","ast-banner-title-visibility":"","ast-main-header-display":"","ast-hfb-above-header-display":"","ast-hfb-below-header-display":"","ast-hfb-mobile-header-display":"","site-post-title":"","ast-breadcrumbs-content":"","ast-featured-img":"","footer-sml-layout":"","ast-disable-related-posts":"","theme-transparent-header-meta":"default","adv-header-id-meta":"","stick-header-meta":"default","header-above-stick-meta":"","header-main-stick-meta":"","header-below-stick-meta":"","astra-migrate-meta-layouts":"set","ast-page-background-enabled":"default","ast-page-background-meta":{"desktop":{"background-color":"var(--ast-global-color-5)","background-image":"","background-repeat":"repeat","background-position":"center center","background-size":"auto","background-attachment":"scroll","background-type":"","background-media":"","overlay-type":"","overlay-color":"","overlay-opacity":"","overlay-gradient":""},"tablet":{"background-color":"","background-image":"","background-repeat":"repeat","background-position":"center center","background-size":"auto","background-attachment":"scroll","background-type":"","background-media":"","overlay-type":"","overlay-color":"","overlay-opacity":"","overlay-gradient":""},"mobile":{"background-color":"","background-image":"","background-repeat":"repeat","background-position":"center center","background-size":"auto","background-attachment":"scroll","background-type":"","background-media":"","overlay-type":"","overlay-color":"","overlay-opacity":"","overlay-gradient":""}},"ast-content-background-meta":{"desktop":{"background-color":"var(--ast-global-color-4)","background-image":"","background-repeat":"repeat","background-position":"center center","background-size":"auto","background-attachment":"scroll","background-type":"","background-media":"","overlay-type":"","overlay-color":"","overlay-opacity":"","overlay-gradient":""},"tablet":{"background-color":"var(--ast-global-color-4)","background-image":"","background-repeat":"repeat","background-position":"center center","background-size":"auto","background-attachment":"scroll","background-type":"","background-media":"","overlay-type":"","overlay-color":"","overlay-opacity":"","overlay-gradient":""},"mobile":{"background-color":"var(--ast-global-color-4)","background-image":"","background-repeat":"repeat","background-position":"center center","background-size":"auto","background-attachment":"scroll","background-type":"","background-media":"","overlay-type":"","overlay-color":"","overlay-opacity":"","overlay-gradient":""}}},"product_brand":[],"product_cat":[51],"product_tag":[],"class_list":{"0":"post-1085","1":"product","2":"type-product","3":"status-publish","4":"has-post-thumbnail","6":"product_cat-weichai","7":"desktop-align-left","8":"tablet-align-left","9":"mobile-align-left","10":"ast-product-gallery-layout-horizontal-slider","11":"ast-product-gallery-with-no-image","12":"ast-product-tabs-layout-horizontal","14":"first","15":"instock","16":"shipping-taxable","17":"product-type-simple"},"_links":{"self":[{"href":"https:\/\/www.lanzunauto.com\/es\/wp-json\/wp\/v2\/product\/1085","targetHints":{"allow":["GET"]}}],"collection":[{"href":"https:\/\/www.lanzunauto.com\/es\/wp-json\/wp\/v2\/product"}],"about":[{"href":"https:\/\/www.lanzunauto.com\/es\/wp-json\/wp\/v2\/types\/product"}],"wp:featuredmedia":[{"embeddable":true,"href":"https:\/\/www.lanzunauto.com\/es\/wp-json\/wp\/v2\/media\/1086"}],"wp:attachment":[{"href":"https:\/\/www.lanzunauto.com\/es\/wp-json\/wp\/v2\/media?parent=1085"}],"wp:term":[{"taxonomy":"product_brand","embeddable":true,"href":"https:\/\/www.lanzunauto.com\/es\/wp-json\/wp\/v2\/product_brand?post=1085"},{"taxonomy":"product_cat","embeddable":true,"href":"https:\/\/www.lanzunauto.com\/es\/wp-json\/wp\/v2\/product_cat?post=1085"},{"taxonomy":"product_tag","embeddable":true,"href":"https:\/\/www.lanzunauto.com\/es\/wp-json\/wp\/v2\/product_tag?post=1085"}],"curies":[{"name":"wp","href":"https:\/\/api.w.org\/{rel}","templated":true}]}}