{"id":1078,"date":"2026-01-09T16:19:40","date_gmt":"2026-01-09T08:19:40","guid":{"rendered":"http:\/\/www.lanzunauto.com\/?post_type=product&#038;p=1078"},"modified":"2026-01-20T15:44:17","modified_gmt":"2026-01-20T07:44:17","slug":"original-for-bmw-engine-vibration-damper-6886923-01-crankshaft-pulley-for-bmw-5-series-f10-7-series-f01-x5-e70","status":"publish","type":"product","link":"https:\/\/www.lanzunauto.com\/es\/producto\/original-for-bmw-engine-vibration-damper-6886923-01-crankshaft-pulley-for-bmw-5-series-f10-7-series-f01-x5-e70\/","title":{"rendered":"Original For-BMW Amortiguador de vibraciones del motor 6886923-01 Polea del cig\u00fce\u00f1al Para-BMW Serie 5 F10 Serie 7 F01 X5 E70"},"content":{"rendered":"<p><strong>Est\u00e1ndar de proceso original de f\u00e1brica:<\/strong> Utilizando el mismo proceso de fundici\u00f3n de precisi\u00f3n que BMW, la tolerancia de la superficie de conexi\u00f3n del cig\u00fce\u00f1al es de \u22640,02 mm, lo que garantiza una p\u00e9rdida cero de transmisi\u00f3n de potencia.<br \/>\n<strong>Dise\u00f1o de reducci\u00f3n de vibraciones de doble etapa:<\/strong> Anillo amortiguador de caucho exterior + estructura de muelle met\u00e1lico interior, absorbe doblemente las vibraciones de alta frecuencia del motor y reduce el desgaste de la correa.<br \/>\n<strong>Verificaci\u00f3n en entornos extremos:<\/strong> Pas\u00f3 la prueba de ciclo de alta y baja temperatura de -30\u2103 a 120\u2103, y a\u00fan mantiene estable el rendimiento de amortiguaci\u00f3n de vibraciones bajo fr\u00edo severo\/alta temperatura.<br \/>\n<strong>Compatible con sistemas inteligentes:<\/strong> Adaptado al sistema de gesti\u00f3n del motor BMW DME, la se\u00f1al del sensor no tiene interferencias y evita las falsas alarmas de las luces de aver\u00eda.<br \/>\n<strong>Cumplimiento de la normativa medioambiental:<\/strong>El material cumple la normativa REACH de la UE, no libera sustancias nocivas y es seguro y respetuoso con el medio ambiente.<\/p>","protected":false},"excerpt":{"rendered":"<p><strong>Marca\uff1a<\/strong>BMW<br \/>\n<strong>Adaptaci\u00f3n original en f\u00e1brica:<\/strong> Dise\u00f1ado espec\u00edficamente para BMW Serie 5 F10, Serie 7 F01, y X5 E70, se ajusta con precisi\u00f3n a la interfaz original del coche y garantiza una instalaci\u00f3n sin problemas.<br \/>\n<strong>Reducci\u00f3n de las vibraciones y del ruido:<\/strong> La estructura de amortiguaci\u00f3n incorporada suprime eficazmente la vibraci\u00f3n del motor y el ruido de la correa, mejorando el silencio de conducci\u00f3n.<br \/>\n<strong>Balanza de alta precisi\u00f3n:<\/strong> Calibrado de equilibrio din\u00e1mico para evitar vibraciones durante el funcionamiento a alta velocidad y proteger el motor y el sistema de correas.<br \/>\n<strong>Material duradero:<\/strong> Carcasa de aleaci\u00f3n de aluminio de alta resistencia, resistente a las altas temperaturas y a la corrosi\u00f3n, con una vida \u00fatil de m\u00e1s de 100.000 kil\u00f3metros.<br \/>\n<strong>Plug and Play:<\/strong> Sustituye directamente a las piezas originales sin modificaciones, mejorando la eficacia del mantenimiento y adapt\u00e1ndose a muchos modelos BMW.<\/p>","protected":false},"featured_media":1079,"template":"","meta":{"_seopress_robots_primary_cat":"none","_seopress_titles_title":"%%post_title%%","_seopress_titles_desc":"%%post_excerpt%%","_seopress_robots_index":"","site-sidebar-layout":"default","site-content-layout":"","ast-site-content-layout":"default","site-content-style":"default","site-sidebar-style":"default","ast-global-header-display":"","ast-banner-title-visibility":"","ast-main-header-display":"","ast-hfb-above-header-display":"","ast-hfb-below-header-display":"","ast-hfb-mobile-header-display":"","site-post-title":"","ast-breadcrumbs-content":"","ast-featured-img":"","footer-sml-layout":"","ast-disable-related-posts":"","theme-transparent-header-meta":"default","adv-header-id-meta":"","stick-header-meta":"default","header-above-stick-meta":"","header-main-stick-meta":"","header-below-stick-meta":"","astra-migrate-meta-layouts":"set","ast-page-background-enabled":"default","ast-page-background-meta":{"desktop":{"background-color":"var(--ast-global-color-5)","background-image":"","background-repeat":"repeat","background-position":"center center","background-size":"auto","background-attachment":"scroll","background-type":"","background-media":"","overlay-type":"","overlay-color":"","overlay-opacity":"","overlay-gradient":""},"tablet":{"background-color":"","background-image":"","background-repeat":"repeat","background-position":"center center","background-size":"auto","background-attachment":"scroll","background-type":"","background-media":"","overlay-type":"","overlay-color":"","overlay-opacity":"","overlay-gradient":""},"mobile":{"background-color":"","background-image":"","background-repeat":"repeat","background-position":"center center","background-size":"auto","background-attachment":"scroll","background-type":"","background-media":"","overlay-type":"","overlay-color":"","overlay-opacity":"","overlay-gradient":""}},"ast-content-background-meta":{"desktop":{"background-color":"var(--ast-global-color-4)","background-image":"","background-repeat":"repeat","background-position":"center center","background-size":"auto","background-attachment":"scroll","background-type":"","background-media":"","overlay-type":"","overlay-color":"","overlay-opacity":"","overlay-gradient":""},"tablet":{"background-color":"var(--ast-global-color-4)","background-image":"","background-repeat":"repeat","background-position":"center center","background-size":"auto","background-attachment":"scroll","background-type":"","background-media":"","overlay-type":"","overlay-color":"","overlay-opacity":"","overlay-gradient":""},"mobile":{"background-color":"var(--ast-global-color-4)","background-image":"","background-repeat":"repeat","background-position":"center center","background-size":"auto","background-attachment":"scroll","background-type":"","background-media":"","overlay-type":"","overlay-color":"","overlay-opacity":"","overlay-gradient":""}}},"product_brand":[],"product_cat":[40],"product_tag":[],"class_list":{"0":"post-1078","1":"product","2":"type-product","3":"status-publish","4":"has-post-thumbnail","6":"product_cat-bmw","7":"desktop-align-left","8":"tablet-align-left","9":"mobile-align-left","10":"ast-product-gallery-layout-horizontal-slider","11":"ast-product-gallery-with-no-image","12":"ast-product-tabs-layout-horizontal","14":"first","15":"instock","16":"shipping-taxable","17":"product-type-simple"},"_links":{"self":[{"href":"https:\/\/www.lanzunauto.com\/es\/wp-json\/wp\/v2\/product\/1078","targetHints":{"allow":["GET"]}}],"collection":[{"href":"https:\/\/www.lanzunauto.com\/es\/wp-json\/wp\/v2\/product"}],"about":[{"href":"https:\/\/www.lanzunauto.com\/es\/wp-json\/wp\/v2\/types\/product"}],"wp:featuredmedia":[{"embeddable":true,"href":"https:\/\/www.lanzunauto.com\/es\/wp-json\/wp\/v2\/media\/1079"}],"wp:attachment":[{"href":"https:\/\/www.lanzunauto.com\/es\/wp-json\/wp\/v2\/media?parent=1078"}],"wp:term":[{"taxonomy":"product_brand","embeddable":true,"href":"https:\/\/www.lanzunauto.com\/es\/wp-json\/wp\/v2\/product_brand?post=1078"},{"taxonomy":"product_cat","embeddable":true,"href":"https:\/\/www.lanzunauto.com\/es\/wp-json\/wp\/v2\/product_cat?post=1078"},{"taxonomy":"product_tag","embeddable":true,"href":"https:\/\/www.lanzunauto.com\/es\/wp-json\/wp\/v2\/product_tag?post=1078"}],"curies":[{"name":"wp","href":"https:\/\/api.w.org\/{rel}","templated":true}]}}