{"id":1076,"date":"2026-01-16T16:15:37","date_gmt":"2026-01-16T08:15:37","guid":{"rendered":"http:\/\/www.lanzunauto.com\/?post_type=product&#038;p=1076"},"modified":"2026-01-20T14:06:48","modified_gmt":"2026-01-20T06:06:48","slug":"new-a0009051100-m-ercedes-benz-original-specification-fuel-pressure-sensor-engine-oil-pressure-monitor-51cp0803-replacement-part","status":"publish","type":"product","link":"https:\/\/www.lanzunauto.com\/es\/producto\/new-a0009051100-m-ercedes-benz-original-specification-fuel-pressure-sensor-engine-oil-pressure-monitor-51cp0803-replacement-part\/","title":{"rendered":"Nuevo A0009051100 M-ercedes-Benz Especificaci\u00f3n Original Sensor de Presi\u00f3n de Combustible Monitor de Presi\u00f3n de Aceite del Motor 51CP0803 Pieza de Repuesto"},"content":{"rendered":"<p><strong>Calibraci\u00f3n de datos original de f\u00e1brica:<\/strong> Los par\u00e1metros del sensor est\u00e1n completamente adaptados a la ECU de Mercedes-Benz para evitar la activaci\u00f3n de c\u00f3digos de aver\u00eda.<br \/>\n<strong>Salida de se\u00f1al de doble canal:<\/strong> Transmite simult\u00e1neamente los datos de presi\u00f3n de combustible\/aceite al panel de instrumentos para una visualizaci\u00f3n m\u00e1s completa de la informaci\u00f3n.<br \/>\n<strong>Resistente a condiciones de trabajo extremas:<\/strong> Funciona en un amplio rango de temperaturas de -40\u2103 a 150\u2103, adaptable a entornos de fr\u00edo intenso\/alta temperatura.<br \/>\n<strong>Dise\u00f1o a prueba de explosiones:<\/strong> V\u00e1lvula de protecci\u00f3n contra sobrepresi\u00f3n incorporada, que libera autom\u00e1ticamente la presi\u00f3n cuando \u00e9sta supera el l\u00edmite para proteger el motor.<br \/>\n<strong>Certificaci\u00f3n de calidad OEM:<\/strong> Ha superado la rigurosa prueba de durabilidad de Mercedes-Benz y su rendimiento es equivalente al de las piezas originales.<\/p>","protected":false},"excerpt":{"rendered":"<p><strong>Marca\uff1a<\/strong>BENZ<br \/>\n<strong>Emparejamiento original a nivel de f\u00e1brica:<\/strong> Espec\u00edficamente dise\u00f1ado para los modelos Mercedes-Benz, se adapta con precisi\u00f3n a la interfaz original del autom\u00f3vil y est\u00e1 listo para usar tras su instalaci\u00f3n.<br \/>\n<strong>Doble control de la presi\u00f3n:<\/strong> Integre la detecci\u00f3n de la presi\u00f3n del combustible y del aceite para obtener informaci\u00f3n en tiempo real sobre las condiciones de funcionamiento del motor.<br \/>\n<strong>Detecci\u00f3n de alta precisi\u00f3n:<\/strong> Utilizando chips de especificaci\u00f3n original, el error de datos es \u2264\u00b11,5%, garantizando la seguridad de conducci\u00f3n.<br \/>\n<strong>Duradero y anticorrosi\u00f3n:<\/strong> Carcasa de acero inoxidable + proceso de sellado, resistente a las altas temperaturas y a la contaminaci\u00f3n del aceite, con una vida \u00fatil de m\u00e1s de 100.000 kil\u00f3metros.<br \/>\n<strong>Enchufar y sustituir:<\/strong> No es necesario modificar el circuito, directamente reemplazar las piezas originales, y la eficiencia de mantenimiento se incrementa en 50%.<\/p>","protected":false},"featured_media":1077,"template":"","meta":{"_seopress_robots_primary_cat":"none","_seopress_titles_title":"%%post_title%%","_seopress_titles_desc":"%%post_excerpt%%","_seopress_robots_index":"","site-sidebar-layout":"default","site-content-layout":"","ast-site-content-layout":"default","site-content-style":"default","site-sidebar-style":"default","ast-global-header-display":"","ast-banner-title-visibility":"","ast-main-header-display":"","ast-hfb-above-header-display":"","ast-hfb-below-header-display":"","ast-hfb-mobile-header-display":"","site-post-title":"","ast-breadcrumbs-content":"","ast-featured-img":"","footer-sml-layout":"","ast-disable-related-posts":"","theme-transparent-header-meta":"default","adv-header-id-meta":"","stick-header-meta":"default","header-above-stick-meta":"","header-main-stick-meta":"","header-below-stick-meta":"","astra-migrate-meta-layouts":"set","ast-page-background-enabled":"default","ast-page-background-meta":{"desktop":{"background-color":"var(--ast-global-color-5)","background-image":"","background-repeat":"repeat","background-position":"center center","background-size":"auto","background-attachment":"scroll","background-type":"","background-media":"","overlay-type":"","overlay-color":"","overlay-opacity":"","overlay-gradient":""},"tablet":{"background-color":"","background-image":"","background-repeat":"repeat","background-position":"center center","background-size":"auto","background-attachment":"scroll","background-type":"","background-media":"","overlay-type":"","overlay-color":"","overlay-opacity":"","overlay-gradient":""},"mobile":{"background-color":"","background-image":"","background-repeat":"repeat","background-position":"center center","background-size":"auto","background-attachment":"scroll","background-type":"","background-media":"","overlay-type":"","overlay-color":"","overlay-opacity":"","overlay-gradient":""}},"ast-content-background-meta":{"desktop":{"background-color":"var(--ast-global-color-4)","background-image":"","background-repeat":"repeat","background-position":"center center","background-size":"auto","background-attachment":"scroll","background-type":"","background-media":"","overlay-type":"","overlay-color":"","overlay-opacity":"","overlay-gradient":""},"tablet":{"background-color":"var(--ast-global-color-4)","background-image":"","background-repeat":"repeat","background-position":"center center","background-size":"auto","background-attachment":"scroll","background-type":"","background-media":"","overlay-type":"","overlay-color":"","overlay-opacity":"","overlay-gradient":""},"mobile":{"background-color":"var(--ast-global-color-4)","background-image":"","background-repeat":"repeat","background-position":"center center","background-size":"auto","background-attachment":"scroll","background-type":"","background-media":"","overlay-type":"","overlay-color":"","overlay-opacity":"","overlay-gradient":""}}},"product_brand":[],"product_cat":[39],"product_tag":[],"class_list":{"0":"post-1076","1":"product","2":"type-product","3":"status-publish","4":"has-post-thumbnail","6":"product_cat-benz","7":"desktop-align-left","8":"tablet-align-left","9":"mobile-align-left","10":"ast-product-gallery-layout-horizontal-slider","11":"ast-product-gallery-with-no-image","12":"ast-product-tabs-layout-horizontal","14":"first","15":"instock","16":"featured","17":"shipping-taxable","18":"product-type-simple"},"_links":{"self":[{"href":"https:\/\/www.lanzunauto.com\/es\/wp-json\/wp\/v2\/product\/1076","targetHints":{"allow":["GET"]}}],"collection":[{"href":"https:\/\/www.lanzunauto.com\/es\/wp-json\/wp\/v2\/product"}],"about":[{"href":"https:\/\/www.lanzunauto.com\/es\/wp-json\/wp\/v2\/types\/product"}],"wp:featuredmedia":[{"embeddable":true,"href":"https:\/\/www.lanzunauto.com\/es\/wp-json\/wp\/v2\/media\/1077"}],"wp:attachment":[{"href":"https:\/\/www.lanzunauto.com\/es\/wp-json\/wp\/v2\/media?parent=1076"}],"wp:term":[{"taxonomy":"product_brand","embeddable":true,"href":"https:\/\/www.lanzunauto.com\/es\/wp-json\/wp\/v2\/product_brand?post=1076"},{"taxonomy":"product_cat","embeddable":true,"href":"https:\/\/www.lanzunauto.com\/es\/wp-json\/wp\/v2\/product_cat?post=1076"},{"taxonomy":"product_tag","embeddable":true,"href":"https:\/\/www.lanzunauto.com\/es\/wp-json\/wp\/v2\/product_tag?post=1076"}],"curies":[{"name":"wp","href":"https:\/\/api.w.org\/{rel}","templated":true}]}}