{"id":1071,"date":"2026-01-16T15:41:31","date_gmt":"2026-01-16T07:41:31","guid":{"rendered":"http:\/\/www.lanzunauto.com\/?post_type=product&#038;p=1071"},"modified":"2026-01-24T09:48:53","modified_gmt":"2026-01-24T01:48:53","slug":"extreme-stone-automotive-protective-bumpers-full-armor-coverage-customized-for-your-vehicle-hardcore-adventure-upgrade-front-rear-bumpers-for-impact-protection","status":"publish","type":"product","link":"https:\/\/www.lanzunauto.com\/es\/producto\/extreme-stone-automotive-protective-bumpers-full-armor-coverage-customized-for-your-vehicle-hardcore-adventure-upgrade-front-rear-bumpers-for-impact-protection\/","title":{"rendered":"Conjunto de parachoques delantero dedicado ROX, incluidos todos los componentes, orificios de montaje originales de f\u00e1brica para una instalaci\u00f3n no destructiva."},"content":{"rendered":"<p><strong>Material de PU resistente y duradero:<\/strong> Fabricado en poliuretano de alta resistencia, ligero y resistente a los impactos, resistente a los ara\u00f1azos y a la decoloraci\u00f3n, adecuado para condiciones de carretera complejas.<br \/>\n<strong>Dise\u00f1o aerodin\u00e1mico de cobertura total:<\/strong> Incluye parachoques delanteros y traseros, faldones laterales y spoiler, que optimizan la resistencia al viento y mejoran la estabilidad a alta velocidad y la eficiencia del combustible.<br \/>\n<strong>Ajuste universal para modelos SUV:<\/strong> Espec\u00edficamente optimizado para los principales SUV, instalaci\u00f3n directa sin modificaci\u00f3n, compatible con m\u00faltiples marcas de veh\u00edculos.<br \/>\n<strong>Instalaci\u00f3n c\u00f3moda y r\u00e1pida:<\/strong> Reservado los agujeros de montaje originales del veh\u00edculo, no requiere corte, instalaci\u00f3n r\u00e1pida por bricolaje o instaladores profesionales, reduciendo los costes de construcci\u00f3n.<br \/>\n<strong>Est\u00e9tica deportiva mejorada:<\/strong> El kit est\u00e1 moldeado integralmente, lo que refuerza el aspecto bajo y din\u00e1mico de la carrocer\u00eda del veh\u00edculo, mostrando un estilo personalizado.<\/p>","protected":false},"excerpt":{"rendered":"<p><strong>Origen<\/strong>China<br \/>\n<strong>Marca\uff1a<\/strong>ROX<br \/>\n<strong>Material de PU resistente y duradero:<\/strong> Fabricado en poliuretano de alta resistencia, ligero y resistente a los impactos, resistente a los ara\u00f1azos y a la decoloraci\u00f3n, adecuado para condiciones de carretera complejas.<br \/>\n<strong>Dise\u00f1o aerodin\u00e1mico de cobertura total:<\/strong> Incluye parachoques delanteros y traseros, faldones laterales y spoiler, que optimizan la resistencia al viento y mejoran la estabilidad a alta velocidad y la eficiencia del combustible.<br \/>\n<strong>Ajuste universal para modelos SUV:<\/strong> Espec\u00edficamente optimizado para los principales SUV, instalaci\u00f3n directa sin modificaci\u00f3n, compatible con m\u00faltiples marcas de veh\u00edculos.<br \/>\n<strong>Instalaci\u00f3n c\u00f3moda y r\u00e1pida: <\/strong>Reservado los agujeros de montaje originales del veh\u00edculo, no requiere corte, instalaci\u00f3n r\u00e1pida por bricolaje o instaladores profesionales, reduciendo los costes de construcci\u00f3n.<br \/>\n<strong>Est\u00e9tica deportiva mejorada:<\/strong> El kit est\u00e1 moldeado integralmente, lo que refuerza el aspecto bajo y din\u00e1mico de la carrocer\u00eda del veh\u00edculo, mostrando un estilo personalizado.<\/p>","protected":false},"featured_media":1201,"template":"","meta":{"_seopress_robots_primary_cat":"none","_seopress_titles_title":"%%post_title%%","_seopress_titles_desc":"%%post_excerpt%%","_seopress_robots_index":"","site-sidebar-layout":"default","site-content-layout":"","ast-site-content-layout":"default","site-content-style":"default","site-sidebar-style":"default","ast-global-header-display":"","ast-banner-title-visibility":"","ast-main-header-display":"","ast-hfb-above-header-display":"","ast-hfb-below-header-display":"","ast-hfb-mobile-header-display":"","site-post-title":"","ast-breadcrumbs-content":"","ast-featured-img":"","footer-sml-layout":"","ast-disable-related-posts":"","theme-transparent-header-meta":"default","adv-header-id-meta":"","stick-header-meta":"default","header-above-stick-meta":"","header-main-stick-meta":"","header-below-stick-meta":"","astra-migrate-meta-layouts":"set","ast-page-background-enabled":"default","ast-page-background-meta":{"desktop":{"background-color":"var(--ast-global-color-5)","background-image":"","background-repeat":"repeat","background-position":"center center","background-size":"auto","background-attachment":"scroll","background-type":"","background-media":"","overlay-type":"","overlay-color":"","overlay-opacity":"","overlay-gradient":""},"tablet":{"background-color":"","background-image":"","background-repeat":"repeat","background-position":"center center","background-size":"auto","background-attachment":"scroll","background-type":"","background-media":"","overlay-type":"","overlay-color":"","overlay-opacity":"","overlay-gradient":""},"mobile":{"background-color":"","background-image":"","background-repeat":"repeat","background-position":"center center","background-size":"auto","background-attachment":"scroll","background-type":"","background-media":"","overlay-type":"","overlay-color":"","overlay-opacity":"","overlay-gradient":""}},"ast-content-background-meta":{"desktop":{"background-color":"var(--ast-global-color-4)","background-image":"","background-repeat":"repeat","background-position":"center center","background-size":"auto","background-attachment":"scroll","background-type":"","background-media":"","overlay-type":"","overlay-color":"","overlay-opacity":"","overlay-gradient":""},"tablet":{"background-color":"var(--ast-global-color-4)","background-image":"","background-repeat":"repeat","background-position":"center center","background-size":"auto","background-attachment":"scroll","background-type":"","background-media":"","overlay-type":"","overlay-color":"","overlay-opacity":"","overlay-gradient":""},"mobile":{"background-color":"var(--ast-global-color-4)","background-image":"","background-repeat":"repeat","background-position":"center center","background-size":"auto","background-attachment":"scroll","background-type":"","background-media":"","overlay-type":"","overlay-color":"","overlay-opacity":"","overlay-gradient":""}}},"product_brand":[],"product_cat":[55],"product_tag":[],"class_list":{"0":"post-1071","1":"product","2":"type-product","3":"status-publish","4":"has-post-thumbnail","6":"product_cat-rox","7":"desktop-align-left","8":"tablet-align-left","9":"mobile-align-left","10":"ast-product-gallery-layout-horizontal-slider","11":"ast-product-gallery-with-no-image","12":"ast-product-tabs-layout-horizontal","14":"first","15":"instock","16":"featured","17":"shipping-taxable","18":"product-type-simple"},"_links":{"self":[{"href":"https:\/\/www.lanzunauto.com\/es\/wp-json\/wp\/v2\/product\/1071","targetHints":{"allow":["GET"]}}],"collection":[{"href":"https:\/\/www.lanzunauto.com\/es\/wp-json\/wp\/v2\/product"}],"about":[{"href":"https:\/\/www.lanzunauto.com\/es\/wp-json\/wp\/v2\/types\/product"}],"wp:featuredmedia":[{"embeddable":true,"href":"https:\/\/www.lanzunauto.com\/es\/wp-json\/wp\/v2\/media\/1201"}],"wp:attachment":[{"href":"https:\/\/www.lanzunauto.com\/es\/wp-json\/wp\/v2\/media?parent=1071"}],"wp:term":[{"taxonomy":"product_brand","embeddable":true,"href":"https:\/\/www.lanzunauto.com\/es\/wp-json\/wp\/v2\/product_brand?post=1071"},{"taxonomy":"product_cat","embeddable":true,"href":"https:\/\/www.lanzunauto.com\/es\/wp-json\/wp\/v2\/product_cat?post=1071"},{"taxonomy":"product_tag","embeddable":true,"href":"https:\/\/www.lanzunauto.com\/es\/wp-json\/wp\/v2\/product_tag?post=1071"}],"curies":[{"name":"wp","href":"https:\/\/api.w.org\/{rel}","templated":true}]}}