{"id":1067,"date":"2026-01-16T14:16:04","date_gmt":"2026-01-16T06:16:04","guid":{"rendered":"http:\/\/www.lanzunauto.com\/?post_type=product&#038;p=1067"},"modified":"2026-01-16T15:32:34","modified_gmt":"2026-01-16T07:32:34","slug":"genuine-engine-cylinder-head-assembly-fit-jac-refine-for-hfc4ga3-2-0l-hfc4ga1-2-4l-engine-direct-replacement","status":"publish","type":"product","link":"https:\/\/www.lanzunauto.com\/es\/producto\/genuine-engine-cylinder-head-assembly-fit-jac-refine-for-hfc4ga3-2-0l-hfc4ga1-2-4l-engine-direct-replacement\/","title":{"rendered":"Genuine Motor Cylinder Head Assembly Fit JAC Refine for HFC4GA3 2.0L HFC4GA1 2.4L Engine Direct Replacement"},"content":{"rendered":"<p><strong>Ajuste preciso:<\/strong> Dise\u00f1adas a medida para el motor JAC Refine, las dimensiones de la culata y las superficies de sellado coinciden 100% con la pieza original, eliminando el riesgo de fugas.<br \/>\n<strong>Sellado mejorado:<\/strong> El material mejorado de las juntas es resistente a las altas temperaturas y presiones, lo que evita eficazmente las fugas de aceite y prolonga la vida \u00fatil del motor.<br \/>\n<strong>Instalaci\u00f3n no destructiva:<\/strong> Mantiene las posiciones originales de los orificios de los tornillos, por lo que no es necesario taladrar ni realizar ajustes; es una sustituci\u00f3n directa de la pieza original, lo que mejora la eficacia de la reparaci\u00f3n.<\/p>","protected":false},"excerpt":{"rendered":"<p><strong>Origen<\/strong>China<br \/>\n<strong>Marca\uff1a<\/strong>JAC<br \/>\n<strong>Pieza original genuina:<\/strong> Espec\u00edficamente dise\u00f1ado para los modelos JAC Refine, compatible con los motores HFC4GA3 2.0L y HFC4GA1 2.4L, garantizando un ajuste original de f\u00e1brica.<br \/>\n<strong>Sustituci\u00f3n directa:<\/strong> No requiere modificaciones, instalaci\u00f3n plug-and-play, perfectamente compatible con el sistema original del veh\u00edculo, evitando c\u00f3digos de error.<br \/>\n<strong>Duradero y fiable:<\/strong> Fabricados con materiales de alta calidad, resistentes a las altas temperaturas y al desgaste, que garantizan un funcionamiento estable a largo plazo.<\/p>","protected":false},"featured_media":1068,"template":"","meta":{"_seopress_robots_primary_cat":"none","_seopress_titles_title":"%%post_title%%","_seopress_titles_desc":"%%post_excerpt%%","_seopress_robots_index":"","site-sidebar-layout":"default","site-content-layout":"","ast-site-content-layout":"default","site-content-style":"default","site-sidebar-style":"default","ast-global-header-display":"","ast-banner-title-visibility":"","ast-main-header-display":"","ast-hfb-above-header-display":"","ast-hfb-below-header-display":"","ast-hfb-mobile-header-display":"","site-post-title":"","ast-breadcrumbs-content":"","ast-featured-img":"","footer-sml-layout":"","ast-disable-related-posts":"","theme-transparent-header-meta":"default","adv-header-id-meta":"","stick-header-meta":"default","header-above-stick-meta":"","header-main-stick-meta":"","header-below-stick-meta":"","astra-migrate-meta-layouts":"set","ast-page-background-enabled":"default","ast-page-background-meta":{"desktop":{"background-color":"var(--ast-global-color-5)","background-image":"","background-repeat":"repeat","background-position":"center center","background-size":"auto","background-attachment":"scroll","background-type":"","background-media":"","overlay-type":"","overlay-color":"","overlay-opacity":"","overlay-gradient":""},"tablet":{"background-color":"","background-image":"","background-repeat":"repeat","background-position":"center center","background-size":"auto","background-attachment":"scroll","background-type":"","background-media":"","overlay-type":"","overlay-color":"","overlay-opacity":"","overlay-gradient":""},"mobile":{"background-color":"","background-image":"","background-repeat":"repeat","background-position":"center center","background-size":"auto","background-attachment":"scroll","background-type":"","background-media":"","overlay-type":"","overlay-color":"","overlay-opacity":"","overlay-gradient":""}},"ast-content-background-meta":{"desktop":{"background-color":"var(--ast-global-color-4)","background-image":"","background-repeat":"repeat","background-position":"center center","background-size":"auto","background-attachment":"scroll","background-type":"","background-media":"","overlay-type":"","overlay-color":"","overlay-opacity":"","overlay-gradient":""},"tablet":{"background-color":"var(--ast-global-color-4)","background-image":"","background-repeat":"repeat","background-position":"center center","background-size":"auto","background-attachment":"scroll","background-type":"","background-media":"","overlay-type":"","overlay-color":"","overlay-opacity":"","overlay-gradient":""},"mobile":{"background-color":"var(--ast-global-color-4)","background-image":"","background-repeat":"repeat","background-position":"center center","background-size":"auto","background-attachment":"scroll","background-type":"","background-media":"","overlay-type":"","overlay-color":"","overlay-opacity":"","overlay-gradient":""}}},"product_brand":[],"product_cat":[37],"product_tag":[],"class_list":{"0":"post-1067","1":"product","2":"type-product","3":"status-publish","4":"has-post-thumbnail","6":"product_cat-jac","7":"desktop-align-left","8":"tablet-align-left","9":"mobile-align-left","10":"ast-product-gallery-layout-horizontal-slider","11":"ast-product-gallery-with-no-image","12":"ast-product-tabs-layout-horizontal","14":"first","15":"instock","16":"shipping-taxable","17":"product-type-simple"},"_links":{"self":[{"href":"https:\/\/www.lanzunauto.com\/es\/wp-json\/wp\/v2\/product\/1067","targetHints":{"allow":["GET"]}}],"collection":[{"href":"https:\/\/www.lanzunauto.com\/es\/wp-json\/wp\/v2\/product"}],"about":[{"href":"https:\/\/www.lanzunauto.com\/es\/wp-json\/wp\/v2\/types\/product"}],"wp:featuredmedia":[{"embeddable":true,"href":"https:\/\/www.lanzunauto.com\/es\/wp-json\/wp\/v2\/media\/1068"}],"wp:attachment":[{"href":"https:\/\/www.lanzunauto.com\/es\/wp-json\/wp\/v2\/media?parent=1067"}],"wp:term":[{"taxonomy":"product_brand","embeddable":true,"href":"https:\/\/www.lanzunauto.com\/es\/wp-json\/wp\/v2\/product_brand?post=1067"},{"taxonomy":"product_cat","embeddable":true,"href":"https:\/\/www.lanzunauto.com\/es\/wp-json\/wp\/v2\/product_cat?post=1067"},{"taxonomy":"product_tag","embeddable":true,"href":"https:\/\/www.lanzunauto.com\/es\/wp-json\/wp\/v2\/product_tag?post=1067"}],"curies":[{"name":"wp","href":"https:\/\/api.w.org\/{rel}","templated":true}]}}