{"id":1065,"date":"2026-01-16T14:10:19","date_gmt":"2026-01-16T06:10:19","guid":{"rendered":"http:\/\/www.lanzunauto.com\/?post_type=product&#038;p=1065"},"modified":"2026-01-16T14:12:36","modified_gmt":"2026-01-16T06:12:36","slug":"xpeng-x9-front-bumper-assembly-2024-oem-replacement-full-painted-unpainted-pp-plastic-bumper-cover-with-grille","status":"publish","type":"product","link":"https:\/\/www.lanzunauto.com\/es\/producto\/xpeng-x9-front-bumper-assembly-2024-oem-replacement-full-painted-unpainted-pp-plastic-bumper-cover-with-grille\/","title":{"rendered":"XPENG X9 Front Bumper Assembly 2024 OEM Replacement - Full Painted\/Unpainted PP Plastic Bumper Cover with Grille"},"content":{"rendered":"<p><strong>Replicaci\u00f3n de la estructura original de f\u00e1brica:<\/strong> Detalles como la parrilla y la posici\u00f3n de los faros antiniebla se reproducen a escala 1:1, lo que garantiza una integraci\u00f3n perfecta con el veh\u00edculo original tras la instalaci\u00f3n.<br \/>\n<strong>Ventajas del material PP:<\/strong> Resistente a los rayos UV y a la corrosi\u00f3n, no se deforma ni se decolora con el uso prolongado, y es compatible con la disposici\u00f3n de sensores de conducci\u00f3n inteligente del XPeng X9.<br \/>\n<strong>Dise\u00f1o de f\u00e1cil mantenimiento:<\/strong> Se incluyen orificios reservados para el radar\/c\u00e1mara original del veh\u00edculo, lo que elimina la necesidad de perforaciones adicionales y reduce los riesgos de modificaci\u00f3n.<\/p>","protected":false},"excerpt":{"rendered":"<p><strong>Origen<\/strong>China<br \/>\n<strong>Marca\uff1a<\/strong>XPENG<br \/>\n<strong>Ajuste espec\u00edfico del veh\u00edculo:<\/strong> Este conjunto de parachoques delantero est\u00e1 dise\u00f1ado espec\u00edficamente para el XPeng X9 2024, ajust\u00e1ndose con precisi\u00f3n a las dimensiones y al dise\u00f1o de la parrilla del veh\u00edculo original.<br \/>\n<strong>Dos versiones disponibles:<\/strong> Disponible en versiones totalmente pintadas (color original de f\u00e1brica) y sin pintar para satisfacer diferentes necesidades de reparaci\u00f3n y modificaci\u00f3n.<br \/>\n<strong>PP Material pl\u00e1stico:<\/strong> Ligeros y resistentes a los impactos, conservan las caracter\u00edsticas de absorci\u00f3n de energ\u00eda de choque del veh\u00edculo original, lo que se traduce en menores costes de reparaci\u00f3n.<br \/>\n<strong>Calidad OEM:<\/strong>Fabricado estrictamente seg\u00fan las especificaciones originales de f\u00e1brica, con compatibilidad verificada 100% de interfaces y mazos de cables, lo que garantiza una instalaci\u00f3n plug-and-play.<\/p>","protected":false},"featured_media":1066,"template":"","meta":{"_seopress_robots_primary_cat":"none","_seopress_titles_title":"%%post_title%%","_seopress_titles_desc":"%%post_excerpt%%","_seopress_robots_index":"","site-sidebar-layout":"default","site-content-layout":"","ast-site-content-layout":"default","site-content-style":"default","site-sidebar-style":"default","ast-global-header-display":"","ast-banner-title-visibility":"","ast-main-header-display":"","ast-hfb-above-header-display":"","ast-hfb-below-header-display":"","ast-hfb-mobile-header-display":"","site-post-title":"","ast-breadcrumbs-content":"","ast-featured-img":"","footer-sml-layout":"","ast-disable-related-posts":"","theme-transparent-header-meta":"default","adv-header-id-meta":"","stick-header-meta":"default","header-above-stick-meta":"","header-main-stick-meta":"","header-below-stick-meta":"","astra-migrate-meta-layouts":"set","ast-page-background-enabled":"default","ast-page-background-meta":{"desktop":{"background-color":"var(--ast-global-color-5)","background-image":"","background-repeat":"repeat","background-position":"center center","background-size":"auto","background-attachment":"scroll","background-type":"","background-media":"","overlay-type":"","overlay-color":"","overlay-opacity":"","overlay-gradient":""},"tablet":{"background-color":"","background-image":"","background-repeat":"repeat","background-position":"center center","background-size":"auto","background-attachment":"scroll","background-type":"","background-media":"","overlay-type":"","overlay-color":"","overlay-opacity":"","overlay-gradient":""},"mobile":{"background-color":"","background-image":"","background-repeat":"repeat","background-position":"center center","background-size":"auto","background-attachment":"scroll","background-type":"","background-media":"","overlay-type":"","overlay-color":"","overlay-opacity":"","overlay-gradient":""}},"ast-content-background-meta":{"desktop":{"background-color":"var(--ast-global-color-4)","background-image":"","background-repeat":"repeat","background-position":"center center","background-size":"auto","background-attachment":"scroll","background-type":"","background-media":"","overlay-type":"","overlay-color":"","overlay-opacity":"","overlay-gradient":""},"tablet":{"background-color":"var(--ast-global-color-4)","background-image":"","background-repeat":"repeat","background-position":"center center","background-size":"auto","background-attachment":"scroll","background-type":"","background-media":"","overlay-type":"","overlay-color":"","overlay-opacity":"","overlay-gradient":""},"mobile":{"background-color":"var(--ast-global-color-4)","background-image":"","background-repeat":"repeat","background-position":"center center","background-size":"auto","background-attachment":"scroll","background-type":"","background-media":"","overlay-type":"","overlay-color":"","overlay-opacity":"","overlay-gradient":""}}},"product_brand":[],"product_cat":[36],"product_tag":[],"class_list":{"0":"post-1065","1":"product","2":"type-product","3":"status-publish","4":"has-post-thumbnail","6":"product_cat-xpeng","7":"desktop-align-left","8":"tablet-align-left","9":"mobile-align-left","10":"ast-product-gallery-layout-horizontal-slider","11":"ast-product-gallery-with-no-image","12":"ast-product-tabs-layout-horizontal","14":"first","15":"instock","16":"shipping-taxable","17":"product-type-simple"},"_links":{"self":[{"href":"https:\/\/www.lanzunauto.com\/es\/wp-json\/wp\/v2\/product\/1065","targetHints":{"allow":["GET"]}}],"collection":[{"href":"https:\/\/www.lanzunauto.com\/es\/wp-json\/wp\/v2\/product"}],"about":[{"href":"https:\/\/www.lanzunauto.com\/es\/wp-json\/wp\/v2\/types\/product"}],"wp:featuredmedia":[{"embeddable":true,"href":"https:\/\/www.lanzunauto.com\/es\/wp-json\/wp\/v2\/media\/1066"}],"wp:attachment":[{"href":"https:\/\/www.lanzunauto.com\/es\/wp-json\/wp\/v2\/media?parent=1065"}],"wp:term":[{"taxonomy":"product_brand","embeddable":true,"href":"https:\/\/www.lanzunauto.com\/es\/wp-json\/wp\/v2\/product_brand?post=1065"},{"taxonomy":"product_cat","embeddable":true,"href":"https:\/\/www.lanzunauto.com\/es\/wp-json\/wp\/v2\/product_cat?post=1065"},{"taxonomy":"product_tag","embeddable":true,"href":"https:\/\/www.lanzunauto.com\/es\/wp-json\/wp\/v2\/product_tag?post=1065"}],"curies":[{"name":"wp","href":"https:\/\/api.w.org\/{rel}","templated":true}]}}