{"id":1061,"date":"2026-01-16T14:04:04","date_gmt":"2026-01-16T06:04:04","guid":{"rendered":"http:\/\/www.lanzunauto.com\/?post_type=product&#038;p=1061"},"modified":"2026-01-16T14:06:37","modified_gmt":"2026-01-16T06:06:37","slug":"oem-trumpchi-for-gac-m8-new-12v-rear-tail-lamp-assembly-original-style-full-led-ip67-waterproof-canbus-no-error-fit-master-gl8","status":"publish","type":"product","link":"https:\/\/www.lanzunauto.com\/es\/producto\/oem-trumpchi-for-gac-m8-new-12v-rear-tail-lamp-assembly-original-style-full-led-ip67-waterproof-canbus-no-error-fit-master-gl8\/","title":{"rendered":"OEM Trumpchi For-gac M8 Nuevo 12V Luz Trasera Montaje Estilo Original Full LED IP67 Impermeable CANBUS No Error Fit Master\/GL8"},"content":{"rendered":"<p><strong>Ajuste de nivel OEM:<\/strong> Dise\u00f1ado espec\u00edficamente para el Trumpchi M8, con dimensiones e interfaces id\u00e9nticas a las del veh\u00edculo original, lo que garantiza una instalaci\u00f3n perfecta y no destructiva.<br \/>\n<strong>Fuente de luz Full LED:<\/strong> Alto brillo y larga vida \u00fatil, con fuerte penetraci\u00f3n en tiempo de lluvia y niebla.<br \/>\n<strong>Estanqueidad IP67:<\/strong> No se ve afectado por fuertes lluvias o lavados de coches, funcionamiento estable de -30\u2103 a 80\u2103.<br \/>\n<strong>Compatible con CANBUS:<\/strong> Plug and play, compatible con Trumpchi M8 y Buick GL8, sin c\u00f3digos de error.<br \/>\n<strong>Artesan\u00eda OEM:<\/strong> Carcasa resistente a los golpes + circuito de triple protecci\u00f3n, duradero y fiable.\u3002<\/p>","protected":false},"excerpt":{"rendered":"<p><strong>Origen<\/strong>China<br \/>\n<strong>Marca\uff1a<\/strong>GAC<br \/>\n<strong>Dise\u00f1o de estilo original:<\/strong> Se adapta perfectamente a la apariencia del Trumpchi M8, integr\u00e1ndose a la perfecci\u00f3n con el dise\u00f1o original del veh\u00edculo.<br \/>\n<strong>Fuente de luz Full LED:<\/strong> Alto brillo, bajo consumo de energ\u00eda, mejora la seguridad y la visibilidad de la conducci\u00f3n nocturna.<br \/>\n<strong>Estanqueidad IP67:<\/strong> No se ve afectado por la lluvia, la nieve ni los lavados de coches, lo que garantiza un funcionamiento estable en condiciones clim\u00e1ticas adversas.<br \/>\n<strong>Compatible con CANBUS:<\/strong> Plug and play, sin c\u00f3digos de error, compatible con los modelos Trumpchi M8 y Buick GL8.<br \/>\n<strong>Calidad OEM:<\/strong> Sigue estrictamente las normas originales de f\u00e1brica, garantizando durabilidad y fiabilidad.<\/p>","protected":false},"featured_media":1062,"template":"","meta":{"_seopress_robots_primary_cat":"none","_seopress_titles_title":"%%post_title%%","_seopress_titles_desc":"%%post_excerpt%%","_seopress_robots_index":"","site-sidebar-layout":"default","site-content-layout":"","ast-site-content-layout":"default","site-content-style":"default","site-sidebar-style":"default","ast-global-header-display":"","ast-banner-title-visibility":"","ast-main-header-display":"","ast-hfb-above-header-display":"","ast-hfb-below-header-display":"","ast-hfb-mobile-header-display":"","site-post-title":"","ast-breadcrumbs-content":"","ast-featured-img":"","footer-sml-layout":"","ast-disable-related-posts":"","theme-transparent-header-meta":"default","adv-header-id-meta":"","stick-header-meta":"default","header-above-stick-meta":"","header-main-stick-meta":"","header-below-stick-meta":"","astra-migrate-meta-layouts":"set","ast-page-background-enabled":"default","ast-page-background-meta":{"desktop":{"background-color":"var(--ast-global-color-5)","background-image":"","background-repeat":"repeat","background-position":"center center","background-size":"auto","background-attachment":"scroll","background-type":"","background-media":"","overlay-type":"","overlay-color":"","overlay-opacity":"","overlay-gradient":""},"tablet":{"background-color":"","background-image":"","background-repeat":"repeat","background-position":"center center","background-size":"auto","background-attachment":"scroll","background-type":"","background-media":"","overlay-type":"","overlay-color":"","overlay-opacity":"","overlay-gradient":""},"mobile":{"background-color":"","background-image":"","background-repeat":"repeat","background-position":"center center","background-size":"auto","background-attachment":"scroll","background-type":"","background-media":"","overlay-type":"","overlay-color":"","overlay-opacity":"","overlay-gradient":""}},"ast-content-background-meta":{"desktop":{"background-color":"var(--ast-global-color-4)","background-image":"","background-repeat":"repeat","background-position":"center center","background-size":"auto","background-attachment":"scroll","background-type":"","background-media":"","overlay-type":"","overlay-color":"","overlay-opacity":"","overlay-gradient":""},"tablet":{"background-color":"var(--ast-global-color-4)","background-image":"","background-repeat":"repeat","background-position":"center center","background-size":"auto","background-attachment":"scroll","background-type":"","background-media":"","overlay-type":"","overlay-color":"","overlay-opacity":"","overlay-gradient":""},"mobile":{"background-color":"var(--ast-global-color-4)","background-image":"","background-repeat":"repeat","background-position":"center center","background-size":"auto","background-attachment":"scroll","background-type":"","background-media":"","overlay-type":"","overlay-color":"","overlay-opacity":"","overlay-gradient":""}}},"product_brand":[],"product_cat":[35],"product_tag":[],"class_list":{"0":"post-1061","1":"product","2":"type-product","3":"status-publish","4":"has-post-thumbnail","6":"product_cat-gac","7":"desktop-align-left","8":"tablet-align-left","9":"mobile-align-left","10":"ast-product-gallery-layout-horizontal-slider","11":"ast-product-gallery-with-no-image","12":"ast-product-tabs-layout-horizontal","14":"first","15":"instock","16":"shipping-taxable","17":"product-type-simple"},"_links":{"self":[{"href":"https:\/\/www.lanzunauto.com\/es\/wp-json\/wp\/v2\/product\/1061","targetHints":{"allow":["GET"]}}],"collection":[{"href":"https:\/\/www.lanzunauto.com\/es\/wp-json\/wp\/v2\/product"}],"about":[{"href":"https:\/\/www.lanzunauto.com\/es\/wp-json\/wp\/v2\/types\/product"}],"wp:featuredmedia":[{"embeddable":true,"href":"https:\/\/www.lanzunauto.com\/es\/wp-json\/wp\/v2\/media\/1062"}],"wp:attachment":[{"href":"https:\/\/www.lanzunauto.com\/es\/wp-json\/wp\/v2\/media?parent=1061"}],"wp:term":[{"taxonomy":"product_brand","embeddable":true,"href":"https:\/\/www.lanzunauto.com\/es\/wp-json\/wp\/v2\/product_brand?post=1061"},{"taxonomy":"product_cat","embeddable":true,"href":"https:\/\/www.lanzunauto.com\/es\/wp-json\/wp\/v2\/product_cat?post=1061"},{"taxonomy":"product_tag","embeddable":true,"href":"https:\/\/www.lanzunauto.com\/es\/wp-json\/wp\/v2\/product_tag?post=1061"}],"curies":[{"name":"wp","href":"https:\/\/api.w.org\/{rel}","templated":true}]}}