{"id":1059,"date":"2026-01-16T14:01:26","date_gmt":"2026-01-16T06:01:26","guid":{"rendered":"http:\/\/www.lanzunauto.com\/?post_type=product&#038;p=1059"},"modified":"2026-01-19T17:46:18","modified_gmt":"2026-01-19T09:46:18","slug":"2024-new-high-quality-china-brand-for-gac-full-range-replacement-spark-plug","status":"publish","type":"product","link":"https:\/\/www.lanzunauto.com\/es\/producto\/2024-new-high-quality-china-brand-for-gac-full-range-replacement-spark-plug\/","title":{"rendered":"2024 Nueva buj\u00eda de recambio de alta calidad de la marca china For-GAC de gama completa"},"content":{"rendered":"<p><strong>Ingenier\u00eda de precisi\u00f3n:<\/strong> La tecnolog\u00eda de electrodos de soldadura l\u00e1ser garantiza una separaci\u00f3n de encendido precisa y mejora la velocidad de respuesta del motor.<br \/>\n<strong>Dise\u00f1o resistente a la corrosi\u00f3n:<\/strong> El tratamiento especial del revestimiento resiste eficazmente las altas temperaturas y la corrosi\u00f3n qu\u00edmica, adapt\u00e1ndose a las duras condiciones de funcionamiento.<br \/>\n<strong>Funcionamiento silencioso:<\/strong> La estructura optimizada reduce las vibraciones y disminuye el ruido del motor para una conducci\u00f3n m\u00e1s silenciosa.<br \/>\n<strong>Emparejamiento inteligente:<\/strong> Cada modelo corresponde a los datos originales de f\u00e1brica de GAC, lo que evita problemas de compatibilidad y permite la instalaci\u00f3n plug-and-play.<br \/>\n<strong>Certificaci\u00f3n medioambiental:<\/strong> Cumple la normativa nacional china sobre emisiones VI, lo que contribuye a los viajes ecol\u00f3gicos y reduce la huella de carbono.<\/p>","protected":false},"excerpt":{"rendered":"<p><strong>Origen<\/strong>China<br \/>\n<strong>Marca\uff1a<\/strong>GAC<br \/>\n<strong>Calidad de fabricante de equipos originales (OEM):<\/strong> Dise\u00f1ado a medida para los modelos de veh\u00edculos GAC, lo que garantiza una alta compatibilidad y un rendimiento estable.<br \/>\n<strong>Durabilidad de larga duraci\u00f3n:<\/strong> Incorpora electrodos de iridio, que prolongan la vida \u00fatil en 30% y proporcionan un encendido m\u00e1s potente.<br \/>\n<strong>Compatibilidad sin complicaciones:<\/strong> Cubre modelos corrientes como Trumpchi\/AION, ofreciendo una f\u00e1cil instalaci\u00f3n sin modificaciones.<br \/>\n<strong>Ahorrador de energ\u00eda y respetuoso con el medio ambiente:<\/strong> Optimiza la eficiencia de la combusti\u00f3n, reduce el consumo de combustible y minimiza las emisiones de escape.<\/p>","protected":false},"featured_media":1060,"template":"","meta":{"_seopress_robots_primary_cat":"none","_seopress_titles_title":"%%post_title%%","_seopress_titles_desc":"%%post_excerpt%%","_seopress_robots_index":"","site-sidebar-layout":"default","site-content-layout":"","ast-site-content-layout":"default","site-content-style":"default","site-sidebar-style":"default","ast-global-header-display":"","ast-banner-title-visibility":"","ast-main-header-display":"","ast-hfb-above-header-display":"","ast-hfb-below-header-display":"","ast-hfb-mobile-header-display":"","site-post-title":"","ast-breadcrumbs-content":"","ast-featured-img":"","footer-sml-layout":"","ast-disable-related-posts":"","theme-transparent-header-meta":"default","adv-header-id-meta":"","stick-header-meta":"default","header-above-stick-meta":"","header-main-stick-meta":"","header-below-stick-meta":"","astra-migrate-meta-layouts":"set","ast-page-background-enabled":"default","ast-page-background-meta":{"desktop":{"background-color":"var(--ast-global-color-5)","background-image":"","background-repeat":"repeat","background-position":"center center","background-size":"auto","background-attachment":"scroll","background-type":"","background-media":"","overlay-type":"","overlay-color":"","overlay-opacity":"","overlay-gradient":""},"tablet":{"background-color":"","background-image":"","background-repeat":"repeat","background-position":"center center","background-size":"auto","background-attachment":"scroll","background-type":"","background-media":"","overlay-type":"","overlay-color":"","overlay-opacity":"","overlay-gradient":""},"mobile":{"background-color":"","background-image":"","background-repeat":"repeat","background-position":"center center","background-size":"auto","background-attachment":"scroll","background-type":"","background-media":"","overlay-type":"","overlay-color":"","overlay-opacity":"","overlay-gradient":""}},"ast-content-background-meta":{"desktop":{"background-color":"var(--ast-global-color-4)","background-image":"","background-repeat":"repeat","background-position":"center center","background-size":"auto","background-attachment":"scroll","background-type":"","background-media":"","overlay-type":"","overlay-color":"","overlay-opacity":"","overlay-gradient":""},"tablet":{"background-color":"var(--ast-global-color-4)","background-image":"","background-repeat":"repeat","background-position":"center center","background-size":"auto","background-attachment":"scroll","background-type":"","background-media":"","overlay-type":"","overlay-color":"","overlay-opacity":"","overlay-gradient":""},"mobile":{"background-color":"var(--ast-global-color-4)","background-image":"","background-repeat":"repeat","background-position":"center center","background-size":"auto","background-attachment":"scroll","background-type":"","background-media":"","overlay-type":"","overlay-color":"","overlay-opacity":"","overlay-gradient":""}}},"product_brand":[],"product_cat":[35],"product_tag":[],"class_list":{"0":"post-1059","1":"product","2":"type-product","3":"status-publish","4":"has-post-thumbnail","6":"product_cat-gac","7":"desktop-align-left","8":"tablet-align-left","9":"mobile-align-left","10":"ast-product-gallery-layout-horizontal-slider","11":"ast-product-gallery-with-no-image","12":"ast-product-tabs-layout-horizontal","14":"first","15":"instock","16":"featured","17":"shipping-taxable","18":"product-type-simple"},"_links":{"self":[{"href":"https:\/\/www.lanzunauto.com\/es\/wp-json\/wp\/v2\/product\/1059","targetHints":{"allow":["GET"]}}],"collection":[{"href":"https:\/\/www.lanzunauto.com\/es\/wp-json\/wp\/v2\/product"}],"about":[{"href":"https:\/\/www.lanzunauto.com\/es\/wp-json\/wp\/v2\/types\/product"}],"wp:featuredmedia":[{"embeddable":true,"href":"https:\/\/www.lanzunauto.com\/es\/wp-json\/wp\/v2\/media\/1060"}],"wp:attachment":[{"href":"https:\/\/www.lanzunauto.com\/es\/wp-json\/wp\/v2\/media?parent=1059"}],"wp:term":[{"taxonomy":"product_brand","embeddable":true,"href":"https:\/\/www.lanzunauto.com\/es\/wp-json\/wp\/v2\/product_brand?post=1059"},{"taxonomy":"product_cat","embeddable":true,"href":"https:\/\/www.lanzunauto.com\/es\/wp-json\/wp\/v2\/product_cat?post=1059"},{"taxonomy":"product_tag","embeddable":true,"href":"https:\/\/www.lanzunauto.com\/es\/wp-json\/wp\/v2\/product_tag?post=1059"}],"curies":[{"name":"wp","href":"https:\/\/api.w.org\/{rel}","templated":true}]}}