{"id":1057,"date":"2026-01-16T13:54:25","date_gmt":"2026-01-16T05:54:25","guid":{"rendered":"http:\/\/www.lanzunauto.com\/?post_type=product&#038;p=1057"},"modified":"2026-01-19T17:46:06","modified_gmt":"2026-01-19T09:46:06","slug":"e00099934-headlight-assembly-for-baic-d20-senova-x25-m20-oem-new-front-head-lamp-left-right","status":"publish","type":"product","link":"https:\/\/www.lanzunauto.com\/es\/producto\/e00099934-headlight-assembly-for-baic-d20-senova-x25-m20-oem-new-front-head-lamp-left-right\/","title":{"rendered":"E00099934 Conjunto de Faro delantero para BAIC D20 Senova X25 M20 OEM Nuevo Faro delantero Izquierda\/Derecha"},"content":{"rendered":"<p><strong>Modelos compatibles:<\/strong> BAIC D20, Senova X25, M20 (Faro delantero izquierdo\/derecho, espec\u00edfico para cada veh\u00edculo)<\/p>\n<h4>Puntos clave de venta:<\/h4>\n<p><strong>Calidad de equipo original:<\/strong> Fabricados seg\u00fan las normas OEM, con estanqueidad y durabilidad comparables a las piezas originales, listos para su instalaci\u00f3n.<br \/>\n<strong>Alta luminosidad y seguridad:<\/strong> Fuente de luz LED\/Hal\u00f3gena, conmutaci\u00f3n inteligente de luces altas\/bajas, visi\u00f3n nocturna mejorada, fuerte penetraci\u00f3n en lluvia y niebla.<br \/>\n<strong>Protecci\u00f3n duradera:<\/strong> Dise\u00f1o a prueba de polvo y agua, carcasa resistente a impactos, apta para entornos extremos.<br \/>\n<strong>Alta rentabilidad:<\/strong> Precio inferior al de las piezas originales de los concesionarios 4S, 2 a\u00f1os de garant\u00eda en todo el pa\u00eds, servicio posventa sin preocupaciones.<br \/>\n<strong>Resumiendo:<\/strong> Ajuste espec\u00edfico al veh\u00edculo, calidad de equipo original, mayor seguridad nocturna, \u00a1una elecci\u00f3n rentable y sin preocupaciones!<\/p>","protected":false},"excerpt":{"rendered":"<p><strong>Origen<\/strong>China<br \/>\n<strong>Marca\uff1a<\/strong>BAIC<br \/>\n<strong>Ajuste preciso:<\/strong> Dise\u00f1ado espec\u00edficamente para BAIC D20\/Senova X25\/M20, los faros izquierdo y derecho coinciden con las especificaciones originales de f\u00e1brica para una instalaci\u00f3n sin preocupaciones.<br \/>\n<strong>Calidad OEM:<\/strong> Fabricados seg\u00fan las normas de los fabricantes de equipos originales, ofrecen un rendimiento y una durabilidad comparables a los de las piezas originales, garantizando la seguridad en la conducci\u00f3n.<br \/>\n<strong>Iluminaci\u00f3n eficiente:<\/strong> Integra tecnolog\u00eda de iluminaci\u00f3n avanzada para mejorar la visibilidad nocturna y proporcionar una experiencia de conducci\u00f3n m\u00e1s segura.<\/p>","protected":false},"featured_media":1058,"template":"","meta":{"_seopress_robots_primary_cat":"none","_seopress_titles_title":"%%post_title%%","_seopress_titles_desc":"%%post_excerpt%%","_seopress_robots_index":"","site-sidebar-layout":"default","site-content-layout":"","ast-site-content-layout":"default","site-content-style":"default","site-sidebar-style":"default","ast-global-header-display":"","ast-banner-title-visibility":"","ast-main-header-display":"","ast-hfb-above-header-display":"","ast-hfb-below-header-display":"","ast-hfb-mobile-header-display":"","site-post-title":"","ast-breadcrumbs-content":"","ast-featured-img":"","footer-sml-layout":"","ast-disable-related-posts":"","theme-transparent-header-meta":"default","adv-header-id-meta":"","stick-header-meta":"default","header-above-stick-meta":"","header-main-stick-meta":"","header-below-stick-meta":"","astra-migrate-meta-layouts":"set","ast-page-background-enabled":"default","ast-page-background-meta":{"desktop":{"background-color":"var(--ast-global-color-5)","background-image":"","background-repeat":"repeat","background-position":"center center","background-size":"auto","background-attachment":"scroll","background-type":"","background-media":"","overlay-type":"","overlay-color":"","overlay-opacity":"","overlay-gradient":""},"tablet":{"background-color":"","background-image":"","background-repeat":"repeat","background-position":"center center","background-size":"auto","background-attachment":"scroll","background-type":"","background-media":"","overlay-type":"","overlay-color":"","overlay-opacity":"","overlay-gradient":""},"mobile":{"background-color":"","background-image":"","background-repeat":"repeat","background-position":"center center","background-size":"auto","background-attachment":"scroll","background-type":"","background-media":"","overlay-type":"","overlay-color":"","overlay-opacity":"","overlay-gradient":""}},"ast-content-background-meta":{"desktop":{"background-color":"var(--ast-global-color-4)","background-image":"","background-repeat":"repeat","background-position":"center center","background-size":"auto","background-attachment":"scroll","background-type":"","background-media":"","overlay-type":"","overlay-color":"","overlay-opacity":"","overlay-gradient":""},"tablet":{"background-color":"var(--ast-global-color-4)","background-image":"","background-repeat":"repeat","background-position":"center center","background-size":"auto","background-attachment":"scroll","background-type":"","background-media":"","overlay-type":"","overlay-color":"","overlay-opacity":"","overlay-gradient":""},"mobile":{"background-color":"var(--ast-global-color-4)","background-image":"","background-repeat":"repeat","background-position":"center center","background-size":"auto","background-attachment":"scroll","background-type":"","background-media":"","overlay-type":"","overlay-color":"","overlay-opacity":"","overlay-gradient":""}}},"product_brand":[],"product_cat":[33],"product_tag":[],"class_list":{"0":"post-1057","1":"product","2":"type-product","3":"status-publish","4":"has-post-thumbnail","6":"product_cat-baic","7":"desktop-align-left","8":"tablet-align-left","9":"mobile-align-left","10":"ast-product-gallery-layout-horizontal-slider","11":"ast-product-gallery-with-no-image","12":"ast-product-tabs-layout-horizontal","14":"first","15":"instock","16":"featured","17":"shipping-taxable","18":"product-type-simple"},"_links":{"self":[{"href":"https:\/\/www.lanzunauto.com\/es\/wp-json\/wp\/v2\/product\/1057","targetHints":{"allow":["GET"]}}],"collection":[{"href":"https:\/\/www.lanzunauto.com\/es\/wp-json\/wp\/v2\/product"}],"about":[{"href":"https:\/\/www.lanzunauto.com\/es\/wp-json\/wp\/v2\/types\/product"}],"wp:featuredmedia":[{"embeddable":true,"href":"https:\/\/www.lanzunauto.com\/es\/wp-json\/wp\/v2\/media\/1058"}],"wp:attachment":[{"href":"https:\/\/www.lanzunauto.com\/es\/wp-json\/wp\/v2\/media?parent=1057"}],"wp:term":[{"taxonomy":"product_brand","embeddable":true,"href":"https:\/\/www.lanzunauto.com\/es\/wp-json\/wp\/v2\/product_brand?post=1057"},{"taxonomy":"product_cat","embeddable":true,"href":"https:\/\/www.lanzunauto.com\/es\/wp-json\/wp\/v2\/product_cat?post=1057"},{"taxonomy":"product_tag","embeddable":true,"href":"https:\/\/www.lanzunauto.com\/es\/wp-json\/wp\/v2\/product_tag?post=1057"}],"curies":[{"name":"wp","href":"https:\/\/api.w.org\/{rel}","templated":true}]}}