{"id":1053,"date":"2026-01-16T13:39:42","date_gmt":"2026-01-16T05:39:42","guid":{"rendered":"http:\/\/www.lanzunauto.com\/?post_type=product&#038;p=1053"},"modified":"2026-01-19T17:45:56","modified_gmt":"2026-01-19T09:45:56","slug":"dongfeng-fengshen-high-quality-tin-core-dot-coils-oem-28264038","status":"publish","type":"product","link":"https:\/\/www.lanzunauto.com\/es\/producto\/dongfeng-fengshen-high-quality-tin-core-dot-coils-oem-28264038\/","title":{"rendered":"Dongfeng Fengshen Bobinas de esta\u00f1o de alta calidad OEM 28264038"},"content":{"rendered":"<p><strong>Ajuste preciso:<\/strong> Dise\u00f1ado espec\u00edficamente para Dongfeng Fengshen A30 y otros modelos, con n\u00fameros de pieza OEM a juego para una f\u00e1cil instalaci\u00f3n.<br \/>\n<strong>Par\u00e1metros b\u00e1sicos:<\/strong> Tensi\u00f3n de 12 V, salida de alta tensi\u00f3n de 30 kV, temperatura de funcionamiento de -40 \u2103~120 \u2103, prueba de durabilidad de 500 horas.<br \/>\n<strong>Garant\u00eda de calidad:<\/strong> N\u00facleo de esta\u00f1o de gran pureza, aislamiento de resina epoxi, inspecci\u00f3n de calidad 100%, conforme a la norma ISO\/TS 16949.<br \/>\n<strong>Valor para el usuario:<\/strong> Vida \u00fatil de 80.000 km, consumo de combustible y emisiones reducidos, protecci\u00f3n contra sobrecarga integrada, garant\u00eda de 2 a\u00f1os\/60.000 km.<\/p>","protected":false},"excerpt":{"rendered":"<p><strong>Origen<\/strong>China<br \/>\n<strong>Marca\uff1a<\/strong>DONGFENG<br \/>\n<strong>Ajuste preciso:<\/strong> Dise\u00f1ado espec\u00edficamente para veh\u00edculos Dongfeng Fengshen, con n\u00fameros de pieza OEM coincidentes para una f\u00e1cil instalaci\u00f3n.<br \/>\n<strong>N\u00facleo de esta\u00f1o de alta eficiencia:<\/strong> Optimiza la respuesta de encendido, mejora la eficiencia de la combusti\u00f3n y ofrece durabilidad y resistencia a la corrosi\u00f3n.<br \/>\n<strong>Seguro y fiable:<\/strong> Inspecci\u00f3n rigurosa de la calidad, protecci\u00f3n del aislamiento y eliminaci\u00f3n de los riesgos de fuga.<br \/>\n<strong>Econ\u00f3mico y respetuoso con el medio ambiente:<\/strong> Reduce el consumo de combustible y las emisiones, lo que se traduce en menores costes de explotaci\u00f3n a largo plazo.<br \/>\n<strong>Garant\u00eda de marca:<\/strong> Con el respaldo de la tecnolog\u00eda Dongfeng y un completo sistema de servicio posventa.<\/p>","protected":false},"featured_media":1054,"template":"","meta":{"_seopress_robots_primary_cat":"none","_seopress_titles_title":"%%post_title%%","_seopress_titles_desc":"%%post_excerpt%%","_seopress_robots_index":"","site-sidebar-layout":"default","site-content-layout":"","ast-site-content-layout":"default","site-content-style":"default","site-sidebar-style":"default","ast-global-header-display":"","ast-banner-title-visibility":"","ast-main-header-display":"","ast-hfb-above-header-display":"","ast-hfb-below-header-display":"","ast-hfb-mobile-header-display":"","site-post-title":"","ast-breadcrumbs-content":"","ast-featured-img":"","footer-sml-layout":"","ast-disable-related-posts":"","theme-transparent-header-meta":"default","adv-header-id-meta":"","stick-header-meta":"default","header-above-stick-meta":"","header-main-stick-meta":"","header-below-stick-meta":"","astra-migrate-meta-layouts":"set","ast-page-background-enabled":"default","ast-page-background-meta":{"desktop":{"background-color":"var(--ast-global-color-5)","background-image":"","background-repeat":"repeat","background-position":"center center","background-size":"auto","background-attachment":"scroll","background-type":"","background-media":"","overlay-type":"","overlay-color":"","overlay-opacity":"","overlay-gradient":""},"tablet":{"background-color":"","background-image":"","background-repeat":"repeat","background-position":"center center","background-size":"auto","background-attachment":"scroll","background-type":"","background-media":"","overlay-type":"","overlay-color":"","overlay-opacity":"","overlay-gradient":""},"mobile":{"background-color":"","background-image":"","background-repeat":"repeat","background-position":"center center","background-size":"auto","background-attachment":"scroll","background-type":"","background-media":"","overlay-type":"","overlay-color":"","overlay-opacity":"","overlay-gradient":""}},"ast-content-background-meta":{"desktop":{"background-color":"var(--ast-global-color-4)","background-image":"","background-repeat":"repeat","background-position":"center center","background-size":"auto","background-attachment":"scroll","background-type":"","background-media":"","overlay-type":"","overlay-color":"","overlay-opacity":"","overlay-gradient":""},"tablet":{"background-color":"var(--ast-global-color-4)","background-image":"","background-repeat":"repeat","background-position":"center center","background-size":"auto","background-attachment":"scroll","background-type":"","background-media":"","overlay-type":"","overlay-color":"","overlay-opacity":"","overlay-gradient":""},"mobile":{"background-color":"var(--ast-global-color-4)","background-image":"","background-repeat":"repeat","background-position":"center center","background-size":"auto","background-attachment":"scroll","background-type":"","background-media":"","overlay-type":"","overlay-color":"","overlay-opacity":"","overlay-gradient":""}}},"product_brand":[],"product_cat":[34],"product_tag":[],"class_list":{"0":"post-1053","1":"product","2":"type-product","3":"status-publish","4":"has-post-thumbnail","6":"product_cat-dongfeng","7":"desktop-align-left","8":"tablet-align-left","9":"mobile-align-left","10":"ast-product-gallery-layout-horizontal-slider","11":"ast-product-gallery-with-no-image","12":"ast-product-tabs-layout-horizontal","14":"first","15":"instock","16":"featured","17":"shipping-taxable","18":"product-type-simple"},"_links":{"self":[{"href":"https:\/\/www.lanzunauto.com\/es\/wp-json\/wp\/v2\/product\/1053","targetHints":{"allow":["GET"]}}],"collection":[{"href":"https:\/\/www.lanzunauto.com\/es\/wp-json\/wp\/v2\/product"}],"about":[{"href":"https:\/\/www.lanzunauto.com\/es\/wp-json\/wp\/v2\/types\/product"}],"wp:featuredmedia":[{"embeddable":true,"href":"https:\/\/www.lanzunauto.com\/es\/wp-json\/wp\/v2\/media\/1054"}],"wp:attachment":[{"href":"https:\/\/www.lanzunauto.com\/es\/wp-json\/wp\/v2\/media?parent=1053"}],"wp:term":[{"taxonomy":"product_brand","embeddable":true,"href":"https:\/\/www.lanzunauto.com\/es\/wp-json\/wp\/v2\/product_brand?post=1053"},{"taxonomy":"product_cat","embeddable":true,"href":"https:\/\/www.lanzunauto.com\/es\/wp-json\/wp\/v2\/product_cat?post=1053"},{"taxonomy":"product_tag","embeddable":true,"href":"https:\/\/www.lanzunauto.com\/es\/wp-json\/wp\/v2\/product_tag?post=1053"}],"curies":[{"name":"wp","href":"https:\/\/api.w.org\/{rel}","templated":true}]}}