{"id":1047,"date":"2026-01-16T11:56:37","date_gmt":"2026-01-16T03:56:37","guid":{"rendered":"http:\/\/www.lanzunauto.com\/?post_type=product&#038;p=1047"},"modified":"2026-01-20T14:07:47","modified_gmt":"2026-01-20T06:07:47","slug":"applicable-to-geely-nl-3-auto-parts-4017005500-4017005400-or-so-front-hem-arm-assembly","status":"publish","type":"product","link":"https:\/\/www.lanzunauto.com\/es\/producto\/applicable-to-geely-nl-3-auto-parts-4017005500-4017005400-or-so-front-hem-arm-assembly\/","title":{"rendered":"Aplicable a Geely NL-3 Auto Parts 4017005500 4017005400 o as\u00ed Conjunto de Brazo Delantero"},"content":{"rendered":"<p><strong>N\u00famero de pieza:<\/strong> 4017005500 (Izquierda) \/ 4017005400 (Derecha) | Conjunto de brazo de control inferior delantero OEM (Para Geely NL-3)<br \/>\n<strong>Ajuste preciso:<\/strong> Dise\u00f1o espec\u00edfico para el veh\u00edculo, piezas izquierda y derecha separadas, no afecta a la alineaci\u00f3n de las ruedas despu\u00e9s de la instalaci\u00f3n.<br \/>\n<strong>Material de alta resistencia:<\/strong> Construcci\u00f3n de acero forjado, resistente a la fatiga y al impacto, gran durabilidad.<br \/>\n<strong>Protecci\u00f3n de seguridad:<\/strong> Revestimiento antioxidante + rodamientos sellados, evita la intrusi\u00f3n de arena y suciedad, garantizando la estabilidad de la conducci\u00f3n.<br \/>\n<strong>Instalaci\u00f3n c\u00f3moda:<\/strong> Dise\u00f1o del orificio de montaje original del veh\u00edculo, compatible con las principales herramientas, lo que ahorra tiempo y esfuerzo durante la sustituci\u00f3n.<br \/>\n<strong>Garant\u00eda de calidad:<\/strong> Certificaci\u00f3n ISO, garant\u00eda de 12 meses, mantenimiento sin preocupaciones y disponibilidad de piezas de repuesto.<\/p>","protected":false},"excerpt":{"rendered":"<p><strong>Origen<\/strong>China<br \/>\n<strong>Marca\uff1a<\/strong>GEELY<br \/>\n<strong>Ajuste preciso:<\/strong> Dise\u00f1ado espec\u00edficamente para cada modelo de veh\u00edculo, con componentes izquierdo y derecho separados, lo que garantiza que no afecte a la alineaci\u00f3n de las ruedas tras su instalaci\u00f3n.<br \/>\n<strong>Alta resistencia y durabilidad:<\/strong> Fabricados con acero forjado, ofrecen resistencia a la fatiga y a los impactos para prolongar su vida \u00fatil.<br \/>\n<strong>Seguro y estable:<\/strong> El revestimiento antioxidante y el dise\u00f1o de rodamiento sellado reducen el desgaste y mejoran la estabilidad de conducci\u00f3n.<br \/>\n<strong>F\u00e1cil instalaci\u00f3n:<\/strong> Dise\u00f1ado para adaptarse a los puntos de montaje originales del veh\u00edculo, compatible con herramientas est\u00e1ndar, lo que reduce el tiempo de sustituci\u00f3n.<br \/>\n<strong>Garant\u00eda fiable:<\/strong> Calidad certificada ISO, garant\u00eda de 12 meses y piezas de repuesto f\u00e1cilmente disponibles para un mantenimiento sin preocupaciones.<\/p>","protected":false},"featured_media":1048,"template":"","meta":{"_seopress_robots_primary_cat":"none","_seopress_titles_title":"%%post_title%%","_seopress_titles_desc":"%%post_excerpt%%","_seopress_robots_index":"","site-sidebar-layout":"default","site-content-layout":"","ast-site-content-layout":"default","site-content-style":"default","site-sidebar-style":"default","ast-global-header-display":"","ast-banner-title-visibility":"","ast-main-header-display":"","ast-hfb-above-header-display":"","ast-hfb-below-header-display":"","ast-hfb-mobile-header-display":"","site-post-title":"","ast-breadcrumbs-content":"","ast-featured-img":"","footer-sml-layout":"","ast-disable-related-posts":"","theme-transparent-header-meta":"default","adv-header-id-meta":"","stick-header-meta":"default","header-above-stick-meta":"","header-main-stick-meta":"","header-below-stick-meta":"","astra-migrate-meta-layouts":"set","ast-page-background-enabled":"default","ast-page-background-meta":{"desktop":{"background-color":"var(--ast-global-color-5)","background-image":"","background-repeat":"repeat","background-position":"center center","background-size":"auto","background-attachment":"scroll","background-type":"","background-media":"","overlay-type":"","overlay-color":"","overlay-opacity":"","overlay-gradient":""},"tablet":{"background-color":"","background-image":"","background-repeat":"repeat","background-position":"center center","background-size":"auto","background-attachment":"scroll","background-type":"","background-media":"","overlay-type":"","overlay-color":"","overlay-opacity":"","overlay-gradient":""},"mobile":{"background-color":"","background-image":"","background-repeat":"repeat","background-position":"center center","background-size":"auto","background-attachment":"scroll","background-type":"","background-media":"","overlay-type":"","overlay-color":"","overlay-opacity":"","overlay-gradient":""}},"ast-content-background-meta":{"desktop":{"background-color":"var(--ast-global-color-4)","background-image":"","background-repeat":"repeat","background-position":"center center","background-size":"auto","background-attachment":"scroll","background-type":"","background-media":"","overlay-type":"","overlay-color":"","overlay-opacity":"","overlay-gradient":""},"tablet":{"background-color":"var(--ast-global-color-4)","background-image":"","background-repeat":"repeat","background-position":"center center","background-size":"auto","background-attachment":"scroll","background-type":"","background-media":"","overlay-type":"","overlay-color":"","overlay-opacity":"","overlay-gradient":""},"mobile":{"background-color":"var(--ast-global-color-4)","background-image":"","background-repeat":"repeat","background-position":"center center","background-size":"auto","background-attachment":"scroll","background-type":"","background-media":"","overlay-type":"","overlay-color":"","overlay-opacity":"","overlay-gradient":""}}},"product_brand":[],"product_cat":[32],"product_tag":[],"class_list":{"0":"post-1047","1":"product","2":"type-product","3":"status-publish","4":"has-post-thumbnail","6":"product_cat-geely","7":"desktop-align-left","8":"tablet-align-left","9":"mobile-align-left","10":"ast-product-gallery-layout-horizontal-slider","11":"ast-product-gallery-with-no-image","12":"ast-product-tabs-layout-horizontal","14":"first","15":"instock","16":"featured","17":"shipping-taxable","18":"product-type-simple"},"_links":{"self":[{"href":"https:\/\/www.lanzunauto.com\/es\/wp-json\/wp\/v2\/product\/1047","targetHints":{"allow":["GET"]}}],"collection":[{"href":"https:\/\/www.lanzunauto.com\/es\/wp-json\/wp\/v2\/product"}],"about":[{"href":"https:\/\/www.lanzunauto.com\/es\/wp-json\/wp\/v2\/types\/product"}],"wp:featuredmedia":[{"embeddable":true,"href":"https:\/\/www.lanzunauto.com\/es\/wp-json\/wp\/v2\/media\/1048"}],"wp:attachment":[{"href":"https:\/\/www.lanzunauto.com\/es\/wp-json\/wp\/v2\/media?parent=1047"}],"wp:term":[{"taxonomy":"product_brand","embeddable":true,"href":"https:\/\/www.lanzunauto.com\/es\/wp-json\/wp\/v2\/product_brand?post=1047"},{"taxonomy":"product_cat","embeddable":true,"href":"https:\/\/www.lanzunauto.com\/es\/wp-json\/wp\/v2\/product_cat?post=1047"},{"taxonomy":"product_tag","embeddable":true,"href":"https:\/\/www.lanzunauto.com\/es\/wp-json\/wp\/v2\/product_tag?post=1047"}],"curies":[{"name":"wp","href":"https:\/\/api.w.org\/{rel}","templated":true}]}}