{"id":1043,"date":"2026-01-16T11:19:23","date_gmt":"2026-01-16T03:19:23","guid":{"rendered":"http:\/\/www.lanzunauto.com\/?post_type=product&#038;p=1043"},"modified":"2026-01-16T11:50:14","modified_gmt":"2026-01-16T03:50:14","slug":"2025-air-filter-c00032808-for-saic-maxus-v80-diesel-2-5t-2013-2018-auto-spare-parts","status":"publish","type":"product","link":"https:\/\/www.lanzunauto.com\/es\/producto\/2025-air-filter-c00032808-for-saic-maxus-v80-diesel-2-5t-2013-2018-auto-spare-parts\/","title":{"rendered":"2025 Filtro de aire C00032808 para Saic Maxus V80 Diesel 2.5t 2013-2018 Auto Spare Parts"},"content":{"rendered":"<p><strong>Modelos compatibles:<\/strong> Motor di\u00e9sel 2013-2018 SAIC Maxus V80 2,5T, instalaci\u00f3n precisa y sin errores.<\/p>\n<h3>Rendimiento del n\u00facleo:<\/h3>\n<p>El material filtrante multicapa intercepta eficazmente el polvo, garantizando una entrada de aire limpio y una potencia m\u00e1s sensible.<br \/>\nSu estructura optimizada reduce la resistencia, mejora la eficiencia de la combusti\u00f3n y proporciona un mayor ahorro de combustible.<\/p>\n<h4>Dise\u00f1o duradero:<\/h4>\n<p>Resistente a la humedad y a las manchas de aceite, proporciona una filtraci\u00f3n duradera incluso en entornos dif\u00edciles, ampliando los ciclos de sustituci\u00f3n.<br \/>\nEl dise\u00f1o sellado evita las fugas de impurezas, protegiendo el motor y reduciendo los costes de mantenimiento.<\/p>\n<h4>F\u00e1cil instalaci\u00f3n:<\/h4>\n<p>Dise\u00f1o modular, reemplazable a mano, completo con todas las piezas necesarias, lo que ahorra tiempo y esfuerzo.<\/p>\n<h4>Valor para el usuario:<\/h4>\n<p>Se ha demostrado que reduce los olores y el ruido, ofreciendo una excelente relaci\u00f3n calidad-precio y una experiencia de conducci\u00f3n mejorada.<br \/>\nEscenarios aplicables: Desplazamientos urbanos, transporte de mercanc\u00edas de larga distancia y zonas polvorientas, proporcionando una protecci\u00f3n continua para el motor.<\/p>","protected":false},"excerpt":{"rendered":"<p><strong>Origen<\/strong>China<br \/>\n<strong>Marca\uff1a<\/strong>SAIC<br \/>\n<strong>Dise\u00f1o espec\u00edfico del veh\u00edculo\uff1a<\/strong>Adaptado con precisi\u00f3n para el motor di\u00e9sel SAIC Maxus V80 2.5T de 2013-2018, lo que garantiza un ajuste perfecto.<br \/>\n<strong>Purificaci\u00f3n eficaz\uff1a<\/strong>El material filtrante multicapa intercepta eficazmente el polvo, mejorando la eficiencia de la admisi\u00f3n y proporcionando un motor m\u00e1s sensible.<br \/>\n<strong>Durabilidad a largo plazo<\/strong>\uff1aLa estructura optimizada resiste los entornos m\u00e1s duros, lo que reduce la frecuencia de sustituci\u00f3n y prolonga la vida \u00fatil del motor.<br \/>\n<strong>F\u00e1cil sustituci\u00f3n\uff1a<\/strong>El dise\u00f1o modular permite una instalaci\u00f3n r\u00e1pida y sencilla por parte del propietario sin necesidad de herramientas.<br \/>\n<strong>Elecci\u00f3n de confianza\uff1a<\/strong>Se ha demostrado que mejora la calidad del aire en el habit\u00e1culo y ofrece una excelente relaci\u00f3n calidad-precio y una experiencia de conducci\u00f3n mejorada.<\/p>","protected":false},"featured_media":1044,"template":"","meta":{"_seopress_robots_primary_cat":"none","_seopress_titles_title":"%%post_title%%","_seopress_titles_desc":"%%post_excerpt%%","_seopress_robots_index":"","site-sidebar-layout":"default","site-content-layout":"","ast-site-content-layout":"default","site-content-style":"default","site-sidebar-style":"default","ast-global-header-display":"","ast-banner-title-visibility":"","ast-main-header-display":"","ast-hfb-above-header-display":"","ast-hfb-below-header-display":"","ast-hfb-mobile-header-display":"","site-post-title":"","ast-breadcrumbs-content":"","ast-featured-img":"","footer-sml-layout":"","ast-disable-related-posts":"","theme-transparent-header-meta":"default","adv-header-id-meta":"","stick-header-meta":"default","header-above-stick-meta":"","header-main-stick-meta":"","header-below-stick-meta":"","astra-migrate-meta-layouts":"set","ast-page-background-enabled":"default","ast-page-background-meta":{"desktop":{"background-color":"var(--ast-global-color-5)","background-image":"","background-repeat":"repeat","background-position":"center center","background-size":"auto","background-attachment":"scroll","background-type":"","background-media":"","overlay-type":"","overlay-color":"","overlay-opacity":"","overlay-gradient":""},"tablet":{"background-color":"","background-image":"","background-repeat":"repeat","background-position":"center center","background-size":"auto","background-attachment":"scroll","background-type":"","background-media":"","overlay-type":"","overlay-color":"","overlay-opacity":"","overlay-gradient":""},"mobile":{"background-color":"","background-image":"","background-repeat":"repeat","background-position":"center center","background-size":"auto","background-attachment":"scroll","background-type":"","background-media":"","overlay-type":"","overlay-color":"","overlay-opacity":"","overlay-gradient":""}},"ast-content-background-meta":{"desktop":{"background-color":"var(--ast-global-color-4)","background-image":"","background-repeat":"repeat","background-position":"center center","background-size":"auto","background-attachment":"scroll","background-type":"","background-media":"","overlay-type":"","overlay-color":"","overlay-opacity":"","overlay-gradient":""},"tablet":{"background-color":"var(--ast-global-color-4)","background-image":"","background-repeat":"repeat","background-position":"center center","background-size":"auto","background-attachment":"scroll","background-type":"","background-media":"","overlay-type":"","overlay-color":"","overlay-opacity":"","overlay-gradient":""},"mobile":{"background-color":"var(--ast-global-color-4)","background-image":"","background-repeat":"repeat","background-position":"center center","background-size":"auto","background-attachment":"scroll","background-type":"","background-media":"","overlay-type":"","overlay-color":"","overlay-opacity":"","overlay-gradient":""}}},"product_brand":[],"product_cat":[31],"product_tag":[],"class_list":{"0":"post-1043","1":"product","2":"type-product","3":"status-publish","4":"has-post-thumbnail","6":"product_cat-saic","7":"desktop-align-left","8":"tablet-align-left","9":"mobile-align-left","10":"ast-product-gallery-layout-horizontal-slider","11":"ast-product-gallery-with-no-image","12":"ast-product-tabs-layout-horizontal","14":"first","15":"instock","16":"shipping-taxable","17":"product-type-simple"},"_links":{"self":[{"href":"https:\/\/www.lanzunauto.com\/es\/wp-json\/wp\/v2\/product\/1043","targetHints":{"allow":["GET"]}}],"collection":[{"href":"https:\/\/www.lanzunauto.com\/es\/wp-json\/wp\/v2\/product"}],"about":[{"href":"https:\/\/www.lanzunauto.com\/es\/wp-json\/wp\/v2\/types\/product"}],"wp:featuredmedia":[{"embeddable":true,"href":"https:\/\/www.lanzunauto.com\/es\/wp-json\/wp\/v2\/media\/1044"}],"wp:attachment":[{"href":"https:\/\/www.lanzunauto.com\/es\/wp-json\/wp\/v2\/media?parent=1043"}],"wp:term":[{"taxonomy":"product_brand","embeddable":true,"href":"https:\/\/www.lanzunauto.com\/es\/wp-json\/wp\/v2\/product_brand?post=1043"},{"taxonomy":"product_cat","embeddable":true,"href":"https:\/\/www.lanzunauto.com\/es\/wp-json\/wp\/v2\/product_cat?post=1043"},{"taxonomy":"product_tag","embeddable":true,"href":"https:\/\/www.lanzunauto.com\/es\/wp-json\/wp\/v2\/product_tag?post=1043"}],"curies":[{"name":"wp","href":"https:\/\/api.w.org\/{rel}","templated":true}]}}